{"id":2977,"date":"2025-02-14T12:53:21","date_gmt":"2025-02-14T12:53:21","guid":{"rendered":"https:\/\/blogsaverroes.juntadeandalucia.es\/ceipmurtasturon\/?page_id=2977"},"modified":"2025-02-14T12:57:46","modified_gmt":"2025-02-14T12:57:46","slug":"educacion-primaria","status":"publish","type":"page","link":"https:\/\/blogsaverroes.juntadeandalucia.es\/ceipmurtasturon\/educacion-primaria\/","title":{"rendered":"Educaci\u00f3n Primaria"},"content":{"rendered":"<p>La etapa de Educaci\u00f3n Primaria comprende seis cursos acad\u00e9micos, que se cursar\u00e1n ordinariamente entre los seis y los doce a\u00f1os de edad, y se organiza en \u00e1reas, que tendr\u00e1n un car\u00e1cter global e integrador.<\/p>\n<p>El curr\u00edculo de esta etapa est\u00e1 organizado en tres ciclos de dos cursos cada uno:<\/p>\n<ul>\n<li><strong>Primer ciclo:<\/strong>&nbsp;primer y segundo curso<\/li>\n<li><strong>Segundo ciclo:&nbsp;<\/strong>tercer y cuarto curso<\/li>\n<li><strong>Tercer ciclo:<\/strong>&nbsp;quinto y sexto curso<\/li>\n<\/ul>\n<p>La finalidad de la Educaci\u00f3n Primaria es facilitar a los alumnos y alumnas los aprendizajes de la expresi\u00f3n y comprensi\u00f3n oral, la lectura, la escritura, el c\u00e1lculo, la adquisici\u00f3n de nociones b\u00e1sicas de la cultura, y el h\u00e1bito de convivencia as\u00ed como los de estudio y trabajo, el sentido art\u00edstico, la creatividad y la afectividad, con el fin de garantizar una formaci\u00f3n integral que contribuya al pleno desarrollo de la personalidad de los alumnos y alumnas y de prepararlos para cursar con aprovechamiento la Educaci\u00f3n Secundaria Obligatoria.<\/p>\n<p>El curr\u00edculo de esta etapa tiene un car\u00e1cter global e integrador, potenci\u00e1ndose el Dise\u00f1o Universal de Aprendizaje (DUA) que garantice una efectiva educaci\u00f3n inclusiva permitiendo el acceso al curr\u00edculo a todo el alumnado.<\/p>\n<p>Este curr\u00edculo concreta los conocimientos, las habilidades para aplicarlos en diferentes situaciones y las actitudes ante la vida para la adquisici\u00f3n de las competencias clave. Todo ello mediante el desarrollo de aprendizajes significativos y motivadores, realizando actividades y tareas relevantes, as\u00ed como resolviendo problemas complejos en contextos determinados. Asimismo, toma como eje estrat\u00e9gico y vertebrador del proceso de ense\u00f1anza y aprendizaje el desarrollo de las capacidades del alumnado y la integraci\u00f3n de las competencias clave en el curr\u00edculo educativo y en las pr\u00e1cticas docentes.<\/p>\n","protected":false},"excerpt":{"rendered":"<p>La etapa de Educaci\u00f3n Primaria comprende seis cursos acad\u00e9micos, que se cursar\u00e1n ordinariamente entre los seis y los doce a\u00f1os de edad, y se organiza en \u00e1reas, que tendr\u00e1n un car\u00e1cter global e integrador.&#46;&#46;&#46;<\/p>\n","protected":false},"author":20228,"featured_media":0,"parent":0,"menu_order":0,"comment_status":"closed","ping_status":"closed","template":"","meta":{"ngg_post_thumbnail":0,"footnotes":"","_mc_calendar":[]},"aioseo_notices":[],"_links":{"self":[{"href":"https:\/\/blogsaverroes.juntadeandalucia.es\/ceipmurtasturon\/wp-json\/wp\/v2\/pages\/2977"}],"collection":[{"href":"https:\/\/blogsaverroes.juntadeandalucia.es\/ceipmurtasturon\/wp-json\/wp\/v2\/pages"}],"about":[{"href":"https:\/\/blogsaverroes.juntadeandalucia.es\/ceipmurtasturon\/wp-json\/wp\/v2\/types\/page"}],"author":[{"embeddable":true,"href":"https:\/\/blogsaverroes.juntadeandalucia.es\/ceipmurtasturon\/wp-json\/wp\/v2\/users\/20228"}],"replies":[{"embeddable":true,"href":"https:\/\/blogsaverroes.juntadeandalucia.es\/ceipmurtasturon\/wp-json\/wp\/v2\/comments?post=2977"}],"version-history":[{"count":2,"href":"https:\/\/blogsaverroes.juntadeandalucia.es\/ceipmurtasturon\/wp-json\/wp\/v2\/pages\/2977\/revisions"}],"predecessor-version":[{"id":2982,"href":"https:\/\/blogsaverroes.juntadeandalucia.es\/ceipmurtasturon\/wp-json\/wp\/v2\/pages\/2977\/revisions\/2982"}],"wp:attachment":[{"href":"https:\/\/blogsaverroes.juntadeandalucia.es\/ceipmurtasturon\/wp-json\/wp\/v2\/media?parent=2977"}],"curies":[{"name":"wp","href":"https:\/\/api.w.org\/{rel}","templated":true}]}}