{"id":35,"date":"2015-03-13T08:21:43","date_gmt":"2015-03-13T08:21:43","guid":{"rendered":"http:\/\/blogsaverroes.juntadeandalucia.es\/pre\/ceip\/?page_id=35"},"modified":"2025-06-18T17:29:52","modified_gmt":"2025-06-18T17:29:52","slug":"el-centro-2","status":"publish","type":"page","link":"https:\/\/blogsaverroes.juntadeandalucia.es\/ceipmurtasturon\/el-centro-2\/","title":{"rendered":"Datos del centro"},"content":{"rendered":"<h4>Datos de contacto<\/h4>\n<p>C.E.I.P. Murtas-Tur\u00f3n<\/p>\n<p><strong>Direcci\u00f3n:<\/strong>&nbsp; Calle Atalay\u00f3n, S\/N. Murtas (Granada) C.P. 18490<\/p>\n<p><strong>Tel\u00e9fono \/ M\u00f3vil: <\/strong>958761523 &#8211; 958761524 \/ 671565171<\/p>\n<p><strong>Email:<\/strong> 18602064.edu@juntadeandalucia.es<\/p>\n<h4><strong>Horarios<\/strong><\/h4>\n<p>Horario de oficina: lunes a viernes de 11:00 a 11:30 horas.<\/p>\n<h4><strong>Oferta educativa<\/strong><\/h4>\n<p>Segundo ciclo de Educaci\u00f3n Infantil.<\/p>\n<p>Educaci\u00f3n Primaria.<\/p>\n<p>Educaci\u00f3n Especial: aula espec\u00edfica.<\/p>\n","protected":false},"excerpt":{"rendered":"<p>Datos de contacto C.E.I.P. Murtas-Tur\u00f3n Direcci\u00f3n:&nbsp; Calle Atalay\u00f3n, S\/N. Murtas (Granada) C.P. 18490 Tel\u00e9fono \/ M\u00f3vil: 958761523 &#8211; 958761524 \/ 671565171 Email: 18602064.edu@juntadeandalucia.es Horarios Horario de oficina: lunes a viernes de 11:00 a 11:30&#46;&#46;&#46;<\/p>\n","protected":false},"author":1,"featured_media":0,"parent":0,"menu_order":0,"comment_status":"open","ping_status":"open","template":"","meta":{"ngg_post_thumbnail":0,"footnotes":"","_mc_calendar":[]},"aioseo_notices":[],"_links":{"self":[{"href":"https:\/\/blogsaverroes.juntadeandalucia.es\/ceipmurtasturon\/wp-json\/wp\/v2\/pages\/35"}],"collection":[{"href":"https:\/\/blogsaverroes.juntadeandalucia.es\/ceipmurtasturon\/wp-json\/wp\/v2\/pages"}],"about":[{"href":"https:\/\/blogsaverroes.juntadeandalucia.es\/ceipmurtasturon\/wp-json\/wp\/v2\/types\/page"}],"author":[{"embeddable":true,"href":"https:\/\/blogsaverroes.juntadeandalucia.es\/ceipmurtasturon\/wp-json\/wp\/v2\/users\/1"}],"replies":[{"embeddable":true,"href":"https:\/\/blogsaverroes.juntadeandalucia.es\/ceipmurtasturon\/wp-json\/wp\/v2\/comments?post=35"}],"version-history":[{"count":30,"href":"https:\/\/blogsaverroes.juntadeandalucia.es\/ceipmurtasturon\/wp-json\/wp\/v2\/pages\/35\/revisions"}],"predecessor-version":[{"id":3163,"href":"https:\/\/blogsaverroes.juntadeandalucia.es\/ceipmurtasturon\/wp-json\/wp\/v2\/pages\/35\/revisions\/3163"}],"wp:attachment":[{"href":"https:\/\/blogsaverroes.juntadeandalucia.es\/ceipmurtasturon\/wp-json\/wp\/v2\/media?parent=35"}],"curies":[{"name":"wp","href":"https:\/\/api.w.org\/{rel}","templated":true}]}}