{"id":42,"date":"2015-03-13T08:40:47","date_gmt":"2015-03-13T08:40:47","guid":{"rendered":"http:\/\/blogsaverroes.juntadeandalucia.es\/pre\/ceip\/?page_id=42"},"modified":"2024-12-02T12:48:34","modified_gmt":"2024-12-02T12:48:34","slug":"equipo-directivo","status":"publish","type":"page","link":"https:\/\/blogsaverroes.juntadeandalucia.es\/ceipmurtasturon\/equipo-directivo\/","title":{"rendered":"Equipo directivo"},"content":{"rendered":"<p><strong>Direcci\u00f3n: Mar\u00eda Dolores Rodr\u00edguez Contreras<br \/>\n<\/strong><\/p>\n<p>Tel\u00e9fono m\u00f3vil: 671565171<\/p>\n<p>Tel\u00e9fono fijo: 958761523 &#8211; 958761524<\/p>\n","protected":false},"excerpt":{"rendered":"<p>Direcci\u00f3n: Mar\u00eda Dolores Rodr\u00edguez Contreras Tel\u00e9fono m\u00f3vil: 671565171 Tel\u00e9fono fijo: 958761523 &#8211; 958761524<\/p>\n","protected":false},"author":1,"featured_media":0,"parent":0,"menu_order":0,"comment_status":"open","ping_status":"open","template":"page-templates\/child-menu.php","meta":{"ngg_post_thumbnail":0,"footnotes":"","_mc_calendar":[]},"aioseo_notices":[],"_links":{"self":[{"href":"https:\/\/blogsaverroes.juntadeandalucia.es\/ceipmurtasturon\/wp-json\/wp\/v2\/pages\/42"}],"collection":[{"href":"https:\/\/blogsaverroes.juntadeandalucia.es\/ceipmurtasturon\/wp-json\/wp\/v2\/pages"}],"about":[{"href":"https:\/\/blogsaverroes.juntadeandalucia.es\/ceipmurtasturon\/wp-json\/wp\/v2\/types\/page"}],"author":[{"embeddable":true,"href":"https:\/\/blogsaverroes.juntadeandalucia.es\/ceipmurtasturon\/wp-json\/wp\/v2\/users\/1"}],"replies":[{"embeddable":true,"href":"https:\/\/blogsaverroes.juntadeandalucia.es\/ceipmurtasturon\/wp-json\/wp\/v2\/comments?post=42"}],"version-history":[{"count":6,"href":"https:\/\/blogsaverroes.juntadeandalucia.es\/ceipmurtasturon\/wp-json\/wp\/v2\/pages\/42\/revisions"}],"predecessor-version":[{"id":2668,"href":"https:\/\/blogsaverroes.juntadeandalucia.es\/ceipmurtasturon\/wp-json\/wp\/v2\/pages\/42\/revisions\/2668"}],"wp:attachment":[{"href":"https:\/\/blogsaverroes.juntadeandalucia.es\/ceipmurtasturon\/wp-json\/wp\/v2\/media?parent=42"}],"curies":[{"name":"wp","href":"https:\/\/api.w.org\/{rel}","templated":true}]}}