{"id":44,"date":"2015-03-13T08:42:15","date_gmt":"2015-03-13T08:42:15","guid":{"rendered":"http:\/\/blogsaverroes.juntadeandalucia.es\/pre\/ceip\/?page_id=44"},"modified":"2025-02-12T11:38:27","modified_gmt":"2025-02-12T11:38:27","slug":"planes-y-proyectos","status":"publish","type":"page","link":"https:\/\/blogsaverroes.juntadeandalucia.es\/ceipmurtasturon\/planes-y-proyectos\/","title":{"rendered":"Planes y Programas"},"content":{"rendered":"<p>Cada centro personaliza y adapta su Proyecto Educativo adhiri\u00e9ndose a diferentes <strong>Planes y Programas<\/strong> promovidos desde la Consejer\u00eda de Educaci\u00f3n, Cultura y Deporte.<\/p>\n<p>Este a\u00f1o nuestro centro se encuentra inscrito en los siguientes planes y programas:<\/p>\n<ul>\n<li><strong>Plan de igualdad de g\u00e9nero en educaci\u00f3n.<\/strong><\/li>\n<li><strong>Plan de apertura de centros docentes.<\/strong><\/li>\n<li><strong>Plan de Salud Laboral y P.R.L.<\/strong><\/li>\n<li><strong>Organizaci\u00f3n y Funcionamiento de las Bibliotecas Escolares.<\/strong><\/li>\n<li><strong>Bienestar y Protecci\u00f3n Infancia y Adolescencia\/Conviencia Escolar.<\/strong><\/li>\n<li><strong>Transformaci\u00f3n Digital Educativa.<\/strong><\/li>\n<li><strong>Red Andaluza Escuela: \u00abEspacio de Paz.<\/strong><\/li>\n<li><strong>Programa CIMA<\/strong><\/li>\n<li><strong>Prevenci\u00f3n de la Violencia de G\u00e9nero.<\/strong><\/li>\n<li><strong>Plan director.<\/strong><\/li>\n<\/ul>\n","protected":false},"excerpt":{"rendered":"<p>Cada centro personaliza y adapta su Proyecto Educativo adhiri\u00e9ndose a diferentes Planes y Programas promovidos desde la Consejer\u00eda de Educaci\u00f3n, Cultura y Deporte. Este a\u00f1o nuestro centro se encuentra inscrito en los siguientes planes&#46;&#46;&#46;<\/p>\n","protected":false},"author":1,"featured_media":0,"parent":0,"menu_order":0,"comment_status":"open","ping_status":"closed","template":"page-templates\/child-menu.php","meta":{"ngg_post_thumbnail":0,"footnotes":"","_mc_calendar":[]},"aioseo_notices":[],"_links":{"self":[{"href":"https:\/\/blogsaverroes.juntadeandalucia.es\/ceipmurtasturon\/wp-json\/wp\/v2\/pages\/44"}],"collection":[{"href":"https:\/\/blogsaverroes.juntadeandalucia.es\/ceipmurtasturon\/wp-json\/wp\/v2\/pages"}],"about":[{"href":"https:\/\/blogsaverroes.juntadeandalucia.es\/ceipmurtasturon\/wp-json\/wp\/v2\/types\/page"}],"author":[{"embeddable":true,"href":"https:\/\/blogsaverroes.juntadeandalucia.es\/ceipmurtasturon\/wp-json\/wp\/v2\/users\/1"}],"replies":[{"embeddable":true,"href":"https:\/\/blogsaverroes.juntadeandalucia.es\/ceipmurtasturon\/wp-json\/wp\/v2\/comments?post=44"}],"version-history":[{"count":9,"href":"https:\/\/blogsaverroes.juntadeandalucia.es\/ceipmurtasturon\/wp-json\/wp\/v2\/pages\/44\/revisions"}],"predecessor-version":[{"id":2843,"href":"https:\/\/blogsaverroes.juntadeandalucia.es\/ceipmurtasturon\/wp-json\/wp\/v2\/pages\/44\/revisions\/2843"}],"wp:attachment":[{"href":"https:\/\/blogsaverroes.juntadeandalucia.es\/ceipmurtasturon\/wp-json\/wp\/v2\/media?parent=44"}],"curies":[{"name":"wp","href":"https:\/\/api.w.org\/{rel}","templated":true}]}}