{"id":824,"date":"2020-12-18T08:31:23","date_gmt":"2020-12-18T07:31:23","guid":{"rendered":"https:\/\/blogsaverroes.juntadeandalucia.es\/pre\/plantilla-pencil\/?page_id=817"},"modified":"2021-05-31T19:58:33","modified_gmt":"2021-05-31T18:58:33","slug":"educacion-primaria","status":"publish","type":"page","link":"https:\/\/blogsaverroes.juntadeandalucia.es\/ceipnataliorivas\/educacion-primaria\/","title":{"rendered":"EDUCACI\u00d3N PRIMARIA"},"content":{"rendered":"<p>[et_pb_section fb_built=\u00bb1&#8243; _builder_version=\u00bb3.23.3&#8243; custom_padding=\u00bb0px||0px|\u00bb z_index_tablet=\u00bb500&#8243; box_shadow_horizontal_tablet=\u00bb0px\u00bb box_shadow_vertical_tablet=\u00bb0px\u00bb box_shadow_blur_tablet=\u00bb40px\u00bb box_shadow_spread_tablet=\u00bb0px\u00bb][et_pb_row _builder_version=\u00bb3.25&#8243; background_size=\u00bbinitial\u00bb background_position=\u00bbtop_left\u00bb background_repeat=\u00bbrepeat\u00bb][et_pb_column type=\u00bb4_4&#8243; _builder_version=\u00bb3.25&#8243; custom_padding=\u00bb|||\u00bb custom_padding__hover=\u00bb|||\u00bb][et_pb_image src=\u00bbhttps:\/\/blogsaverroes.juntadeandalucia.es\/ceipnataliorivas\/files\/2021\/03\/educacion-primaria.png\u00bb title_text=\u00bbeducacion primaria\u00bb admin_label=\u00bbImagen de la portada\u00bb _builder_version=\u00bb4.5.0&#8243; z_index_tablet=\u00bb500&#8243; box_shadow_horizontal_tablet=\u00bb0px\u00bb box_shadow_vertical_tablet=\u00bb0px\u00bb box_shadow_blur_tablet=\u00bb40px\u00bb box_shadow_spread_tablet=\u00bb0px\u00bb][\/et_pb_image][\/et_pb_column][\/et_pb_row][et_pb_row column_structure=\u00bb1_3,1_3,1_3&#8243; _builder_version=\u00bb3.25&#8243; background_size=\u00bbinitial\u00bb background_position=\u00bbtop_left\u00bb background_repeat=\u00bbrepeat\u00bb][et_pb_column type=\u00bb1_3&#8243; _builder_version=\u00bb3.25&#8243; custom_padding=\u00bb|||\u00bb custom_padding__hover=\u00bb|||\u00bb][et_pb_blurb title=\u00bbInnovaci\u00f3n\u00bb use_icon=\u00bbon\u00bb font_icon=\u00bb%%121%%\u00bb use_circle=\u00bbon\u00bb circle_color=\u00bb#5d58ef\u00bb admin_label=\u00bbInformaci\u00f3n innovaci\u00f3n (icono, titulo y texto)\u00bb _builder_version=\u00bb3.23.3&#8243; text_orientation=\u00bbcenter\u00bb z_index_tablet=\u00bb500&#8243; header_text_shadow_horizontal_length_tablet=\u00bb0px\u00bb header_text_shadow_vertical_length_tablet=\u00bb0px\u00bb header_text_shadow_blur_strength_tablet=\u00bb1px\u00bb body_text_shadow_horizontal_length_tablet=\u00bb0px\u00bb body_text_shadow_vertical_length_tablet=\u00bb0px\u00bb body_text_shadow_blur_strength_tablet=\u00bb1px\u00bb body_link_text_shadow_horizontal_length_tablet=\u00bb0px\u00bb body_link_text_shadow_vertical_length_tablet=\u00bb0px\u00bb body_link_text_shadow_blur_strength_tablet=\u00bb1px\u00bb body_ul_text_shadow_horizontal_length_tablet=\u00bb0px\u00bb body_ul_text_shadow_vertical_length_tablet=\u00bb0px\u00bb body_ul_text_shadow_blur_strength_tablet=\u00bb1px\u00bb body_ol_text_shadow_horizontal_length_tablet=\u00bb0px\u00bb body_ol_text_shadow_vertical_length_tablet=\u00bb0px\u00bb body_ol_text_shadow_blur_strength_tablet=\u00bb1px\u00bb body_quote_text_shadow_horizontal_length_tablet=\u00bb0px\u00bb body_quote_text_shadow_vertical_length_tablet=\u00bb0px\u00bb body_quote_text_shadow_blur_strength_tablet=\u00bb1px\u00bb box_shadow_horizontal_tablet=\u00bb0px\u00bb box_shadow_vertical_tablet=\u00bb0px\u00bb box_shadow_blur_tablet=\u00bb40px\u00bb box_shadow_spread_tablet=\u00bb0px\u00bb box_shadow_horizontal_image_tablet=\u00bb0px\u00bb box_shadow_vertical_image_tablet=\u00bb0px\u00bb box_shadow_blur_image_tablet=\u00bb40px\u00bb box_shadow_spread_image_tablet=\u00bb0px\u00bb text_shadow_horizontal_length_tablet=\u00bb0px\u00bb text_shadow_vertical_length_tablet=\u00bb0px\u00bb text_shadow_blur_strength_tablet=\u00bb1px\u00bb]<\/p>\n<p>Nuevas tecnolog\u00edas en el centro<\/p>\n<p>[\/et_pb_blurb][\/et_pb_column][et_pb_column type=\u00bb1_3&#8243; _builder_version=\u00bb3.25&#8243; custom_padding=\u00bb|||\u00bb custom_padding__hover=\u00bb|||\u00bb][et_pb_blurb title=\u00bbIdiomas\u00bb use_icon=\u00bbon\u00bb font_icon=\u00bb%%289%%\u00bb use_circle=\u00bbon\u00bb circle_color=\u00bb#ff236c\u00bb admin_label=\u00bbInformaci\u00f3n centro biling\u00fce (icono, titulo y texto)\u00bb _builder_version=\u00bb4.5.0&#8243; text_orientation=\u00bbcenter\u00bb z_index_tablet=\u00bb500&#8243; header_text_shadow_horizontal_length_tablet=\u00bb0px\u00bb header_text_shadow_vertical_length_tablet=\u00bb0px\u00bb header_text_shadow_blur_strength_tablet=\u00bb1px\u00bb body_text_shadow_horizontal_length_tablet=\u00bb0px\u00bb body_text_shadow_vertical_length_tablet=\u00bb0px\u00bb body_text_shadow_blur_strength_tablet=\u00bb1px\u00bb body_link_text_shadow_horizontal_length_tablet=\u00bb0px\u00bb body_link_text_shadow_vertical_length_tablet=\u00bb0px\u00bb body_link_text_shadow_blur_strength_tablet=\u00bb1px\u00bb body_ul_text_shadow_horizontal_length_tablet=\u00bb0px\u00bb body_ul_text_shadow_vertical_length_tablet=\u00bb0px\u00bb body_ul_text_shadow_blur_strength_tablet=\u00bb1px\u00bb body_ol_text_shadow_horizontal_length_tablet=\u00bb0px\u00bb body_ol_text_shadow_vertical_length_tablet=\u00bb0px\u00bb body_ol_text_shadow_blur_strength_tablet=\u00bb1px\u00bb body_quote_text_shadow_horizontal_length_tablet=\u00bb0px\u00bb body_quote_text_shadow_vertical_length_tablet=\u00bb0px\u00bb body_quote_text_shadow_blur_strength_tablet=\u00bb1px\u00bb box_shadow_horizontal_tablet=\u00bb0px\u00bb box_shadow_vertical_tablet=\u00bb0px\u00bb box_shadow_blur_tablet=\u00bb40px\u00bb box_shadow_spread_tablet=\u00bb0px\u00bb box_shadow_horizontal_image_tablet=\u00bb0px\u00bb box_shadow_vertical_image_tablet=\u00bb0px\u00bb box_shadow_blur_image_tablet=\u00bb40px\u00bb box_shadow_spread_image_tablet=\u00bb0px\u00bb text_shadow_horizontal_length_tablet=\u00bb0px\u00bb text_shadow_vertical_length_tablet=\u00bb0px\u00bb text_shadow_blur_strength_tablet=\u00bb1px\u00bb]<\/p>\n<p>Impartimos Ingl\u00e9s y Franc\u00e9s\u00a0<\/p>\n<p>[\/et_pb_blurb][\/et_pb_column][et_pb_column type=\u00bb1_3&#8243; _builder_version=\u00bb3.25&#8243; custom_padding=\u00bb|||\u00bb custom_padding__hover=\u00bb|||\u00bb][et_pb_blurb title=\u00bbContacta\u00bb use_icon=\u00bbon\u00bb font_icon=\u00bb%%153%%\u00bb use_circle=\u00bbon\u00bb circle_color=\u00bb#ffc259&#8243; admin_label=\u00bbInformaci\u00f3n de contacto (icono, titulo y texto)\u00bb _builder_version=\u00bb3.23.3&#8243; text_orientation=\u00bbcenter\u00bb z_index_tablet=\u00bb500&#8243; header_text_shadow_horizontal_length_tablet=\u00bb0px\u00bb header_text_shadow_vertical_length_tablet=\u00bb0px\u00bb header_text_shadow_blur_strength_tablet=\u00bb1px\u00bb body_text_shadow_horizontal_length_tablet=\u00bb0px\u00bb body_text_shadow_vertical_length_tablet=\u00bb0px\u00bb body_text_shadow_blur_strength_tablet=\u00bb1px\u00bb body_link_text_shadow_horizontal_length_tablet=\u00bb0px\u00bb body_link_text_shadow_vertical_length_tablet=\u00bb0px\u00bb body_link_text_shadow_blur_strength_tablet=\u00bb1px\u00bb body_ul_text_shadow_horizontal_length_tablet=\u00bb0px\u00bb body_ul_text_shadow_vertical_length_tablet=\u00bb0px\u00bb body_ul_text_shadow_blur_strength_tablet=\u00bb1px\u00bb body_ol_text_shadow_horizontal_length_tablet=\u00bb0px\u00bb body_ol_text_shadow_vertical_length_tablet=\u00bb0px\u00bb body_ol_text_shadow_blur_strength_tablet=\u00bb1px\u00bb body_quote_text_shadow_horizontal_length_tablet=\u00bb0px\u00bb body_quote_text_shadow_vertical_length_tablet=\u00bb0px\u00bb body_quote_text_shadow_blur_strength_tablet=\u00bb1px\u00bb box_shadow_horizontal_tablet=\u00bb0px\u00bb box_shadow_vertical_tablet=\u00bb0px\u00bb box_shadow_blur_tablet=\u00bb40px\u00bb box_shadow_spread_tablet=\u00bb0px\u00bb box_shadow_horizontal_image_tablet=\u00bb0px\u00bb box_shadow_vertical_image_tablet=\u00bb0px\u00bb box_shadow_blur_image_tablet=\u00bb40px\u00bb box_shadow_spread_image_tablet=\u00bb0px\u00bb text_shadow_horizontal_length_tablet=\u00bb0px\u00bb text_shadow_vertical_length_tablet=\u00bb0px\u00bb text_shadow_blur_strength_tablet=\u00bb1px\u00bb]<\/p>\n<p>Tenemos abierto nuestro buz\u00f3n de sugerencias<\/p>\n<p>[\/et_pb_blurb][\/et_pb_column][\/et_pb_row][et_pb_row column_structure=\u00bb1_3,2_3&#8243; _builder_version=\u00bb4.5.0&#8243; _module_preset=\u00bbdefault\u00bb][et_pb_column type=\u00bb1_3&#8243; _builder_version=\u00bb4.5.0&#8243; _module_preset=\u00bbdefault\u00bb][et_pb_text _builder_version=\u00bb4.5.0&#8243; _module_preset=\u00bbdefault\u00bb]<\/p>\n<h2>Educaci\u00f3n en valores<\/h2>\n<ul>\n<li style=\"text-align: justify\">Igualdad de oportunidades para nuestro alumnado, que la escuela sea un trampol\u00edn y que abra puertas para su futuro personal y profesional<\/li>\n<li style=\"text-align: justify\">Educaci\u00f3n socio-emocional como base del aprendizaje, cohesi\u00f3n social y de grupo, la equidad y la inclusi\u00f3n como principios b\u00e1sicos de nuestro Proyecto Educativo<\/li>\n<li style=\"text-align: justify\">El respeto a la diversidad, ya que consideramos el concepto diversidad como enriquecimiento de nuestro centro, formando alumnos y alumnas m\u00e1s abiertos y tolerantes ante las diferencias<\/li>\n<\/ul>\n<p>[\/et_pb_text][\/et_pb_column][et_pb_column type=\u00bb2_3&#8243; _builder_version=\u00bb4.5.0&#8243; _module_preset=\u00bbdefault\u00bb][et_pb_image src=\u00bbhttps:\/\/blogsaverroes.juntadeandalucia.es\/ceipnataliorivas\/files\/2021\/04\/plantas-ventana-2\u00ba.png\u00bb title_text=\u00bbplantas ventana 2\u00ba\u00bb _builder_version=\u00bb4.5.0&#8243; _module_preset=\u00bbdefault\u00bb][\/et_pb_image][\/et_pb_column][\/et_pb_row][et_pb_row column_structure=\u00bb2_3,1_3&#8243; _builder_version=\u00bb4.5.0&#8243; _module_preset=\u00bbdefault\u00bb][et_pb_column type=\u00bb2_3&#8243; _builder_version=\u00bb4.5.0&#8243; _module_preset=\u00bbdefault\u00bb][et_pb_image src=\u00bbhttps:\/\/blogsaverroes.juntadeandalucia.es\/ceipnataliorivas\/files\/2021\/04\/biblioteca-1.png\u00bb title_text=\u00bbbiblioteca 1&#8243; _builder_version=\u00bb4.5.0&#8243; _module_preset=\u00bbdefault\u00bb][\/et_pb_image][\/et_pb_column][et_pb_column type=\u00bb1_3&#8243; _builder_version=\u00bb4.5.0&#8243; _module_preset=\u00bbdefault\u00bb][et_pb_text _builder_version=\u00bb4.5.0&#8243; _module_preset=\u00bbdefault\u00bb hover_enabled=\u00bb0&#8243;]<\/p>\n<h2>Biblioteca: Plan de Lectura<\/h2>\n<ul>\n<li>Lectura como base del aprendizaje<\/li>\n<li>Diferentes tipos de textos (lecturas cl\u00e1sicas, comics, peri\u00f3dicos, revistas, etc.)<\/li>\n<li>Gamificaci\u00f3n aplicada a la lectura<\/li>\n<li>Libros adaptados a los niveles de infantil y primaria y para trabajar los valores<\/li>\n<li>Literatura castellana, inglesa y francesa<\/li>\n<li>Lecturas interactivas en pizarra digital<\/li>\n<li>Terturias literarias<\/li>\n<\/ul>\n<p><img loading=\"lazy\" decoding=\"async\" src=\"https:\/\/lh3.googleusercontent.com\/proxy\/ReI5IKfDbVZ7hIXzRbTJSfIoJ3XuXEQ5IDsHe-PgFXKt1rsRx0i1_0BOdzgqJDg2-bHUh4wC1rXx07GJ5MFqOgDsGoSOZJwSb5mlHxHk0NNdjLxK8Jf88MKtbGtnsGE0\" alt=\"Cuentacuentos virtual en Librer\u00eda Dorian\" width=\"264\" height=\"153\" style=\"margin-left: auto;margin-right: auto\" \/><\/p>\n<p>[\/et_pb_text][\/et_pb_column][\/et_pb_row][et_pb_row column_structure=\u00bb1_3,2_3&#8243; _builder_version=\u00bb4.5.0&#8243; _module_preset=\u00bbdefault\u00bb][et_pb_column type=\u00bb1_3&#8243; _builder_version=\u00bb4.5.0&#8243; _module_preset=\u00bbdefault\u00bb][et_pb_text _builder_version=\u00bb4.5.0&#8243; _module_preset=\u00bbdefault\u00bb hover_enabled=\u00bb0&#8243;]<\/p>\n<h2>Actividad f\u00edsica y el deporte<\/h2>\n<ul>\n<li style=\"text-align: justify\">Alimentaci\u00f3n saludable, con entregas de fruta y leche para fomentar una dieta completa, variada y equilibrada<\/li>\n<li style=\"text-align: justify\">Higiene y salud personal<\/li>\n<li style=\"text-align: justify\">Ejercicio f\u00edsico y el deporte como medio de integraci\u00f3n y aumento de la autoestima y el autoconcepto<\/li>\n<li style=\"text-align: justify\">El descanso a trav\u00e9s de t\u00e9cnicas de gesti\u00f3n emocional, para la mejora de la concentraci\u00f3n y la atenci\u00f3n<\/li>\n<\/ul>\n<p>&nbsp;<\/p>\n<p>[\/et_pb_text][\/et_pb_column][et_pb_column type=\u00bb2_3&#8243; _builder_version=\u00bb4.5.0&#8243; _module_preset=\u00bbdefault\u00bb][et_pb_image src=\u00bbhttps:\/\/blogsaverroes.juntadeandalucia.es\/ceipnataliorivas\/files\/2021\/04\/educacion-fisica-1.png\u00bb title_text=\u00bbeducacion fisica 1&#8243; _builder_version=\u00bb4.5.0&#8243; _module_preset=\u00bbdefault\u00bb][\/et_pb_image][\/et_pb_column][\/et_pb_row][et_pb_row column_structure=\u00bb2_3,1_3&#8243; _builder_version=\u00bb4.5.0&#8243; _module_preset=\u00bbdefault\u00bb][et_pb_column type=\u00bb2_3&#8243; _builder_version=\u00bb4.5.0&#8243; _module_preset=\u00bbdefault\u00bb][et_pb_image src=\u00bbhttps:\/\/blogsaverroes.juntadeandalucia.es\/ceipnataliorivas\/files\/2021\/04\/tablets-1.png\u00bb title_text=\u00bbtablets 1&#8243; _builder_version=\u00bb4.5.0&#8243; _module_preset=\u00bbdefault\u00bb][\/et_pb_image][\/et_pb_column][et_pb_column type=\u00bb1_3&#8243; _builder_version=\u00bb4.5.0&#8243; _module_preset=\u00bbdefault\u00bb][et_pb_text _builder_version=\u00bb4.5.0&#8243; _module_preset=\u00bbdefault\u00bb]<\/p>\n<h2>Tecnolog\u00eda y competencias digitales<\/h2>\n<ul>\n<li style=\"text-align: justify\">El desarrollo tecnol\u00f3gico como principcio b\u00e1sico de la nueva alfabetizaci\u00f3n<\/li>\n<li style=\"text-align: justify\">Hemos dotado al centro de ordenadores port\u00e1tiles y tablets para el alumnado<\/li>\n<li style=\"text-align: justify\">Pizarras digitales y ordenadores para el profesorado, tutores y especialistas<\/li>\n<li style=\"text-align: justify\">Altavoces, proyectores y toda la tecnolog\u00eda necesaria para el desarrollo de la competencia digital, tan importante en esta sociedad de la tecnolog\u00eda y la globalizaci\u00f3n<\/li>\n<\/ul>\n<p>[\/et_pb_text][\/et_pb_column][\/et_pb_row][et_pb_row column_structure=\u00bb1_3,2_3&#8243; _builder_version=\u00bb4.5.0&#8243; _module_preset=\u00bbdefault\u00bb][et_pb_column type=\u00bb1_3&#8243; _builder_version=\u00bb4.5.0&#8243; _module_preset=\u00bbdefault\u00bb][et_pb_text _builder_version=\u00bb4.5.0&#8243; _module_preset=\u00bbdefault\u00bb]<\/p>\n<h2>Atenci\u00f3n a la diversidad<\/h2>\n<ul>\n<li style=\"text-align: justify\">Los principios de igualdad y respeto a la diversidad son fundamentales en nuestro colegio, y para desarrollarlos en nuestro alumnado, hacemos actividades, talleres y charlas orientativas<\/li>\n<li style=\"text-align: justify\">La tolerancia a la diferencia trabajada de forma interdisciplinar, en todas las \u00e1reas y materias y de forma diaria en el aula<\/li>\n<li style=\"text-align: justify\">Actividades de integraci\u00f3n e inclusi\u00f3n con recursos y materiales<\/li>\n<li style=\"text-align: justify\">Especialistas en Audici\u00f3n y Lenguaje, Pedagog\u00eda Terap\u00e9utica y Altas Capacidades para atender de la mejor manera a la diversidad de nuestro centro<\/li>\n<\/ul>\n<p>[\/et_pb_text][\/et_pb_column][et_pb_column type=\u00bb2_3&#8243; _builder_version=\u00bb4.5.0&#8243; _module_preset=\u00bbdefault\u00bb][et_pb_image src=\u00bbhttps:\/\/blogsaverroes.juntadeandalucia.es\/ceipnataliorivas\/files\/2021\/04\/robot-2\u00ba.png\u00bb title_text=\u00bbrobot 2\u00ba\u00bb _builder_version=\u00bb4.5.0&#8243; _module_preset=\u00bbdefault\u00bb][\/et_pb_image][\/et_pb_column][\/et_pb_row][et_pb_row column_structure=\u00bb2_3,1_3&#8243; _builder_version=\u00bb4.5.0&#8243; _module_preset=\u00bbdefault\u00bb][et_pb_column type=\u00bb2_3&#8243; _builder_version=\u00bb4.5.0&#8243; _module_preset=\u00bbdefault\u00bb][et_pb_image src=\u00bbhttps:\/\/blogsaverroes.juntadeandalucia.es\/ceipnataliorivas\/files\/2021\/04\/ordenadores.png\u00bb title_text=\u00bbordenadores\u00bb _builder_version=\u00bb4.5.0&#8243; _module_preset=\u00bbdefault\u00bb][\/et_pb_image][\/et_pb_column][et_pb_column type=\u00bb1_3&#8243; _builder_version=\u00bb4.5.0&#8243; _module_preset=\u00bbdefault\u00bb][et_pb_text _builder_version=\u00bb4.5.0&#8243; _module_preset=\u00bbdefault\u00bb]<\/p>\n<h2>Orientaci\u00f3n personal y profesional<\/h2>\n<ul>\n<li style=\"text-align: justify\">Nuestros especialistas y Equipo de Orientaci\u00f3n que ayuda y apoya al alumnado en su orientaci\u00f3n personal y profesional<\/li>\n<li style=\"text-align: justify\">La acci\u00f3n tutorial de nuestros docentes y profesionales de la educaci\u00f3n, para un mejor desarrollo del proceso de ense\u00f1anza-aprendizaje<\/li>\n<li style=\"text-align: justify\">Comunicaci\u00f3n constante con las familias y horario de atenci\u00f3n, junto a los canales de comunicaci\u00f3n habituales<\/li>\n<li style=\"text-align: justify\">Actividades para que nuestro alumnado autoevalue su aprendizaje, para que sean m\u00e1s independendientes y aut\u00f3nomos<\/li>\n<\/ul>\n<p>&nbsp;<\/p>\n<p>&nbsp;<\/p>\n<p>[\/et_pb_text][\/et_pb_column][\/et_pb_row][et_pb_row column_structure=\u00bb1_3,2_3&#8243; _builder_version=\u00bb4.5.0&#8243; _module_preset=\u00bbdefault\u00bb][et_pb_column type=\u00bb1_3&#8243; _builder_version=\u00bb4.5.0&#8243; _module_preset=\u00bbdefault\u00bb][et_pb_text _builder_version=\u00bb4.5.0&#8243; _module_preset=\u00bbdefault\u00bb header_font=\u00bb||||||||\u00bb]<\/p>\n<h2>Formaci\u00f3n integral del alumnado<\/h2>\n<ul>\n<li>Competencias l\u00f3gico-matem\u00e1ticas, a trav\u00e9s de tareas, proyectos y actividades con material manipulativo y situaciones reales<\/li>\n<li>Formacion en ciencias y tecnolog\u00eda, adquiriendo h\u00e1bitos de cuidado del medio ambiente, reciclaje y uso responsable de las TIC, entre otros<\/li>\n<li>Trabajo individual y en equipo, esfuerzo y responsabilidad, sentido cr\u00edtico y esp\u00edritu emprendedor<\/li>\n<li>Otros contenidos transversales como la seguridad vial<\/li>\n<\/ul>\n<p>[\/et_pb_text][\/et_pb_column][et_pb_column type=\u00bb2_3&#8243; _builder_version=\u00bb4.5.0&#8243; _module_preset=\u00bbdefault\u00bb][et_pb_image src=\u00bbhttps:\/\/blogsaverroes.juntadeandalucia.es\/ceipnataliorivas\/files\/2021\/04\/plantas-2\u00ba.png\u00bb title_text=\u00bbplantas 2\u00ba\u00bb _builder_version=\u00bb4.5.0&#8243; _module_preset=\u00bbdefault\u00bb][\/et_pb_image][\/et_pb_column][\/et_pb_row][et_pb_row column_structure=\u00bb2_3,1_3&#8243; _builder_version=\u00bb4.5.0&#8243; _module_preset=\u00bbdefault\u00bb hover_enabled=\u00bb0&#8243;][et_pb_column type=\u00bb2_3&#8243; _builder_version=\u00bb4.5.0&#8243; _module_preset=\u00bbdefault\u00bb][et_pb_image src=\u00bbhttps:\/\/blogsaverroes.juntadeandalucia.es\/ceipnataliorivas\/files\/2021\/05\/1622143116874.jpg\u00bb title_text=\u00bb1622143116874&#8243; _builder_version=\u00bb4.5.0&#8243; _module_preset=\u00bbdefault\u00bb][\/et_pb_image][\/et_pb_column][et_pb_column type=\u00bb1_3&#8243; _builder_version=\u00bb4.5.0&#8243; _module_preset=\u00bbdefault\u00bb][et_pb_text _builder_version=\u00bb4.5.0&#8243; _module_preset=\u00bbdefault\u00bb hover_enabled=\u00bb0&#8243;]<\/p>\n<h2>Idiomas<\/h2>\n<h2>Ingl\u00e9s y franc\u00e9s<\/h2>\n<ul>\n<li style=\"text-align: justify\">Impartimos ingl\u00e9s y franc\u00e9s<\/li>\n<li style=\"text-align: justify\">El estudio de una lengua extranjera ayuda a nuestro alumnado a conocer otros lugares, otras culturas y tradiciones, y, por lo tanto, ser m\u00e1s tolerante y respetuoso con la diversidad<\/li>\n<li style=\"text-align: justify\">Los idiomas son una puerta de acceso al mundo laboral hoy d\u00eda, de ah\u00ed su importancia en nuestro centro<\/li>\n<li style=\"text-align: justify\">Juegos, canciones, actividades manipulativas, desarrollo de la oralidad y todo tipo de ejercicios motivantes y l\u00fadicos<\/li>\n<\/ul>\n<p>\u00a0<img loading=\"lazy\" decoding=\"async\" src=\"https:\/\/blogsaverroes.juntadeandalucia.es\/ceipnataliorivas\/files\/2021\/05\/Screenshot_1-1.png\" width=\"214\" height=\"126\" alt=\"\" class=\"wp-image-1472 aligncenter size-full\" \/><\/p>\n<p>[\/et_pb_text][\/et_pb_column][\/et_pb_row][et_pb_row column_structure=\u00bb1_3,2_3&#8243; _builder_version=\u00bb4.5.0&#8243; _module_preset=\u00bbdefault\u00bb][et_pb_column type=\u00bb1_3&#8243; _builder_version=\u00bb4.5.0&#8243; _module_preset=\u00bbdefault\u00bb][et_pb_text _builder_version=\u00bb4.5.0&#8243; _module_preset=\u00bbdefault\u00bb]<\/p>\n<h2>Educaci\u00f3n art\u00edstica<\/h2>\n<ul>\n<li style=\"text-align: justify\">Importancia de la m\u00fasica para el desarrollo del aprendizaje, la mejora de las relaciones sociales y el alumento de motivaci\u00f3n por parte de nuestro alumnado<\/li>\n<li style=\"text-align: justify\">Manualidades y actividades para fomentar la creatividad y la imaginaci\u00f3n<\/li>\n<li style=\"text-align: justify\"><span>Emprendimiento, diversidad cultural, innovaci\u00f3n y curiosidad, trabajados a partir de la educaci\u00f3n art\u00edstica<\/span><\/li>\n<li style=\"text-align: justify\">Historia, cultura y gesti\u00f3n emocional a trav\u00e9s de las artes esc\u00e9nicas, la m\u00fasica, la cultura, el cine o el teatro<\/li>\n<\/ul>\n<p>[\/et_pb_text][\/et_pb_column][et_pb_column type=\u00bb2_3&#8243; _builder_version=\u00bb4.5.0&#8243; _module_preset=\u00bbdefault\u00bb][et_pb_image src=\u00bbhttps:\/\/blogsaverroes.juntadeandalucia.es\/ceipnataliorivas\/files\/2021\/05\/132488447_1023322044822280_504238001630555752_n.jpg\u00bb title_text=\u00bb132488447_1023322044822280_504238001630555752_n\u00bb _builder_version=\u00bb4.5.0&#8243; _module_preset=\u00bbdefault\u00bb][\/et_pb_image][\/et_pb_column][\/et_pb_row][\/et_pb_section]<\/p>\n","protected":false},"excerpt":{"rendered":"<p>Nuevas tecnolog\u00edas en el centroImpartimos Ingl\u00e9s y Franc\u00e9s\u00a0Tenemos abierto nuestro buz\u00f3n de sugerenciasEducaci\u00f3n en valores Igualdad de oportunidades para nuestro alumnado, que la escuela sea un trampol\u00edn y que abra puertas para su futuro personal y profesional Educaci\u00f3n socio-emocional como base del aprendizaje, cohesi\u00f3n social y de grupo, la equidad y la inclusi\u00f3n como principios [&hellip;]<\/p>\n","protected":false},"author":7051,"featured_media":0,"parent":0,"menu_order":0,"comment_status":"closed","ping_status":"closed","template":"","meta":{"_et_pb_use_builder":"on","_et_pb_old_content":"","_et_gb_content_width":"","ngg_post_thumbnail":0,"footnotes":""},"aioseo_notices":[],"_links":{"self":[{"href":"https:\/\/blogsaverroes.juntadeandalucia.es\/ceipnataliorivas\/wp-json\/wp\/v2\/pages\/824"}],"collection":[{"href":"https:\/\/blogsaverroes.juntadeandalucia.es\/ceipnataliorivas\/wp-json\/wp\/v2\/pages"}],"about":[{"href":"https:\/\/blogsaverroes.juntadeandalucia.es\/ceipnataliorivas\/wp-json\/wp\/v2\/types\/page"}],"author":[{"embeddable":true,"href":"https:\/\/blogsaverroes.juntadeandalucia.es\/ceipnataliorivas\/wp-json\/wp\/v2\/users\/7051"}],"replies":[{"embeddable":true,"href":"https:\/\/blogsaverroes.juntadeandalucia.es\/ceipnataliorivas\/wp-json\/wp\/v2\/comments?post=824"}],"version-history":[{"count":25,"href":"https:\/\/blogsaverroes.juntadeandalucia.es\/ceipnataliorivas\/wp-json\/wp\/v2\/pages\/824\/revisions"}],"predecessor-version":[{"id":1473,"href":"https:\/\/blogsaverroes.juntadeandalucia.es\/ceipnataliorivas\/wp-json\/wp\/v2\/pages\/824\/revisions\/1473"}],"wp:attachment":[{"href":"https:\/\/blogsaverroes.juntadeandalucia.es\/ceipnataliorivas\/wp-json\/wp\/v2\/media?parent=824"}],"curies":[{"name":"wp","href":"https:\/\/api.w.org\/{rel}","templated":true}]}}