{"id":825,"date":"2020-12-18T08:32:50","date_gmt":"2020-12-18T07:32:50","guid":{"rendered":"https:\/\/blogsaverroes.juntadeandalucia.es\/pre\/plantilla-pencil\/?page_id=824"},"modified":"2021-05-31T18:14:05","modified_gmt":"2021-05-31T17:14:05","slug":"educacion-infantil-2","status":"publish","type":"page","link":"https:\/\/blogsaverroes.juntadeandalucia.es\/ceipnataliorivas\/educacion-infantil-2\/","title":{"rendered":"EDUCACI\u00d3N INFANTIL"},"content":{"rendered":"<p>[et_pb_section fb_built=\u00bb1&#8243; _builder_version=\u00bb4.5.0&#8243; _module_preset=\u00bbdefault\u00bb custom_margin=\u00bb||95px|||\u00bb][et_pb_row _builder_version=\u00bb4.5.0&#8243; _module_preset=\u00bbdefault\u00bb][et_pb_column type=\u00bb4_4&#8243; _builder_version=\u00bb4.5.0&#8243; _module_preset=\u00bbdefault\u00bb][et_pb_image src=\u00bbhttps:\/\/blogsaverroes.juntadeandalucia.es\/ceipnataliorivas\/files\/2021\/03\/educacion-infantil.png\u00bb title_text=\u00bbeducacion infantil\u00bb _builder_version=\u00bb4.5.0&#8243; _module_preset=\u00bbdefault\u00bb][\/et_pb_image][\/et_pb_column][\/et_pb_row][et_pb_row column_structure=\u00bb2_5,3_5&#8243; _builder_version=\u00bb4.5.0&#8243; _module_preset=\u00bbdefault\u00bb][et_pb_column type=\u00bb2_5&#8243; _builder_version=\u00bb4.5.0&#8243; _module_preset=\u00bbdefault\u00bb][et_pb_text _builder_version=\u00bb4.5.0&#8243; _module_preset=\u00bbdefault\u00bb]<\/p>\n<h1>Trabajo por Proyectos<\/h1>\n<ul>\n<li>Metodolog\u00edas activas<\/li>\n<li>Alumnado part\u00edcipe y protagonista de su aprendizaje<\/li>\n<li>Trabajamos a partir de un foco o tema de inter\u00e9s del alumnado, todas y cada una de las competencias y \u00e1reas del Curr\u00edculum de Infantil<\/li>\n<li>Observaci\u00f3n, experimentaci\u00f3n y manipulaci\u00f3n, a trav\u00e9s de juegos y ejercicios l\u00fadicos que despierten su inter\u00e9s y atenci\u00f3n<\/li>\n<li>Actividades adaptadas a su nivel evolutivo apostando por el aprendizaje cooperativo<\/li>\n<li>Trabajo individual y en grupo<\/li>\n<\/ul>\n<p>&nbsp;<\/p>\n<p>Numerosos estudios han demostrado que el trabajo por proyectos es \u00e9xito garantizado en el proceso de ense\u00f1anza-aprendizaje.<\/p>\n<p>[\/et_pb_text][\/et_pb_column][et_pb_column type=\u00bb3_5&#8243; _builder_version=\u00bb4.5.0&#8243; _module_preset=\u00bbdefault\u00bb][et_pb_image src=\u00bbhttps:\/\/blogsaverroes.juntadeandalucia.es\/ceipnataliorivas\/files\/2021\/04\/infantil-3-a\u00f1os.png\u00bb title_text=\u00bbinfantil 3 a\u00f1os\u00bb _builder_version=\u00bb4.5.0&#8243; _module_preset=\u00bbdefault\u00bb][\/et_pb_image][\/et_pb_column][\/et_pb_row][et_pb_row column_structure=\u00bb2_3,1_3&#8243; _builder_version=\u00bb4.5.0&#8243; _module_preset=\u00bbdefault\u00bb][et_pb_column type=\u00bb2_3&#8243; _builder_version=\u00bb4.5.0&#8243; _module_preset=\u00bbdefault\u00bb][et_pb_image src=\u00bbhttps:\/\/blogsaverroes.juntadeandalucia.es\/ceipnataliorivas\/files\/2021\/04\/infantil-5-a\u00f1os-asamblea.png\u00bb title_text=\u00bbinfantil 5 a\u00f1os asamblea\u00bb _builder_version=\u00bb4.5.0&#8243; _module_preset=\u00bbdefault\u00bb][\/et_pb_image][\/et_pb_column][et_pb_column type=\u00bb1_3&#8243; _builder_version=\u00bb4.5.0&#8243; _module_preset=\u00bbdefault\u00bb][et_pb_text _builder_version=\u00bb4.5.0&#8243; _module_preset=\u00bbdefault\u00bb]<\/p>\n<h2>Lectoescritura a trav\u00e9s de Inteligencias M\u00faltiples<\/h2>\n<ul>\n<li>La lectoescritura como base del aprendizaje\u00a0<\/li>\n<li>Detectamos en los alumnos\/as\u00a0 particularidades y caracter\u00edsticas \u00fanicas que los distinguen del resto<\/li>\n<li>Trabajar a trav\u00e9s de las Inteligencias M\u00faltiples nos hace poder desarrollar y entrenar la Inteligencia Potencial y a partir de \u00e9sta desarrollar las otras<\/li>\n<li>Consideramos al alumnado como \u00fanico, por lo que detectar sus potenciales o inteligencias, para poder orientar su futuro profesional de una manera m\u00e1s efectiva y exitosa<\/li>\n<\/ul>\n<p>[\/et_pb_text][\/et_pb_column][\/et_pb_row][et_pb_row column_structure=\u00bb1_3,2_3&#8243; _builder_version=\u00bb4.5.0&#8243; _module_preset=\u00bbdefault\u00bb][et_pb_column type=\u00bb1_3&#8243; _builder_version=\u00bb4.5.0&#8243; _module_preset=\u00bbdefault\u00bb][et_pb_text _builder_version=\u00bb4.5.0&#8243; _module_preset=\u00bbdefault\u00bb]<\/p>\n<h1>Recursos tecnol\u00f3gicos<\/h1>\n<ul>\n<li style=\"text-align: justify\">Desarrollo de la Competencia Digital<\/li>\n<li style=\"text-align: justify\">Las habilidades y el uso de la tecnolog\u00eda aumentan la motivaci\u00f3n del alumnado, por lo que consideramos esencial desarrollar proyectos que partan del buen uso responsable de la tecnolog\u00eda<\/li>\n<li style=\"text-align: justify\">Pizarras interactivas y tablets para una mejor interacci\u00f3n y aprendizaje<\/li>\n<li style=\"text-align: justify\">Actividades y tareas, como la asamblea desarrolladas a partir de las tecnolog\u00edas para aumentar la motivaci\u00f3n y la atenci\u00f3n del alumnado y as\u00ed lograr un mejor rendimiento y mejores resultados acad\u00e9micos<\/li>\n<\/ul>\n<p>[\/et_pb_text][\/et_pb_column][et_pb_column type=\u00bb2_3&#8243; _builder_version=\u00bb4.5.0&#8243; _module_preset=\u00bbdefault\u00bb][et_pb_image src=\u00bbhttps:\/\/blogsaverroes.juntadeandalucia.es\/ceipnataliorivas\/files\/2021\/04\/infantil-5-a\u00f1os.png\u00bb title_text=\u00bbinfantil 5 a\u00f1os\u00bb _builder_version=\u00bb4.5.0&#8243; _module_preset=\u00bbdefault\u00bb][\/et_pb_image][\/et_pb_column][\/et_pb_row][et_pb_row column_structure=\u00bb2_3,1_3&#8243; _builder_version=\u00bb4.5.0&#8243; _module_preset=\u00bbdefault\u00bb][et_pb_column type=\u00bb2_3&#8243; _builder_version=\u00bb4.5.0&#8243; _module_preset=\u00bbdefault\u00bb][et_pb_image src=\u00bbhttps:\/\/blogsaverroes.juntadeandalucia.es\/ceipnataliorivas\/files\/2021\/04\/pasillo-infantil.png\u00bb title_text=\u00bbpasillo infantil\u00bb _builder_version=\u00bb4.5.0&#8243; _module_preset=\u00bbdefault\u00bb][\/et_pb_image][\/et_pb_column][et_pb_column type=\u00bb1_3&#8243; _builder_version=\u00bb4.5.0&#8243; _module_preset=\u00bbdefault\u00bb][et_pb_text _builder_version=\u00bb4.5.0&#8243; _module_preset=\u00bbdefault\u00bb]<\/p>\n<h2 style=\"text-align: justify\">Educaci\u00f3n socioemocional y en valores<\/h2>\n<ul>\n<li style=\"text-align: justify\">La igualdad de oportunidades como principio b\u00e1sico de la ense\u00f1anza en nuestro centro<\/li>\n<li style=\"text-align: justify\">El desarrollo socio-emocional de nuestros alumnos y alumnas para poder construir el resto del aprendizaje<\/li>\n<li style=\"text-align: justify\">Trabajamos las emociones con actividades grupales, para fomentar la cohesi\u00f3n de grupo, la empat\u00eda, el respeto y la tolerancia<\/li>\n<li style=\"text-align: justify\">El reconocimiento o identificaci\u00f3n de las emociones, para despu\u00e9s aprender a aplicar estrategias para gestionar, la ira, la frustraci\u00f3n, el miedo, etc., son actividades que realizamos a nivel interdisciplinar y que consideramos fundamentales para la formaci\u00f3n integral de nuestro alumnado<\/li>\n<\/ul>\n<p>[\/et_pb_text][\/et_pb_column][\/et_pb_row][et_pb_row column_structure=\u00bb1_3,2_3&#8243; _builder_version=\u00bb4.5.0&#8243; _module_preset=\u00bbdefault\u00bb][et_pb_column type=\u00bb1_3&#8243; _builder_version=\u00bb4.5.0&#8243; _module_preset=\u00bbdefault\u00bb][et_pb_text _builder_version=\u00bb4.5.0&#8243; _module_preset=\u00bbdefault\u00bb]<\/p>\n<h1 style=\"text-align: justify\">M\u00e9todo ABN<\/h1>\n<ul>\n<li style=\"text-align: justify\">M\u00e9todo del Algoritmo Basado en N\u00fameros, para trabajar el c\u00e1lculo y la numeraci\u00f3n de forma diferente<\/li>\n<li style=\"text-align: justify\"><span>A trav\u00e9s de esta metodolog\u00eda trabajamos la descomposici\u00f3n de los n\u00fameros a trav\u00e9s de materiales manipulativos que fomentan el c\u00e1lculo mental, e<\/span>jercitando la atenci\u00f3n, memoria y desarrollo del pensamiento l\u00f3gico-matem\u00e1tico<\/li>\n<\/ul>\n<p>\u00a0<img loading=\"lazy\" decoding=\"async\" src=\"https:\/\/blogsaverroes.juntadeandalucia.es\/ceipnataliorivas\/files\/2021\/05\/Screenshot_1.png\" width=\"516\" height=\"237\" alt=\"\" class=\"wp-image-1448 aligncenter size-full\" srcset=\"https:\/\/blogsaverroes.juntadeandalucia.es\/ceipnataliorivas\/files\/2021\/05\/Screenshot_1.png 516w, https:\/\/blogsaverroes.juntadeandalucia.es\/ceipnataliorivas\/files\/2021\/05\/Screenshot_1-480x220.png 480w\" sizes=\"(min-width: 0px) and (max-width: 480px) 480px, (min-width: 481px) 516px, 100vw\" \/><\/p>\n<p>&nbsp;<\/p>\n<p>&nbsp;<\/p>\n<p>[\/et_pb_text][\/et_pb_column][et_pb_column type=\u00bb2_3&#8243; _builder_version=\u00bb4.5.0&#8243; _module_preset=\u00bbdefault\u00bb][et_pb_image src=\u00bbhttps:\/\/blogsaverroes.juntadeandalucia.es\/ceipnataliorivas\/files\/2021\/04\/infantil-4-a\u00f1os.png\u00bb title_text=\u00bbinfantil 4 a\u00f1os\u00bb _builder_version=\u00bb4.5.0&#8243; _module_preset=\u00bbdefault\u00bb][\/et_pb_image][\/et_pb_column][\/et_pb_row][et_pb_row column_structure=\u00bb3_5,2_5&#8243; _builder_version=\u00bb4.5.0&#8243; _module_preset=\u00bbdefault\u00bb][et_pb_column type=\u00bb3_5&#8243; _builder_version=\u00bb4.5.0&#8243; _module_preset=\u00bbdefault\u00bb][et_pb_image src=\u00bbhttps:\/\/blogsaverroes.juntadeandalucia.es\/ceipnataliorivas\/files\/2021\/05\/1621417611567-scaled.jpg\u00bb title_text=\u00bb1621417611567&#8243; _builder_version=\u00bb4.5.0&#8243; _module_preset=\u00bbdefault\u00bb][\/et_pb_image][\/et_pb_column][et_pb_column type=\u00bb2_5&#8243; _builder_version=\u00bb4.5.0&#8243; _module_preset=\u00bbdefault\u00bb][et_pb_text _builder_version=\u00bb4.5.0&#8243; _module_preset=\u00bbdefault\u00bb hover_enabled=\u00bb0&#8243;]<\/p>\n<h2>H\u00e1bitos saludables<\/h2>\n<ul>\n<li>Fomento de la actividad f\u00edsica y del deporte, as\u00ed como trabajo de la psicomotricidad<\/li>\n<li>Creamos h\u00e1bitos de vida y de alimentaci\u00f3n saludables, a trav\u00e9s del consumo de frutas y hortalizas\u00a0<\/li>\n<li>El descanso a trav\u00e9s de t\u00e9cnicas como el midfulness para la mejora de la atenci\u00f3n y la gesti\u00f3n emocional<\/li>\n<li>La higiene y el conocimiento de nuestro cuerpo, para mejorar nuestra salud, el autoconcepto, la autoestima, y nuestras relaciones sociales<\/li>\n<\/ul>\n<p><img loading=\"lazy\" decoding=\"async\" src=\"https:\/\/blogsaverroes.juntadeandalucia.es\/ceipnataliorivas\/files\/2021\/05\/Screenshot_2.png\" width=\"569\" height=\"290\" alt=\"\" class=\"wp-image-1455 aligncenter size-full\" srcset=\"https:\/\/blogsaverroes.juntadeandalucia.es\/ceipnataliorivas\/files\/2021\/05\/Screenshot_2.png 569w, https:\/\/blogsaverroes.juntadeandalucia.es\/ceipnataliorivas\/files\/2021\/05\/Screenshot_2-480x245.png 480w\" sizes=\"(min-width: 0px) and (max-width: 480px) 480px, (min-width: 481px) 569px, 100vw\" \/><\/p>\n<p>[\/et_pb_text][\/et_pb_column][\/et_pb_row][et_pb_row column_structure=\u00bb1_3,2_3&#8243; _builder_version=\u00bb4.5.0&#8243; _module_preset=\u00bbdefault\u00bb][et_pb_column type=\u00bb1_3&#8243; _builder_version=\u00bb4.5.0&#8243; _module_preset=\u00bbdefault\u00bb][et_pb_text _builder_version=\u00bb4.5.0&#8243; _module_preset=\u00bbdefault\u00bb hover_enabled=\u00bb0&#8243;]<\/p>\n<h2>Celebraci\u00f3n de actividades<\/h2>\n<ul>\n<li>Fiesta de la Oveja Segure\u00f1a<\/li>\n<li>D\u00eda de la Constituci\u00f3n<\/li>\n<li>Navidad<\/li>\n<li>Carnaval<\/li>\n<li>D\u00eda de la Mujer y la Ni\u00f1a en la Ciencia<\/li>\n<li>D\u00eda de Andaluc\u00eda<\/li>\n<li>D\u00eda de la Mujer<\/li>\n<li>LAS SANTAS<\/li>\n<li>D\u00eda del Libro<\/li>\n<li>Carrera de La Sagra<\/li>\n<li>D\u00eda de la Familia<\/li>\n<\/ul>\n<p style=\"text-align: justify\">Las actividades y los proyectos a nivel de centro nos ayudan para trabajar la integraci\u00f3n, la inclusi\u00f3n y el respeto a las diferencias en nuestro alumnado, para una mejora de la convivencia y de la sociedad<\/p>\n<p>[\/et_pb_text][\/et_pb_column][et_pb_column type=\u00bb2_3&#8243; _builder_version=\u00bb4.5.0&#8243; _module_preset=\u00bbdefault\u00bb][et_pb_image src=\u00bbhttps:\/\/blogsaverroes.juntadeandalucia.es\/ceipnataliorivas\/files\/2021\/05\/1621417611815-scaled.jpg\u00bb title_text=\u00bb1621417611815&#8243; _builder_version=\u00bb4.5.0&#8243; _module_preset=\u00bbdefault\u00bb][\/et_pb_image][\/et_pb_column][\/et_pb_row][et_pb_row column_structure=\u00bb2_3,1_3&#8243; _builder_version=\u00bb4.5.0&#8243; _module_preset=\u00bbdefault\u00bb][et_pb_column type=\u00bb2_3&#8243; _builder_version=\u00bb4.5.0&#8243; _module_preset=\u00bbdefault\u00bb][et_pb_image src=\u00bbhttps:\/\/blogsaverroes.juntadeandalucia.es\/ceipnataliorivas\/files\/2021\/04\/infantil-3-a\u00f1os-pintura.png\u00bb title_text=\u00bbinfantil 3 a\u00f1os pintura\u00bb _builder_version=\u00bb4.5.0&#8243; _module_preset=\u00bbdefault\u00bb][\/et_pb_image][\/et_pb_column][et_pb_column type=\u00bb1_3&#8243; _builder_version=\u00bb4.5.0&#8243; _module_preset=\u00bbdefault\u00bb][et_pb_text _builder_version=\u00bb4.5.0&#8243; _module_preset=\u00bbdefault\u00bb hover_enabled=\u00bb0&#8243;]<\/p>\n<h2>Atenci\u00f3n a la Diversidad<\/h2>\n<ul>\n<li style=\"text-align: justify\">\u00a0Los principios de igualdad y respeto a la diversidad son fundamentales en nuestro colegio, y para desarrollarlos en nuestro alumnado, hacemos actividades, talleres y charlas orientativas<\/li>\n<li style=\"text-align: justify\">La tolerancia a la diferencia trabajada de forma interdisciplinar, en todas las \u00e1reas y materias y de forma diaria en el aula<\/li>\n<li style=\"text-align: justify\">Contamos con especialistas en Audici\u00f3n y Lenguaje, Pedagog\u00eda Terap\u00e9utica y Altas Capacidades para atender de la mejor manera a la diversidad de nuestro centro<\/li>\n<\/ul>\n<p>[\/et_pb_text][\/et_pb_column][\/et_pb_row][\/et_pb_section]<\/p>\n","protected":false},"excerpt":{"rendered":"<p>Trabajo por Proyectos Metodolog\u00edas activas Alumnado part\u00edcipe y protagonista de su aprendizaje Trabajamos a partir de un foco o tema de inter\u00e9s del alumnado, todas y cada una de las competencias y \u00e1reas del Curr\u00edculum de Infantil Observaci\u00f3n, experimentaci\u00f3n y manipulaci\u00f3n, a trav\u00e9s de juegos y ejercicios l\u00fadicos que despierten su inter\u00e9s y atenci\u00f3n Actividades [&hellip;]<\/p>\n","protected":false},"author":7051,"featured_media":0,"parent":0,"menu_order":0,"comment_status":"closed","ping_status":"closed","template":"","meta":{"_et_pb_use_builder":"on","_et_pb_old_content":"<p><img class=\"aligncenter size-large wp-image-1075\" src=\"https:\/\/blogsaverroes.juntadeandalucia.es\/ceipnataliorivas\/files\/2021\/03\/educacion-infantil-1024x256.png\" alt=\"\" width=\"1024\" height=\"256\"><\/p><p>&nbsp;<\/p><p>[video width=\"852\" height=\"480\" mp4=\"https:\/\/blogsaverroes.juntadeandalucia.es\/ceipnataliorivas\/files\/2021\/04\/video-3-a\u00f1os-prueba-comprimida.mp4\" loop=\"true\" autoplay=\"true\"][\/video]<\/p>","_et_gb_content_width":"","ngg_post_thumbnail":0,"footnotes":""},"aioseo_notices":[],"_links":{"self":[{"href":"https:\/\/blogsaverroes.juntadeandalucia.es\/ceipnataliorivas\/wp-json\/wp\/v2\/pages\/825"}],"collection":[{"href":"https:\/\/blogsaverroes.juntadeandalucia.es\/ceipnataliorivas\/wp-json\/wp\/v2\/pages"}],"about":[{"href":"https:\/\/blogsaverroes.juntadeandalucia.es\/ceipnataliorivas\/wp-json\/wp\/v2\/types\/page"}],"author":[{"embeddable":true,"href":"https:\/\/blogsaverroes.juntadeandalucia.es\/ceipnataliorivas\/wp-json\/wp\/v2\/users\/7051"}],"replies":[{"embeddable":true,"href":"https:\/\/blogsaverroes.juntadeandalucia.es\/ceipnataliorivas\/wp-json\/wp\/v2\/comments?post=825"}],"version-history":[{"count":27,"href":"https:\/\/blogsaverroes.juntadeandalucia.es\/ceipnataliorivas\/wp-json\/wp\/v2\/pages\/825\/revisions"}],"predecessor-version":[{"id":1460,"href":"https:\/\/blogsaverroes.juntadeandalucia.es\/ceipnataliorivas\/wp-json\/wp\/v2\/pages\/825\/revisions\/1460"}],"wp:attachment":[{"href":"https:\/\/blogsaverroes.juntadeandalucia.es\/ceipnataliorivas\/wp-json\/wp\/v2\/media?parent=825"}],"curies":[{"name":"wp","href":"https:\/\/api.w.org\/{rel}","templated":true}]}}