{"id":853,"date":"2020-12-18T08:50:47","date_gmt":"2020-12-18T07:50:47","guid":{"rendered":"https:\/\/blogsaverroes.juntadeandalucia.es\/pre\/plantilla-pencil\/?page_id=853"},"modified":"2021-06-08T11:00:48","modified_gmt":"2021-06-08T10:00:48","slug":"nuestra-historia","status":"publish","type":"page","link":"https:\/\/blogsaverroes.juntadeandalucia.es\/ceipnataliorivas\/nuestra-historia\/","title":{"rendered":"Nuestra Historia"},"content":{"rendered":"<p>[et_pb_section fb_built=\u00bb1&#8243; _builder_version=\u00bb3.22&#8243;][et_pb_row column_structure=\u00bb1_2,1_2&#8243; _builder_version=\u00bb4.5.0&#8243; _module_preset=\u00bbdefault\u00bb custom_margin=\u00bb|auto|-103px|auto||\u00bb][et_pb_column type=\u00bb1_2&#8243; _builder_version=\u00bb4.5.0&#8243; _module_preset=\u00bbdefault\u00bb][et_pb_text _builder_version=\u00bb4.5.0&#8243; _module_preset=\u00bbdefault\u00bb min_height=\u00bb311px\u00bb custom_margin=\u00bb||2px|||\u00bb]<\/p>\n<h1 style=\"text-align: left\"><strong><\/strong><strong style=\"font-size: 16px\"><img loading=\"lazy\" decoding=\"async\" src=\"https:\/\/blogsaverroes.juntadeandalucia.es\/ceipnataliorivas\/files\/2021\/05\/logo_infantil_primaria-150x150.jpg\" width=\"52\" height=\"52\" alt=\"\" class=\"wp-image-1386 alignnone size-thumbnail\" \/>\u00a0\u00a0<\/strong><strong>Nuestro Centro\u00a0\u00a0<\/strong><\/h1>\n<h3><strong>Historia<\/strong><\/h3>\n<p style=\"text-align: justify\">El Centro fue construido en los a\u00f1os 50, y est\u00e1 ubicado en un edificio del centro de Hu\u00e9scar, declarado patrimonio hist\u00f3rico.<\/p>\n<p style=\"text-align: justify\">El nombre \u00abNatalio Rivas\u00bb, se debe a\u00a0<a href=\"https:\/\/es.wikipedia.org\/wiki\/Natalio_Rivas_Santiago\"><span style=\"text-decoration: underline\">Natalio Rivas Santiago<\/span> (1865-1958)<\/a>,\u00a0abogado, pol\u00edtico y escritor espa\u00f1ol, que fue Diputado por Granada, adem\u00e1s de presidente de la Diputaci\u00f3n de Granada y concejal y teniente alcalde de la ciudad de Madrid, entre otros cargos importantes. Tuvo una estrecha relaci\u00f3n con el alcalde de Hu\u00e9scar Don Manuel Rodr\u00edguez Pe\u00f1alva.<\/p>\n<p>&nbsp;<\/p>\n<h1><strong><\/strong><\/h1>\n<p><strong><\/strong><\/p>\n<p>[\/et_pb_text][\/et_pb_column][et_pb_column type=\u00bb1_2&#8243; _builder_version=\u00bb4.5.0&#8243; _module_preset=\u00bbdefault\u00bb][et_pb_text _builder_version=\u00bb4.5.0&#8243; _module_preset=\u00bbdefault\u00bb]<\/p>\n<h3><strong>Instalaciones<\/strong><\/h3>\n<p><strong><\/strong><\/p>\n<p><strong><\/strong><\/p>\n<p style=\"text-align: justify\">El CEIP Natalio Rivas consta de una unidad por nivel (l\u00ednea 1), con 9 aulas para Educaci\u00f3n Infantil y Primaria, un aula de Educaci\u00f3n Especial, y otra de Audici\u00f3n y Lenguaje. Adem\u00e1s, biblioteca, sal\u00f3n de usos m\u00faltiples y el patio con porche incluido en la parte nueva del colegio.<\/p>\n<p style=\"text-align: justify\">Se dispone de ascensor y se cuenta tambi\u00e9n con el servicio de transporte escolar para el alumnado que vive en otras zonas m\u00e1s alejadas de la localidad, as\u00ed como comedor y aula matinal, sobre los que podr\u00e9is encontrar m\u00e1s informaci\u00f3n en esta p\u00e1gina web.<\/p>\n<p>&nbsp;<\/p>\n<p>[\/et_pb_text][\/et_pb_column][\/et_pb_row][et_pb_row _builder_version=\u00bb4.5.0&#8243; _module_preset=\u00bbdefault\u00bb][et_pb_column type=\u00bb4_4&#8243; _builder_version=\u00bb4.5.0&#8243; _module_preset=\u00bbdefault\u00bb][et_pb_text _builder_version=\u00bb4.5.0&#8243; _module_preset=\u00bbdefault\u00bb]<\/p>\n<h2><strong>Galer\u00eda de fotos<\/strong><\/h2>\n<p>[\/et_pb_text][et_pb_gallery gallery_ids=\u00bb1327,1326,1382&#8243; fullwidth=\u00bbon\u00bb _builder_version=\u00bb4.5.0&#8243; _module_preset=\u00bbdefault\u00bb width=\u00bb100%\u00bb max_width=\u00bb100%\u00bb module_alignment=\u00bbcenter\u00bb min_height=\u00bb644px\u00bb height=\u00bb721px\u00bb max_height=\u00bb672px\u00bb animation_style=\u00bbslide\u00bb hover_enabled=\u00bb0&#8243; custom_margin=\u00bb||-1px|||\u00bb][\/et_pb_gallery][\/et_pb_column][\/et_pb_row][et_pb_row _builder_version=\u00bb4.5.0&#8243; _module_preset=\u00bbdefault\u00bb][et_pb_column type=\u00bb4_4&#8243; _builder_version=\u00bb4.5.0&#8243; _module_preset=\u00bbdefault\u00bb][et_pb_divider divider_weight=\u00bb2px\u00bb _builder_version=\u00bb4.5.0&#8243; _module_preset=\u00bbdefault\u00bb][\/et_pb_divider][\/et_pb_column][\/et_pb_row][et_pb_row column_structure=\u00bb1_2,1_2&#8243; _builder_version=\u00bb4.5.0&#8243; background_size=\u00bbinitial\u00bb background_position=\u00bbtop_left\u00bb background_repeat=\u00bbrepeat\u00bb][et_pb_column type=\u00bb1_2&#8243; _builder_version=\u00bb3.25&#8243; custom_padding=\u00bb|||\u00bb custom_padding__hover=\u00bb|||\u00bb][et_pb_text admin_label=\u00bbTexto descriptivo\u00bb _builder_version=\u00bb4.5.0&#8243; z_index_tablet=\u00bb500&#8243; text_text_shadow_horizontal_length_tablet=\u00bb0px\u00bb text_text_shadow_vertical_length_tablet=\u00bb0px\u00bb text_text_shadow_blur_strength_tablet=\u00bb1px\u00bb link_text_shadow_horizontal_length_tablet=\u00bb0px\u00bb link_text_shadow_vertical_length_tablet=\u00bb0px\u00bb link_text_shadow_blur_strength_tablet=\u00bb1px\u00bb ul_text_shadow_horizontal_length_tablet=\u00bb0px\u00bb ul_text_shadow_vertical_length_tablet=\u00bb0px\u00bb ul_text_shadow_blur_strength_tablet=\u00bb1px\u00bb ol_text_shadow_horizontal_length_tablet=\u00bb0px\u00bb ol_text_shadow_vertical_length_tablet=\u00bb0px\u00bb ol_text_shadow_blur_strength_tablet=\u00bb1px\u00bb quote_text_shadow_horizontal_length_tablet=\u00bb0px\u00bb quote_text_shadow_vertical_length_tablet=\u00bb0px\u00bb quote_text_shadow_blur_strength_tablet=\u00bb1px\u00bb header_text_shadow_horizontal_length_tablet=\u00bb0px\u00bb header_text_shadow_vertical_length_tablet=\u00bb0px\u00bb header_text_shadow_blur_strength_tablet=\u00bb1px\u00bb header_2_text_shadow_horizontal_length_tablet=\u00bb0px\u00bb header_2_text_shadow_vertical_length_tablet=\u00bb0px\u00bb header_2_text_shadow_blur_strength_tablet=\u00bb1px\u00bb header_3_text_shadow_horizontal_length_tablet=\u00bb0px\u00bb header_3_text_shadow_vertical_length_tablet=\u00bb0px\u00bb header_3_text_shadow_blur_strength_tablet=\u00bb1px\u00bb header_4_text_shadow_horizontal_length_tablet=\u00bb0px\u00bb header_4_text_shadow_vertical_length_tablet=\u00bb0px\u00bb header_4_text_shadow_blur_strength_tablet=\u00bb1px\u00bb header_5_text_shadow_horizontal_length_tablet=\u00bb0px\u00bb header_5_text_shadow_vertical_length_tablet=\u00bb0px\u00bb header_5_text_shadow_blur_strength_tablet=\u00bb1px\u00bb header_6_text_shadow_horizontal_length_tablet=\u00bb0px\u00bb header_6_text_shadow_vertical_length_tablet=\u00bb0px\u00bb header_6_text_shadow_blur_strength_tablet=\u00bb1px\u00bb box_shadow_horizontal_tablet=\u00bb0px\u00bb box_shadow_vertical_tablet=\u00bb0px\u00bb box_shadow_blur_tablet=\u00bb40px\u00bb box_shadow_spread_tablet=\u00bb0px\u00bb]<\/p>\n<h2 style=\"text-align: justify\">Ubicaci\u00f3n: Hu\u00e9scar<\/h2>\n<p style=\"text-align: justify\">El CEIP Natalio Rivas se encuentra en la ciudad de Hu\u00e9scar, situada al norte de la provincia de Granada, de cuya capital dista 154 Km., limitando al oeste y este respectivamente con las provincias de Ja\u00e9n y Almer\u00eda. Su poblaci\u00f3n es de 7.367 habitantes (seg\u00fan el censo del Instituto Nacional de Estad\u00edstica, a\u00f1o 2018).\u00a0La base econ\u00f3mica de la localidad es la agricultura extensiva y competitiva.<\/p>\n<p style=\"text-align: justify\">Adem\u00e1s, Hu\u00e9scar pertenece a la red de municipios<em><strong> <a href=\"https:\/\/www.geoparquedegranada.com\/\" target=\"_blank\" rel=\"noopener noreferrer\">\u00abGEOPARQUE DE GRANADA\u00bb<\/a><\/strong><\/em><em><strong><a href=\"https:\/\/www.geoparquedegranada.com\/\">.<\/a><\/strong><\/em><\/p>\n<p style=\"text-align: justify\"><a href=\"https:\/\/www.geoparquedegranada.com\/\" target=\"_blank\" rel=\"noopener noreferrer\"><em><strong><img loading=\"lazy\" decoding=\"async\" src=\"https:\/\/blogsaverroes.juntadeandalucia.es\/ceipnataliorivas\/files\/2021\/03\/Screenshot_12.png\" width=\"301\" height=\"150\" alt=\"\" class=\"wp-image-1134 aligncenter size-full\" \/><\/strong><\/em><\/a><\/p>\n<p style=\"text-align: justify\">Hu\u00e9scar, tambi\u00e9n es historia. Si quieres saber m\u00e1s sobre ella, puedes visitar el blog:\u00a0<strong><a href=\"http:\/\/elarchivohacesaber.blogspot.com\/\" target=\"_blank\" rel=\"noopener noreferrer\">\u00abEl archivo hace saber\u00bb.<\/a><\/strong><\/p>\n<p style=\"text-align: justify\">A nivel tur\u00edstico, tiene una gran oferta y multitud de oportunidades. Aqu\u00ed podr\u00e1s acceder a la <strong><a href=\"https:\/\/www.huescar.es\/oficinaTurismo\/\" target=\"_blank\" rel=\"noopener noreferrer\">Oficina de Turismo de Hu\u00e9scar<\/a>.\u00a0<\/strong><\/p>\n<p style=\"text-align: justify\">Por \u00faltimo, en cuanto a nivel educativo, Hu\u00e9scar dispone de los siguientes centros de ense\u00f1anza:<\/p>\n<ul style=\"text-align: justify\">\n<li>3 Colegios de Educaci\u00f3n Infantil y Primaria.<\/li>\n<li>3 Centros de Secundaria: Escuela de Arte y Ciclos Formativos.<\/li>\n<li>Centro de Educaci\u00f3n de Personas Adultas.<\/li>\n<\/ul>\n<p style=\"text-align: justify\"><strong><\/strong><\/p>\n<p style=\"text-align: justify\">[\/et_pb_text][\/et_pb_column][et_pb_column type=\u00bb1_2&#8243; _builder_version=\u00bb3.25&#8243; custom_padding=\u00bb|||\u00bb custom_padding__hover=\u00bb|||\u00bb][et_pb_image src=\u00bbhttps:\/\/blogsaverroes.juntadeandalucia.es\/ceipnataliorivas\/files\/2021\/04\/Huescar.jpg\u00bb title_text=\u00bbHuescar\u00bb _builder_version=\u00bb4.5.0&#8243; _module_preset=\u00bbdefault\u00bb][\/et_pb_image][et_pb_image src=\u00bbhttps:\/\/blogsaverroes.juntadeandalucia.es\/ceipnataliorivas\/files\/2021\/03\/ayto-Huescar.png\u00bb title_text=\u00bbayto Huescar\u00bb url=\u00bbhttps:\/\/www.aytohuescar.es\/\u00bb url_new_window=\u00bbon\u00bb align=\u00bbcenter\u00bb _builder_version=\u00bb4.5.0&#8243; _module_preset=\u00bbdefault\u00bb][\/et_pb_image][\/et_pb_column][\/et_pb_row][\/et_pb_section][et_pb_section fb_built=\u00bb1&#8243; admin_label=\u00bbTestimonials\u00bb _builder_version=\u00bb4.5.0&#8243; use_background_color_gradient=\u00bbon\u00bb background_color_gradient_start=\u00bb#e3e3e8&#8243; background_color_gradient_end=\u00bb#ffffff\u00bb background_image=\u00bbhttps:\/\/blogsaverroes.juntadeandalucia.es\/ceipnataliorivas\/files\/2020\/01\/shapes-bg-1.png\u00bb parallax=\u00bbon\u00bb inner_width_tablet=\u00bb50px\u00bb inner_max_width_tablet=\u00bb50px\u00bb custom_padding=\u00bb|||\u00bb z_index_tablet=\u00bb500&#8243; box_shadow_horizontal_tablet=\u00bb0px\u00bb box_shadow_vertical_tablet=\u00bb0px\u00bb box_shadow_blur_tablet=\u00bb40px\u00bb box_shadow_spread_tablet=\u00bb0px\u00bb][et_pb_row _builder_version=\u00bb4.5.0&#8243; background_color=\u00bb#ffffff\u00bb custom_margin=\u00bb||1em|\u00bb custom_padding=\u00bb60px|30px|60px|30px\u00bb z_index_tablet=\u00bb500&#8243; border_radii=\u00bbon|3px|3px|3px|3px\u00bb border_width_top=\u00bb10px\u00bb border_color_top=\u00bb#b77abd\u00bb border_width_top_tablet=\u00bb10px\u00bb border_width_top_phone=\u00bb10px\u00bb box_shadow_style=\u00bbpreset3&#8243; box_shadow_vertical_tablet=\u00bb0px\u00bb box_shadow_blur_tablet=\u00bb40px\u00bb box_shadow_spread_tablet=\u00bb0px\u00bb][et_pb_column type=\u00bb4_4&#8243; _builder_version=\u00bb4.5.0&#8243; custom_padding=\u00bb|||\u00bb custom_padding__hover=\u00bb|||\u00bb][et_pb_text admin_label=\u00bbDatos del centro (t\u00edtulo y datos)\u00bb _builder_version=\u00bb4.5.0&#8243; text_text_color=\u00bb#333333&#8243; header_2_text_color=\u00bb#333333&#8243; header_2_font_size=\u00bb40px\u00bb header_2_line_height=\u00bb48px\u00bb z_index_tablet=\u00bb500&#8243; text_text_shadow_horizontal_length_tablet=\u00bb0px\u00bb text_text_shadow_vertical_length_tablet=\u00bb0px\u00bb text_text_shadow_blur_strength_tablet=\u00bb1px\u00bb link_text_shadow_horizontal_length_tablet=\u00bb0px\u00bb link_text_shadow_vertical_length_tablet=\u00bb0px\u00bb link_text_shadow_blur_strength_tablet=\u00bb1px\u00bb ul_text_shadow_horizontal_length_tablet=\u00bb0px\u00bb ul_text_shadow_vertical_length_tablet=\u00bb0px\u00bb ul_text_shadow_blur_strength_tablet=\u00bb1px\u00bb ol_text_shadow_horizontal_length_tablet=\u00bb0px\u00bb ol_text_shadow_vertical_length_tablet=\u00bb0px\u00bb ol_text_shadow_blur_strength_tablet=\u00bb1px\u00bb quote_text_shadow_horizontal_length_tablet=\u00bb0px\u00bb quote_text_shadow_vertical_length_tablet=\u00bb0px\u00bb quote_text_shadow_blur_strength_tablet=\u00bb1px\u00bb header_text_shadow_horizontal_length_tablet=\u00bb0px\u00bb header_text_shadow_vertical_length_tablet=\u00bb0px\u00bb header_text_shadow_blur_strength_tablet=\u00bb1px\u00bb header_2_text_shadow_horizontal_length_tablet=\u00bb0px\u00bb header_2_text_shadow_vertical_length_tablet=\u00bb0px\u00bb header_2_text_shadow_blur_strength_tablet=\u00bb1px\u00bb header_3_text_shadow_horizontal_length_tablet=\u00bb0px\u00bb header_3_text_shadow_vertical_length_tablet=\u00bb0px\u00bb header_3_text_shadow_blur_strength_tablet=\u00bb1px\u00bb header_4_text_shadow_horizontal_length_tablet=\u00bb0px\u00bb header_4_text_shadow_vertical_length_tablet=\u00bb0px\u00bb header_4_text_shadow_blur_strength_tablet=\u00bb1px\u00bb header_5_text_shadow_horizontal_length_tablet=\u00bb0px\u00bb header_5_text_shadow_vertical_length_tablet=\u00bb0px\u00bb header_5_text_shadow_blur_strength_tablet=\u00bb1px\u00bb header_6_text_shadow_horizontal_length_tablet=\u00bb0px\u00bb header_6_text_shadow_vertical_length_tablet=\u00bb0px\u00bb header_6_text_shadow_blur_strength_tablet=\u00bb1px\u00bb box_shadow_horizontal_tablet=\u00bb0px\u00bb box_shadow_vertical_tablet=\u00bb0px\u00bb box_shadow_blur_tablet=\u00bb40px\u00bb box_shadow_spread_tablet=\u00bb0px\u00bb]<\/p>\n<h2><span style=\"font-size: 28px\"><strong>Datos del Centro<\/strong><\/span><\/h2>\n<p><strong>Nombre:<\/strong> CEIP NATALIO RIVAS (HU\u00c9SCAR)<br \/> <strong>Direcci\u00f3n:<\/strong> Avenida de Granada, N\u00ba5 (Hu\u00e9scar, Granada)<br \/> <strong>Tel\u00e9fono:<\/strong> 958 72 99 09<br \/> <strong>Correo electr\u00f3nico:<\/strong> 18005098.edu@juntadeandalucia.es<\/p>\n<p>[\/et_pb_text][\/et_pb_column][\/et_pb_row][\/et_pb_section]<\/p>\n","protected":false},"excerpt":{"rendered":"<p>\u00a0\u00a0Nuestro Centro\u00a0\u00a0 Historia El Centro fue construido en los a\u00f1os 50, y est\u00e1 ubicado en un edificio del centro de Hu\u00e9scar, declarado patrimonio hist\u00f3rico. El nombre \u00abNatalio Rivas\u00bb, se debe a\u00a0Natalio Rivas Santiago (1865-1958),\u00a0abogado, pol\u00edtico y escritor espa\u00f1ol, que fue Diputado por Granada, adem\u00e1s de presidente de la Diputaci\u00f3n de Granada y concejal y teniente [&hellip;]<\/p>\n","protected":false},"author":7051,"featured_media":0,"parent":0,"menu_order":0,"comment_status":"closed","ping_status":"closed","template":"","meta":{"_et_pb_use_builder":"on","_et_pb_old_content":"","_et_gb_content_width":"","ngg_post_thumbnail":0,"footnotes":""},"aioseo_notices":[],"_links":{"self":[{"href":"https:\/\/blogsaverroes.juntadeandalucia.es\/ceipnataliorivas\/wp-json\/wp\/v2\/pages\/853"}],"collection":[{"href":"https:\/\/blogsaverroes.juntadeandalucia.es\/ceipnataliorivas\/wp-json\/wp\/v2\/pages"}],"about":[{"href":"https:\/\/blogsaverroes.juntadeandalucia.es\/ceipnataliorivas\/wp-json\/wp\/v2\/types\/page"}],"author":[{"embeddable":true,"href":"https:\/\/blogsaverroes.juntadeandalucia.es\/ceipnataliorivas\/wp-json\/wp\/v2\/users\/7051"}],"replies":[{"embeddable":true,"href":"https:\/\/blogsaverroes.juntadeandalucia.es\/ceipnataliorivas\/wp-json\/wp\/v2\/comments?post=853"}],"version-history":[{"count":23,"href":"https:\/\/blogsaverroes.juntadeandalucia.es\/ceipnataliorivas\/wp-json\/wp\/v2\/pages\/853\/revisions"}],"predecessor-version":[{"id":1481,"href":"https:\/\/blogsaverroes.juntadeandalucia.es\/ceipnataliorivas\/wp-json\/wp\/v2\/pages\/853\/revisions\/1481"}],"wp:attachment":[{"href":"https:\/\/blogsaverroes.juntadeandalucia.es\/ceipnataliorivas\/wp-json\/wp\/v2\/media?parent=853"}],"curies":[{"name":"wp","href":"https:\/\/api.w.org\/{rel}","templated":true}]}}