{"id":871,"date":"2020-12-18T08:57:29","date_gmt":"2020-12-18T07:57:29","guid":{"rendered":"https:\/\/blogsaverroes.juntadeandalucia.es\/pre\/plantilla-pencil\/?page_id=871"},"modified":"2021-05-31T20:00:38","modified_gmt":"2021-05-31T19:00:38","slug":"comedor-escolar","status":"publish","type":"page","link":"https:\/\/blogsaverroes.juntadeandalucia.es\/ceipnataliorivas\/comedor-escolar\/","title":{"rendered":"Comedor escolar"},"content":{"rendered":"<p>[et_pb_section fb_built=\u00bb1&#8243; _builder_version=\u00bb3.23.3&#8243; custom_padding=\u00bb0px||0px|\u00bb hover_enabled=\u00bb0&#8243; z_index_tablet=\u00bb500&#8243; box_shadow_horizontal_tablet=\u00bb0px\u00bb box_shadow_vertical_tablet=\u00bb0px\u00bb box_shadow_blur_tablet=\u00bb40px\u00bb box_shadow_spread_tablet=\u00bb0px\u00bb][et_pb_row _builder_version=\u00bb4.5.0&#8243; _module_preset=\u00bbdefault\u00bb hover_enabled=\u00bb0&#8243;][et_pb_column type=\u00bb4_4&#8243; _builder_version=\u00bb4.5.0&#8243; _module_preset=\u00bbdefault\u00bb][et_pb_image src=\u00bbhttps:\/\/blogsaverroes.juntadeandalucia.es\/ceipnataliorivas\/files\/2021\/03\/Comedor.png\u00bb title_text=\u00bbComedor\u00bb admin_label=\u00bbImagen de la portada\u00bb _builder_version=\u00bb4.5.0&#8243; z_index_tablet=\u00bb500&#8243; box_shadow_horizontal_tablet=\u00bb0px\u00bb box_shadow_vertical_tablet=\u00bb0px\u00bb box_shadow_blur_tablet=\u00bb40px\u00bb box_shadow_spread_tablet=\u00bb0px\u00bb][\/et_pb_image][\/et_pb_column][\/et_pb_row][et_pb_row _builder_version=\u00bb4.5.0&#8243; background_size=\u00bbinitial\u00bb background_position=\u00bbtop_left\u00bb background_repeat=\u00bbrepeat\u00bb][et_pb_column type=\u00bb4_4&#8243; _builder_version=\u00bb3.25&#8243; custom_padding=\u00bb|||\u00bb custom_padding__hover=\u00bb|||\u00bb][et_pb_text admin_label=\u00bbTexto descriptivo\u00bb _builder_version=\u00bb4.5.0&#8243; z_index_tablet=\u00bb500&#8243; text_text_shadow_horizontal_length_tablet=\u00bb0px\u00bb text_text_shadow_vertical_length_tablet=\u00bb0px\u00bb text_text_shadow_blur_strength_tablet=\u00bb1px\u00bb link_text_shadow_horizontal_length_tablet=\u00bb0px\u00bb link_text_shadow_vertical_length_tablet=\u00bb0px\u00bb link_text_shadow_blur_strength_tablet=\u00bb1px\u00bb ul_text_shadow_horizontal_length_tablet=\u00bb0px\u00bb ul_text_shadow_vertical_length_tablet=\u00bb0px\u00bb ul_text_shadow_blur_strength_tablet=\u00bb1px\u00bb ol_text_shadow_horizontal_length_tablet=\u00bb0px\u00bb ol_text_shadow_vertical_length_tablet=\u00bb0px\u00bb ol_text_shadow_blur_strength_tablet=\u00bb1px\u00bb quote_text_shadow_horizontal_length_tablet=\u00bb0px\u00bb quote_text_shadow_vertical_length_tablet=\u00bb0px\u00bb quote_text_shadow_blur_strength_tablet=\u00bb1px\u00bb header_text_shadow_horizontal_length_tablet=\u00bb0px\u00bb header_text_shadow_vertical_length_tablet=\u00bb0px\u00bb header_text_shadow_blur_strength_tablet=\u00bb1px\u00bb header_2_text_shadow_horizontal_length_tablet=\u00bb0px\u00bb header_2_text_shadow_vertical_length_tablet=\u00bb0px\u00bb header_2_text_shadow_blur_strength_tablet=\u00bb1px\u00bb header_3_text_shadow_horizontal_length_tablet=\u00bb0px\u00bb header_3_text_shadow_vertical_length_tablet=\u00bb0px\u00bb header_3_text_shadow_blur_strength_tablet=\u00bb1px\u00bb header_4_text_shadow_horizontal_length_tablet=\u00bb0px\u00bb header_4_text_shadow_vertical_length_tablet=\u00bb0px\u00bb header_4_text_shadow_blur_strength_tablet=\u00bb1px\u00bb header_5_text_shadow_horizontal_length_tablet=\u00bb0px\u00bb header_5_text_shadow_vertical_length_tablet=\u00bb0px\u00bb header_5_text_shadow_blur_strength_tablet=\u00bb1px\u00bb header_6_text_shadow_horizontal_length_tablet=\u00bb0px\u00bb header_6_text_shadow_vertical_length_tablet=\u00bb0px\u00bb header_6_text_shadow_blur_strength_tablet=\u00bb1px\u00bb box_shadow_horizontal_tablet=\u00bb0px\u00bb box_shadow_vertical_tablet=\u00bb0px\u00bb box_shadow_blur_tablet=\u00bb40px\u00bb box_shadow_spread_tablet=\u00bb0px\u00bb]<\/p>\n<h2>Comedor escolar<\/h2>\n<p>&nbsp;<\/p>\n<p style=\"text-align: justify\">Prestamos el servicio de comedor escolar para el alumnado del segundo ciclo de educaci\u00f3n infantil y de educaci\u00f3n primaria,\u00a0 durante un tiempo m\u00e1ximo de dos horas a partir de la finalizaci\u00f3n de la jornada lectiva de ma\u00f1ana, de 14.00 a 16:00 horas.<\/p>\n<p style=\"text-align: justify\">El horario de este servicio proporciona a los padres y a las madres un apoyo que les permite compatibilizar sus obligaciones familiares y profesionales, por tanto, los comedores escolares constituyen un servicio complementario de gran utilidad para conciliar la vida laboral y familiar. Son, adem\u00e1s, una pieza importante en todas las medidas dirigidas a mejorar los h\u00e1bitos alimenticios de los ni\u00f1os y ni\u00f1as y prevenir problemas de salud como la obesidad.<\/p>\n<p style=\"text-align: justify\">La atenci\u00f3n al alumnado en el comedor escolar se llevar\u00e1 a cabo por personal cualificado cuyas funciones son las siguientes:<\/p>\n<p style=\"text-align: justify\">a) Atender y custodiar al alumnado durante las comidas y en el tiempo anterior y posterior a las mismas, as\u00ed como, en su caso, durante el traslado del alumnado al centro con comedor.<br \/> b) Resolver las incidencias que pudieran presentarse durante ese per\u00edodo.<br \/> c) Prestar especial atenci\u00f3n a la labor educativa del comedor: adquisici\u00f3n de h\u00e1bitos sociales e higi\u00e9nico-sanitarios y correcta utilizaci\u00f3n del menaje del comedor.<br \/> d) Cualquier otra funci\u00f3n que le pueda ser encomendada por la persona que ejerce la direcci\u00f3n del centro, para el adecuado funcionamiento del comedor escolar.<\/p>\n<p style=\"text-align: justify\">Estos profesionales ejercen una labor educativa dirigida a favorecer la adquisici\u00f3n de buenos h\u00e1bitos sociales, higi\u00e9nicos y alimenticios. Por ejemplo, introduciendo pr\u00e1cticas como el lavado previo de las manos o el cepillado de los dientes despu\u00e9s de las comidas. Adem\u00e1s de la labor educativa que se realiza durante las comidas, despu\u00e9s de \u00e9stas, se ofrecen al alumnado actividades l\u00fadicas, deportivas o educativas que permitan un uso provechoso de este tiempo.<\/p>\n<p style=\"text-align: justify\">El servicio de comedor escolar se solicita en el mes de junio en la matriculaci\u00f3n del alumnado y la solicitud de bonificaciones al precio p\u00fablico de dicho servicio se realiza a principios del mes de septiembre para posibilitar que los ingresos de referencia para el c\u00e1lculo de la bonificaci\u00f3n sea el del a\u00f1o inmediatamente anterior, y adecuarse en lo posible a la capacidad econ\u00f3mica real de las familias.<\/p>\n<p style=\"text-align: justify\">Los men\u00fas que se sirven en los comedores escolares p\u00fablicos siguen las recomendaciones de los organismos responsables en materia de sanidad en cuanto a alimentaci\u00f3n saludable, por lo que se puede afirmar que la situaci\u00f3n de los comedores escolares de Andaluc\u00eda es ejemplar desde el punto de vista nutricional.<\/p>\n<p>[\/et_pb_text][et_pb_text _builder_version=\u00bb4.5.0&#8243; _module_preset=\u00bbdefault\u00bb]<\/p>\n<h3>Accede a toda la documentaci\u00f3n <a href=\"https:\/\/www.juntadeandalucia.es\/servicios\/procedimientos\/detalle\/10459\/como-solicitar.html\" target=\"_blank\" rel=\"noopener noreferrer\"><strong><span style=\"text-decoration: underline\">aqu\u00ed<\/span><\/strong><\/a>.<\/h3>\n<p>[\/et_pb_text][\/et_pb_column][\/et_pb_row][et_pb_row _builder_version=\u00bb4.5.0&#8243; _module_preset=\u00bbdefault\u00bb][et_pb_column type=\u00bb4_4&#8243; _builder_version=\u00bb4.5.0&#8243; _module_preset=\u00bbdefault\u00bb][et_pb_image src=\u00bbhttps:\/\/blogsaverroes.juntadeandalucia.es\/ceipnataliorivas\/files\/2021\/05\/food-pyramid-5329204_1280.png\u00bb title_text=\u00bbfood-pyramid-5329204_1280&#8243; align=\u00bbcenter\u00bb _builder_version=\u00bb4.5.0&#8243; _module_preset=\u00bbdefault\u00bb width=\u00bb55%\u00bb max_width=\u00bb81%\u00bb][\/et_pb_image][\/et_pb_column][\/et_pb_row][\/et_pb_section][et_pb_section fb_built=\u00bb1&#8243; admin_label=\u00bbTestimonials\u00bb _builder_version=\u00bb4.5.0&#8243; use_background_color_gradient=\u00bbon\u00bb background_color_gradient_start=\u00bb#e3e3e8&#8243; background_color_gradient_end=\u00bb#ffffff\u00bb background_image=\u00bbhttps:\/\/blogsaverroes.juntadeandalucia.es\/ceipnataliorivas\/files\/2020\/01\/shapes-bg-1.png\u00bb parallax=\u00bbon\u00bb inner_width_tablet=\u00bb50px\u00bb inner_max_width_tablet=\u00bb50px\u00bb custom_padding=\u00bb|||\u00bb z_index_tablet=\u00bb500&#8243; box_shadow_horizontal_tablet=\u00bb0px\u00bb box_shadow_vertical_tablet=\u00bb0px\u00bb box_shadow_blur_tablet=\u00bb40px\u00bb box_shadow_spread_tablet=\u00bb0px\u00bb][et_pb_row _builder_version=\u00bb4.5.0&#8243; background_color=\u00bb#ffffff\u00bb custom_margin=\u00bb||1em|\u00bb custom_padding=\u00bb60px|30px|60px|30px\u00bb z_index_tablet=\u00bb500&#8243; border_radii=\u00bbon|3px|3px|3px|3px\u00bb border_width_top=\u00bb10px\u00bb border_color_top=\u00bb#b77abd\u00bb border_width_top_tablet=\u00bb10px\u00bb border_width_top_phone=\u00bb10px\u00bb box_shadow_style=\u00bbpreset3&#8243; box_shadow_vertical_tablet=\u00bb0px\u00bb box_shadow_blur_tablet=\u00bb40px\u00bb box_shadow_spread_tablet=\u00bb0px\u00bb][et_pb_column type=\u00bb4_4&#8243; _builder_version=\u00bb4.5.0&#8243; custom_padding=\u00bb|||\u00bb custom_padding__hover=\u00bb|||\u00bb][et_pb_text admin_label=\u00bbDatos del centro (t\u00edtulo y datos)\u00bb _builder_version=\u00bb4.5.0&#8243; text_text_color=\u00bb#333333&#8243; header_2_text_color=\u00bb#333333&#8243; header_2_font_size=\u00bb40px\u00bb header_2_line_height=\u00bb48px\u00bb z_index_tablet=\u00bb500&#8243; text_text_shadow_horizontal_length_tablet=\u00bb0px\u00bb text_text_shadow_vertical_length_tablet=\u00bb0px\u00bb text_text_shadow_blur_strength_tablet=\u00bb1px\u00bb link_text_shadow_horizontal_length_tablet=\u00bb0px\u00bb link_text_shadow_vertical_length_tablet=\u00bb0px\u00bb link_text_shadow_blur_strength_tablet=\u00bb1px\u00bb ul_text_shadow_horizontal_length_tablet=\u00bb0px\u00bb ul_text_shadow_vertical_length_tablet=\u00bb0px\u00bb ul_text_shadow_blur_strength_tablet=\u00bb1px\u00bb ol_text_shadow_horizontal_length_tablet=\u00bb0px\u00bb ol_text_shadow_vertical_length_tablet=\u00bb0px\u00bb ol_text_shadow_blur_strength_tablet=\u00bb1px\u00bb quote_text_shadow_horizontal_length_tablet=\u00bb0px\u00bb quote_text_shadow_vertical_length_tablet=\u00bb0px\u00bb quote_text_shadow_blur_strength_tablet=\u00bb1px\u00bb header_text_shadow_horizontal_length_tablet=\u00bb0px\u00bb header_text_shadow_vertical_length_tablet=\u00bb0px\u00bb header_text_shadow_blur_strength_tablet=\u00bb1px\u00bb header_2_text_shadow_horizontal_length_tablet=\u00bb0px\u00bb header_2_text_shadow_vertical_length_tablet=\u00bb0px\u00bb header_2_text_shadow_blur_strength_tablet=\u00bb1px\u00bb header_3_text_shadow_horizontal_length_tablet=\u00bb0px\u00bb header_3_text_shadow_vertical_length_tablet=\u00bb0px\u00bb header_3_text_shadow_blur_strength_tablet=\u00bb1px\u00bb header_4_text_shadow_horizontal_length_tablet=\u00bb0px\u00bb header_4_text_shadow_vertical_length_tablet=\u00bb0px\u00bb header_4_text_shadow_blur_strength_tablet=\u00bb1px\u00bb header_5_text_shadow_horizontal_length_tablet=\u00bb0px\u00bb header_5_text_shadow_vertical_length_tablet=\u00bb0px\u00bb header_5_text_shadow_blur_strength_tablet=\u00bb1px\u00bb header_6_text_shadow_horizontal_length_tablet=\u00bb0px\u00bb header_6_text_shadow_vertical_length_tablet=\u00bb0px\u00bb header_6_text_shadow_blur_strength_tablet=\u00bb1px\u00bb box_shadow_horizontal_tablet=\u00bb0px\u00bb box_shadow_vertical_tablet=\u00bb0px\u00bb box_shadow_blur_tablet=\u00bb40px\u00bb box_shadow_spread_tablet=\u00bb0px\u00bb]<\/p>\n<h2><span style=\"font-size: 28px\"><strong>Datos del Centro<\/strong><\/span><\/h2>\n<p><strong>Nombre:<\/strong> CEIP NATALIO RIVAS (HU\u00c9SCAR)<br \/> <strong>Direcci\u00f3n:<\/strong> Avenida de Granada, N\u00ba5 (Hu\u00e9scar, Granada)<br \/> <strong>Tel\u00e9fono:<\/strong> 958 72 99 09<br \/> <strong>Correo electr\u00f3nico:<\/strong> 18005098.edu@juntadeandalucia.es<\/p>\n<p>[\/et_pb_text][\/et_pb_column][\/et_pb_row][\/et_pb_section]<\/p>\n","protected":false},"excerpt":{"rendered":"<p>Comedor escolar &nbsp; Prestamos el servicio de comedor escolar para el alumnado del segundo ciclo de educaci\u00f3n infantil y de educaci\u00f3n primaria,\u00a0 durante un tiempo m\u00e1ximo de dos horas a partir de la finalizaci\u00f3n de la jornada lectiva de ma\u00f1ana, de 14.00 a 16:00 horas. El horario de este servicio proporciona a los padres y [&hellip;]<\/p>\n","protected":false},"author":7051,"featured_media":0,"parent":0,"menu_order":0,"comment_status":"closed","ping_status":"closed","template":"","meta":{"_et_pb_use_builder":"on","_et_pb_old_content":"","_et_gb_content_width":"","ngg_post_thumbnail":0,"footnotes":""},"aioseo_notices":[],"_links":{"self":[{"href":"https:\/\/blogsaverroes.juntadeandalucia.es\/ceipnataliorivas\/wp-json\/wp\/v2\/pages\/871"}],"collection":[{"href":"https:\/\/blogsaverroes.juntadeandalucia.es\/ceipnataliorivas\/wp-json\/wp\/v2\/pages"}],"about":[{"href":"https:\/\/blogsaverroes.juntadeandalucia.es\/ceipnataliorivas\/wp-json\/wp\/v2\/types\/page"}],"author":[{"embeddable":true,"href":"https:\/\/blogsaverroes.juntadeandalucia.es\/ceipnataliorivas\/wp-json\/wp\/v2\/users\/7051"}],"replies":[{"embeddable":true,"href":"https:\/\/blogsaverroes.juntadeandalucia.es\/ceipnataliorivas\/wp-json\/wp\/v2\/comments?post=871"}],"version-history":[{"count":7,"href":"https:\/\/blogsaverroes.juntadeandalucia.es\/ceipnataliorivas\/wp-json\/wp\/v2\/pages\/871\/revisions"}],"predecessor-version":[{"id":1476,"href":"https:\/\/blogsaverroes.juntadeandalucia.es\/ceipnataliorivas\/wp-json\/wp\/v2\/pages\/871\/revisions\/1476"}],"wp:attachment":[{"href":"https:\/\/blogsaverroes.juntadeandalucia.es\/ceipnataliorivas\/wp-json\/wp\/v2\/media?parent=871"}],"curies":[{"name":"wp","href":"https:\/\/api.w.org\/{rel}","templated":true}]}}