{"id":2321,"date":"2021-07-13T17:41:36","date_gmt":"2021-07-13T17:41:36","guid":{"rendered":"https:\/\/blogsaverroes.juntadeandalucia.es\/ceipnavasdetolosa\/?page_id=2321"},"modified":"2023-10-08T17:11:41","modified_gmt":"2023-10-08T17:11:41","slug":"transformacion-digital-educativa","status":"publish","type":"page","link":"https:\/\/blogsaverroes.juntadeandalucia.es\/ceipnavasdetolosa\/transformacion-digital-educativa\/","title":{"rendered":"TDE-Transformaci\u00f3n Digital Educativa"},"content":{"rendered":"<p>El Servicio de Innovaci\u00f3n Educativa se articula en torno a tres objetivos fundamentales:<\/p>\n<p><strong>1. Mejorar el uso de la tecnolog\u00eda digital en los procesos de ense\u00f1anza-aprendizaje.<\/strong><\/p>\n<p>1.1 Mejora de Infraestructuras y conectividad.<br \/>\n1.2 Impulsar la creaci\u00f3n y uso de Recursos Educativos Abiertos (REA).<br \/>\n1.3 Desarrollar el Ecosistema Digital Educativo.<\/p>\n<p><strong>2. Reducir la Brecha Digital&nbsp; desarrollando competencias y habilidades digitales de relevancia para la comunidad educativa.<\/strong><\/p>\n<p>2.1 Facilitar el desarrollo del centro educativo como organizaci\u00f3n digitalmente competente. [Marco #DigCompOrg] a trav\u00e9s de la puesta en pr\u00e1ctica de los Planes de Actuaci\u00f3n Digital (PAD).<br \/>\n2.2 Facilitar el desarrollo de la competencia digital del profesorado. [Marco #DigCompEdu].<br \/>\n2.3 Contribuir al desarrollo de la competencia digital del alumnado. [Marco #DigComp].<\/p>\n<p><strong>3. Impulsar la investigaci\u00f3n e innovaci\u00f3n educativa a trav\u00e9s de la inteligencia artificial, an\u00e1lisis de datos y&nbsp; procesos de previsi\u00f3n para la mejora de las experiencias de aprendizaje y&nbsp; la reducci\u00f3n del abandono escolar.<\/strong><\/p>\n<p>3.1 Proyectos de Investigaci\u00f3n, Innovaci\u00f3n y Desarrollo de Materiales en el \u00e1mbito digital.<br \/>\n3.2 Proyectos Experimentales de an\u00e1lisis de datos, inteligencia artificial y machine learning.<br \/>\n3.3 Impulso de la investigaci\u00f3n educativa.<\/p>\n<p>En esta l\u00ednea, desde nuestro Centro ponemos a disposici\u00f3n de toda la comunidad educativa la siguiente documentaci\u00f3n con el fin de publicitar su existencia y as\u00ed cumplir con los objetivos citados.<\/p>\n<p>2.2 Facilitar el desarrollo de la competencia digital del profesorado. [Marco #DigCompEdu].<\/p>\n<p><a href=\"https:\/\/formacion.intef.es\/course\/view.php?id=2\" target=\"_blank\" rel=\"noopener noreferrer\">Kit Digital<\/a> donde encontrar informaci\u00f3n, apps y sitios webs para elaborar tareas educativas con herramientas tecnol\u00f3gicas.<\/p>\n<p><a href=\"https:\/\/blogsaverroes.juntadeandalucia.es\/ceipnavasdetolosa\/files\/2023\/10\/Marco-Europeo-para-la-competencia-digital-del-profesorado.pdf\" target=\"_blank\" rel=\"noopener noreferrer\">Marco Europeo para la competencia digital del profesorado<\/a><\/p>\n<p><a href=\"https:\/\/blogsaverroes.juntadeandalucia.es\/ceipnavasdetolosa\/files\/2023\/10\/Marco-europeo-para-la-competencia-digital-de-los-educadores.-DigCompEdu.pdf\">Marco europeo para la competencia digital de los educadores. DigCompEdu<\/a><\/p>\n<p><a href=\"https:\/\/blogsaverroes.juntadeandalucia.es\/ceipnavasdetolosa\/files\/2023\/10\/Gu\u00eda-general-para-centros-educativos-AEPD.pdf\" target=\"_blank\" rel=\"noopener noreferrer\">Gu\u00eda general para centros educativos AEPD<\/a><\/p>\n<p><a href=\"https:\/\/blogsaverroes.juntadeandalucia.es\/ceipnavasdetolosa\/files\/2023\/10\/Criterios-para-el-tratamiento-de-datos-personales-en-centros-educativos-AEPD.pdf\" target=\"_blank\" rel=\"noopener noreferrer\">Criterios para el tratamiento de datos personales en centros educativos AEPD<\/a><\/p>\n<p><a href=\"https:\/\/blogsaverroes.juntadeandalucia.es\/ceipnavasdetolosa\/files\/2023\/10\/Gu\u00eda-de-uso-seguro-y-responsable-de-Internet-para-profesionales-de-servicios-de-protecci\u00f3n-a-la-infancia-INCIBE.pdf\" target=\"_blank\" rel=\"noopener noreferrer\">Gu\u00eda de uso seguro y responsable de Internet para profesionales de servicios de protecci\u00f3n a la infancia INCIBE<\/a><\/p>\n<p>2.3 Contribuir al desarrollo de la competencia digital del alumnado. [Marco #DigComp]. y de sus familias.<\/p>\n<p>C\u00f3mo escribir en la redes sociales:&nbsp;<a href=\"https:\/\/blogsaverroes.juntadeandalucia.es\/ceipnavasdetolosa\/files\/2023\/10\/Netiqueta-gu\u00eda-para-el-alumnado.pdf\" target=\"_blank\" rel=\"noopener noreferrer\">Netiqueta gu\u00eda para el alumnado<\/a><\/p>\n<p><a href=\"https:\/\/blogsaverroes.juntadeandalucia.es\/ceipnavasdetolosa\/files\/2023\/10\/Gu\u00eda-de-herramientas-de-control-parental-INCIBE.pdf\" target=\"_blank\" rel=\"noopener noreferrer\">Gu\u00eda de herramientas de control parental INCIBE<\/a><\/p>\n<p><a href=\"https:\/\/blogsaverroes.juntadeandalucia.es\/ceipnavasdetolosa\/files\/2023\/10\/Gu\u00eda-de-seguridad-en-redes-sociales-para-familias-INCIBE.pdf\">Gu\u00eda de seguridad en redes sociales para familias INCIBE<\/a> <a href=\"https:\/\/blogsaverroes.juntadeandalucia.es\/ceipnavasdetolosa\/files\/2023\/10\/Instituto-Nacional-de-Ciberseguridad.-Unidades-did\u00e1cticas-y-presentaciones.pdf\">I<\/a><\/p>\n<p><a href=\"https:\/\/blogsaverroes.juntadeandalucia.es\/ceipnavasdetolosa\/files\/2023\/10\/Instituto-Nacional-de-Ciberseguridad.-Unidades-did\u00e1cticas-y-presentaciones.pdf\" target=\"_blank\" rel=\"noopener noreferrer\">Instituto Nacional de Ciberseguridad. Unidades did\u00e1cticas y presentaciones<\/a><\/p>\n<p>&nbsp;<\/p>\n","protected":false},"excerpt":{"rendered":"<p>El Servicio de Innovaci\u00f3n Educativa se articula en torno a tres objetivos fundamentales: 1. Mejorar el uso de la tecnolog\u00eda digital en los procesos de ense\u00f1anza-aprendizaje. 1.1 Mejora de Infraestructuras y conectividad. 1.2 Impulsar&#46;&#46;&#46;<\/p>\n","protected":false},"author":11671,"featured_media":0,"parent":0,"menu_order":0,"comment_status":"closed","ping_status":"closed","template":"","meta":{"ngg_post_thumbnail":0,"footnotes":"","_mc_calendar":[]},"aioseo_notices":[],"_links":{"self":[{"href":"https:\/\/blogsaverroes.juntadeandalucia.es\/ceipnavasdetolosa\/wp-json\/wp\/v2\/pages\/2321"}],"collection":[{"href":"https:\/\/blogsaverroes.juntadeandalucia.es\/ceipnavasdetolosa\/wp-json\/wp\/v2\/pages"}],"about":[{"href":"https:\/\/blogsaverroes.juntadeandalucia.es\/ceipnavasdetolosa\/wp-json\/wp\/v2\/types\/page"}],"author":[{"embeddable":true,"href":"https:\/\/blogsaverroes.juntadeandalucia.es\/ceipnavasdetolosa\/wp-json\/wp\/v2\/users\/11671"}],"replies":[{"embeddable":true,"href":"https:\/\/blogsaverroes.juntadeandalucia.es\/ceipnavasdetolosa\/wp-json\/wp\/v2\/comments?post=2321"}],"version-history":[{"count":9,"href":"https:\/\/blogsaverroes.juntadeandalucia.es\/ceipnavasdetolosa\/wp-json\/wp\/v2\/pages\/2321\/revisions"}],"predecessor-version":[{"id":3006,"href":"https:\/\/blogsaverroes.juntadeandalucia.es\/ceipnavasdetolosa\/wp-json\/wp\/v2\/pages\/2321\/revisions\/3006"}],"wp:attachment":[{"href":"https:\/\/blogsaverroes.juntadeandalucia.es\/ceipnavasdetolosa\/wp-json\/wp\/v2\/media?parent=2321"}],"curies":[{"name":"wp","href":"https:\/\/api.w.org\/{rel}","templated":true}]}}