{"id":2324,"date":"2021-07-13T17:41:36","date_gmt":"2021-07-13T17:41:36","guid":{"rendered":"https:\/\/blogsaverroes.juntadeandalucia.es\/ceipnavasdetolosa\/?page_id=2324"},"modified":"2023-10-22T17:25:54","modified_gmt":"2023-10-22T17:25:54","slug":"red-andaluza-escuela-espacio-de-paz","status":"publish","type":"page","link":"https:\/\/blogsaverroes.juntadeandalucia.es\/ceipnavasdetolosa\/red-andaluza-escuela-espacio-de-paz\/","title":{"rendered":"Red Andaluza Escuela Espacio de Paz"},"content":{"rendered":"<h4>En qu\u00e9 consiste<a href=\"https:\/\/blogsaverroes.juntadeandalucia.es\/ceipnavasdetolosa\/files\/2023\/10\/Logo-Red-Andaluza-Escuela-Espacio-de-Paz-color-590x423-copia.jpg\"><img loading=\"lazy\" decoding=\"async\" class=\"alignleft size-full wp-image-3047\" src=\"https:\/\/blogsaverroes.juntadeandalucia.es\/ceipnavasdetolosa\/files\/2023\/10\/Logo-Red-Andaluza-Escuela-Espacio-de-Paz-color-590x423-copia.jpg\" alt=\"\" width=\"400\" height=\"287\" srcset=\"https:\/\/blogsaverroes.juntadeandalucia.es\/ceipnavasdetolosa\/files\/2023\/10\/Logo-Red-Andaluza-Escuela-Espacio-de-Paz-color-590x423-copia.jpg 400w, https:\/\/blogsaverroes.juntadeandalucia.es\/ceipnavasdetolosa\/files\/2023\/10\/Logo-Red-Andaluza-Escuela-Espacio-de-Paz-color-590x423-copia-300x215.jpg 300w\" sizes=\"(max-width: 400px) 100vw, 400px\" \/><\/a><\/h4>\n<p>La Red Andaluza \u00abEscuela: Espacio de Paz\u00bb es una red de centros interesados en compartir iniciativas, recursos y experiencias para la mejora de la convivencia escolar y la difusi\u00f3n de la Cultura de Paz, contrayendo un compromiso de profundizaci\u00f3n en aspectos concretos de su Plan de Convivencia. La normativa que regula el funcionamiento de la Red pone el acento en la cultura de la evaluaci\u00f3n, en la necesidad de visibilizar las buenas pr\u00e1cticas desarrolladas en los centros y en la voluntad de trabajar en red compartiendo propuestas, estrategias y recursos con toda la comunidad educativa.<\/p>\n<p>Entre las se\u00f1as de identidad de los centros que integran la Red Andaluza \u00abEscuela: Espacio de Paz\u00bb destacan la promoci\u00f3n de los valores propios de una sociedad democr\u00e1tica, el respeto mutuo, la igualdad, el di\u00e1logo, la solidaridad y la resoluci\u00f3n pac\u00edfica de los conflictos, contando con la participaci\u00f3n de toda la comunidad educativa en la vida de los centros y la vinculaci\u00f3n e implicaci\u00f3n con su entorno.<\/p>\n<p>Los centros educativos pueden participar en la Red Andaluza \u00abEscuela: Espacio de Paz\u00bb en modalidad unicentro o en modalidad intercentro, que supone la participaci\u00f3n coordinada de varios centros de una misma zona educativa. Al final de cada curso escolar los centros de la Red Andaluza \u00abEscuela: Espacio de Paz\u00bb pueden solicitar una evaluaci\u00f3n externa para optar al reconocimiento como Centros Promotores de Convivencia Positiva (Convivencia+).<\/p>\n<p>Otro aspecto a destacar es el compromiso que adquieren los centros de participar en los Encuentros Zonales de la Red y las acciones formativas a las que se les convoca para facilitar su actualizaci\u00f3n y compartir experiencias y recursos con otros centros.<\/p>\n<h4>Objetivos<\/h4>\n<p>Desde la Red Andaluza \u00abEscuela: Espacio de Paz\u00bb se proponen seis \u00e1mbitos de actuaci\u00f3n y profundizaci\u00f3n para la mejora de la convivencia escolar:<\/p>\n<ul>\n<li>&nbsp;&nbsp;&nbsp; Mejora desde la gesti\u00f3n y organizaci\u00f3n.<\/li>\n<li>&nbsp;&nbsp;&nbsp; Desarrollo de la participaci\u00f3n.<\/li>\n<li>&nbsp;&nbsp;&nbsp; Promoci\u00f3n de la convivencia: desarrollo de valores, actitudes, habilidades y h\u00e1bitos.<\/li>\n<li>&nbsp;&nbsp;&nbsp; Prevenci\u00f3n de situaciones de riesgo para la convivencia.<\/li>\n<li>&nbsp;&nbsp;&nbsp; Intervenci\u00f3n ante conductas contrarias a la convivencia.<\/li>\n<li>&nbsp;&nbsp;&nbsp; Reeducaci\u00f3n de actitudes y restauraci\u00f3n de la convivencia.<\/li>\n<\/ul>\n","protected":false},"excerpt":{"rendered":"<p>En qu\u00e9 consiste La Red Andaluza \u00abEscuela: Espacio de Paz\u00bb es una red de centros interesados en compartir iniciativas, recursos y experiencias para la mejora de la convivencia escolar y la difusi\u00f3n de la&#46;&#46;&#46;<\/p>\n","protected":false},"author":11671,"featured_media":0,"parent":0,"menu_order":0,"comment_status":"closed","ping_status":"closed","template":"","meta":{"ngg_post_thumbnail":0,"footnotes":"","_mc_calendar":[]},"aioseo_notices":[],"_links":{"self":[{"href":"https:\/\/blogsaverroes.juntadeandalucia.es\/ceipnavasdetolosa\/wp-json\/wp\/v2\/pages\/2324"}],"collection":[{"href":"https:\/\/blogsaverroes.juntadeandalucia.es\/ceipnavasdetolosa\/wp-json\/wp\/v2\/pages"}],"about":[{"href":"https:\/\/blogsaverroes.juntadeandalucia.es\/ceipnavasdetolosa\/wp-json\/wp\/v2\/types\/page"}],"author":[{"embeddable":true,"href":"https:\/\/blogsaverroes.juntadeandalucia.es\/ceipnavasdetolosa\/wp-json\/wp\/v2\/users\/11671"}],"replies":[{"embeddable":true,"href":"https:\/\/blogsaverroes.juntadeandalucia.es\/ceipnavasdetolosa\/wp-json\/wp\/v2\/comments?post=2324"}],"version-history":[{"count":4,"href":"https:\/\/blogsaverroes.juntadeandalucia.es\/ceipnavasdetolosa\/wp-json\/wp\/v2\/pages\/2324\/revisions"}],"predecessor-version":[{"id":3048,"href":"https:\/\/blogsaverroes.juntadeandalucia.es\/ceipnavasdetolosa\/wp-json\/wp\/v2\/pages\/2324\/revisions\/3048"}],"wp:attachment":[{"href":"https:\/\/blogsaverroes.juntadeandalucia.es\/ceipnavasdetolosa\/wp-json\/wp\/v2\/media?parent=2324"}],"curies":[{"name":"wp","href":"https:\/\/api.w.org\/{rel}","templated":true}]}}