{"id":2328,"date":"2021-07-13T17:41:36","date_gmt":"2021-07-13T17:41:36","guid":{"rendered":"https:\/\/blogsaverroes.juntadeandalucia.es\/ceipnavasdetolosa\/?page_id=2328"},"modified":"2023-10-19T16:34:21","modified_gmt":"2023-10-19T16:34:21","slug":"comunica","status":"publish","type":"page","link":"https:\/\/blogsaverroes.juntadeandalucia.es\/ceipnavasdetolosa\/comunica\/","title":{"rendered":"ComunicA"},"content":{"rendered":"<h4>En qu\u00e9 consiste<\/h4>\n<p style=\"text-align: justify\">El Programa para el desarrollo de la Competencia en Comunicaci\u00f3n Ling\u00fc\u00edstica: leer, escribir, escuchar, hablar para la vida presenta estrategias y recursos para la mejora de la lectura, la escritura, la lengua oral y la alfabetizaci\u00f3n audiovisual y medi\u00e1tica del alumnado. Lo hace con una perspectiva integradora de las dimensiones y destrezas de dicha competencia. Se fundamenta en el enfoque comunicativo, el trabajo basado en proyectos, la interdisciplinariedad y las metodolog\u00edas innovadoras que incorporan las tecnolog\u00edas de la comunicaci\u00f3n y la gamificaci\u00f3n.<br \/>\nEntendiendo que la competencia comunicativa es la principal v\u00eda de acceso a todas las \u00e1reas y que la formaci\u00f3n en competencia digital y comunicaci\u00f3n audiovisual es absolutamente necesaria en la actualidad, el programa incide en el desarrollo de destrezas relacionadas con las alfabetizaciones m\u00faltiples y en el tratamiento y comunicaci\u00f3n de la informaci\u00f3n.<\/p>\n<h4>Objetivos<\/h4>\n<p>1. Ofrecer recursos y propuestas de trabajo renovadoras e innovadoras para la mejora de la comunicaci\u00f3n ling\u00fc\u00edstica, en general, y de la competencia digital, en particular.<br \/>\n2. Fomentar el uso positivo de las tecnolog\u00edas de la comunicaci\u00f3n como herramienta y pr\u00e1ctica habitual para el desarrollo de la competencia en comunicaci\u00f3n ling\u00fc\u00edstica.<br \/>\n3. Plantear situaciones de aprendizaje, contextos concretos en que la lengua se proyecte en su uso social.<br \/>\n4. Relacionar la lengua escrita con la lengua oral y los lenguajes no verbales.<br \/>\n5. Fomentar las creaciones audiovisuales para favorecer el enriquecimiento cultural.<br \/>\n6. Impulsar los Proyectos Ling\u00fc\u00edsticos de Centro como mecanismo integral de desarrollo de la competencia en comunicaci\u00f3n ling\u00fc\u00edstica del alumnado.<\/p>\n","protected":false},"excerpt":{"rendered":"<p>En qu\u00e9 consiste El Programa para el desarrollo de la Competencia en Comunicaci\u00f3n Ling\u00fc\u00edstica: leer, escribir, escuchar, hablar para la vida presenta estrategias y recursos para la mejora de la lectura, la escritura, la&#46;&#46;&#46;<\/p>\n","protected":false},"author":11671,"featured_media":0,"parent":0,"menu_order":0,"comment_status":"closed","ping_status":"closed","template":"","meta":{"ngg_post_thumbnail":0,"footnotes":"","_mc_calendar":[]},"aioseo_notices":[],"_links":{"self":[{"href":"https:\/\/blogsaverroes.juntadeandalucia.es\/ceipnavasdetolosa\/wp-json\/wp\/v2\/pages\/2328"}],"collection":[{"href":"https:\/\/blogsaverroes.juntadeandalucia.es\/ceipnavasdetolosa\/wp-json\/wp\/v2\/pages"}],"about":[{"href":"https:\/\/blogsaverroes.juntadeandalucia.es\/ceipnavasdetolosa\/wp-json\/wp\/v2\/types\/page"}],"author":[{"embeddable":true,"href":"https:\/\/blogsaverroes.juntadeandalucia.es\/ceipnavasdetolosa\/wp-json\/wp\/v2\/users\/11671"}],"replies":[{"embeddable":true,"href":"https:\/\/blogsaverroes.juntadeandalucia.es\/ceipnavasdetolosa\/wp-json\/wp\/v2\/comments?post=2328"}],"version-history":[{"count":6,"href":"https:\/\/blogsaverroes.juntadeandalucia.es\/ceipnavasdetolosa\/wp-json\/wp\/v2\/pages\/2328\/revisions"}],"predecessor-version":[{"id":3032,"href":"https:\/\/blogsaverroes.juntadeandalucia.es\/ceipnavasdetolosa\/wp-json\/wp\/v2\/pages\/2328\/revisions\/3032"}],"wp:attachment":[{"href":"https:\/\/blogsaverroes.juntadeandalucia.es\/ceipnavasdetolosa\/wp-json\/wp\/v2\/media?parent=2328"}],"curies":[{"name":"wp","href":"https:\/\/api.w.org\/{rel}","templated":true}]}}