{"id":2379,"date":"2021-07-14T14:43:12","date_gmt":"2021-07-14T14:43:12","guid":{"rendered":"https:\/\/blogsaverroes.juntadeandalucia.es\/ceipnavasdetolosa\/?page_id=2379"},"modified":"2023-10-22T17:45:22","modified_gmt":"2023-10-22T17:45:22","slug":"grupos-interactivos","status":"publish","type":"page","link":"https:\/\/blogsaverroes.juntadeandalucia.es\/ceipnavasdetolosa\/grupos-interactivos\/","title":{"rendered":"Grupos Interactivos"},"content":{"rendered":"<h4>En qu\u00e9 consisten<\/h4>\n<p><span id=\"isPasted\">Comienzan una vez iniciado el curso (noviembre) con una periodicidad &nbsp;aproximada de <strong>uno al mes<\/strong>&nbsp;que establece la&nbsp;<strong>Direcci\u00f3n&nbsp;<\/strong>del Centro en consenso con el Claustro.&nbsp;<\/span>La persona responsable de organizarlos es el<strong>&nbsp;tutor\/a del grupo, as\u00ed como de su evaluaci\u00f3n<\/strong>. Se realizan&nbsp;<strong>actividades instrumentales<\/strong>&nbsp;de&nbsp;<strong>REPASO&nbsp;<\/strong>de car\u00e1cter l\u00fadico, donde&nbsp;<strong>el di\u00e1logo y la interacci\u00f3n<\/strong>&nbsp;juegan un rol fundamental.&nbsp;<strong>No se trata de tareas cooperativas, talleres, rincones, aprendizaje basado en juegos<\/strong>.&nbsp;<\/p>\n<p>&nbsp;<\/p>\n","protected":false},"excerpt":{"rendered":"<p>En qu\u00e9 consisten Comienzan una vez iniciado el curso (noviembre) con una periodicidad &nbsp;aproximada de uno al mes&nbsp;que establece la&nbsp;Direcci\u00f3n&nbsp;del Centro en consenso con el Claustro.&nbsp;La persona responsable de organizarlos es el&nbsp;tutor\/a del grupo,&#46;&#46;&#46;<\/p>\n","protected":false},"author":11671,"featured_media":0,"parent":0,"menu_order":0,"comment_status":"closed","ping_status":"closed","template":"","meta":{"ngg_post_thumbnail":0,"footnotes":"","_mc_calendar":[]},"aioseo_notices":[],"_links":{"self":[{"href":"https:\/\/blogsaverroes.juntadeandalucia.es\/ceipnavasdetolosa\/wp-json\/wp\/v2\/pages\/2379"}],"collection":[{"href":"https:\/\/blogsaverroes.juntadeandalucia.es\/ceipnavasdetolosa\/wp-json\/wp\/v2\/pages"}],"about":[{"href":"https:\/\/blogsaverroes.juntadeandalucia.es\/ceipnavasdetolosa\/wp-json\/wp\/v2\/types\/page"}],"author":[{"embeddable":true,"href":"https:\/\/blogsaverroes.juntadeandalucia.es\/ceipnavasdetolosa\/wp-json\/wp\/v2\/users\/11671"}],"replies":[{"embeddable":true,"href":"https:\/\/blogsaverroes.juntadeandalucia.es\/ceipnavasdetolosa\/wp-json\/wp\/v2\/comments?post=2379"}],"version-history":[{"count":3,"href":"https:\/\/blogsaverroes.juntadeandalucia.es\/ceipnavasdetolosa\/wp-json\/wp\/v2\/pages\/2379\/revisions"}],"predecessor-version":[{"id":3056,"href":"https:\/\/blogsaverroes.juntadeandalucia.es\/ceipnavasdetolosa\/wp-json\/wp\/v2\/pages\/2379\/revisions\/3056"}],"wp:attachment":[{"href":"https:\/\/blogsaverroes.juntadeandalucia.es\/ceipnavasdetolosa\/wp-json\/wp\/v2\/media?parent=2379"}],"curies":[{"name":"wp","href":"https:\/\/api.w.org\/{rel}","templated":true}]}}