{"id":2382,"date":"2021-07-14T14:43:12","date_gmt":"2021-07-14T14:43:12","guid":{"rendered":"https:\/\/blogsaverroes.juntadeandalucia.es\/ceipnavasdetolosa\/?page_id=2382"},"modified":"2023-10-22T17:54:55","modified_gmt":"2023-10-22T17:54:55","slug":"apadrinamiento-lector","status":"publish","type":"page","link":"https:\/\/blogsaverroes.juntadeandalucia.es\/ceipnavasdetolosa\/apadrinamiento-lector\/","title":{"rendered":"Apadrinamiento lector"},"content":{"rendered":"<h4>En qu\u00e9 consiste<\/h4>\n<p>Con el apadrinamiento lector, personas con distintos niveles de competencia lectora se unen para aprender. Una de ellas apadrina o amadrina a la otra, ense\u00f1\u00e1ndole mediante el ejemplo todo lo necesario para disfrutar de la experiencia y mejorar la competencia lectora mediante el modelaje. As\u00ed, por imitaci\u00f3n aprendemos la articulaci\u00f3n y pronunciaci\u00f3n, la respiraci\u00f3n, las pausas, el volumen, el ritmo, y la&nbsp; entonaci\u00f3n. No debemos olvidar que en estas experiencias pueden tambi\u00e9n utilizarse textos adaptados con pictogramas que ayudan al alumnado con dificultades de aprendizaje.&nbsp;<\/p>\n<h4>Objetivos<\/h4>\n<ul>\n<li>Aumentar el gusto por la lectura.<\/li>\n<li>Mejorar la competencia lectora.<\/li>\n<li>Crear y mantener lazos de uni\u00f3n entre la comunidad educativa.<\/li>\n<li>Inclusi\u00f3n plena del alumnado.&nbsp;<\/li>\n<\/ul>\n","protected":false},"excerpt":{"rendered":"<p>En qu\u00e9 consiste Con el apadrinamiento lector, personas con distintos niveles de competencia lectora se unen para aprender. Una de ellas apadrina o amadrina a la otra, ense\u00f1\u00e1ndole mediante el ejemplo todo lo necesario&#46;&#46;&#46;<\/p>\n","protected":false},"author":11671,"featured_media":0,"parent":0,"menu_order":0,"comment_status":"closed","ping_status":"closed","template":"","meta":{"ngg_post_thumbnail":0,"footnotes":"","_mc_calendar":[]},"aioseo_notices":[],"_links":{"self":[{"href":"https:\/\/blogsaverroes.juntadeandalucia.es\/ceipnavasdetolosa\/wp-json\/wp\/v2\/pages\/2382"}],"collection":[{"href":"https:\/\/blogsaverroes.juntadeandalucia.es\/ceipnavasdetolosa\/wp-json\/wp\/v2\/pages"}],"about":[{"href":"https:\/\/blogsaverroes.juntadeandalucia.es\/ceipnavasdetolosa\/wp-json\/wp\/v2\/types\/page"}],"author":[{"embeddable":true,"href":"https:\/\/blogsaverroes.juntadeandalucia.es\/ceipnavasdetolosa\/wp-json\/wp\/v2\/users\/11671"}],"replies":[{"embeddable":true,"href":"https:\/\/blogsaverroes.juntadeandalucia.es\/ceipnavasdetolosa\/wp-json\/wp\/v2\/comments?post=2382"}],"version-history":[{"count":3,"href":"https:\/\/blogsaverroes.juntadeandalucia.es\/ceipnavasdetolosa\/wp-json\/wp\/v2\/pages\/2382\/revisions"}],"predecessor-version":[{"id":3058,"href":"https:\/\/blogsaverroes.juntadeandalucia.es\/ceipnavasdetolosa\/wp-json\/wp\/v2\/pages\/2382\/revisions\/3058"}],"wp:attachment":[{"href":"https:\/\/blogsaverroes.juntadeandalucia.es\/ceipnavasdetolosa\/wp-json\/wp\/v2\/media?parent=2382"}],"curies":[{"name":"wp","href":"https:\/\/api.w.org\/{rel}","templated":true}]}}