{"id":2495,"date":"2022-03-24T12:43:04","date_gmt":"2022-03-24T12:43:04","guid":{"rendered":"https:\/\/blogsaverroes.juntadeandalucia.es\/ceipnavasdetolosa\/?page_id=2495"},"modified":"2025-07-30T07:55:38","modified_gmt":"2025-07-30T07:55:38","slug":"inicio","status":"publish","type":"page","link":"https:\/\/blogsaverroes.juntadeandalucia.es\/ceipnavasdetolosa\/","title":{"rendered":"INICIO"},"content":{"rendered":"<p>Bienvenida al CEIP Navas de Tolosa, eres la persona que est\u00e1bamos esperando, con inter\u00e9s por la educaci\u00f3n individualizada, en contacto con las personas de tu alrededor y con la vista puesta en el futuro cercano donde ir dando forma a los sue\u00f1os.<a href=\"https:\/\/blogsaverroes.juntadeandalucia.es\/ceipnavasdetolosa\/files\/2025\/07\/IMG_6047.png\"><img loading=\"lazy\" decoding=\"async\" class=\"aligncenter size-full wp-image-3111\" src=\"https:\/\/blogsaverroes.juntadeandalucia.es\/ceipnavasdetolosa\/files\/2025\/07\/IMG_6047.png\" alt=\"\" width=\"4032\" height=\"2268\" srcset=\"https:\/\/blogsaverroes.juntadeandalucia.es\/ceipnavasdetolosa\/files\/2025\/07\/IMG_6047.png 4032w, https:\/\/blogsaverroes.juntadeandalucia.es\/ceipnavasdetolosa\/files\/2025\/07\/IMG_6047-300x169.png 300w, https:\/\/blogsaverroes.juntadeandalucia.es\/ceipnavasdetolosa\/files\/2025\/07\/IMG_6047-1024x576.png 1024w, https:\/\/blogsaverroes.juntadeandalucia.es\/ceipnavasdetolosa\/files\/2025\/07\/IMG_6047-768x432.png 768w, https:\/\/blogsaverroes.juntadeandalucia.es\/ceipnavasdetolosa\/files\/2025\/07\/IMG_6047-1536x864.png 1536w, https:\/\/blogsaverroes.juntadeandalucia.es\/ceipnavasdetolosa\/files\/2025\/07\/IMG_6047-2048x1152.png 2048w\" sizes=\"(max-width: 4032px) 100vw, 4032px\" \/><\/a><\/p>\n","protected":false},"excerpt":{"rendered":"<p>Bienvenida al CEIP Navas de Tolosa, eres la persona que est\u00e1bamos esperando, con inter\u00e9s por la educaci\u00f3n individualizada, en contacto con las personas de tu alrededor y con la vista puesta en el futuro&#46;&#46;&#46;<\/p>\n","protected":false},"author":11671,"featured_media":0,"parent":0,"menu_order":0,"comment_status":"closed","ping_status":"closed","template":"","meta":{"ngg_post_thumbnail":0,"footnotes":"","_mc_calendar":[]},"aioseo_notices":[],"_links":{"self":[{"href":"https:\/\/blogsaverroes.juntadeandalucia.es\/ceipnavasdetolosa\/wp-json\/wp\/v2\/pages\/2495"}],"collection":[{"href":"https:\/\/blogsaverroes.juntadeandalucia.es\/ceipnavasdetolosa\/wp-json\/wp\/v2\/pages"}],"about":[{"href":"https:\/\/blogsaverroes.juntadeandalucia.es\/ceipnavasdetolosa\/wp-json\/wp\/v2\/types\/page"}],"author":[{"embeddable":true,"href":"https:\/\/blogsaverroes.juntadeandalucia.es\/ceipnavasdetolosa\/wp-json\/wp\/v2\/users\/11671"}],"replies":[{"embeddable":true,"href":"https:\/\/blogsaverroes.juntadeandalucia.es\/ceipnavasdetolosa\/wp-json\/wp\/v2\/comments?post=2495"}],"version-history":[{"count":4,"href":"https:\/\/blogsaverroes.juntadeandalucia.es\/ceipnavasdetolosa\/wp-json\/wp\/v2\/pages\/2495\/revisions"}],"predecessor-version":[{"id":3112,"href":"https:\/\/blogsaverroes.juntadeandalucia.es\/ceipnavasdetolosa\/wp-json\/wp\/v2\/pages\/2495\/revisions\/3112"}],"wp:attachment":[{"href":"https:\/\/blogsaverroes.juntadeandalucia.es\/ceipnavasdetolosa\/wp-json\/wp\/v2\/media?parent=2495"}],"curies":[{"name":"wp","href":"https:\/\/api.w.org\/{rel}","templated":true}]}}