{"id":3044,"date":"2023-10-22T17:24:06","date_gmt":"2023-10-22T17:24:06","guid":{"rendered":"https:\/\/blogsaverroes.juntadeandalucia.es\/ceipnavasdetolosa\/?page_id=3044"},"modified":"2023-10-22T17:24:06","modified_gmt":"2023-10-22T17:24:06","slug":"mas-equidad-inclusion","status":"publish","type":"page","link":"https:\/\/blogsaverroes.juntadeandalucia.es\/ceipnavasdetolosa\/mas-equidad-inclusion\/","title":{"rendered":"M\u00e1s Equidad Inclusi\u00f3n"},"content":{"rendered":"<h4>En qu\u00e9 consiste<\/h4>\n<p>El Programa pretende potenciar la cultura inclusiva y mejorar el grado de adquisici\u00f3n de competencias a trav\u00e9s de la mejora de los recursos en el aula. Se parte de sus conocimientos previos y de actitudes como la autonom\u00eda, la responsabilidad, el respeto y el trabajo en equipo. Todo esto bajo los principios de la atenci\u00f3n a la diversidad y la igualdad de g\u00e9nero.<\/p>\n<h4>Objetivos<\/h4>\n<ul>\n<li>Fomentar actuaciones y medidas innovadoras de atenci\u00f3n al alumnado vulnerable.<\/li>\n<li>Favorecer la inclusi\u00f3n y el \u00e9xito educativo.<\/li>\n<li>Reducir el abandono escolar.<\/li>\n<\/ul>\n<h4>A qui\u00e9n va dirigido<\/h4>\n<ul style=\"list-style-type: circle\">\n<li>Centros docentes p\u00fablicos:<br \/>\nEn zonas ERACIS o con planes de compensaci\u00f3n educativa*: M\u00e1s Equidad Innovaci\u00f3n.<\/li>\n<li>Que tengan autorizadas aulas espec\u00edficas de educaci\u00f3n especial: M\u00e1s Equidad Inclusi\u00f3n.<\/li>\n<li>Centros rurales: M\u00e1s equidad Igualdad.<\/li>\n<\/ul>\n<h4>C\u00f3mo se participa<\/h4>\n<p>Una vez comunicado y aprobado por el Claustro y Consejo Escolar, la persona titular de la direcci\u00f3n solicitar\u00e1 la participaci\u00f3n a trav\u00e9s del formulario de solicitud habilitado Sistema de Informaci\u00f3n S\u00e9neca.<\/p>\n<h4>Qu\u00e9 actividades se pueden realizar<\/h4>\n<p>Actividades educativas, culturales o sociales encaminadas a mejorar la integraci\u00f3n del alumnado en riesgo de exclusi\u00f3n social.<\/p>\n","protected":false},"excerpt":{"rendered":"<p>En qu\u00e9 consiste El Programa pretende potenciar la cultura inclusiva y mejorar el grado de adquisici\u00f3n de competencias a trav\u00e9s de la mejora de los recursos en el aula. Se parte de sus conocimientos&#46;&#46;&#46;<\/p>\n","protected":false},"author":11671,"featured_media":0,"parent":0,"menu_order":0,"comment_status":"closed","ping_status":"closed","template":"","meta":{"ngg_post_thumbnail":0,"footnotes":"","_mc_calendar":[]},"aioseo_notices":[],"_links":{"self":[{"href":"https:\/\/blogsaverroes.juntadeandalucia.es\/ceipnavasdetolosa\/wp-json\/wp\/v2\/pages\/3044"}],"collection":[{"href":"https:\/\/blogsaverroes.juntadeandalucia.es\/ceipnavasdetolosa\/wp-json\/wp\/v2\/pages"}],"about":[{"href":"https:\/\/blogsaverroes.juntadeandalucia.es\/ceipnavasdetolosa\/wp-json\/wp\/v2\/types\/page"}],"author":[{"embeddable":true,"href":"https:\/\/blogsaverroes.juntadeandalucia.es\/ceipnavasdetolosa\/wp-json\/wp\/v2\/users\/11671"}],"replies":[{"embeddable":true,"href":"https:\/\/blogsaverroes.juntadeandalucia.es\/ceipnavasdetolosa\/wp-json\/wp\/v2\/comments?post=3044"}],"version-history":[{"count":1,"href":"https:\/\/blogsaverroes.juntadeandalucia.es\/ceipnavasdetolosa\/wp-json\/wp\/v2\/pages\/3044\/revisions"}],"predecessor-version":[{"id":3046,"href":"https:\/\/blogsaverroes.juntadeandalucia.es\/ceipnavasdetolosa\/wp-json\/wp\/v2\/pages\/3044\/revisions\/3046"}],"wp:attachment":[{"href":"https:\/\/blogsaverroes.juntadeandalucia.es\/ceipnavasdetolosa\/wp-json\/wp\/v2\/media?parent=3044"}],"curies":[{"name":"wp","href":"https:\/\/api.w.org\/{rel}","templated":true}]}}