{"id":3049,"date":"2023-10-22T17:31:21","date_gmt":"2023-10-22T17:31:21","guid":{"rendered":"https:\/\/blogsaverroes.juntadeandalucia.es\/ceipnavasdetolosa\/?page_id=3049"},"modified":"2023-10-22T17:31:54","modified_gmt":"2023-10-22T17:31:54","slug":"proa-transformate","status":"publish","type":"page","link":"https:\/\/blogsaverroes.juntadeandalucia.es\/ceipnavasdetolosa\/proa-transformate\/","title":{"rendered":"PROA + Transf\u00f3rmate"},"content":{"rendered":"<h4>En qu\u00e9 consiste<\/h4>\n<p>Es un Programa que persigue potenciar la mejora de los resultados escolares de todo el alumnado, especialmente de aquel m\u00e1s vulnerable, incrementando el porcentaje del mismo que permanece en el Sistema Educativo de los centros p\u00fablicos que<br \/>\npresentan una mayor complejidad educativa.<\/p>\n<h4>Objetivos<\/h4>\n<ul>\n<li>Crear una cultura que busque el \u00e9xito y la permanencia en el Sistema Educativo de todo el alumnado.<\/li>\n<li>Reducir el n\u00famero de alumnado que repite curso.<\/li>\n<li>Reducir el n\u00famero de alumnado que presenta dificultades para el aprendizaje.<\/li>\n<li>Reducir el absentismo escolar, mejorando las fases del proceso de aprendizaje.<\/li>\n<li>Conseguir y mantener un buen nivel de satisfacci\u00f3n en el proceso de ense\u00f1anza-aprendizaje dentro del centro docente.<\/li>\n<li>Formar al equipo directivo y al Claustro de profesorado en liderazgo pedag\u00f3gico y en las competencias necesarias para reducir el abandono escolar temprano y alcanzar los objetivos del Programa.<\/li>\n<li>Asegurar unas adecuadas condiciones de educabilidad al reducir la segregaci\u00f3n.<\/li>\n<\/ul>\n<h4>A qui\u00e9n va dirigido<\/h4>\n<p>A los centros docentes p\u00fablicos dependientes de la Consejer\u00eda de DE y FP que tengan un porcentaje m\u00ednimo del 30% de alumnado vulnerable, se encuentren en zonas ERACIS o tengan Planes de compensaci\u00f3n educativa y que impartan ense\u00f1anzas de segundo ciclo de Educaci\u00f3n Infantil, Educaci\u00f3n Primaria, Educaci\u00f3n Secundaria Obligatoria (incluyendo Formaci\u00f3n Profesional B\u00e1sica) y ense\u00f1anzas Postobligatorias de Bachillerato y\/o Ciclos Formativos de Grado Medio.<\/p>\n<h4>Qu\u00e9 actividades se pueden realizar<\/h4>\n<ul>\n<li>Actividades palanca que potencien el \u00e9xito escolar del alumnado.<\/li>\n<li>Plan estrat\u00e9gico de Mejora.<\/li>\n<\/ul>\n","protected":false},"excerpt":{"rendered":"<p>En qu\u00e9 consiste Es un Programa que persigue potenciar la mejora de los resultados escolares de todo el alumnado, especialmente de aquel m\u00e1s vulnerable, incrementando el porcentaje del mismo que permanece en el Sistema&#46;&#46;&#46;<\/p>\n","protected":false},"author":11671,"featured_media":0,"parent":0,"menu_order":0,"comment_status":"closed","ping_status":"closed","template":"","meta":{"ngg_post_thumbnail":0,"footnotes":"","_mc_calendar":[]},"aioseo_notices":[],"_links":{"self":[{"href":"https:\/\/blogsaverroes.juntadeandalucia.es\/ceipnavasdetolosa\/wp-json\/wp\/v2\/pages\/3049"}],"collection":[{"href":"https:\/\/blogsaverroes.juntadeandalucia.es\/ceipnavasdetolosa\/wp-json\/wp\/v2\/pages"}],"about":[{"href":"https:\/\/blogsaverroes.juntadeandalucia.es\/ceipnavasdetolosa\/wp-json\/wp\/v2\/types\/page"}],"author":[{"embeddable":true,"href":"https:\/\/blogsaverroes.juntadeandalucia.es\/ceipnavasdetolosa\/wp-json\/wp\/v2\/users\/11671"}],"replies":[{"embeddable":true,"href":"https:\/\/blogsaverroes.juntadeandalucia.es\/ceipnavasdetolosa\/wp-json\/wp\/v2\/comments?post=3049"}],"version-history":[{"count":1,"href":"https:\/\/blogsaverroes.juntadeandalucia.es\/ceipnavasdetolosa\/wp-json\/wp\/v2\/pages\/3049\/revisions"}],"predecessor-version":[{"id":3051,"href":"https:\/\/blogsaverroes.juntadeandalucia.es\/ceipnavasdetolosa\/wp-json\/wp\/v2\/pages\/3049\/revisions\/3051"}],"wp:attachment":[{"href":"https:\/\/blogsaverroes.juntadeandalucia.es\/ceipnavasdetolosa\/wp-json\/wp\/v2\/media?parent=3049"}],"curies":[{"name":"wp","href":"https:\/\/api.w.org\/{rel}","templated":true}]}}