{"id":3077,"date":"2023-11-25T12:48:38","date_gmt":"2023-11-25T12:48:38","guid":{"rendered":"https:\/\/blogsaverroes.juntadeandalucia.es\/ceipnavasdetolosa\/?page_id=3077"},"modified":"2023-11-25T12:48:38","modified_gmt":"2023-11-25T12:48:38","slug":"ebiblio","status":"publish","type":"page","link":"https:\/\/blogsaverroes.juntadeandalucia.es\/ceipnavasdetolosa\/ebiblio\/","title":{"rendered":"eBiblio"},"content":{"rendered":"<p>Hola familias:<\/p>\n<p>Con este v\u00eddeo queremos explicaros c\u00f3mo vincular el carnet de socios\/as de la Biblioteca Municipal de La Carolina que todo el alumnado del colegio tiene con la red de bibliotecas online gratuita de Andaluc\u00eda llamada eBiblio. Como sab\u00e9is, de este modo tendr\u00e9is acceso no s\u00f3lo a libros, sino a <strong>revistas, publicaciones especializadas, peri\u00f3dicos y todo aquel material que est\u00e9 catalogado en eBiblio de manera gratuita<\/strong>.<\/p>\n<p>De este&nbsp; modo, pese a que la visita a la biblioteca siempre es un acontecimiento que celebrar, queremos que desde Las Navas teng\u00e1is <strong>sin necesidad de desplazamiento<\/strong> acceso a la mejor de las bibliotecas.<\/p>\n<p>\u00d3jala que os sea de utilidad y de este modo, fomentemos la lectura entre los ni\u00f1os y ni\u00f1as del cole y por supuesto tambi\u00e9n en las familias.<\/p>\n<p><a href=\"https:\/\/drive.google.com\/file\/d\/1M_ehKHBwSSeGN8JxXdz7dChk5zMwrAWo\/view?usp=drive_link\" target=\"_blank\" rel=\"noopener noreferrer\">Enlace al v\u00eddeo explicativo<\/a><\/p>\n<p><a href=\"https:\/\/blogsaverroes.juntadeandalucia.es\/ceipnavasdetolosa\/files\/2023\/11\/ebiblio-Andaluc\u00eda.png\"><img loading=\"lazy\" decoding=\"async\" class=\"aligncenter wp-image-3078 size-medium\" src=\"https:\/\/blogsaverroes.juntadeandalucia.es\/ceipnavasdetolosa\/files\/2023\/11\/ebiblio-Andaluc\u00eda-300x133.png\" alt=\"\" width=\"300\" height=\"133\" srcset=\"https:\/\/blogsaverroes.juntadeandalucia.es\/ceipnavasdetolosa\/files\/2023\/11\/ebiblio-Andaluc\u00eda-300x133.png 300w, https:\/\/blogsaverroes.juntadeandalucia.es\/ceipnavasdetolosa\/files\/2023\/11\/ebiblio-Andaluc\u00eda-768x341.png 768w, https:\/\/blogsaverroes.juntadeandalucia.es\/ceipnavasdetolosa\/files\/2023\/11\/ebiblio-Andaluc\u00eda.png 960w\" sizes=\"(max-width: 300px) 100vw, 300px\" \/><\/a><\/p>\n","protected":false},"excerpt":{"rendered":"<p>Hola familias: Con este v\u00eddeo queremos explicaros c\u00f3mo vincular el carnet de socios\/as de la Biblioteca Municipal de La Carolina que todo el alumnado del colegio tiene con la red de bibliotecas online gratuita&#46;&#46;&#46;<\/p>\n","protected":false},"author":11671,"featured_media":0,"parent":0,"menu_order":0,"comment_status":"closed","ping_status":"closed","template":"","meta":{"ngg_post_thumbnail":0,"footnotes":"","_mc_calendar":[]},"aioseo_notices":[],"_links":{"self":[{"href":"https:\/\/blogsaverroes.juntadeandalucia.es\/ceipnavasdetolosa\/wp-json\/wp\/v2\/pages\/3077"}],"collection":[{"href":"https:\/\/blogsaverroes.juntadeandalucia.es\/ceipnavasdetolosa\/wp-json\/wp\/v2\/pages"}],"about":[{"href":"https:\/\/blogsaverroes.juntadeandalucia.es\/ceipnavasdetolosa\/wp-json\/wp\/v2\/types\/page"}],"author":[{"embeddable":true,"href":"https:\/\/blogsaverroes.juntadeandalucia.es\/ceipnavasdetolosa\/wp-json\/wp\/v2\/users\/11671"}],"replies":[{"embeddable":true,"href":"https:\/\/blogsaverroes.juntadeandalucia.es\/ceipnavasdetolosa\/wp-json\/wp\/v2\/comments?post=3077"}],"version-history":[{"count":2,"href":"https:\/\/blogsaverroes.juntadeandalucia.es\/ceipnavasdetolosa\/wp-json\/wp\/v2\/pages\/3077\/revisions"}],"predecessor-version":[{"id":3081,"href":"https:\/\/blogsaverroes.juntadeandalucia.es\/ceipnavasdetolosa\/wp-json\/wp\/v2\/pages\/3077\/revisions\/3081"}],"wp:attachment":[{"href":"https:\/\/blogsaverroes.juntadeandalucia.es\/ceipnavasdetolosa\/wp-json\/wp\/v2\/media?parent=3077"}],"curies":[{"name":"wp","href":"https:\/\/api.w.org\/{rel}","templated":true}]}}