{"id":330,"date":"2015-03-18T07:11:43","date_gmt":"2015-03-18T07:11:43","guid":{"rendered":"http:\/\/blogsaverroes.juntadeandalucia.es\/pre\/ceip\/?page_id=330"},"modified":"2022-10-22T10:36:49","modified_gmt":"2022-10-22T10:36:49","slug":"bibliop","status":"publish","type":"page","link":"https:\/\/blogsaverroes.juntadeandalucia.es\/ceipnavasdetolosa\/biblioteca\/bibliop\/","title":{"rendered":"Cat\u00e1logo bibliotecas online gratuitas"},"content":{"rendered":"<p>\u00a1Hola familias!<\/p>\n<p>En este aparatado del blog podr\u00e9is encontrar los enlaces a bibliotecas online gratuitas, acceso a carpetas con libros digitalizados de manera gratuita por parte de otros Centros y entidades, recomendaciones literarias, y cualquier otra informaci\u00f3n que nos sugir\u00e1is.&nbsp;<\/p>\n<p>Para empezar queremos daros a conocer ebiblio <a href=\"https:\/\/andalucia.ebiblio.es\/\" target=\"_blank\" rel=\"noopener noreferrer\"><img loading=\"lazy\" decoding=\"async\" class=\"alignnone\" src=\"https:\/\/bibliotecas.malaga.eu\/opencms\/export\/sites\/bibliotecas\/.content\/galerias\/destacados\/Logo_eBiblio_Andalucia.jpg\" alt=\"e-Biblio Andaluc\u00eda: Plataforma para pr\u00e9stamos on-line de libros electr\u00f3nicos\" width=\"90\" height=\"94\"><\/a> donde descubrir y disfrutar de <strong>libros electr\u00f3nicos, audiolibros, revistas y muchos m\u00e1s contenidos digitales <\/strong>de manera gratuita, desde casa y para toda la familia. S\u00f3lo necesitar\u00e1s tu carn\u00e9 de socio\/a de la biblioteca municipal. Si no lo tienes, en el segundo trimestre intentaremos hacer una campa\u00f1a masiva para que no te quedes sin \u00e9l.&nbsp;<\/p>\n<p>Por supuesto, lo primero es la cercan\u00eda y te dejamos el enlace con toda la informaci\u00f3n y el cat\u00e1logo de <a href=\"https:\/\/www.juntadeandalucia.es\/educacion\/senecav2\/seneca\/biblioweb\/portal\/23001299\" target=\"_blank\" rel=\"noopener noreferrer\">nuestra biblioteca Malala Yousafzai<\/a> y de la <a href=\"https:\/\/www.juntadeandalucia.es\/organismos\/turismoculturaydeporte\/areas\/cultura\/bibliotecas-documentacion\/directorio-bibliotecas\/detalle\/650.html\" target=\"_blank\" rel=\"noopener noreferrer\">Biblioteca Municipal de La Carolina&nbsp;<\/a><\/p>\n<p>Adem\u00e1s, queremos que conozcas bibliotecas online gratuitas para libros <strong>en ingl\u00e9s<\/strong> donde podr\u00e1s solicitar el pr\u00e9stamo gratuito o incluso descargar el archivo de la obra:<\/p>\n<ul style=\"list-style-type: square\">\n<li>En&nbsp;<a href=\"https:\/\/archive.org\/\" target=\"_blank\" rel=\"noopener noreferrer\">Archive<\/a> s\u00f3lo necesitas ingresar con una cuenta de gmail o registr\u00e1ndote de manera gratuita para tener acceso a libros, audios, webs, im\u00e1genes, software, etc.&nbsp;<\/li>\n<li><a href=\"https:\/\/fliphtml5.com\/\" target=\"_blank\" rel=\"noopener noreferrer\">Fliphtml5<\/a>&nbsp; podr\u00e1s bien registrarte o entrar con tu cuenta de Facebook o Gmail; permite la descarga de documentos.<\/li>\n<li><a href=\"https:\/\/storyweaver.org.in\/stories?level=5&amp;sort=Ratings\" target=\"_blank\" rel=\"noopener noreferrer\">Storyweaver <\/a>nos da la oportunidad de acceder a los libros incluso por niveles de dificultad, porque son lecturas graduadas para estudiantes de ingl\u00e9s como lengua extranjera.<\/li>\n<li><a href=\"https:\/\/www.storiesfirst.org\/\" target=\"_blank\" rel=\"noopener noreferrer\">Storiesfirst <\/a>est\u00e1 fundamentado en el trabajo de Beniko Manson y tenemos acceso a lecturas graduadas y consejos sobre c\u00f3mo empezar la lectura en la lengua extranjera siguiendo su metodolog\u00eda.<\/li>\n<\/ul>\n<p><strong>En espa\u00f1ol<\/strong>, os dejamos los siguientes enlaces que esperamos sean de vuestro inter\u00e9s y utilidad:<\/p>\n<ul style=\"list-style-type: disc\">\n<li>En el CEIP San Jos\u00e9 Obrero de Sevilla han tenido a bien abrir a toda la comunidad educativa su biblioteca online a la que pod\u00e9is acceder desde&nbsp;<a href=\"https:\/\/ceipsanjoseobrero.es\/libros-digitales\/\" target=\"_blank\" rel=\"noopener noreferrer\">aqu\u00ed<\/a>.<\/li>\n<li>En&nbsp;<a href=\"https:\/\/www.cuentosinfantiles.top\/cuentos-infantiles-pdf\/\" target=\"_blank\" rel=\"noopener noreferrer\">Cuentos gratis<\/a> ten\u00e9is acceso a los cl\u00e1sicos cuentos de toda la vida y muchos otros.<\/li>\n<li>En la&nbsp;<a href=\"https:\/\/www.cervantesvirtual.com\/\" target=\"_blank\" rel=\"noopener noreferrer\">biblioteca virtual Cervantes<\/a> tenemos acceso a literatura infantil y para adultos.<\/li>\n<li><a href=\"https:\/\/www.ellibrototal.com\/ltotal\/\" target=\"_blank\" rel=\"noopener noreferrer\">El libro total<\/a> es una web para la infancia pero tambi\u00e9n para adultos.<\/li>\n<li>Acceso a libros durante la cuarentena de la COVID de distintas editoriales en el blog de&nbsp;<a href=\"https:\/\/www.ayudaparamaestros.com\/2020\/03\/20-libros-infantiles-gratuitos-para.html\" target=\"_blank\" rel=\"noopener noreferrer\">Manu Velasco<\/a><\/li>\n<li><a title=\"WeebleBooks\" href=\"https:\/\/weeblebooks.com\/es\/inicio\/\" target=\"_blank\" rel=\"noopener noreferrer\">WeebleBooks<\/a> es un espacio donde la creatividad y la diversi\u00f3n se entremezclan con la educaci\u00f3n y la cultura y donde los protagonistas son los m\u00e1s j\u00f3venes. Te invitamos a descubrir todos los recursos gratuitos que tenemos preparados<\/li>\n<li><a href=\"https:\/\/asistentedocente.com.mx\/2020\/08\/09\/coleccion-de-22-cuentos-clasicos-de-disney-en-pdf\/\" target=\"_blank\" rel=\"noopener noreferrer\">Colecci\u00f3n de 22 Cuentos Dysney<\/a><\/li>\n<\/ul>\n<p>&nbsp;<\/p>\n","protected":false},"excerpt":{"rendered":"<p>\u00a1Hola familias! En este aparatado del blog podr\u00e9is encontrar los enlaces a bibliotecas online gratuitas, acceso a carpetas con libros digitalizados de manera gratuita por parte de otros Centros y entidades, recomendaciones literarias, y&#46;&#46;&#46;<\/p>\n","protected":false},"author":1,"featured_media":0,"parent":113,"menu_order":0,"comment_status":"closed","ping_status":"open","template":"","meta":{"ngg_post_thumbnail":0,"footnotes":"","_mc_calendar":[]},"aioseo_notices":[],"_links":{"self":[{"href":"https:\/\/blogsaverroes.juntadeandalucia.es\/ceipnavasdetolosa\/wp-json\/wp\/v2\/pages\/330"}],"collection":[{"href":"https:\/\/blogsaverroes.juntadeandalucia.es\/ceipnavasdetolosa\/wp-json\/wp\/v2\/pages"}],"about":[{"href":"https:\/\/blogsaverroes.juntadeandalucia.es\/ceipnavasdetolosa\/wp-json\/wp\/v2\/types\/page"}],"author":[{"embeddable":true,"href":"https:\/\/blogsaverroes.juntadeandalucia.es\/ceipnavasdetolosa\/wp-json\/wp\/v2\/users\/1"}],"replies":[{"embeddable":true,"href":"https:\/\/blogsaverroes.juntadeandalucia.es\/ceipnavasdetolosa\/wp-json\/wp\/v2\/comments?post=330"}],"version-history":[{"count":9,"href":"https:\/\/blogsaverroes.juntadeandalucia.es\/ceipnavasdetolosa\/wp-json\/wp\/v2\/pages\/330\/revisions"}],"predecessor-version":[{"id":2853,"href":"https:\/\/blogsaverroes.juntadeandalucia.es\/ceipnavasdetolosa\/wp-json\/wp\/v2\/pages\/330\/revisions\/2853"}],"up":[{"embeddable":true,"href":"https:\/\/blogsaverroes.juntadeandalucia.es\/ceipnavasdetolosa\/wp-json\/wp\/v2\/pages\/113"}],"wp:attachment":[{"href":"https:\/\/blogsaverroes.juntadeandalucia.es\/ceipnavasdetolosa\/wp-json\/wp\/v2\/media?parent=330"}],"curies":[{"name":"wp","href":"https:\/\/api.w.org\/{rel}","templated":true}]}}