{"id":42,"date":"2015-03-13T08:40:47","date_gmt":"2015-03-13T08:40:47","guid":{"rendered":"http:\/\/blogsaverroes.juntadeandalucia.es\/pre\/ceip\/?page_id=42"},"modified":"2024-02-10T13:05:40","modified_gmt":"2024-02-10T13:05:40","slug":"contacto","status":"publish","type":"page","link":"https:\/\/blogsaverroes.juntadeandalucia.es\/ceipnavasdetolosa\/contacto\/","title":{"rendered":"CONTACTO"},"content":{"rendered":"<div class=\"banner-wrap\">\n<div class=\"wsite-elements wsite-not-footer wsite-header-elements\">\n<div class=\"wsite-section-wrap\">\n<div class=\"wsite-section wsite-header-section wsite-section-bg-image\">\n<div class=\"wsite-section-content\">\n<div class=\"container\">\n<div class=\"banner\">\n<div class=\"wsite-section-elements\">\n<h2 class=\"wsite-content-title\" style=\"text-align: center\">CONTACTA CON EL CENTRO<\/h2>\n<h2 class=\"wsite-content-title\" style=\"text-align: center\">\u00bfQUIERES VISITARNOS?<\/h2>\n<\/div>\n<\/div>\n<\/div>\n<\/div>\n<\/div>\n<\/div>\n<\/div>\n<\/div>\n<div class=\"main-wrap\">\n<div id=\"wsite-content\" class=\"wsite-elements wsite-not-footer\">\n<div class=\"wsite-section-wrap\">\n<div class=\"wsite-section wsite-body-section wsite-background-1\">\n<div class=\"wsite-section-content\">\n<div class=\"container\">\n<div class=\"wsite-section-elements\">\n<div class=\"paragraph\"><span style=\"font-size: large\">Si estas pensando en matricular a tu hijo o hija en nuestro Centro o simplemente quieres saber m\u00e1s sobre c\u00f3mo trabajamos, en esta p\u00e1gina te ofrecemos una gran cantidad de formas para que nos conozcas. En nuestro Centro las puertas est\u00e1n abiertas para cualquier consulta, visitar las instalaciones y comprobar in situ toda la informaci\u00f3n.&nbsp;&nbsp;<\/span><\/div>\n<\/div>\n<\/div>\n<div><a href=\"https:\/\/blogsaverroes.juntadeandalucia.es\/ceipnavasdetolosa\/files\/2021\/07\/Escudo.jpg\"><img loading=\"lazy\" decoding=\"async\" class=\"wp-image-2218 aligncenter\" src=\"https:\/\/blogsaverroes.juntadeandalucia.es\/ceipnavasdetolosa\/files\/2021\/07\/Escudo-300x293.jpg\" alt=\"\" width=\"112\" height=\"109\" srcset=\"https:\/\/blogsaverroes.juntadeandalucia.es\/ceipnavasdetolosa\/files\/2021\/07\/Escudo-300x293.jpg 300w, https:\/\/blogsaverroes.juntadeandalucia.es\/ceipnavasdetolosa\/files\/2021\/07\/Escudo-1024x1002.jpg 1024w, https:\/\/blogsaverroes.juntadeandalucia.es\/ceipnavasdetolosa\/files\/2021\/07\/Escudo-768x751.jpg 768w, https:\/\/blogsaverroes.juntadeandalucia.es\/ceipnavasdetolosa\/files\/2021\/07\/Escudo-1536x1503.jpg 1536w, https:\/\/blogsaverroes.juntadeandalucia.es\/ceipnavasdetolosa\/files\/2021\/07\/Escudo-2048x2004.jpg 2048w, https:\/\/blogsaverroes.juntadeandalucia.es\/ceipnavasdetolosa\/files\/2021\/07\/Escudo.jpg 1600w\" sizes=\"(max-width: 112px) 100vw, 112px\" \/><\/a><\/div>\n<div class=\"container\">\n<div class=\"wsite-section-elements\">\n<div>&nbsp;<\/div>\n<div class=\"paragraph\" style=\"text-align: center\"><span style=\"font-size: xx-large\">UBICACI\u00d3N<\/span><\/div>\n<div>\n<div class=\"wsite-multicol\">\n<div class=\"wsite-multicol-table-wrap\">\n<table class=\"wsite-multicol-table\">\n<tbody class=\"wsite-multicol-tbody\">\n<tr class=\"wsite-multicol-tr\">\n<td class=\"wsite-multicol-col\">\n<div class=\"paragraph\">\n<p>\u200bEl centro se encuentra en la la localidad de Navas de Tolosa, pedan\u00eda situada a tres kil\u00f3metros de La Carolina. Tenemos un entorno privilegiado en medio de la naturaleza, con unas vistas impresionantes de la zona.&nbsp;<br \/>\nNos encontramos en la&nbsp;<strong>\u200bCalle \u00c1lamos s\/n, <\/strong>siendo muy sencillo localizarnos al encontrarnos en la parte m\u00e1s alta del pueblo.&nbsp;<br \/>\nLa localidad de Navas de Tolosa, est\u00e1 muy bien comunicada por carretera, ya que la Autov\u00eda del Sur, A4, discurre cercana. Adem\u00e1s, la carretera que une La Carolina con Guadix, comunica nuestro pueblo con la comarca de &#8220;El Condado&#8221; y &#8220;La Loma&#8221;.&nbsp;<br \/>\n\u200b<\/p>\n<\/div>\n<\/td>\n<\/tr>\n<\/tbody>\n<\/table>\n<h2><a href=\"https:\/\/blogsaverroes.juntadeandalucia.es\/ceipnavasdetolosa\/files\/2021\/07\/Escudo.jpg\"><img loading=\"lazy\" decoding=\"async\" class=\"wp-image-2218 aligncenter\" src=\"https:\/\/blogsaverroes.juntadeandalucia.es\/ceipnavasdetolosa\/files\/2021\/07\/Escudo-300x293.jpg\" alt=\"\" width=\"112\" height=\"109\" srcset=\"https:\/\/blogsaverroes.juntadeandalucia.es\/ceipnavasdetolosa\/files\/2021\/07\/Escudo-300x293.jpg 300w, https:\/\/blogsaverroes.juntadeandalucia.es\/ceipnavasdetolosa\/files\/2021\/07\/Escudo-1024x1002.jpg 1024w, https:\/\/blogsaverroes.juntadeandalucia.es\/ceipnavasdetolosa\/files\/2021\/07\/Escudo-768x751.jpg 768w, https:\/\/blogsaverroes.juntadeandalucia.es\/ceipnavasdetolosa\/files\/2021\/07\/Escudo-1536x1503.jpg 1536w, https:\/\/blogsaverroes.juntadeandalucia.es\/ceipnavasdetolosa\/files\/2021\/07\/Escudo-2048x2004.jpg 2048w, https:\/\/blogsaverroes.juntadeandalucia.es\/ceipnavasdetolosa\/files\/2021\/07\/Escudo.jpg 1600w\" sizes=\"(max-width: 112px) 100vw, 112px\" \/><\/a><\/h2>\n<h2 class=\"wsite-content-title\" style=\"text-align: center\">DATOS DE CONTACTO<\/h2>\n<div class=\"paragraph\">\n<ul>\n<li>TEL\u00c9FONO FIJO: 953609949&nbsp;<\/li>\n<li>TEL\u00c9FONO M\u00d3VIL: 671566402 (Tambi\u00e9n WhatsApp) &#8211; En horario de 9:00 a 14:00 de lunes a viernes. Lunes de 16:00 a 19:00<\/li>\n<li>CORREO ELECTR\u00d3NICO: 23001299.edu@juntadeandalucia.es<\/li>\n<li>DIRECCI\u00d3N: C\/ \u00c1lamos s\/n, 23212 Navas de Tolosa (Ja\u00e9n)<\/li>\n<\/ul>\n<\/div>\n<\/div>\n<p><a href=\"https:\/\/blogsaverroes.juntadeandalucia.es\/ceipnavasdetolosa\/files\/2021\/07\/Escudo.jpg\"><img loading=\"lazy\" decoding=\"async\" class=\"wp-image-2218 aligncenter\" src=\"https:\/\/blogsaverroes.juntadeandalucia.es\/ceipnavasdetolosa\/files\/2021\/07\/Escudo-300x293.jpg\" alt=\"\" width=\"112\" height=\"109\" srcset=\"https:\/\/blogsaverroes.juntadeandalucia.es\/ceipnavasdetolosa\/files\/2021\/07\/Escudo-300x293.jpg 300w, https:\/\/blogsaverroes.juntadeandalucia.es\/ceipnavasdetolosa\/files\/2021\/07\/Escudo-1024x1002.jpg 1024w, https:\/\/blogsaverroes.juntadeandalucia.es\/ceipnavasdetolosa\/files\/2021\/07\/Escudo-768x751.jpg 768w, https:\/\/blogsaverroes.juntadeandalucia.es\/ceipnavasdetolosa\/files\/2021\/07\/Escudo-1536x1503.jpg 1536w, https:\/\/blogsaverroes.juntadeandalucia.es\/ceipnavasdetolosa\/files\/2021\/07\/Escudo-2048x2004.jpg 2048w, https:\/\/blogsaverroes.juntadeandalucia.es\/ceipnavasdetolosa\/files\/2021\/07\/Escudo.jpg 1600w\" sizes=\"(max-width: 112px) 100vw, 112px\" \/><\/a><\/p>\n<div class=\"wsite-multicol-table-wrap\">\n<div class=\"paragraph\">\n<h2 class=\"wsite-content-title\" style=\"text-align: center\">REDES SOCIALES<\/h2>\n<p>Somos un centro muy activo en redes sociales, disponiendo de perfil en Twitter, Facebook, Instagram y un Canal de YouTube. La idea es mantener puntualmente informada a la Comunidad Educativa de todo lo que acontece en el centro y a la vez dar a conocer nuestras tareas docentes al resto del mundo. Gracias a las redes acercamos el centro a las familias utilizando un lenguaje actual, acorde al mundo en que vivimos. Durante este curso, como novedad, hemos introducido los DIRECTOS DE FACEBOOK, que permiten a nuestros amigos y amigas en la red, asistir a las actividades complementarias que en nuestro centro se realicen: actuaciones, salidas, visitas, charlas&#8230;siempre siguiendo las directrices de la Ley Org\u00e1nica de Protecci\u00f3n de Datos.<\/p>\n<ul>\n<li>Twitter: https:\/\/twitter.com\/comunidadnavas1<\/li>\n<li>Facebook: https:\/\/www.facebook.com\/ceipnavasdetolosa.lacarolina.9<\/li>\n<li>Instagram: https:\/\/www.instagram.com\/comunidadnavasdt\/?hl=es<\/li>\n<li>Youtube: https:\/\/www.youtube.com\/channel\/UCVJ65z_N0AxF-v97H8dxRgw?view_as=subscriber<\/li>\n<\/ul>\n<p><a href=\"https:\/\/blogsaverroes.juntadeandalucia.es\/ceipnavasdetolosa\/files\/2021\/07\/Escudo.jpg\"><img loading=\"lazy\" decoding=\"async\" class=\"wp-image-2218 aligncenter\" src=\"https:\/\/blogsaverroes.juntadeandalucia.es\/ceipnavasdetolosa\/files\/2021\/07\/Escudo-300x293.jpg\" alt=\"\" width=\"112\" height=\"109\" srcset=\"https:\/\/blogsaverroes.juntadeandalucia.es\/ceipnavasdetolosa\/files\/2021\/07\/Escudo-300x293.jpg 300w, https:\/\/blogsaverroes.juntadeandalucia.es\/ceipnavasdetolosa\/files\/2021\/07\/Escudo-1024x1002.jpg 1024w, https:\/\/blogsaverroes.juntadeandalucia.es\/ceipnavasdetolosa\/files\/2021\/07\/Escudo-768x751.jpg 768w, https:\/\/blogsaverroes.juntadeandalucia.es\/ceipnavasdetolosa\/files\/2021\/07\/Escudo-1536x1503.jpg 1536w, https:\/\/blogsaverroes.juntadeandalucia.es\/ceipnavasdetolosa\/files\/2021\/07\/Escudo-2048x2004.jpg 2048w, https:\/\/blogsaverroes.juntadeandalucia.es\/ceipnavasdetolosa\/files\/2021\/07\/Escudo.jpg 1600w\" sizes=\"(max-width: 112px) 100vw, 112px\" \/><\/a><\/p>\n<h2 class=\"wsite-content-title\" style=\"text-align: center\">IPASEN<\/h2>\n<p>Accede a las calificaciones de tu hijo\/a o los datos de asistencia, actualiza su perfil y su foto, modifica tu domicilio, firma autorizaciones o comun\u00edcate con el profesorado a trav\u00e9s de iPasen, la aplicaci\u00f3n para familias que pone a nuestra disposici\u00f3n la Junta de Andaluc\u00eda. Trimestralmente, el director imparte sesiones formativas sobre iPasen. Hasta la pr\u00f3xima reuni\u00f3n, el siguiente v\u00eddeo te puede aclarar algunas dudas sobre el acceso a la aplicaci\u00f3n y c\u00f3mo realizar el autologin.<\/p>\n<p style=\"text-align: center\"><iframe loading=\"lazy\" src=\"\/\/www.youtube.com\/embed\/3z6eWjQWnuc\" width=\"560\" height=\"314\"><\/iframe><\/p>\n<p>&nbsp;<\/p>\n<p>&nbsp;<\/p>\n<\/div>\n<\/div>\n<\/div>\n<\/div>\n<\/div>\n<\/div>\n<\/div>\n<\/div>\n<\/div>\n<\/div>\n<\/div>\n","protected":false},"excerpt":{"rendered":"<p>CONTACTA CON EL CENTRO \u00bfQUIERES VISITARNOS? Si estas pensando en matricular a tu hijo o hija en nuestro Centro o simplemente quieres saber m\u00e1s sobre c\u00f3mo trabajamos, en esta p\u00e1gina te ofrecemos una gran&#46;&#46;&#46;<\/p>\n","protected":false},"author":1,"featured_media":0,"parent":0,"menu_order":0,"comment_status":"closed","ping_status":"open","template":"","meta":{"ngg_post_thumbnail":0,"footnotes":"","_mc_calendar":[]},"aioseo_notices":[],"_links":{"self":[{"href":"https:\/\/blogsaverroes.juntadeandalucia.es\/ceipnavasdetolosa\/wp-json\/wp\/v2\/pages\/42"}],"collection":[{"href":"https:\/\/blogsaverroes.juntadeandalucia.es\/ceipnavasdetolosa\/wp-json\/wp\/v2\/pages"}],"about":[{"href":"https:\/\/blogsaverroes.juntadeandalucia.es\/ceipnavasdetolosa\/wp-json\/wp\/v2\/types\/page"}],"author":[{"embeddable":true,"href":"https:\/\/blogsaverroes.juntadeandalucia.es\/ceipnavasdetolosa\/wp-json\/wp\/v2\/users\/1"}],"replies":[{"embeddable":true,"href":"https:\/\/blogsaverroes.juntadeandalucia.es\/ceipnavasdetolosa\/wp-json\/wp\/v2\/comments?post=42"}],"version-history":[{"count":9,"href":"https:\/\/blogsaverroes.juntadeandalucia.es\/ceipnavasdetolosa\/wp-json\/wp\/v2\/pages\/42\/revisions"}],"predecessor-version":[{"id":3091,"href":"https:\/\/blogsaverroes.juntadeandalucia.es\/ceipnavasdetolosa\/wp-json\/wp\/v2\/pages\/42\/revisions\/3091"}],"wp:attachment":[{"href":"https:\/\/blogsaverroes.juntadeandalucia.es\/ceipnavasdetolosa\/wp-json\/wp\/v2\/media?parent=42"}],"curies":[{"name":"wp","href":"https:\/\/api.w.org\/{rel}","templated":true}]}}