{"id":870,"date":"2015-03-16T07:24:27","date_gmt":"2015-03-16T07:24:27","guid":{"rendered":"http:\/\/blogsaverroes.juntadeandalucia.es\/pre\/ceip\/?page_id=103"},"modified":"2023-10-19T14:59:15","modified_gmt":"2023-10-19T14:59:15","slug":"pale","status":"publish","type":"page","link":"https:\/\/blogsaverroes.juntadeandalucia.es\/ceipnavasdetolosa\/pale\/","title":{"rendered":"PREX: Programa de Refuerzo de Lengua Extranjera"},"content":{"rendered":"<div>\n<h4>En qu\u00e9 consiste<\/h4>\n<p>Apoyo al alumnado en lengua extranjera para centros docentes que no son biling\u00fces. Consiste en clases de refuerzo fuera del horario lectivo dentro del propio centro.<\/p>\n<h4>Objetivos<\/h4>\n<ul>\n<li>Reforzar el aprendizaje de la primera lengua extranjera.<\/li>\n<li>Incidir en la comprensi\u00f3n auditiva y expresi\u00f3n e interacci\u00f3n oral desde edades tempranas en aquellos centros docentes p\u00fablicos de Educaci\u00f3n Primaria que no<br \/>\nimparten ense\u00f1anza biling\u00fce.<\/li>\n<li>Mejorar la competencia comunicativa del alumnado en dicha lengua.<\/li>\n<li>Aproximar al alumnado a la realidad pluriling\u00fce de un mundo globalizado.<\/li>\n<\/ul>\n<h4>A qui\u00e9n va dirigido<\/h4>\n<p>Al alumnado de centros docentes sostenidos con fondos p\u00fablicos que impartan ense\u00f1anzas de 1\u00ba a 3\u00ba de Educaci\u00f3n Primaria.<\/p>\n<h4>C\u00f3mo se participa<\/h4>\n<p>Una vez comunicado y aprobado por el Claustro y Consejo Escolar, el equipo docente selecciona al alumnado potencial e invita a los tutores legales a que participen. La coordinaci\u00f3n del Programa cumplimenta los apartados del Proyecto a trav\u00e9s del Sistema de Informaci\u00f3n S\u00e9neca.<\/p>\n<h4>Qu\u00e9 actividades se pueden realizar<\/h4>\n<p>Clases de lengua extranjera de apoyo curricular en formato de talleres coordinadas con los respectivos equipos docentes.<\/p>\n<\/div>\n<div class=\"separacionCapas\">&nbsp;<\/div>\n","protected":false},"excerpt":{"rendered":"<p>En qu\u00e9 consiste Apoyo al alumnado en lengua extranjera para centros docentes que no son biling\u00fces. Consiste en clases de refuerzo fuera del horario lectivo dentro del propio centro. Objetivos Reforzar el aprendizaje de&#46;&#46;&#46;<\/p>\n","protected":false},"author":1,"featured_media":0,"parent":0,"menu_order":0,"comment_status":"closed","ping_status":"open","template":"","meta":{"ngg_post_thumbnail":0,"footnotes":"","_mc_calendar":[]},"aioseo_notices":[],"_links":{"self":[{"href":"https:\/\/blogsaverroes.juntadeandalucia.es\/ceipnavasdetolosa\/wp-json\/wp\/v2\/pages\/870"}],"collection":[{"href":"https:\/\/blogsaverroes.juntadeandalucia.es\/ceipnavasdetolosa\/wp-json\/wp\/v2\/pages"}],"about":[{"href":"https:\/\/blogsaverroes.juntadeandalucia.es\/ceipnavasdetolosa\/wp-json\/wp\/v2\/types\/page"}],"author":[{"embeddable":true,"href":"https:\/\/blogsaverroes.juntadeandalucia.es\/ceipnavasdetolosa\/wp-json\/wp\/v2\/users\/1"}],"replies":[{"embeddable":true,"href":"https:\/\/blogsaverroes.juntadeandalucia.es\/ceipnavasdetolosa\/wp-json\/wp\/v2\/comments?post=870"}],"version-history":[{"count":10,"href":"https:\/\/blogsaverroes.juntadeandalucia.es\/ceipnavasdetolosa\/wp-json\/wp\/v2\/pages\/870\/revisions"}],"predecessor-version":[{"id":3022,"href":"https:\/\/blogsaverroes.juntadeandalucia.es\/ceipnavasdetolosa\/wp-json\/wp\/v2\/pages\/870\/revisions\/3022"}],"wp:attachment":[{"href":"https:\/\/blogsaverroes.juntadeandalucia.es\/ceipnavasdetolosa\/wp-json\/wp\/v2\/media?parent=870"}],"curies":[{"name":"wp","href":"https:\/\/api.w.org\/{rel}","templated":true}]}}