{"id":99,"date":"2015-03-16T07:22:54","date_gmt":"2015-03-16T07:22:54","guid":{"rendered":"http:\/\/blogsaverroes.juntadeandalucia.es\/pre\/ceip\/?page_id=99"},"modified":"2023-10-19T15:18:39","modified_gmt":"2023-10-19T15:18:39","slug":"parcep","status":"publish","type":"page","link":"https:\/\/blogsaverroes.juntadeandalucia.es\/ceipnavasdetolosa\/parcep\/","title":{"rendered":"PROA: Programa de Refuerzo, Orientaci\u00f3n y Apoyo"},"content":{"rendered":"<h4>En qu\u00e9 consiste<\/h4>\n<p>PROA Andaluc\u00eda se concibe como un conjunto de actuaciones dirigidas a mejorar el grado de adquisici\u00f3n de las competencias clave y la motivaci\u00f3n del alumnado con necesidades espec\u00edficas de apoyo educativo por precisar acciones de car\u00e1cter compensatorio, que en el caso del alumnado de origen extranjero, adem\u00e1s, pretenden conseguir un nivel adecuado de uso del espa\u00f1ol como lengua vehicular.<\/p>\n<h4>Objetivos<\/h4>\n<ul>\n<li>Evitar el riesgo de abandono temprano del Sistema Educativo.<\/li>\n<li>Complementar las acciones encaminadas a la mejora del \u00e9xito escolar, que se desarrollan en los centros docentes p\u00fablicos andaluces.<\/li>\n<li>Existen cinco actuaciones: I. Plan de Apoyo y Refuerzo en Centros de Educaci\u00f3n Primaria (PARCEP). II. Plan de Apoyo y Refuerzo en Centros de Educaci\u00f3n Secundaria (PARCES). III. Acompa\u00f1amiento Escolar. IV. Acompa\u00f1amiento Escolar Domiciliario. V. Acompa\u00f1amiento Ling\u00fc\u00edstico para Alumnado Inmigrante.<\/li>\n<\/ul>\n<h4>A qui\u00e9n va dirigido<\/h4>\n<p>Al alumnado escolarizado en aquellos centros p\u00fablicos dependientes de la Consejer\u00eda de DE y FP de la Junta de Andaluc\u00eda que impartan las ense\u00f1anzas de Educaci\u00f3n Primaria y Educaci\u00f3n Secundaria Obligatoria. Asimismo, podr\u00e1 adscribirse al Programa aquel alumnado escolarizado en los centros docentes privados sostenidos con fondos p\u00fablicos.<\/p>\n<h4>C\u00f3mo se participa<\/h4>\n<p>Los centros solicitar\u00e1n su participaci\u00f3n en el PROA Andaluc\u00eda a trav\u00e9s del Sistema de Informaci\u00f3n S\u00e9neca, especificando las actuaciones, as\u00ed como el n\u00famero de grupos, horas y modalidad seg\u00fan corresponda.<\/p>\n<h4>Qu\u00e9 actividades se pueden realizar<\/h4>\n<p>Actividades dirigidas a mejorar la adquisici\u00f3n de las competencias clave del alumnado con necesidades espec\u00edficas de apoyo educativo que precisa acciones de car\u00e1cter compensatorio.<\/p>\n","protected":false},"excerpt":{"rendered":"<p>En qu\u00e9 consiste PROA Andaluc\u00eda se concibe como un conjunto de actuaciones dirigidas a mejorar el grado de adquisici\u00f3n de las competencias clave y la motivaci\u00f3n del alumnado con necesidades espec\u00edficas de apoyo educativo&#46;&#46;&#46;<\/p>\n","protected":false},"author":1,"featured_media":0,"parent":0,"menu_order":0,"comment_status":"closed","ping_status":"open","template":"","meta":{"ngg_post_thumbnail":0,"footnotes":"","_mc_calendar":[]},"aioseo_notices":[],"_links":{"self":[{"href":"https:\/\/blogsaverroes.juntadeandalucia.es\/ceipnavasdetolosa\/wp-json\/wp\/v2\/pages\/99"}],"collection":[{"href":"https:\/\/blogsaverroes.juntadeandalucia.es\/ceipnavasdetolosa\/wp-json\/wp\/v2\/pages"}],"about":[{"href":"https:\/\/blogsaverroes.juntadeandalucia.es\/ceipnavasdetolosa\/wp-json\/wp\/v2\/types\/page"}],"author":[{"embeddable":true,"href":"https:\/\/blogsaverroes.juntadeandalucia.es\/ceipnavasdetolosa\/wp-json\/wp\/v2\/users\/1"}],"replies":[{"embeddable":true,"href":"https:\/\/blogsaverroes.juntadeandalucia.es\/ceipnavasdetolosa\/wp-json\/wp\/v2\/comments?post=99"}],"version-history":[{"count":8,"href":"https:\/\/blogsaverroes.juntadeandalucia.es\/ceipnavasdetolosa\/wp-json\/wp\/v2\/pages\/99\/revisions"}],"predecessor-version":[{"id":3023,"href":"https:\/\/blogsaverroes.juntadeandalucia.es\/ceipnavasdetolosa\/wp-json\/wp\/v2\/pages\/99\/revisions\/3023"}],"wp:attachment":[{"href":"https:\/\/blogsaverroes.juntadeandalucia.es\/ceipnavasdetolosa\/wp-json\/wp\/v2\/media?parent=99"}],"curies":[{"name":"wp","href":"https:\/\/api.w.org\/{rel}","templated":true}]}}