{"id":2191,"date":"2020-01-17T21:57:25","date_gmt":"2020-01-17T21:57:25","guid":{"rendered":"https:\/\/blogsaverroes.juntadeandalucia.es\/ceipnelsonmandela\/?page_id=2191"},"modified":"2023-01-19T23:20:51","modified_gmt":"2023-01-19T23:20:51","slug":"noticias-erasmus-plus","status":"publish","type":"page","link":"https:\/\/blogsaverroes.juntadeandalucia.es\/ceipnelsonmandela\/erasmus-plus\/noticias-erasmus-plus\/","title":{"rendered":"Noticias Erasmus Plus"},"content":{"rendered":"<p><strong>Colaboraciones con la UCO (Universidad de C\u00f3rdoba)<\/strong><\/p>\n<p>Nuestro centro colabora con la UCO, en un proyecto Erasmus+ llamado DICO+ y que lidera la Universidad de la Breta\u00f1a francesa Occidental.<\/p>\n<p>Adem\u00e1s de Espa\u00f1a, colaboran otros pa\u00edses europeos como Pa\u00edses Bajos, Lituania, Hungr\u00eda, Francia, Italia y Ruman\u00eda.<\/p>\n<p>Este proyecto tiene como objetivos fundamentales reducir el abandono escolar y aumentar la integraci\u00f3n social del alumnado a trav\u00e9s de la implementaci\u00f3n de una metodolog\u00eda de trabajo basada en \u201ccooperative learning\u201d (trabajo cooperativo), la cual se basa en la realizaci\u00f3n de un trabajo en equipo y cooperando para poder alcanzar un objetivo com\u00fan.<\/p>\n<p>El curso 2018\/19 comenz\u00f3 la experiencia piloto en nuestro centro con un grupo de alumnos\/as de tercero de primaria, en el \u00e1rea de ingl\u00e9s. Fueron grabadas sus sesiones y expuestas posteriormente en un encuentro realizado en la Universidad de Vilna (Lituania)<\/p>\n<p>&nbsp;<\/p>\n<p><img loading=\"lazy\" decoding=\"async\" class=\"aligncenter size-full wp-image-2977\" src=\"https:\/\/blogsaverroes.juntadeandalucia.es\/ceipnelsonmandela\/files\/2020\/06\/IMG_5218.jpg\" alt=\"\" width=\"1600\" height=\"1200\" srcset=\"https:\/\/blogsaverroes.juntadeandalucia.es\/ceipnelsonmandela\/files\/2020\/06\/IMG_5218.jpg 1600w, https:\/\/blogsaverroes.juntadeandalucia.es\/ceipnelsonmandela\/files\/2020\/06\/IMG_5218-300x225.jpg 300w, https:\/\/blogsaverroes.juntadeandalucia.es\/ceipnelsonmandela\/files\/2020\/06\/IMG_5218-768x576.jpg 768w, https:\/\/blogsaverroes.juntadeandalucia.es\/ceipnelsonmandela\/files\/2020\/06\/IMG_5218-1024x768.jpg 1024w, https:\/\/blogsaverroes.juntadeandalucia.es\/ceipnelsonmandela\/files\/2020\/06\/IMG_5218-24x18.jpg 24w, https:\/\/blogsaverroes.juntadeandalucia.es\/ceipnelsonmandela\/files\/2020\/06\/IMG_5218-36x27.jpg 36w, https:\/\/blogsaverroes.juntadeandalucia.es\/ceipnelsonmandela\/files\/2020\/06\/IMG_5218-48x36.jpg 48w\" sizes=\"(max-width: 1600px) 100vw, 1600px\" \/><\/p>\n<p><img loading=\"lazy\" decoding=\"async\" class=\"aligncenter size-full wp-image-2979\" src=\"https:\/\/blogsaverroes.juntadeandalucia.es\/ceipnelsonmandela\/files\/2020\/06\/IMG_5253.jpg\" alt=\"\" width=\"1600\" height=\"1200\" srcset=\"https:\/\/blogsaverroes.juntadeandalucia.es\/ceipnelsonmandela\/files\/2020\/06\/IMG_5253.jpg 1600w, https:\/\/blogsaverroes.juntadeandalucia.es\/ceipnelsonmandela\/files\/2020\/06\/IMG_5253-300x225.jpg 300w, https:\/\/blogsaverroes.juntadeandalucia.es\/ceipnelsonmandela\/files\/2020\/06\/IMG_5253-768x576.jpg 768w, https:\/\/blogsaverroes.juntadeandalucia.es\/ceipnelsonmandela\/files\/2020\/06\/IMG_5253-1024x768.jpg 1024w, https:\/\/blogsaverroes.juntadeandalucia.es\/ceipnelsonmandela\/files\/2020\/06\/IMG_5253-24x18.jpg 24w, https:\/\/blogsaverroes.juntadeandalucia.es\/ceipnelsonmandela\/files\/2020\/06\/IMG_5253-36x27.jpg 36w, https:\/\/blogsaverroes.juntadeandalucia.es\/ceipnelsonmandela\/files\/2020\/06\/IMG_5253-48x36.jpg 48w\" sizes=\"(max-width: 1600px) 100vw, 1600px\" \/><\/p>\n<p>Nuestra profesora Cristina Mu\u00f1oz Aranda present\u00f3 en Vilna nuestra experiencia piloto.<\/p>\n<p>El siguiente enlace es un v\u00eddeo de la experiencia en nuestro colegio.<\/p>\n<p><a href=\"https:\/\/drive.google.com\/file\/d\/1mCAnnzkZY5fwqtBXUhAip8V3OSFVBZFz\/view?usp=sharing\">https:\/\/drive.google.com\/file\/d\/1mCAnnzkZY5fwqtBXUhAip8V3OSFVBZFz\/view?usp=sharing<\/a><\/p>\n<p><img loading=\"lazy\" decoding=\"async\" class=\"aligncenter size-full wp-image-2978\" src=\"https:\/\/blogsaverroes.juntadeandalucia.es\/ceipnelsonmandela\/files\/2020\/06\/IMG_5240.jpg\" alt=\"\" width=\"1600\" height=\"1200\" srcset=\"https:\/\/blogsaverroes.juntadeandalucia.es\/ceipnelsonmandela\/files\/2020\/06\/IMG_5240.jpg 1600w, https:\/\/blogsaverroes.juntadeandalucia.es\/ceipnelsonmandela\/files\/2020\/06\/IMG_5240-300x225.jpg 300w, https:\/\/blogsaverroes.juntadeandalucia.es\/ceipnelsonmandela\/files\/2020\/06\/IMG_5240-768x576.jpg 768w, https:\/\/blogsaverroes.juntadeandalucia.es\/ceipnelsonmandela\/files\/2020\/06\/IMG_5240-1024x768.jpg 1024w, https:\/\/blogsaverroes.juntadeandalucia.es\/ceipnelsonmandela\/files\/2020\/06\/IMG_5240-24x18.jpg 24w, https:\/\/blogsaverroes.juntadeandalucia.es\/ceipnelsonmandela\/files\/2020\/06\/IMG_5240-36x27.jpg 36w, https:\/\/blogsaverroes.juntadeandalucia.es\/ceipnelsonmandela\/files\/2020\/06\/IMG_5240-48x36.jpg 48w\" sizes=\"(max-width: 1600px) 100vw, 1600px\" \/><\/p>\n<p><img loading=\"lazy\" decoding=\"async\" class=\"aligncenter size-full wp-image-2976\" src=\"https:\/\/blogsaverroes.juntadeandalucia.es\/ceipnelsonmandela\/files\/2020\/06\/FJNF7490.jpg\" alt=\"\" width=\"1600\" height=\"1200\" srcset=\"https:\/\/blogsaverroes.juntadeandalucia.es\/ceipnelsonmandela\/files\/2020\/06\/FJNF7490.jpg 1600w, https:\/\/blogsaverroes.juntadeandalucia.es\/ceipnelsonmandela\/files\/2020\/06\/FJNF7490-300x225.jpg 300w, https:\/\/blogsaverroes.juntadeandalucia.es\/ceipnelsonmandela\/files\/2020\/06\/FJNF7490-768x576.jpg 768w, https:\/\/blogsaverroes.juntadeandalucia.es\/ceipnelsonmandela\/files\/2020\/06\/FJNF7490-1024x768.jpg 1024w, https:\/\/blogsaverroes.juntadeandalucia.es\/ceipnelsonmandela\/files\/2020\/06\/FJNF7490-24x18.jpg 24w, https:\/\/blogsaverroes.juntadeandalucia.es\/ceipnelsonmandela\/files\/2020\/06\/FJNF7490-36x27.jpg 36w, https:\/\/blogsaverroes.juntadeandalucia.es\/ceipnelsonmandela\/files\/2020\/06\/FJNF7490-48x36.jpg 48w\" sizes=\"(max-width: 1600px) 100vw, 1600px\" \/><\/p>\n<p>&nbsp;<\/p>\n<p>Estas son unas fotograf\u00edas de la experiencia en uno de los centros educativos de primaria en Vilna (Lituania) y las profesoras responsables del proyecto DICO+: Elena G\u00f3mez Parra y Cristina Huertas.<\/p>\n<p>Para el curso 2019\/20 estaba prevista la grabaci\u00f3n de la segunda experiencia , con el mismo grupo de alumnos\/as, para el mes de marzo. Esta experiencia iba a ser expuesta en la \u201cInspectoratul Scolar Judetean Botosani\u201den la ciudad de &nbsp;Botosani (Rumania), pero dada la emergencia sanitaria que estamos viviendo, se tuvo que postponer.<\/p>\n<p><strong>Intervenci\u00f3n en la Facultad de Ciencias de la Educaci\u00f3n<\/strong><\/p>\n<p>En octubre del 2019 se realiz\u00f3 una exposici\u00f3n a un grupo de alumnado de 4\u00ba grado de Magisterio c\u00f3mo enfoc\u00e1bamos la ense\u00f1anza biling\u00fce en nuestro centro.&nbsp;<\/p>\n<p><strong>V Congreso sobre Educaci\u00f3n Biling\u00fce<\/strong><\/p>\n<p>Nuestro proyecto &nbsp;Erasmus+ se present\u00f3 en el V Congreso Internacional sobre Educaci\u00f3n Biling\u00fce organizado por la UCO . Este congreso tuvo lugar entre los d\u00edas 12, 13, 14 y 15 de noviembre 2019. All\u00ed se explic\u00f3 a estudiantes, profesores y dem\u00e1s personas interesadas y relacionadas con este tema, &nbsp;de diferentes puntos del mundo, en qu\u00e9 consist\u00eda nuestro proyecto, c\u00f3mo surgi\u00f3, cu\u00e1les eran nuestros objetivos y c\u00f3mo el hecho de embarcarse en proyectos de este calibre proporcionan a la Comunidad Educativa la posibilidad de conocer otros modelos educativos que acaban enriqueciendo no solo nuestra pr\u00e1ctica educativa diaria sino tambi\u00e9n nuestro concepto de globalizaci\u00f3n y de acercamiento a otras culturas y estilos de vida.<\/p>\n<p><a href=\"https:\/\/blogsaverroes.juntadeandalucia.es\/ceipnelsonmandela\/files\/2020\/06\/SXPT0719-2.jpg\"><img loading=\"lazy\" decoding=\"async\" class=\"wp-image-2980 aligncenter\" src=\"https:\/\/blogsaverroes.juntadeandalucia.es\/ceipnelsonmandela\/files\/2020\/06\/SXPT0719-2-300x225.jpg\" alt=\"\" width=\"322\" height=\"241\" srcset=\"https:\/\/blogsaverroes.juntadeandalucia.es\/ceipnelsonmandela\/files\/2020\/06\/SXPT0719-2-300x225.jpg 300w, https:\/\/blogsaverroes.juntadeandalucia.es\/ceipnelsonmandela\/files\/2020\/06\/SXPT0719-2-768x576.jpg 768w, https:\/\/blogsaverroes.juntadeandalucia.es\/ceipnelsonmandela\/files\/2020\/06\/SXPT0719-2-1024x768.jpg 1024w, https:\/\/blogsaverroes.juntadeandalucia.es\/ceipnelsonmandela\/files\/2020\/06\/SXPT0719-2-24x18.jpg 24w, https:\/\/blogsaverroes.juntadeandalucia.es\/ceipnelsonmandela\/files\/2020\/06\/SXPT0719-2-36x27.jpg 36w, https:\/\/blogsaverroes.juntadeandalucia.es\/ceipnelsonmandela\/files\/2020\/06\/SXPT0719-2-48x36.jpg 48w, https:\/\/blogsaverroes.juntadeandalucia.es\/ceipnelsonmandela\/files\/2020\/06\/SXPT0719-2.jpg 1600w\" sizes=\"(max-width: 322px) 100vw, 322px\" \/><\/a><\/p>\n<p>&nbsp;<\/p>\n<p><strong>Entrevista en la radio<\/strong><\/p>\n<p>Aqu\u00ed os dejamos la entrevista que nos hicieron sobre nuestro proyecto.<\/p>\n<!--[if lt IE 9]><script>document.createElement('audio');<\/script><![endif]-->\n<audio class=\"wp-audio-shortcode\" id=\"audio-2191-1\" preload=\"none\" style=\"width: 100%;\" controls=\"controls\"><source type=\"audio\/mpeg\" src=\"https:\/\/blogsaverroes.juntadeandalucia.es\/ceipnelsonmandela\/files\/2020\/06\/Entrevista-Erasmus-201-1.mp3?_=1\" \/><a href=\"https:\/\/blogsaverroes.juntadeandalucia.es\/ceipnelsonmandela\/files\/2020\/06\/Entrevista-Erasmus-201-1.mp3\">https:\/\/blogsaverroes.juntadeandalucia.es\/ceipnelsonmandela\/files\/2020\/06\/Entrevista-Erasmus-201-1.mp3<\/a><\/audio>\n<p>&nbsp;<\/p>\n<p><strong>Visita al centro educativo Trafalgar Junior School en Twickenham (Londres)<\/strong><\/p>\n<p>Nuestros profesores Jos\u00e9 Luis Mart\u00ednez Flores y Daniel Garrido Bollo pasaron unos d\u00edas (del 2 al 6 de marzo de 2020) en nuestro centro colaborador del Reino Unido, aprendiendo nuevas t\u00e9cnicas y enriqueciendo sus habilidades ling\u00fc\u00edsticas en ingl\u00e9s.<\/p>\n<p>&nbsp;<\/p>\n<p><img loading=\"lazy\" decoding=\"async\" class=\"aligncenter size-full wp-image-2959\" src=\"https:\/\/blogsaverroes.juntadeandalucia.es\/ceipnelsonmandela\/files\/2020\/06\/trafalgar.jpg\" alt=\"\" width=\"634\" height=\"403\" srcset=\"https:\/\/blogsaverroes.juntadeandalucia.es\/ceipnelsonmandela\/files\/2020\/06\/trafalgar.jpg 634w, https:\/\/blogsaverroes.juntadeandalucia.es\/ceipnelsonmandela\/files\/2020\/06\/trafalgar-300x191.jpg 300w, https:\/\/blogsaverroes.juntadeandalucia.es\/ceipnelsonmandela\/files\/2020\/06\/trafalgar-24x15.jpg 24w, https:\/\/blogsaverroes.juntadeandalucia.es\/ceipnelsonmandela\/files\/2020\/06\/trafalgar-36x23.jpg 36w, https:\/\/blogsaverroes.juntadeandalucia.es\/ceipnelsonmandela\/files\/2020\/06\/trafalgar-48x31.jpg 48w\" sizes=\"(max-width: 634px) 100vw, 634px\" \/><\/p>\n<p><img loading=\"lazy\" decoding=\"async\" class=\"aligncenter size-full wp-image-2960\" src=\"https:\/\/blogsaverroes.juntadeandalucia.es\/ceipnelsonmandela\/files\/2020\/06\/IMG-20200529-WA0018.jpg\" alt=\"\" width=\"1600\" height=\"1200\" srcset=\"https:\/\/blogsaverroes.juntadeandalucia.es\/ceipnelsonmandela\/files\/2020\/06\/IMG-20200529-WA0018.jpg 1600w, https:\/\/blogsaverroes.juntadeandalucia.es\/ceipnelsonmandela\/files\/2020\/06\/IMG-20200529-WA0018-300x225.jpg 300w, https:\/\/blogsaverroes.juntadeandalucia.es\/ceipnelsonmandela\/files\/2020\/06\/IMG-20200529-WA0018-768x576.jpg 768w, https:\/\/blogsaverroes.juntadeandalucia.es\/ceipnelsonmandela\/files\/2020\/06\/IMG-20200529-WA0018-1024x768.jpg 1024w, https:\/\/blogsaverroes.juntadeandalucia.es\/ceipnelsonmandela\/files\/2020\/06\/IMG-20200529-WA0018-24x18.jpg 24w, https:\/\/blogsaverroes.juntadeandalucia.es\/ceipnelsonmandela\/files\/2020\/06\/IMG-20200529-WA0018-36x27.jpg 36w, https:\/\/blogsaverroes.juntadeandalucia.es\/ceipnelsonmandela\/files\/2020\/06\/IMG-20200529-WA0018-48x36.jpg 48w\" sizes=\"(max-width: 1600px) 100vw, 1600px\" \/><\/p>\n<p><strong>Erasmus Plus curso 2020\/2021<\/strong><\/p>\n<p>Debido a la pandemia, durante este curso escolar hemos decidido desarrollar los 3 proyectos e-twinning que quedan recogidos en nuestro Erasmus+, de los cuales \u201cSave our planet\u201d ha sido totalmente desarrollado conjuntamente con otros centros de Turqu\u00eda, Italia y Murcia. Hemos trabajado el clima y los aspectos relacionados con el cambio clim\u00e1tico y los hemos comparado con las zonas de las que son originarios nuestros socios. Hemos realizado concursos de logos, canciones&nbsp; y carteles, y videos de concienciaci\u00f3n. A destacar que tuvimos la ganadora del concurso de logos del proyecto entre nuestras alumnas de 6\u00ba.<\/p>\n<p>En cuanto a los otros 2 proyectos:<\/p>\n<p>\u201cEquality\u201d: ha sido desarrollado parcialmente , en conjunto con un colegio lituano quedando parte del mismo postpuesta para llevarla a cabo el curso pr\u00f3ximo.<\/p>\n<p>\u201cAcross the culture\u201d: Se ha desarrollado parcialmente. En el primer trimestre el alumnado de ambos pa\u00edses grabaron videos present\u00e1ndose en ingl\u00e9s y otro mostrando las distintas estancias de nuestro cole, tambi\u00e9n en ingl\u00e9s. Los socios franceses han realizado presentaciones de su localidad Crandelles y Aurillac, en franc\u00e9s.<\/p>\n<p>En el segundo trimestre y tercero hemos desarrollado un recetario de comidas tradicionales espa\u00f1olas y francesas en ingl\u00e9s 5\u00baA, franc\u00e9s 5\u00baA y espa\u00f1ol 2\u00baA. &nbsp;Los socios franceses nos han enviado un video casero de como se elabora un postre t\u00edpico franc\u00e9s. Queda postpuesta para el curso pr\u00f3ximo la secci\u00f3n dedicada a \u201cHistory\u201d.<\/p>\n<p>En cuanto a las movilidades del proyecto, de las 8 aprobadas, hemos realizado 2 al colegio Trafalgar Junior School en el curso 19\/20. Este curso vamos a realizar otras 2 en el mes de julio, &nbsp;en las que asistiremos a 2 cursos, organizados por la empresa \u201cPilgrim teacher training company\u201d cuya sede est\u00e1 en Inglaterra y Gales pero debido a los protocolos COVID, han trasladado su sede por este a\u00f1o a Par\u00eds, lugar donde se llevar\u00e1n a cabo los cursos (\u00edntegros en ingl\u00e9s. Ambos cursos responden a los objetivos fundamentales de nuestro proyecto: mejorar la competencia ling\u00fc\u00edstica, internacionalizaci\u00f3n del centro y aprendizaje basado en proyectos. Vamos a aprender t\u00e9cnicas metodol\u00f3gicas asociadas a promover la motivaci\u00f3n en el alumnado por el aprendizaje y basadas en la corriente \u201clearning by doing\u201d \u201caprender haciendo\u201d.&nbsp;<\/p>\n<p>Quedar\u00e1n 4 movilidades por realizar, las cuales pretendemos hacer el curso 21\/22. Dos a Finlandia, Una a Francia y una cuarta aun por determinar.<\/p>\n<p>Respecto a las movilidades a Finlandia, con cuyos socios ya nos hemos puesto en contacto y nos han confirmado que, para el pr\u00f3ximo curso, si la evoluci\u00f3n pand\u00e9mica sigue la trayectoria actual, van a desarrollar sus teacher training en oto\u00f1o y mayo. Hemos confirmado, en principio, nuestra participaci\u00f3n y realizaci\u00f3n de las dos actividades de job shadowing para Mayo, las cuales tendr\u00e1n lugar desde el 9 al 13 de dicho mes.<\/p>\n<p><strong>Proyecto DICO+ en curso 2020\/2021<\/strong><\/p>\n<p>Este proyecto est\u00e1 coordinado por la Universidad de la Breta\u00f1a francesa y del cual formamos parte 7 pa\u00edses: Francia, Ruman\u00eda, Pa\u00edses Bajos, Hungr\u00eda, Italia, Lituania y Espa\u00f1a.<\/p>\n<p>En Espa\u00f1a est\u00e1 liderado por la Universidad de C\u00f3rdoba y coordinado por la Doctora y profesora de la UCO M\u00aa Elena G\u00f3mez Parra.<\/p>\n<p>Dicho proyecto consiste en la implementaci\u00f3n de una \u201cLesson Study\u201d. Las \u201cLesson Studies\u201d son unas programaciones de aula nacidas en Jap\u00f3n, que promueven el trabajo cooperativo entre el profesorado a la hora de elaborarlas y del alumnado a la hora de ejecutarlas, es decir, se elaboran por un grupo de profesores\/as que imparten una misma \u00e1rea. Las actividades se dise\u00f1an en torno a metodolog\u00edas y estrategias cooperativas en las que el alumnado debe trabajar conjuntamente, desarrollando un rol espec\u00edfico dentro del grupo, con el fin de conseguir un objetivo com\u00fan.<\/p>\n<p>En el caso de nuestro Centro, la implementaci\u00f3n de este proyecto, se comenz\u00f3 en el curso 18\/19 con el alumnado de 3\u00ba de primaria. Se desarroll\u00f3 una lesson study experimental entre profesores\/as de la universidad de C\u00f3rdoba y una profesora de ingl\u00e9s del centro. Se realiz\u00f3 una fase preparatoria previa con el alumnado y se implement\u00f3 durante el segundo trimestre.<\/p>\n<p>El segundo a\u00f1o 19\/20, debido a la pandemia, el proyecto qued\u00f3 paralizado.<\/p>\n<p>El tercer y \u00faltimo a\u00f1o de proyecto 20\/21 se ha implementado otra sesi\u00f3n, en el \u00e1rea de ingl\u00e9s y con el mismo alumnado, puesto que se trata de un proyecto de investigaci\u00f3n que nos permita saber la evoluci\u00f3n desde el comienzo hasta el final.<\/p>\n<p>Al final de cada una de las implementaciones, se realizaron encuestas al alumnado en las que valoraron su experiencia. Como resultado obtuvimos que el alumnado claramente prefiere trabajar en cooperativo en todas las \u00e1reas porque les permite ayudar y ser ayudados, se encuentran m\u00e1s integrados y aceptados, m\u00e1s iguales entre sus iguales.<\/p>\n<p>Los videos resultantes tanto en la implementaci\u00f3n del curso 18\/19 como los del 20\/21, fueron analizados, junto con el resto de videos de los dem\u00e1s pa\u00edses socios, en los seminarios realizados en la Universidad de Vilna (Lituania) y Botosani (Rumania) y de cuyos resultados se extrajo que el uso de las \u201cLesson Study\u201d en las aulas :<\/p>\n<ul>\n<li>Promueven la cooperaci\u00f3n entre el profesorado y el alumnado.<\/li>\n<li>Incrementa la autoestima y la confianza del alumnado.<\/li>\n<li>Los aprendizajes son m\u00e1s efectivos puesto que utilizan la experimentaci\u00f3n, el trabajo en equipo como eje.<\/li>\n<li>Promueven la inclusi\u00f3n del alumnado que presenta alguna dificultad.<\/li>\n<\/ul>\n<p>Este curso 20\/21 como final de proyecto, ha tenido lugar el \u201cCongreso Internacional DICO+\u201d en C\u00f3rdoba. Desarrollado entre los d\u00edas 6 y 7 de Julio.<\/p>\n<p>Nuestro Centro ha sido claro protagonista del mismo puesto que se ha implementado una \u201cLesson Study\u201d en directo con parte del alumnado de 5\u00ba de primaria, en ingl\u00e9s, junto a su maestra Cristina Mu\u00f1oz y teniendo como asistentes a los\/as representantes de cada uno de los pa\u00edses europeos participantes en el proyecto, los cuales tuvieron la oportunidad de hacerles preguntas (en ingl\u00e9s) al propio alumnado y las cuales fueron respondidas dejando patente que:\u00bb Juntos siempre es mejor\u201d<\/p>\n<p>ngg_shortcode_0_placeholderA continuaci\u00f3n dos noticias sobre este congreso. En la segunda se menciona a nuestro colegio como pionero en esta important\u00edsima experiencia.<\/p>\n<p><a href=\"https:\/\/drive.google.com\/file\/d\/14OdHvGdfe9TugCKwLxuiwsPRpkVRfJv0\/view?usp=sharing\">https:\/\/drive.google.com\/file\/d\/14OdHvGdfe9TugCKwLxuiwsPRpkVRfJv0\/view?usp=sharing<\/a><\/p>\n<p><a href=\"https:\/\/es.sports.yahoo.com\/noticias\/mirada-caleidosc%C3%B3pica-europea-reducir-abandono-104336676.html\">https:\/\/es.sports.yahoo.com\/noticias\/mirada-caleidosc%C3%B3pica-europea-reducir-abandono-104336676.html<\/a><\/p>\n<p>FORMACI\u00d3N DE PROFESORADO EN PARIS:<\/p>\n<p>Como parte de este proyecto, nuestras profesoras Elena Alba y Cristina Mu\u00f1oz estuvieron haciendo una formaci\u00f3n en Paris en el mes de julio de 2021 sobre motivaci\u00f3n y expresi\u00f3n oral en la ense\u00f1anza del Ingl\u00e9s.<\/p>\n<p><img loading=\"lazy\" decoding=\"async\" class=\"aligncenter size-full wp-image-3764\" src=\"https:\/\/blogsaverroes.juntadeandalucia.es\/ceipnelsonmandela\/files\/2021\/11\/20210716_145808-scaled.jpg\" alt=\"\" width=\"1600\" height=\"1200\" srcset=\"https:\/\/blogsaverroes.juntadeandalucia.es\/ceipnelsonmandela\/files\/2021\/11\/20210716_145808-scaled.jpg 1600w, https:\/\/blogsaverroes.juntadeandalucia.es\/ceipnelsonmandela\/files\/2021\/11\/20210716_145808-300x225.jpg 300w, https:\/\/blogsaverroes.juntadeandalucia.es\/ceipnelsonmandela\/files\/2021\/11\/20210716_145808-1024x768.jpg 1024w, https:\/\/blogsaverroes.juntadeandalucia.es\/ceipnelsonmandela\/files\/2021\/11\/20210716_145808-768x576.jpg 768w, https:\/\/blogsaverroes.juntadeandalucia.es\/ceipnelsonmandela\/files\/2021\/11\/20210716_145808-1536x1152.jpg 1536w, https:\/\/blogsaverroes.juntadeandalucia.es\/ceipnelsonmandela\/files\/2021\/11\/20210716_145808-2048x1536.jpg 2048w\" sizes=\"(max-width: 1600px) 100vw, 1600px\" \/><\/p>\n<p><img loading=\"lazy\" decoding=\"async\" class=\"aligncenter size-full wp-image-3765\" src=\"https:\/\/blogsaverroes.juntadeandalucia.es\/ceipnelsonmandela\/files\/2021\/11\/20210716_145902-scaled.jpg\" alt=\"\" width=\"1600\" height=\"1200\" srcset=\"https:\/\/blogsaverroes.juntadeandalucia.es\/ceipnelsonmandela\/files\/2021\/11\/20210716_145902-scaled.jpg 1600w, https:\/\/blogsaverroes.juntadeandalucia.es\/ceipnelsonmandela\/files\/2021\/11\/20210716_145902-300x225.jpg 300w, https:\/\/blogsaverroes.juntadeandalucia.es\/ceipnelsonmandela\/files\/2021\/11\/20210716_145902-1024x768.jpg 1024w, https:\/\/blogsaverroes.juntadeandalucia.es\/ceipnelsonmandela\/files\/2021\/11\/20210716_145902-768x576.jpg 768w, https:\/\/blogsaverroes.juntadeandalucia.es\/ceipnelsonmandela\/files\/2021\/11\/20210716_145902-1536x1152.jpg 1536w, https:\/\/blogsaverroes.juntadeandalucia.es\/ceipnelsonmandela\/files\/2021\/11\/20210716_145902-2048x1536.jpg 2048w\" sizes=\"(max-width: 1600px) 100vw, 1600px\" \/><\/p>\n<p>CURSO 201-22<\/p>\n<p class=\"x_MsoNormal\">El CEIP Nelson Mandela de La Carlota, participa en el Proyecto Europeo KA220 llamado \u201cProyecto sobre Cultura Europea\u201d (PCE), liderado por la AEDE (Asociaci\u00f3n de docentes Europeos) desde su delegaci\u00f3n en Francia y al est\u00e1n adheridos las Universidades de Bulgaria, Italia, Austria, Alemania, Pa\u00edses Bajos,, Francia, Irlanda, Rep\u00fablica Checa, Letonia y Espa\u00f1a (C\u00f3rdoba)<\/p>\n<p class=\"x_MsoNormal\">En este proyecto se investigan aquellos contenidos sobre cultura europea susceptibles de ser abordados en las etapas de primaria y secundaria y que crear\u00edan un contexto com\u00fan educativo sobre cultura europea y para todos los pa\u00edses de Europa. Lo que nos une desde nuestras diferencias.<\/p>\n<p class=\"x_MsoNormal\">Nuestro centro, de la mano de la maestra de ingl\u00e9s Cristina Mu\u00f1oz Aranda, ha implementado en las clases de sexto de primaria algunas sesiones poniendo en valor y realizando una toma de conciencia con el alumnado de lo f\u00e1cil que puede resultar, partiendo de las diferencias que cada pa\u00eds de Europa tiene, adaptar ciertos aspectos como es la gastronom\u00eda a las diferentes peculiaridades de cada pa\u00eds. As\u00ed mismo, el alumnado ha elaborado un video sobre cultura espa\u00f1ola que ha formado parte de un video com\u00fan con el resto de los pa\u00edses miembros contribuyendo a la creaci\u00f3n y promoci\u00f3n de la conciencia intercultural, as\u00ed como a la internacionalizaci\u00f3n de nuestro centro, estandarte b\u00e1sico para la calidad de la ense\u00f1anza.<\/p>\n<p><a title=\"V\u00cdDEO CULTURA EUROPEA\" href=\"https:\/\/drive.google.com\/file\/d\/1okeBV2cX3sqkKbqG4MrxCeZTIX53quIP\/view?usp=sharing\">V\u00cdDEO CULTURA EUROPREA<\/a><\/p>\n<p>&nbsp;<\/p>\n<h3>Im\u00e1genes Relacionadas:<\/h3>","protected":false},"excerpt":{"rendered":"<p>Colaboraciones con la UCO (Universidad de C\u00f3rdoba) Nuestro centro colabora con la UCO, en un proyecto Erasmus+ llamado DICO+ y que lidera la Universidad de la Breta\u00f1a francesa Occidental. Adem\u00e1s de Espa\u00f1a, colaboran otros pa\u00edses europeos como Pa\u00edses Bajos, Lituania, Hungr\u00eda, Francia, Italia y Ruman\u00eda. Este&#46;&#46;&#46;<\/p>\n","protected":false},"author":7731,"featured_media":0,"parent":2187,"menu_order":0,"comment_status":"closed","ping_status":"closed","template":"page-templates\/child-menu.php","meta":{"ngg_post_thumbnail":0,"footnotes":"","_mc_calendar":[]},"aioseo_notices":[],"_links":{"self":[{"href":"https:\/\/blogsaverroes.juntadeandalucia.es\/ceipnelsonmandela\/wp-json\/wp\/v2\/pages\/2191"}],"collection":[{"href":"https:\/\/blogsaverroes.juntadeandalucia.es\/ceipnelsonmandela\/wp-json\/wp\/v2\/pages"}],"about":[{"href":"https:\/\/blogsaverroes.juntadeandalucia.es\/ceipnelsonmandela\/wp-json\/wp\/v2\/types\/page"}],"author":[{"embeddable":true,"href":"https:\/\/blogsaverroes.juntadeandalucia.es\/ceipnelsonmandela\/wp-json\/wp\/v2\/users\/7731"}],"replies":[{"embeddable":true,"href":"https:\/\/blogsaverroes.juntadeandalucia.es\/ceipnelsonmandela\/wp-json\/wp\/v2\/comments?post=2191"}],"version-history":[{"count":15,"href":"https:\/\/blogsaverroes.juntadeandalucia.es\/ceipnelsonmandela\/wp-json\/wp\/v2\/pages\/2191\/revisions"}],"predecessor-version":[{"id":5343,"href":"https:\/\/blogsaverroes.juntadeandalucia.es\/ceipnelsonmandela\/wp-json\/wp\/v2\/pages\/2191\/revisions\/5343"}],"up":[{"embeddable":true,"href":"https:\/\/blogsaverroes.juntadeandalucia.es\/ceipnelsonmandela\/wp-json\/wp\/v2\/pages\/2187"}],"wp:attachment":[{"href":"https:\/\/blogsaverroes.juntadeandalucia.es\/ceipnelsonmandela\/wp-json\/wp\/v2\/media?parent=2191"}],"curies":[{"name":"wp","href":"https:\/\/api.w.org\/{rel}","templated":true}]}}