{"id":2201,"date":"2020-02-11T15:22:31","date_gmt":"2020-02-11T15:22:31","guid":{"rendered":"https:\/\/blogsaverroes.juntadeandalucia.es\/ceipnelsonmandela\/?page_id=2201"},"modified":"2022-06-16T22:13:49","modified_gmt":"2022-06-16T22:13:49","slug":"igualdad","status":"publish","type":"page","link":"https:\/\/blogsaverroes.juntadeandalucia.es\/ceipnelsonmandela\/igualdad\/","title":{"rendered":"Igualdad"},"content":{"rendered":"<p><img loading=\"lazy\" decoding=\"async\" class=\"size-thumbnail wp-image-4153 aligncenter\" src=\"https:\/\/blogsaverroes.juntadeandalucia.es\/ceipnelsonmandela\/files\/2022\/03\/Copia-de-Sin-titulo-1-150x150.jpg\" alt=\"\" width=\"150\" height=\"150\" srcset=\"https:\/\/blogsaverroes.juntadeandalucia.es\/ceipnelsonmandela\/files\/2022\/03\/Copia-de-Sin-titulo-1-150x150.jpg 150w, https:\/\/blogsaverroes.juntadeandalucia.es\/ceipnelsonmandela\/files\/2022\/03\/Copia-de-Sin-titulo-1-80x80.jpg 80w, https:\/\/blogsaverroes.juntadeandalucia.es\/ceipnelsonmandela\/files\/2022\/03\/Copia-de-Sin-titulo-1-320x320.jpg 320w\" sizes=\"(max-width: 150px) 100vw, 150px\" \/><img loading=\"lazy\" decoding=\"async\" class=\"aligncenter size-thumbnail wp-image-2950\" src=\"https:\/\/blogsaverroes.juntadeandalucia.es\/ceipnelsonmandela\/files\/2020\/05\/Captura-de-pantalla-2020-01-30-a-las-15_08_55-150x150.png\" alt=\"\" width=\"150\" height=\"150\" srcset=\"https:\/\/blogsaverroes.juntadeandalucia.es\/ceipnelsonmandela\/files\/2020\/05\/Captura-de-pantalla-2020-01-30-a-las-15_08_55-150x150.png 150w, https:\/\/blogsaverroes.juntadeandalucia.es\/ceipnelsonmandela\/files\/2020\/05\/Captura-de-pantalla-2020-01-30-a-las-15_08_55-100x100.png 100w, https:\/\/blogsaverroes.juntadeandalucia.es\/ceipnelsonmandela\/files\/2020\/05\/Captura-de-pantalla-2020-01-30-a-las-15_08_55-160x160.png 160w, https:\/\/blogsaverroes.juntadeandalucia.es\/ceipnelsonmandela\/files\/2020\/05\/Captura-de-pantalla-2020-01-30-a-las-15_08_55-320x320.png 320w\" sizes=\"(max-width: 150px) 100vw, 150px\" \/><\/p>\n<p>&nbsp;<\/p>\n<p><strong>UN COLE BONITO POR DENTRO Y POR FUERA<\/strong><\/p>\n<p>Educar se ha convertido en algo m\u00e1s que transmitir conocimientos.<\/p>\n<p>Si pretendemos preparar a nuestros ni\u00f1os y ni\u00f1as para convivir, formar su propia identidad y crear una sociedad cada vez m\u00e1s justa debemos promover la educaci\u00f3n emocional y en valores.<\/p>\n<p>Son muchos los planes y proyectos encaminados a tal fin en nuestro Centro y el empe\u00f1o que como profesionales ponemos cada d\u00eda y que pretendemos transmitir con nuestro propio ejemplo.<\/p>\n<p>Como reflejo de este pensamiento, hemos querido plasmar nuestros ideales en la fachada de nuestro cole.<\/p>\n<p>PAZ, IGUALDAD, LIBERTAD, SOLIDARIDAD, AMISTAD y RESPETO lucen por bandera gracias al artista Coch\u00e9 Tom\u00e9 y al Pacto de Estado contra la Violencia de G\u00e9nero.<\/p>\n<p>Estamos muy orgullosos del resultado.<\/p>\n<p><img loading=\"lazy\" decoding=\"async\" class=\"aligncenter size-full wp-image-2940\" src=\"https:\/\/blogsaverroes.juntadeandalucia.es\/ceipnelsonmandela\/files\/2020\/01\/IMG-20200401-WA0085.jpg\" alt=\"\" width=\"1600\" height=\"1200\" srcset=\"https:\/\/blogsaverroes.juntadeandalucia.es\/ceipnelsonmandela\/files\/2020\/01\/IMG-20200401-WA0085.jpg 1600w, https:\/\/blogsaverroes.juntadeandalucia.es\/ceipnelsonmandela\/files\/2020\/01\/IMG-20200401-WA0085-300x225.jpg 300w, https:\/\/blogsaverroes.juntadeandalucia.es\/ceipnelsonmandela\/files\/2020\/01\/IMG-20200401-WA0085-768x576.jpg 768w, https:\/\/blogsaverroes.juntadeandalucia.es\/ceipnelsonmandela\/files\/2020\/01\/IMG-20200401-WA0085-1024x768.jpg 1024w, https:\/\/blogsaverroes.juntadeandalucia.es\/ceipnelsonmandela\/files\/2020\/01\/IMG-20200401-WA0085-24x18.jpg 24w, https:\/\/blogsaverroes.juntadeandalucia.es\/ceipnelsonmandela\/files\/2020\/01\/IMG-20200401-WA0085-36x27.jpg 36w, https:\/\/blogsaverroes.juntadeandalucia.es\/ceipnelsonmandela\/files\/2020\/01\/IMG-20200401-WA0085-48x36.jpg 48w\" sizes=\"(max-width: 1600px) 100vw, 1600px\" \/><\/p>\n<p>&nbsp;<\/p>\n<p>&nbsp;<\/p>\n<p>RINC\u00d3N VIOLETA:<\/p>\n<p>La lectura nos hace disfrutar, volar a trav\u00e9s de nuestra imaginaci\u00f3n, nos relaja y nos divierte adem\u00e1s de ser una de las actividades que m\u00e1s nos enriquecen en todo momento. Los libros y cuentos son una fuente inagotable para la imaginaci\u00f3n. A partir de ellos, los ni\u00f1os y ni\u00f1as se acercan a una manera de ver mundo, crean sus propias ideas, construyen sus sue\u00f1os\u2026<\/p>\n<p>Es por ello que en nuestro \u201cRinc\u00f3n Violeta\u201d tenemos cuentos y libros que rompen con las ideas estereotipadas que existen en la actualidad sobre hombres y mujeres y &nbsp;muestran una visi\u00f3n del mundo basada en la igualdad, la tolerancia, el respeto y la libertad.<\/p>\n<p>Ac\u00e9rcate a nuestra biblioteca y disfruta de nuestros cuentos y libros Coeducativos que desde el curso pasado est\u00e1n en el \u201cRinc\u00f3n Violeta\u201d gracias a la subvenci\u00f3n del Pacto de Estado.<\/p>\n<p><img loading=\"lazy\" decoding=\"async\" class=\"aligncenter size-full wp-image-3294\" src=\"https:\/\/blogsaverroes.juntadeandalucia.es\/ceipnelsonmandela\/files\/2021\/05\/foto-rincon-violeta.jpg\" alt=\"\" width=\"569\" height=\"426\" srcset=\"https:\/\/blogsaverroes.juntadeandalucia.es\/ceipnelsonmandela\/files\/2021\/05\/foto-rincon-violeta.jpg 569w, https:\/\/blogsaverroes.juntadeandalucia.es\/ceipnelsonmandela\/files\/2021\/05\/foto-rincon-violeta-300x225.jpg 300w\" sizes=\"(max-width: 569px) 100vw, 569px\" \/><\/p>\n<p>RINC\u00d3N DE LA IGUALDAD<\/p>\n<p>La corresponsabilidad es el reparto equilibrado de las tareas dom\u00e9sticas y de las responsabilidades familiares.<\/p>\n<p>Para que las tareas de la casa sean realmente equitativas es imprescindible educar en el valor de las tareas dom\u00e9sticas desde la infancia. La infancia es el momento ideal para comenzar a&nbsp;eliminar los roles y estereotipos&nbsp;establecidos entre hombres y mujeres.<\/p>\n<p>Desde nuestras aulas es este nuestro prop\u00f3sito, practicar con el ejemplo y que tanto ni\u00f1os como ni\u00f1as realicen sin ning\u00fan tipo de tab\u00fa estas actividades que en ellos\/as fluyen de manera espont\u00e1nea.<\/p>\n<p>Gracias a la subvenci\u00f3n por el Pacto de Estado podemos contar en nuestras aulas con estas cocinitas que forman parte de nuestro rinc\u00f3n \u201cLa casita de la Igualdad\u201d.<\/p>\n<p><a title=\"VIDEO &quot;LA CASITA DE LA IGUALDAD&quot;\" href=\"https:\/\/drive.google.com\/file\/d\/1PCmjFToC21n78QEOpD2OmcphEJSUwvB9\/view?usp=sharing\">VIDEO \u00abLA CASITA DE LA IGUALDAD\u00bb<\/a><\/p>\n<p>&nbsp;<\/p>\n<p>SUBIENDO ESCALONES POR LA IGUALDAD<\/p>\n<p>Las escaleras del \u201cNelson Mandela\u201d son un camino para la igualdad. Gracias al Pacto de Estado, las tabicas de nuestra escalera lucen frases que nos llevan a construir una sociedad igualitaria entre hombres y mujeres con mensajes para sensibilizar y concienciar a nuestro alumnado en los valores de tolerancia, respeto e igualdad y en la cultura de la no violencia.<\/p>\n<p><img loading=\"lazy\" decoding=\"async\" class=\"aligncenter size-full wp-image-3322\" src=\"https:\/\/blogsaverroes.juntadeandalucia.es\/ceipnelsonmandela\/files\/2021\/06\/IMG-20210518-WA0005.jpg\" alt=\"\" width=\"1200\" height=\"1600\" srcset=\"https:\/\/blogsaverroes.juntadeandalucia.es\/ceipnelsonmandela\/files\/2021\/06\/IMG-20210518-WA0005.jpg 1200w, https:\/\/blogsaverroes.juntadeandalucia.es\/ceipnelsonmandela\/files\/2021\/06\/IMG-20210518-WA0005-225x300.jpg 225w, https:\/\/blogsaverroes.juntadeandalucia.es\/ceipnelsonmandela\/files\/2021\/06\/IMG-20210518-WA0005-768x1024.jpg 768w, https:\/\/blogsaverroes.juntadeandalucia.es\/ceipnelsonmandela\/files\/2021\/06\/IMG-20210518-WA0005-1152x1536.jpg 1152w\" sizes=\"(max-width: 1200px) 100vw, 1200px\" \/><\/p>\n<p>8 DE MARZO: D\u00cdA INTERNACIONAL DE LA MUJER:<\/p>\n<p><a title=\"VIDEO 8 DE MARZO\" href=\"https:\/\/drive.google.com\/file\/d\/1oq_TxWCDFu1EGebb_QV48sj5uPKgPICD\/view?usp=sharing\">VIDEO 8 DE MARZO<\/a><\/p>\n<div class=\"_3d-flip-book  fb3d-fullscreen-mode full-size\" data-id=\"3296\" data-mode=\"fullscreen\" data-title=\"false\" data-template=\"short-white-book-view\" data-lightbox=\"dark-shadow\" data-urlparam=\"fb3d-page\" data-page-n=\"0\" data-pdf=\"\" data-tax=\"null\" data-thumbnail=\"\" data-cols=\"3\" data-book-template=\"default\" data-trigger=\"\"><\/div><script type=\"text\/javascript\">window.FB3D_CLIENT_DATA = window.FB3D_CLIENT_DATA || [];FB3D_CLIENT_DATA.push('eyJwb3N0cyI6eyIzMjk2Ijp7IklEIjozMjk2LCJ0aXRsZSI6IkNhbGxlcyBjb24gbm9tYnJlIGRlIG11amVyIiwidHlwZSI6InBkZiIsInJlYWR5X2Z1bmN0aW9uIjoiIiwiYm9va19zdHlsZSI6InZvbHVtZSIsImJvb2tfdGVtcGxhdGUiOiJub25lIiwib3V0bGluZSI6W10sImRhdGEiOnsicG9zdF9JRCI6IjMyOTciLCJndWlkIjoiaHR0cHM6XC9cL2Jsb2dzYXZlcnJvZXMuanVudGFkZWFuZGFsdWNpYS5lc1wvY2VpcG5lbHNvbm1hbmRlbGFcL2ZpbGVzXC8yMDIxXC8wNVwvQ0FMTEVTLUNPTi1OT01CUkUtREUtTVVKRVIucGRmIiwicGRmX3BhZ2VzIjoiMjYiLCJwYWdlc19jdXN0b21pemF0aW9uIjoibm9uZSJ9LCJ0aHVtYm5haWwiOnsiZGF0YSI6eyJwb3N0X0lEIjoiMCJ9LCJ0eXBlIjoiYXV0byJ9LCJwcm9wcyI6eyJoZWlnaHQiOiJhdXRvIiwid2lkdGgiOiJhdXRvIiwiZ3Jhdml0eSI6ImF1dG8iLCJjYWNoZWRQYWdlcyI6ImF1dG8iLCJyZW5kZXJJbmFjdGl2ZVBhZ2VzIjoiYXV0byIsInJlbmRlckluYWN0aXZlUGFnZXNPbk1vYmlsZSI6ImF1dG8iLCJyZW5kZXJXaGlsZUZsaXBwaW5nIjoiYXV0byIsInBhZ2VzRm9yUHJlZGljdGluZyI6ImF1dG8iLCJwcmVsb2FkUGFnZXMiOiJhdXRvIiwicnRsIjoiYXV0byIsInNoZWV0Ijp7InN0YXJ0VmVsb2NpdHkiOiJhdXRvIiwiY29ybmVyRGV2aWF0aW9uIjoiYXV0byIsImZsZXhpYmlsaXR5IjoiYXV0byIsImZsZXhpYmxlQ29ybmVyIjoiYXV0byIsImJlbmRpbmciOiJhdXRvIiwid2F2ZSI6ImF1dG8iLCJ3aWR0aFRleGVscyI6ImF1dG8iLCJoZWlnaHRUZXhlbHMiOiJhdXRvIiwiY29sb3IiOiJhdXRvIn0sImNvdmVyIjp7InN0YXJ0VmVsb2NpdHkiOiJhdXRvIiwiZmxleGliaWxpdHkiOiJhdXRvIiwiZmxleGlibGVDb3JuZXIiOiJhdXRvIiwiYmVuZGluZyI6ImF1dG8iLCJ3YXZlIjoiYXV0byIsIndpZHRoVGV4ZWxzIjoiYXV0byIsImhlaWdodFRleGVscyI6ImF1dG8iLCJjb2xvciI6ImF1dG8iLCJiaW5kZXJUZXh0dXJlIjoiYXV0byIsImRlcHRoIjoiYXV0byIsInBhZGRpbmciOiJhdXRvIiwibWFzcyI6ImF1dG8ifSwicGFnZSI6eyJzdGFydFZlbG9jaXR5IjoiYXV0byIsImZsZXhpYmlsaXR5IjoiYXV0byIsImZsZXhpYmxlQ29ybmVyIjoiYXV0byIsImJlbmRpbmciOiJhdXRvIiwid2F2ZSI6ImF1dG8iLCJ3aWR0aFRleGVscyI6ImF1dG8iLCJoZWlnaHRUZXhlbHMiOiJhdXRvIiwiY29sb3IiOiJhdXRvIiwiZGVwdGgiOiJhdXRvIiwibWFzcyI6ImF1dG8ifX0sImNvbnRyb2xQcm9wcyI6eyJhY3Rpb25zIjp7ImNtZFNhdmUiOnsiZW5hYmxlZCI6ImF1dG8ifSwiY21kUHJpbnQiOnsiZW5hYmxlZCI6ImF1dG8ifSwiY21kU2luZ2xlUGFnZSI6eyJlbmFibGVkIjoiYXV0byIsImFjdGl2ZSI6ImF1dG8ifX19LCJhdXRvVGh1bWJuYWlsIjpudWxsLCJwb3N0X25hbWUiOiJjYWxsZXMtY29uLW5vbWJyZS1kZS1tdWplciIsInBvc3RfdHlwZSI6IjNkLWZsaXAtYm9vayJ9fSwicGFnZXMiOltdLCJmaXJzdFBhZ2VzIjpbXX0=');window.FB3D_CLIENT_LOCALE && FB3D_CLIENT_LOCALE.render && FB3D_CLIENT_LOCALE.render();<\/script>\n<p>&nbsp;<\/p>\n<p>15 MAYO: D\u00cdA DE LAS FAMILIAS<\/p>\n<p>El ceip \u201cNelson Mandela\u201d se une a la celebraci\u00f3n del d\u00eda internacional de las familias contribuyendo a la visibilizaci\u00f3n de la diversidad familiar a trav\u00e9s de cuentos teatralizados.<\/p>\n<p>Un a\u00f1o m\u00e1s hemos podido contar con el grupo \u201cEl Bosque Animado\u201d para que a trav\u00e9s de cuentos teatralizados hagamos llegar a nuestros ni\u00f1os y ni\u00f1as el respeto hacia la diversidad y la construcci\u00f3n de todo tipo de familias.<\/p>\n<p><strong>\u201cEl amor florece donde se siembran semillas del coraz\u00f3n\u201d<\/strong><\/p>\n<p>&nbsp;<\/p>\n<p>ngg_shortcode_0_placeholder25 N CURSO 2021-22:<\/p>\n<p>La Violencia de G\u00e9nero supone la vulneraci\u00f3n m\u00e1s extendida de los derechos humanos en el mundo. Es por ello que se pueden apreciar estas relaciones de poder del hombre sobre la mujer en todos los \u00e1mbitos de nuestra sociedad. Este a\u00f1o, hemos querido analizar un arte tan cultural y arraigado en nuestra tierra como es el flamenco y c\u00f3mo a trav\u00e9s de sus letras se puede observar esa actitud de dominancia y patriarcado que se ha ido perpetuando a lo largo del tiempo y que tan dif\u00edcil se hace de erradicar y cambiar esas letras por otras donde se favorezca el amor, la tolerancia, el respeto,&#8230; Por otro lado, hemos querido visibilizar a todas aquellas mujeres que han destacado en el campo del flamenco y que sirven de referente para muchas otras. Aqu\u00ed os dejamos una muestra de nuestro trabajo.<\/p>\n<p>ngg_shortcode_1_placeholder11 DE FEBRERO: D\u00cdA INTERNACIONAL DE LA MUJER Y LA NI\u00d1A EN LA CIENCIA:<\/p>\n<p>Visibilizar a las mujeres en la ciencia, romper con los roles de g\u00e9nero y promover vocaciones cient\u00edficas entre las ni\u00f1as es vital para avanzar hacia la igualdad. Por eso, nuestro Centro es una \u201cEscuela Con-Ciencia\u201d, donde nuestro alumnado ha podido visitar la exposici\u00f3n de mujeres valientes que se atrevieron a dar un pasito m\u00e1s para cambiar el mundo. Adem\u00e1s conocimos el testimonio de otras muchas que hoy en d\u00eda son ejemplo y referencia para muchas mujeres y ni\u00f1as.<\/p>\n<p>ngg_shortcode_2_placeholder8 DE MARZO DE 2022: D\u00cdA INTERNACIONAL DE LA MUJER.<\/p>\n<p>Como cada 8 de marzo nuestro Centro se hace eco para conmemorar el D\u00eda Internacional de las Mujeres y seguir aportando nuestro granito de arena hacia la igualdad efectiva entre hombres y mujeres.<\/p>\n<p>Este a\u00f1o, hemos querido hacer un balance de todo lo conseguido hasta ahora en Educaci\u00f3n gracias a la lucha de tantos hombres y mujeres que apostaron para que las ni\u00f1as tuviesen las mismas oportunidades que los ni\u00f1os para ir al colegio, estudiar en universidades, poder compartir una educaci\u00f3n mixta,\u2026<\/p>\n<p>Gracias al trabajo de nuestro alumnado hemos podido recabar informaci\u00f3n sobre c\u00f3mo vivieron nuestros abuelos, abuelas, madres, padres y otras personas cercanas la Educaci\u00f3n a lo largo de estos a\u00f1os.<\/p>\n<p><a title=\"PRESENTACI\u00d3N 8 DE MARZO\" href=\"https:\/\/view.genial.ly\/6221028b797ddc001944fb24\/presentation-mujer-y-educacion-8-de-marzo\">PRESENTACI\u00d3N 8 DE MARZO<\/a><\/p>\n<p>Una vez m\u00e1s manifestamos en nuestro cole que las tareas dom\u00e9sticas son responsabilidad de todos los miembros de la familia. Es por ello, que queremos celebrar nuestro 8M dando sentido y poniendo en pr\u00e1ctica todas nuestras habilidades y demostrar que si remamos todos y todas en el mismo sentido al final todo se consigue m\u00e1s f\u00e1cilmente.<\/p>\n<p><a title=\"PRESENTACI\u00d3N COOLIMPIADAS\" href=\"https:\/\/www.canva.com\/design\/DAE75GZJQWw\/vCDCcYci4zMr4iFMHebwww\/edit?utm_content=DAE75GZJQWw&amp;utm_campaign=designshare&amp;utm_medium=link2&amp;utm_source=sharebutton\">PRESENTACI\u00d3N COOLIMPIADAS<\/a><\/p>\n<h2>RINC\u00d3N DE LA CALMA<\/h2>\n<p>Poco a poco nuestro cole sigue creciendo. Por fin nuestro Rinc\u00f3n de la Calma est\u00e1 terminado para uso y disfrute de todo nuestro alumnado.<\/p>\n<p>Agradecemos la colaboraci\u00f3n del AMPA Madiba y del Ayuntamiento de La Carlota que junto con la ayuda del Pacto de Estado han contribuido a que contemos con este bonito espacio.<\/p>\n<p><img loading=\"lazy\" decoding=\"async\" class=\"aligncenter size-full wp-image-4382\" src=\"https:\/\/blogsaverroes.juntadeandalucia.es\/ceipnelsonmandela\/files\/2022\/06\/IMG-20220606-WA0025.jpg\" alt=\"\" width=\"1600\" height=\"1200\" srcset=\"https:\/\/blogsaverroes.juntadeandalucia.es\/ceipnelsonmandela\/files\/2022\/06\/IMG-20220606-WA0025.jpg 1600w, https:\/\/blogsaverroes.juntadeandalucia.es\/ceipnelsonmandela\/files\/2022\/06\/IMG-20220606-WA0025-300x225.jpg 300w, https:\/\/blogsaverroes.juntadeandalucia.es\/ceipnelsonmandela\/files\/2022\/06\/IMG-20220606-WA0025-1024x768.jpg 1024w, https:\/\/blogsaverroes.juntadeandalucia.es\/ceipnelsonmandela\/files\/2022\/06\/IMG-20220606-WA0025-768x576.jpg 768w, https:\/\/blogsaverroes.juntadeandalucia.es\/ceipnelsonmandela\/files\/2022\/06\/IMG-20220606-WA0025-1536x1152.jpg 1536w\" sizes=\"(max-width: 1600px) 100vw, 1600px\" \/> <img loading=\"lazy\" decoding=\"async\" class=\"aligncenter size-full wp-image-4383\" src=\"https:\/\/blogsaverroes.juntadeandalucia.es\/ceipnelsonmandela\/files\/2022\/06\/IMG-20220606-WA0026.jpg\" alt=\"\" width=\"1600\" height=\"1200\" srcset=\"https:\/\/blogsaverroes.juntadeandalucia.es\/ceipnelsonmandela\/files\/2022\/06\/IMG-20220606-WA0026.jpg 1600w, https:\/\/blogsaverroes.juntadeandalucia.es\/ceipnelsonmandela\/files\/2022\/06\/IMG-20220606-WA0026-300x225.jpg 300w, https:\/\/blogsaverroes.juntadeandalucia.es\/ceipnelsonmandela\/files\/2022\/06\/IMG-20220606-WA0026-1024x768.jpg 1024w, https:\/\/blogsaverroes.juntadeandalucia.es\/ceipnelsonmandela\/files\/2022\/06\/IMG-20220606-WA0026-768x576.jpg 768w, https:\/\/blogsaverroes.juntadeandalucia.es\/ceipnelsonmandela\/files\/2022\/06\/IMG-20220606-WA0026-1536x1152.jpg 1536w\" sizes=\"(max-width: 1600px) 100vw, 1600px\" \/> <img loading=\"lazy\" decoding=\"async\" class=\"aligncenter size-full wp-image-4384\" src=\"https:\/\/blogsaverroes.juntadeandalucia.es\/ceipnelsonmandela\/files\/2022\/06\/IMG-20220606-WA0027.jpg\" alt=\"\" width=\"1600\" height=\"1200\" srcset=\"https:\/\/blogsaverroes.juntadeandalucia.es\/ceipnelsonmandela\/files\/2022\/06\/IMG-20220606-WA0027.jpg 1600w, https:\/\/blogsaverroes.juntadeandalucia.es\/ceipnelsonmandela\/files\/2022\/06\/IMG-20220606-WA0027-300x225.jpg 300w, https:\/\/blogsaverroes.juntadeandalucia.es\/ceipnelsonmandela\/files\/2022\/06\/IMG-20220606-WA0027-1024x768.jpg 1024w, https:\/\/blogsaverroes.juntadeandalucia.es\/ceipnelsonmandela\/files\/2022\/06\/IMG-20220606-WA0027-768x576.jpg 768w, https:\/\/blogsaverroes.juntadeandalucia.es\/ceipnelsonmandela\/files\/2022\/06\/IMG-20220606-WA0027-1536x1152.jpg 1536w\" sizes=\"(max-width: 1600px) 100vw, 1600px\" \/> <img loading=\"lazy\" decoding=\"async\" class=\"aligncenter size-full wp-image-4385\" src=\"https:\/\/blogsaverroes.juntadeandalucia.es\/ceipnelsonmandela\/files\/2022\/06\/IMG-20220606-WA0028.jpg\" alt=\"\" width=\"1600\" height=\"1200\" srcset=\"https:\/\/blogsaverroes.juntadeandalucia.es\/ceipnelsonmandela\/files\/2022\/06\/IMG-20220606-WA0028.jpg 1600w, https:\/\/blogsaverroes.juntadeandalucia.es\/ceipnelsonmandela\/files\/2022\/06\/IMG-20220606-WA0028-300x225.jpg 300w, https:\/\/blogsaverroes.juntadeandalucia.es\/ceipnelsonmandela\/files\/2022\/06\/IMG-20220606-WA0028-1024x768.jpg 1024w, https:\/\/blogsaverroes.juntadeandalucia.es\/ceipnelsonmandela\/files\/2022\/06\/IMG-20220606-WA0028-768x576.jpg 768w, https:\/\/blogsaverroes.juntadeandalucia.es\/ceipnelsonmandela\/files\/2022\/06\/IMG-20220606-WA0028-1536x1152.jpg 1536w\" sizes=\"(max-width: 1600px) 100vw, 1600px\" \/> <img loading=\"lazy\" decoding=\"async\" class=\"aligncenter size-full wp-image-4386\" src=\"https:\/\/blogsaverroes.juntadeandalucia.es\/ceipnelsonmandela\/files\/2022\/06\/IMG-20220606-WA0029.jpg\" alt=\"\" width=\"1600\" height=\"1200\" srcset=\"https:\/\/blogsaverroes.juntadeandalucia.es\/ceipnelsonmandela\/files\/2022\/06\/IMG-20220606-WA0029.jpg 1600w, https:\/\/blogsaverroes.juntadeandalucia.es\/ceipnelsonmandela\/files\/2022\/06\/IMG-20220606-WA0029-300x225.jpg 300w, https:\/\/blogsaverroes.juntadeandalucia.es\/ceipnelsonmandela\/files\/2022\/06\/IMG-20220606-WA0029-1024x768.jpg 1024w, https:\/\/blogsaverroes.juntadeandalucia.es\/ceipnelsonmandela\/files\/2022\/06\/IMG-20220606-WA0029-768x576.jpg 768w, https:\/\/blogsaverroes.juntadeandalucia.es\/ceipnelsonmandela\/files\/2022\/06\/IMG-20220606-WA0029-1536x1152.jpg 1536w\" sizes=\"(max-width: 1600px) 100vw, 1600px\" \/><\/p>\n<h3>Im\u00e1genes Relacionadas:<\/h3>","protected":false},"excerpt":{"rendered":"<p>&nbsp; UN COLE BONITO POR DENTRO Y POR FUERA Educar se ha convertido en algo m\u00e1s que transmitir conocimientos. Si pretendemos preparar a nuestros ni\u00f1os y ni\u00f1as para convivir, formar su propia identidad y crear una sociedad cada vez m\u00e1s justa debemos promover la educaci\u00f3n emocional&#46;&#46;&#46;<\/p>\n","protected":false},"author":7731,"featured_media":0,"parent":0,"menu_order":0,"comment_status":"closed","ping_status":"closed","template":"","meta":{"ngg_post_thumbnail":0,"footnotes":"","_mc_calendar":[]},"aioseo_notices":[],"_links":{"self":[{"href":"https:\/\/blogsaverroes.juntadeandalucia.es\/ceipnelsonmandela\/wp-json\/wp\/v2\/pages\/2201"}],"collection":[{"href":"https:\/\/blogsaverroes.juntadeandalucia.es\/ceipnelsonmandela\/wp-json\/wp\/v2\/pages"}],"about":[{"href":"https:\/\/blogsaverroes.juntadeandalucia.es\/ceipnelsonmandela\/wp-json\/wp\/v2\/types\/page"}],"author":[{"embeddable":true,"href":"https:\/\/blogsaverroes.juntadeandalucia.es\/ceipnelsonmandela\/wp-json\/wp\/v2\/users\/7731"}],"replies":[{"embeddable":true,"href":"https:\/\/blogsaverroes.juntadeandalucia.es\/ceipnelsonmandela\/wp-json\/wp\/v2\/comments?post=2201"}],"version-history":[{"count":14,"href":"https:\/\/blogsaverroes.juntadeandalucia.es\/ceipnelsonmandela\/wp-json\/wp\/v2\/pages\/2201\/revisions"}],"predecessor-version":[{"id":2287,"href":"https:\/\/blogsaverroes.juntadeandalucia.es\/ceipnelsonmandela\/wp-json\/wp\/v2\/pages\/2201\/revisions\/2287"}],"wp:attachment":[{"href":"https:\/\/blogsaverroes.juntadeandalucia.es\/ceipnelsonmandela\/wp-json\/wp\/v2\/media?parent=2201"}],"curies":[{"name":"wp","href":"https:\/\/api.w.org\/{rel}","templated":true}]}}