{"id":2244,"date":"2020-02-29T11:40:05","date_gmt":"2020-02-29T11:40:05","guid":{"rendered":"https:\/\/blogsaverroes.juntadeandalucia.es\/ceipnelsonmandela\/?page_id=2244"},"modified":"2024-11-20T10:34:11","modified_gmt":"2024-11-20T10:34:11","slug":"presentacion-ampa","status":"publish","type":"page","link":"https:\/\/blogsaverroes.juntadeandalucia.es\/ceipnelsonmandela\/presentacion-ampa\/","title":{"rendered":"Presentaci\u00f3n AMPA"},"content":{"rendered":"<p><em>Estimadas familias:<\/em><\/p>\n<p>La nueva Junta Directiva de la Asociaci\u00f3n de Madres y Padres de Alumnos, quiere en primer lugar, saludar a todas las familias que ya forman parte de esta comunidad, dar la bienvenida a todas aquellas que se incorporan en el nuevo curso e invitar a las que todav\u00eda no lo han hecho a sumarse a nosotr@s. Tod@s y cada uno de nosotr@s tenemos algo que aportar y os animamos a presentar vuestras ideas.<\/p>\n<p>Al igual que los anteriores responsables de la Asociaci\u00f3n, somos un grupo de padres y madres comprometidos con la educaci\u00f3n de nuestros hijos\/as en particular, y junto con el propio alumnado y profesorado, contribuir en la mejora de la comunidad educativa en general.<\/p>\n<p>Conscientes de las muchas cosas por las que trabajar, y de los tiempos que corren, intentaremos compensar todas las limitaciones que podamos tener, contando especialmente con la ayuda de todos vosotr@s y con la implicaci\u00f3n, ganas e ilusi\u00f3n de esta Junta Directiva.<\/p>\n<p>Nuestro inter\u00e9s es sobre todo y en primer lugar la educaci\u00f3n de nuestr@s hijos e hijas, en colaboraci\u00f3n con el profesorado y con el equipo directivo del Centro.<\/p>\n<p>La participaci\u00f3n es voluntaria, y por ello os animamos a todas las familias a asociaros, ya que cuantas m\u00e1s seamos mejor ser\u00e1 para nuestr@s hij@s, para la asociaci\u00f3n y para el Colegio.<\/p>\n<p>Hay dos modalidades de pertenencia al A.M.P.A.:<\/p>\n<p>1.) <em>Socio\/a:<\/em> Familias que con su aportaci\u00f3n anual colaboran para que el A.M.P.A. pueda realizar actividades que de otro modo no se podr\u00edan llevar a cabo o realizar.<\/p>\n<p>2.)<em> Socio\/a miembro de la Junta Directiva:<\/em> Madres y padres que dedicamos nuestro tiempo con el \u00fanico inter\u00e9s de mejorar el Colegio que nos ayuda a educar a nuestr@s hijos e hijas. \u00bfC\u00f3mo? Organizando las actividades, propuestas, materiales, etc. en beneficio de las familias y el alumnado del Colegio.<\/p>\n<p>Vuestra colaboraci\u00f3n ser\u00eda de sumo inter\u00e9s y os sugerimos que particip\u00e9is activamente en la mejora de la calidad educativa de vuestr@s hij@s y del Centro.<\/p>\n<p>Con la ilusi\u00f3n y el trabajo de todos y todas, seguro que podemos disfrutar a\u00fan m\u00e1s de esta tarea tan impresionante de ser madres y padres!!<\/p>\n<p><em><u>Cuotas de Asociados:<\/u><\/em><\/p>\n<p>Para poder atender el funcionamiento de la Asociaci\u00f3n, \u00e9sta se financia por medio de la cuota anual de los asociados, por una cuant\u00eda de 10\u20ac por familia, debiendo de hacer el ingreso tanto por transferencia como por ventanilla en el Banco Caja Rural del Sur <u>antes del <\/u><u>17 de Enero<\/u>&nbsp;, indicando; AMPA y el nombre de ni\u00f1o o ni\u00f1a, en la cuenta n\u00famero:<\/p>\n<p>ES69 3187 0566 1559 8808 0924<\/p>\n<p><strong>Buz\u00f3n de Sugerencias<\/strong><\/p>\n<p>En la recepci\u00f3n principal del centro junto a la salida al patio de los mayores, se encuentra instalado un buz\u00f3n de sugerencias &amp; quejas, para que nos comuniqu\u00e9is las ideas o malestares que pod\u00e1is tener, as\u00ed como dejar los recibos justificativos de ingreso de cuota.<\/p>\n<p><strong>P\u00e1gina de Facebook<\/strong><\/p>\n<p>Pod\u00e9is encontrarnos f\u00e1cilmente en esta aplicaci\u00f3n con el nombre AMPA Madiba. Desde esta p\u00e1gina dispon\u00e9is de los medios para poneros en contacto con la Asociaci\u00f3n sin tener que pasar por el colegio. Adem\u00e1s de informaci\u00f3n relevante y de inter\u00e9s relacionada con las actividades tanto del centro como de la comunidad en general.<\/p>\n<p><strong>Contacto<\/strong><\/p>\n<p>Por correo electr\u00f3nico: <u>ampamadibanelsonmandela@hotmail.com<\/u>.<\/p>\n<p>Si hab\u00e9is completado los datos de correo electr\u00f3nico en la Hoja de Inscripci\u00f3n, intentaremos enviar, por este medio informaci\u00f3n de inter\u00e9s.<\/p>\n<p><em><u>Nueva junta directiva del AMPA del Ceip \u00abNelson Mandela\u00bb<\/u><\/em><\/p>\n<p>Presidencia:&nbsp; &nbsp; &nbsp; &nbsp; &nbsp; &nbsp; &nbsp; &nbsp; Soledad Mar\u00eda Ca\u00f1ero Ruiz<\/p>\n<p>Vicepresidencia:&nbsp; &nbsp; &nbsp; &nbsp; &nbsp;Daniel Granero Herrera<\/p>\n<p>Secretar\u00eda:&nbsp; &nbsp; &nbsp; &nbsp; &nbsp; &nbsp; &nbsp; &nbsp; &nbsp; &nbsp; Victoria Eugenia L\u00e1zaro Gallardo&nbsp;&nbsp;<\/p>\n<p>Vicesecretar\u00eda:&nbsp; &nbsp; &nbsp; &nbsp; &nbsp; &nbsp;Sonia Mar\u00eda Ruiz Zafra<\/p>\n<p>Tesorer\u00eda:&nbsp; &nbsp; &nbsp; &nbsp; &nbsp; &nbsp; &nbsp; &nbsp; &nbsp; &nbsp;&nbsp; Mar\u00eda Dolores Olivares Rodr\u00edguez<\/p>\n<p>Vicetesorer\u00eda:&nbsp; &nbsp; &nbsp; &nbsp; &nbsp; &nbsp; &nbsp;Mar\u00eda del Roc\u00edo Soto Moreno<\/p>\n<p>Vocales:&nbsp; &nbsp; &nbsp; &nbsp; &nbsp; &nbsp; &nbsp; &nbsp; &nbsp; &nbsp; &nbsp; &nbsp; Mar\u00eda Jos\u00e9 Maya Rot<\/p>\n<p>&nbsp; &nbsp; &nbsp; &nbsp; &nbsp; &nbsp; &nbsp; &nbsp; &nbsp; &nbsp; &nbsp; &nbsp; &nbsp; &nbsp; &nbsp; &nbsp; &nbsp; &nbsp; &nbsp; Carolina Caldera Torres<\/p>\n<p>&nbsp; &nbsp; &nbsp; &nbsp; &nbsp; &nbsp; &nbsp; &nbsp; &nbsp; &nbsp; &nbsp; &nbsp; &nbsp; &nbsp; &nbsp; &nbsp; &nbsp;&nbsp; &nbsp;&nbsp; Nuria Orejuela Conrado<\/p>\n<p>&nbsp; &nbsp; &nbsp; &nbsp; &nbsp; &nbsp; &nbsp; &nbsp; &nbsp; &nbsp; &nbsp; &nbsp; &nbsp; &nbsp; &nbsp; &nbsp; &nbsp; &nbsp; &nbsp; Mayorith Xiomara Ysuiza Yanay<\/p>\n<p>&nbsp; &nbsp; &nbsp; &nbsp; &nbsp; &nbsp; &nbsp; &nbsp; &nbsp; &nbsp; &nbsp; &nbsp; &nbsp; &nbsp; &nbsp; &nbsp; &nbsp; &nbsp; &nbsp; Estefan\u00eda Pe\u00f1a Lebr\u00f3n<\/p>\n<p>Muchas gracias por vuestra atenci\u00f3n<\/p>\n<p>Un saludo y hasta pronto!<\/p>\n<p>La Junta Directiva<\/p>\n<p>&nbsp;<\/p>\n<h3>Im\u00e1genes Relacionadas:<\/h3>","protected":false},"excerpt":{"rendered":"<p>Estimadas familias: La nueva Junta Directiva de la Asociaci\u00f3n de Madres y Padres de Alumnos, quiere en primer lugar, saludar a todas las familias que ya forman parte de esta comunidad, dar la bienvenida a todas aquellas que se incorporan en el nuevo curso e invitar&#46;&#46;&#46;<\/p>\n","protected":false},"author":7731,"featured_media":0,"parent":0,"menu_order":0,"comment_status":"closed","ping_status":"closed","template":"page-templates\/child-menu.php","meta":{"ngg_post_thumbnail":0,"footnotes":"","_mc_calendar":[]},"aioseo_notices":[],"_links":{"self":[{"href":"https:\/\/blogsaverroes.juntadeandalucia.es\/ceipnelsonmandela\/wp-json\/wp\/v2\/pages\/2244"}],"collection":[{"href":"https:\/\/blogsaverroes.juntadeandalucia.es\/ceipnelsonmandela\/wp-json\/wp\/v2\/pages"}],"about":[{"href":"https:\/\/blogsaverroes.juntadeandalucia.es\/ceipnelsonmandela\/wp-json\/wp\/v2\/types\/page"}],"author":[{"embeddable":true,"href":"https:\/\/blogsaverroes.juntadeandalucia.es\/ceipnelsonmandela\/wp-json\/wp\/v2\/users\/7731"}],"replies":[{"embeddable":true,"href":"https:\/\/blogsaverroes.juntadeandalucia.es\/ceipnelsonmandela\/wp-json\/wp\/v2\/comments?post=2244"}],"version-history":[{"count":5,"href":"https:\/\/blogsaverroes.juntadeandalucia.es\/ceipnelsonmandela\/wp-json\/wp\/v2\/pages\/2244\/revisions"}],"predecessor-version":[{"id":6318,"href":"https:\/\/blogsaverroes.juntadeandalucia.es\/ceipnelsonmandela\/wp-json\/wp\/v2\/pages\/2244\/revisions\/6318"}],"wp:attachment":[{"href":"https:\/\/blogsaverroes.juntadeandalucia.es\/ceipnelsonmandela\/wp-json\/wp\/v2\/media?parent=2244"}],"curies":[{"name":"wp","href":"https:\/\/api.w.org\/{rel}","templated":true}]}}