{"id":2290,"date":"2020-04-22T23:13:32","date_gmt":"2020-04-22T23:13:32","guid":{"rendered":"https:\/\/blogsaverroes.juntadeandalucia.es\/ceipnelsonmandela\/?page_id=2290"},"modified":"2020-04-28T16:58:29","modified_gmt":"2020-04-28T16:58:29","slug":"coolimpiadas","status":"publish","type":"page","link":"https:\/\/blogsaverroes.juntadeandalucia.es\/ceipnelsonmandela\/igualdad\/coolimpiadas\/","title":{"rendered":"Coolimpiadas"},"content":{"rendered":"<p><a href=\"https:\/\/blogsaverroes.juntadeandalucia.es\/ceipnelsonmandela\/files\/2020\/04\/IMG-20200305-WA0019.jpg\"><img loading=\"lazy\" decoding=\"async\" width=\"300\" height=\"225\" class=\"alignnone size-medium wp-image-2291\" alt=\"\" src=\"https:\/\/blogsaverroes.juntadeandalucia.es\/ceipnelsonmandela\/files\/2020\/04\/IMG-20200305-WA0019-300x225.jpg\" srcset=\"https:\/\/blogsaverroes.juntadeandalucia.es\/ceipnelsonmandela\/files\/2020\/04\/IMG-20200305-WA0019-300x225.jpg 300w, https:\/\/blogsaverroes.juntadeandalucia.es\/ceipnelsonmandela\/files\/2020\/04\/IMG-20200305-WA0019-768x576.jpg 768w, https:\/\/blogsaverroes.juntadeandalucia.es\/ceipnelsonmandela\/files\/2020\/04\/IMG-20200305-WA0019-1024x768.jpg 1024w, https:\/\/blogsaverroes.juntadeandalucia.es\/ceipnelsonmandela\/files\/2020\/04\/IMG-20200305-WA0019-24x18.jpg 24w, https:\/\/blogsaverroes.juntadeandalucia.es\/ceipnelsonmandela\/files\/2020\/04\/IMG-20200305-WA0019-36x27.jpg 36w, https:\/\/blogsaverroes.juntadeandalucia.es\/ceipnelsonmandela\/files\/2020\/04\/IMG-20200305-WA0019-48x36.jpg 48w, https:\/\/blogsaverroes.juntadeandalucia.es\/ceipnelsonmandela\/files\/2020\/04\/IMG-20200305-WA0019.jpg 1600w\" sizes=\"(max-width: 300px) 100vw, 300px\" \/><\/a><\/p>\n<p>&nbsp;<\/p>\n<p><em>D\u00cdA DE COOLIMPIADAS<\/em><\/p>\n<p><em>Con motivo de la celebraci\u00f3n del 8M nuestro alumnado ha participado en las Coolimpiadas dando ejemplo de que entre todos y todas se hacen m\u00e1s UN llevaderas las tareas del hogar.<\/em><\/p>\n<p><em>Derribar roles es fundamental para lograr la igualdad. Todav\u00eda queda un largo camino para lograr una corresponsabilidad real.&nbsp;La educaci\u00f3n es necesaria para abandonar los estereotipos tan arraigados en nuestra sociedad. Debemos ser ejemplo para que las nuevas generaciones lo tengan asimilado y lo vean como algo normal. <\/em><\/p>\n<p><em>Queremos agradecer al AMPA su organizaci\u00f3n y colaboraci\u00f3n que hizo posible que este d\u00eda resultase tan gratificante para nuestros ni\u00f1os y ni\u00f1as.<\/em><\/p>\nngg_shortcode_0_placeholder\n<h3>Im\u00e1genes Relacionadas:<\/h3>","protected":false},"excerpt":{"rendered":"<p>&nbsp; D\u00cdA DE COOLIMPIADAS Con motivo de la celebraci\u00f3n del 8M nuestro alumnado ha participado en las Coolimpiadas dando ejemplo de que entre todos y todas se hacen m\u00e1s UN llevaderas las tareas del hogar. Derribar roles es fundamental para lograr la igualdad. Todav\u00eda queda un&#46;&#46;&#46;<\/p>\n","protected":false},"author":7731,"featured_media":0,"parent":2201,"menu_order":0,"comment_status":"closed","ping_status":"closed","template":"","meta":{"ngg_post_thumbnail":0,"footnotes":"","_mc_calendar":[]},"aioseo_notices":[],"_links":{"self":[{"href":"https:\/\/blogsaverroes.juntadeandalucia.es\/ceipnelsonmandela\/wp-json\/wp\/v2\/pages\/2290"}],"collection":[{"href":"https:\/\/blogsaverroes.juntadeandalucia.es\/ceipnelsonmandela\/wp-json\/wp\/v2\/pages"}],"about":[{"href":"https:\/\/blogsaverroes.juntadeandalucia.es\/ceipnelsonmandela\/wp-json\/wp\/v2\/types\/page"}],"author":[{"embeddable":true,"href":"https:\/\/blogsaverroes.juntadeandalucia.es\/ceipnelsonmandela\/wp-json\/wp\/v2\/users\/7731"}],"replies":[{"embeddable":true,"href":"https:\/\/blogsaverroes.juntadeandalucia.es\/ceipnelsonmandela\/wp-json\/wp\/v2\/comments?post=2290"}],"version-history":[{"count":7,"href":"https:\/\/blogsaverroes.juntadeandalucia.es\/ceipnelsonmandela\/wp-json\/wp\/v2\/pages\/2290\/revisions"}],"predecessor-version":[{"id":2925,"href":"https:\/\/blogsaverroes.juntadeandalucia.es\/ceipnelsonmandela\/wp-json\/wp\/v2\/pages\/2290\/revisions\/2925"}],"up":[{"embeddable":true,"href":"https:\/\/blogsaverroes.juntadeandalucia.es\/ceipnelsonmandela\/wp-json\/wp\/v2\/pages\/2201"}],"wp:attachment":[{"href":"https:\/\/blogsaverroes.juntadeandalucia.es\/ceipnelsonmandela\/wp-json\/wp\/v2\/media?parent=2290"}],"curies":[{"name":"wp","href":"https:\/\/api.w.org\/{rel}","templated":true}]}}