{"id":3365,"date":"2021-07-04T13:50:29","date_gmt":"2021-07-04T13:50:29","guid":{"rendered":"https:\/\/blogsaverroes.juntadeandalucia.es\/ceipnelsonmandela\/?page_id=3365"},"modified":"2021-07-04T13:50:29","modified_gmt":"2021-07-04T13:50:29","slug":"proyecto-save-our-planet","status":"publish","type":"page","link":"https:\/\/blogsaverroes.juntadeandalucia.es\/ceipnelsonmandela\/erasmus-plus\/proyecto-save-our-planet\/","title":{"rendered":"PROYECTO SAVE OUR PLANET"},"content":{"rendered":"<p>El proyecto \u00abSave our Planet\u00bb es un proyecto realizado en la plataforma eTwinning con escuelas de Turqu\u00eda, Italia y Murcia.<\/p>\n<p>Este proyecto ha sido desarrollado durante el curso 2020\/21 dentro de las actividades a realizar en nuestro proyecto Erasmus Plus y, debido a su tem\u00e1tica, en colaboraci\u00f3n con nuestro proyecto de Ecoescuela.<\/p>\n<p><img loading=\"lazy\" decoding=\"async\" class=\"aligncenter size-full wp-image-3426\" src=\"https:\/\/blogsaverroes.juntadeandalucia.es\/ceipnelsonmandela\/files\/2021\/07\/etwinning.jpg\" alt=\"\" width=\"500\" height=\"229\" srcset=\"https:\/\/blogsaverroes.juntadeandalucia.es\/ceipnelsonmandela\/files\/2021\/07\/etwinning.jpg 500w, https:\/\/blogsaverroes.juntadeandalucia.es\/ceipnelsonmandela\/files\/2021\/07\/etwinning-300x137.jpg 300w\" sizes=\"(max-width: 500px) 100vw, 500px\" \/><\/p>\n<p><img loading=\"lazy\" decoding=\"async\" class=\"aligncenter size-full wp-image-3366\" src=\"https:\/\/blogsaverroes.juntadeandalucia.es\/ceipnelsonmandela\/files\/2021\/07\/20210604_163219.jpg\" alt=\"\" width=\"971\" height=\"983\" srcset=\"https:\/\/blogsaverroes.juntadeandalucia.es\/ceipnelsonmandela\/files\/2021\/07\/20210604_163219.jpg 971w, https:\/\/blogsaverroes.juntadeandalucia.es\/ceipnelsonmandela\/files\/2021\/07\/20210604_163219-296x300.jpg 296w, https:\/\/blogsaverroes.juntadeandalucia.es\/ceipnelsonmandela\/files\/2021\/07\/20210604_163219-768x777.jpg 768w, https:\/\/blogsaverroes.juntadeandalucia.es\/ceipnelsonmandela\/files\/2021\/07\/20210604_163219-80x80.jpg 80w\" sizes=\"(max-width: 971px) 100vw, 971px\" \/><\/p>\n<p>En la siguiente galer\u00eda de im\u00e1genes podr\u00e9is ver algunas de las actividades realizadas,<\/p>\n<p>ngg_shortcode_0_placeholderY aqu\u00ed algunos v\u00eddeos de las colaboraciones realizadas.<\/p>\n<p><a title=\"VIDEO DEL D\u00cdA DE LA TIERRA\" href=\"https:\/\/youtu.be\/rGGUS3Apo8o\">VIDEO DEL D\u00cdA DE LA TIERRA<\/a><\/p>\n<p><a title=\"VIDEO SOBRE EL AHORRO DE ENERG\u00cdA\" href=\"https:\/\/youtu.be\/f41TGxyiKyA\">VIDEO SOBRE EL AHORRO DE ENERG\u00cdA<\/a><\/p>\n<p><a title=\"VIDEO DEL D\u00cdA DE ETWINNING\" href=\"https:\/\/youtu.be\/GW6HlRAEI48\">VIDEO DEL DIA DE ETWINNING<\/a><\/p>\n<p><a title=\"VIDEO DEL RAP DIA MEDIO AMBIENTE\" href=\"https:\/\/youtu.be\/61I6MlgnYQQ\">VIDEO RAP DIA MEDIO AMBIENTE<\/a><\/p>\n<h3>Im\u00e1genes Relacionadas:<\/h3>","protected":false},"excerpt":{"rendered":"<p>El proyecto \u00abSave our Planet\u00bb es un proyecto realizado en la plataforma eTwinning con escuelas de Turqu\u00eda, Italia y Murcia. Este proyecto ha sido desarrollado durante el curso 2020\/21 dentro de las actividades a realizar en nuestro proyecto Erasmus Plus y, debido a su tem\u00e1tica, en&#46;&#46;&#46;<\/p>\n","protected":false},"author":7731,"featured_media":0,"parent":2187,"menu_order":0,"comment_status":"closed","ping_status":"closed","template":"","meta":{"ngg_post_thumbnail":0,"footnotes":"","_mc_calendar":[]},"aioseo_notices":[],"_links":{"self":[{"href":"https:\/\/blogsaverroes.juntadeandalucia.es\/ceipnelsonmandela\/wp-json\/wp\/v2\/pages\/3365"}],"collection":[{"href":"https:\/\/blogsaverroes.juntadeandalucia.es\/ceipnelsonmandela\/wp-json\/wp\/v2\/pages"}],"about":[{"href":"https:\/\/blogsaverroes.juntadeandalucia.es\/ceipnelsonmandela\/wp-json\/wp\/v2\/types\/page"}],"author":[{"embeddable":true,"href":"https:\/\/blogsaverroes.juntadeandalucia.es\/ceipnelsonmandela\/wp-json\/wp\/v2\/users\/7731"}],"replies":[{"embeddable":true,"href":"https:\/\/blogsaverroes.juntadeandalucia.es\/ceipnelsonmandela\/wp-json\/wp\/v2\/comments?post=3365"}],"version-history":[{"count":1,"href":"https:\/\/blogsaverroes.juntadeandalucia.es\/ceipnelsonmandela\/wp-json\/wp\/v2\/pages\/3365\/revisions"}],"predecessor-version":[{"id":3427,"href":"https:\/\/blogsaverroes.juntadeandalucia.es\/ceipnelsonmandela\/wp-json\/wp\/v2\/pages\/3365\/revisions\/3427"}],"up":[{"embeddable":true,"href":"https:\/\/blogsaverroes.juntadeandalucia.es\/ceipnelsonmandela\/wp-json\/wp\/v2\/pages\/2187"}],"wp:attachment":[{"href":"https:\/\/blogsaverroes.juntadeandalucia.es\/ceipnelsonmandela\/wp-json\/wp\/v2\/media?parent=3365"}],"curies":[{"name":"wp","href":"https:\/\/api.w.org\/{rel}","templated":true}]}}