{"id":44,"date":"2015-03-13T08:42:15","date_gmt":"2015-03-13T08:42:15","guid":{"rendered":"http:\/\/blogsaverroes.juntadeandalucia.es\/pre\/ceip\/?page_id=44"},"modified":"2023-03-03T11:01:43","modified_gmt":"2023-03-03T11:01:43","slug":"planes-y-proyectos","status":"publish","type":"page","link":"https:\/\/blogsaverroes.juntadeandalucia.es\/ceipnelsonmandela\/planes-y-proyectos\/","title":{"rendered":"Planes y Programas"},"content":{"rendered":"<p>Los planes y proyectos que se llevan a cabo en nuestro centro son los siguientes:<\/p>\n<ul>\n<li>Plan de Igualdad.<\/li>\n<li>Proyecto de Biblioteca.<\/li>\n<li>Proyecto Biling\u00fce.<\/li>\n<li>Proyecto de Ecoecuela.<\/li>\n<li>Proyecto Erasmus Plus.<\/li>\n<li>Plan de Autoprotecci\u00f3n.<\/li>\n<li>Proyecto \u00abCreciendo en salud\u00bb<\/li>\n<li>Plan de Practicum.<\/li>\n<li>Proyecto TDE (Transformaci\u00f3n Digital Educativa.<\/li>\n<\/ul>\n<p>Para m\u00e1s informaci\u00f3n sobre estos planes y proyectos pueden consultar la siguiente presentaci\u00f3n.<\/p>\n<p><a title=\"PRESETACI\u00d3N DE PLANES Y PROYECTOS\" href=\"https:\/\/drive.google.com\/file\/d\/1w0-YQKdrwpvQp4_AzkziPT73MAnGCJHj\/view?usp=sharing\">PRESENTACI\u00d3N DE PLANES Y PROYECTOS<\/a><\/p>\n<p>&nbsp;<\/p>\n<h3>Im\u00e1genes Relacionadas:<\/h3>","protected":false},"excerpt":{"rendered":"<p>Los planes y proyectos que se llevan a cabo en nuestro centro son los siguientes: Plan de Igualdad. Proyecto de Biblioteca. Proyecto Biling\u00fce. Proyecto de Ecoecuela. Proyecto Erasmus Plus. Plan de Autoprotecci\u00f3n. Proyecto \u00abCreciendo en salud\u00bb Plan de Practicum. Proyecto TDE (Transformaci\u00f3n Digital Educativa. Para m\u00e1s&#46;&#46;&#46;<\/p>\n","protected":false},"author":1,"featured_media":0,"parent":0,"menu_order":0,"comment_status":"open","ping_status":"closed","template":"page-templates\/child-menu.php","meta":{"ngg_post_thumbnail":0,"footnotes":"","_mc_calendar":[]},"aioseo_notices":[],"_links":{"self":[{"href":"https:\/\/blogsaverroes.juntadeandalucia.es\/ceipnelsonmandela\/wp-json\/wp\/v2\/pages\/44"}],"collection":[{"href":"https:\/\/blogsaverroes.juntadeandalucia.es\/ceipnelsonmandela\/wp-json\/wp\/v2\/pages"}],"about":[{"href":"https:\/\/blogsaverroes.juntadeandalucia.es\/ceipnelsonmandela\/wp-json\/wp\/v2\/types\/page"}],"author":[{"embeddable":true,"href":"https:\/\/blogsaverroes.juntadeandalucia.es\/ceipnelsonmandela\/wp-json\/wp\/v2\/users\/1"}],"replies":[{"embeddable":true,"href":"https:\/\/blogsaverroes.juntadeandalucia.es\/ceipnelsonmandela\/wp-json\/wp\/v2\/comments?post=44"}],"version-history":[{"count":8,"href":"https:\/\/blogsaverroes.juntadeandalucia.es\/ceipnelsonmandela\/wp-json\/wp\/v2\/pages\/44\/revisions"}],"predecessor-version":[{"id":5511,"href":"https:\/\/blogsaverroes.juntadeandalucia.es\/ceipnelsonmandela\/wp-json\/wp\/v2\/pages\/44\/revisions\/5511"}],"wp:attachment":[{"href":"https:\/\/blogsaverroes.juntadeandalucia.es\/ceipnelsonmandela\/wp-json\/wp\/v2\/media?parent=44"}],"curies":[{"name":"wp","href":"https:\/\/api.w.org\/{rel}","templated":true}]}}