{"id":4934,"date":"2022-06-28T20:46:32","date_gmt":"2022-06-28T20:46:32","guid":{"rendered":"https:\/\/blogsaverroes.juntadeandalucia.es\/ceipnelsonmandela\/?page_id=4934"},"modified":"2022-06-28T20:46:32","modified_gmt":"2022-06-28T20:46:32","slug":"proyecto-i-love-holidays","status":"publish","type":"page","link":"https:\/\/blogsaverroes.juntadeandalucia.es\/ceipnelsonmandela\/erasmus-plus\/proyecto-i-love-holidays\/","title":{"rendered":"PROYECTO \u00abI LOVE HOLIDAYS\u00bb"},"content":{"rendered":"<p>Durante el curso 2021-2022 hemos desarrollado este proyecto en los dos cursos de 2\u00ba de Educaci\u00f3n Primaria.&nbsp;<\/p>\n<p>Este proyecto es en colaboraci\u00f3n con un colegio de Polonia y otros centros de Europa. Se realiza a trav\u00e9s de la plataforma eTwinning.<\/p>\n<p>El proyecto final era elaborar un cartel de promoci\u00f3n de nuestro pueblo.<\/p>\n<p><img loading=\"lazy\" decoding=\"async\" class=\"aligncenter size-full wp-image-4935\" src=\"https:\/\/blogsaverroes.juntadeandalucia.es\/ceipnelsonmandela\/files\/2022\/06\/Picsart_22-06-10_15-57-21-009-scaled.jpg\" alt=\"\" width=\"1251\" height=\"1600\" srcset=\"https:\/\/blogsaverroes.juntadeandalucia.es\/ceipnelsonmandela\/files\/2022\/06\/Picsart_22-06-10_15-57-21-009-scaled.jpg 1251w, https:\/\/blogsaverroes.juntadeandalucia.es\/ceipnelsonmandela\/files\/2022\/06\/Picsart_22-06-10_15-57-21-009-235x300.jpg 235w, https:\/\/blogsaverroes.juntadeandalucia.es\/ceipnelsonmandela\/files\/2022\/06\/Picsart_22-06-10_15-57-21-009-801x1024.jpg 801w, https:\/\/blogsaverroes.juntadeandalucia.es\/ceipnelsonmandela\/files\/2022\/06\/Picsart_22-06-10_15-57-21-009-768x982.jpg 768w, https:\/\/blogsaverroes.juntadeandalucia.es\/ceipnelsonmandela\/files\/2022\/06\/Picsart_22-06-10_15-57-21-009-1201x1536.jpg 1201w, https:\/\/blogsaverroes.juntadeandalucia.es\/ceipnelsonmandela\/files\/2022\/06\/Picsart_22-06-10_15-57-21-009-1601x2048.jpg 1601w\" sizes=\"(max-width: 1251px) 100vw, 1251px\" \/><\/p>\nngg_shortcode_0_placeholder\n<h3>Im\u00e1genes Relacionadas:<\/h3>","protected":false},"excerpt":{"rendered":"<p>Durante el curso 2021-2022 hemos desarrollado este proyecto en los dos cursos de 2\u00ba de Educaci\u00f3n Primaria.&nbsp; Este proyecto es en colaboraci\u00f3n con un colegio de Polonia y otros centros de Europa. Se realiza a trav\u00e9s de la plataforma eTwinning. El proyecto final era elaborar un&#46;&#46;&#46;<\/p>\n","protected":false},"author":7731,"featured_media":0,"parent":2187,"menu_order":0,"comment_status":"closed","ping_status":"closed","template":"","meta":{"ngg_post_thumbnail":0,"footnotes":"","_mc_calendar":[]},"aioseo_notices":[],"_links":{"self":[{"href":"https:\/\/blogsaverroes.juntadeandalucia.es\/ceipnelsonmandela\/wp-json\/wp\/v2\/pages\/4934"}],"collection":[{"href":"https:\/\/blogsaverroes.juntadeandalucia.es\/ceipnelsonmandela\/wp-json\/wp\/v2\/pages"}],"about":[{"href":"https:\/\/blogsaverroes.juntadeandalucia.es\/ceipnelsonmandela\/wp-json\/wp\/v2\/types\/page"}],"author":[{"embeddable":true,"href":"https:\/\/blogsaverroes.juntadeandalucia.es\/ceipnelsonmandela\/wp-json\/wp\/v2\/users\/7731"}],"replies":[{"embeddable":true,"href":"https:\/\/blogsaverroes.juntadeandalucia.es\/ceipnelsonmandela\/wp-json\/wp\/v2\/comments?post=4934"}],"version-history":[{"count":1,"href":"https:\/\/blogsaverroes.juntadeandalucia.es\/ceipnelsonmandela\/wp-json\/wp\/v2\/pages\/4934\/revisions"}],"predecessor-version":[{"id":4970,"href":"https:\/\/blogsaverroes.juntadeandalucia.es\/ceipnelsonmandela\/wp-json\/wp\/v2\/pages\/4934\/revisions\/4970"}],"up":[{"embeddable":true,"href":"https:\/\/blogsaverroes.juntadeandalucia.es\/ceipnelsonmandela\/wp-json\/wp\/v2\/pages\/2187"}],"wp:attachment":[{"href":"https:\/\/blogsaverroes.juntadeandalucia.es\/ceipnelsonmandela\/wp-json\/wp\/v2\/media?parent=4934"}],"curies":[{"name":"wp","href":"https:\/\/api.w.org\/{rel}","templated":true}]}}