{"id":6990,"date":"2025-02-10T18:02:27","date_gmt":"2025-02-10T18:02:27","guid":{"rendered":"https:\/\/blogsaverroes.juntadeandalucia.es\/ceipnelsonmandela\/?page_id=6990"},"modified":"2025-02-10T18:02:27","modified_gmt":"2025-02-10T18:02:27","slug":"mandela-news","status":"publish","type":"page","link":"https:\/\/blogsaverroes.juntadeandalucia.es\/ceipnelsonmandela\/mandela-news\/","title":{"rendered":"MANDELA NEWS"},"content":{"rendered":"<p>MANDELA NEWS es nuestro peri\u00f3dico del cole. Comenz\u00f3 en el curso 2023\/24 y su nombre fue elegido el votaci\u00f3n por nuestro alumnado y profesorado. En los men\u00fas de cada curso podr\u00e1n ver los ejemplares publicados. \u00a1Disfruten de su lectura!<\/p>\n<h3>Im\u00e1genes Relacionadas:<\/h3>","protected":false},"excerpt":{"rendered":"<p>MANDELA NEWS es nuestro peri\u00f3dico del cole. Comenz\u00f3 en el curso 2023\/24 y su nombre fue elegido el votaci\u00f3n por nuestro alumnado y profesorado. En los men\u00fas de cada curso podr\u00e1n ver los ejemplares publicados. \u00a1Disfruten de su lectura! Im\u00e1genes Relacionadas:<\/p>\n","protected":false},"author":7731,"featured_media":0,"parent":0,"menu_order":0,"comment_status":"closed","ping_status":"closed","template":"","meta":{"ngg_post_thumbnail":0,"footnotes":"","_mc_calendar":[]},"aioseo_notices":[],"_links":{"self":[{"href":"https:\/\/blogsaverroes.juntadeandalucia.es\/ceipnelsonmandela\/wp-json\/wp\/v2\/pages\/6990"}],"collection":[{"href":"https:\/\/blogsaverroes.juntadeandalucia.es\/ceipnelsonmandela\/wp-json\/wp\/v2\/pages"}],"about":[{"href":"https:\/\/blogsaverroes.juntadeandalucia.es\/ceipnelsonmandela\/wp-json\/wp\/v2\/types\/page"}],"author":[{"embeddable":true,"href":"https:\/\/blogsaverroes.juntadeandalucia.es\/ceipnelsonmandela\/wp-json\/wp\/v2\/users\/7731"}],"replies":[{"embeddable":true,"href":"https:\/\/blogsaverroes.juntadeandalucia.es\/ceipnelsonmandela\/wp-json\/wp\/v2\/comments?post=6990"}],"version-history":[{"count":1,"href":"https:\/\/blogsaverroes.juntadeandalucia.es\/ceipnelsonmandela\/wp-json\/wp\/v2\/pages\/6990\/revisions"}],"predecessor-version":[{"id":6991,"href":"https:\/\/blogsaverroes.juntadeandalucia.es\/ceipnelsonmandela\/wp-json\/wp\/v2\/pages\/6990\/revisions\/6991"}],"wp:attachment":[{"href":"https:\/\/blogsaverroes.juntadeandalucia.es\/ceipnelsonmandela\/wp-json\/wp\/v2\/media?parent=6990"}],"curies":[{"name":"wp","href":"https:\/\/api.w.org\/{rel}","templated":true}]}}