{"id":6996,"date":"2025-02-10T18:09:20","date_gmt":"2025-02-10T18:09:20","guid":{"rendered":"https:\/\/blogsaverroes.juntadeandalucia.es\/ceipnelsonmandela\/?page_id=6996"},"modified":"2025-02-10T18:09:03","modified_gmt":"2025-02-10T18:09:03","slug":"proyecto-european-talking-tracks-from-la-carlota-to-guipavas","status":"publish","type":"page","link":"https:\/\/blogsaverroes.juntadeandalucia.es\/ceipnelsonmandela\/etwinning\/proyecto-european-talking-tracks-from-la-carlota-to-guipavas\/","title":{"rendered":"PROYECTO \u00abEUROPEAN TALKING TRACKS FROM LA CARLOTA TO GUIPAVAS\u00bb"},"content":{"rendered":"<p>El CEIP Nelson Mandela de La Carlota ha culminado su proyecto eTwinning del pasado curso con la instalaci\u00f3n de placas informativas en distintas calles del municipio. Esta iniciativa, desarrollada junto a otros centros europeos, ha permitido al alumnado investigar y difundir la historia y el origen de varias v\u00edas locales, plasmando sus conclusiones en estos elementos divulgativos.<br \/>\nEl acto de colocaci\u00f3n se ha llevado a cabo en la Avenida Carlos III, donde la primera placa se ha situado en un atril informativo en el bulevar de la propia avenida, frente al Ayuntamiento. En las pr\u00f3ximas semanas se completar\u00e1 la instalaci\u00f3n del resto de placas en las calles trabajadas dentro del proyecto.<br \/>\nDurante la ceremonia, dos alumnos realizaron una lectura sobre el proyecto y el valor del trabajo compartido entre los diferentes pueblos, antes de descubrir la placa relativa a la v\u00eda principal del municipio.<br \/>\nLa inauguraci\u00f3n estuvo presidida por el alcalde de La Carlota, Antonio Granados, acompa\u00f1ado por la concejala de Educaci\u00f3n, In\u00e9s Mart\u00ednez, el director del centro, Salvador Herm\u00e1n, y la profesora responsable del proyecto eTwinning, Cristina Mu\u00f1oz, junto a varios cursos del colegio. Todos ellos destacaron la importancia de esta iniciativa educativa y cultural, que combina el conocimiento del patrimonio local con la cooperaci\u00f3n internacional entre escolares europeos.<\/p>\n<p><iframe loading=\"lazy\" title=\"INFORMATIVO Proyecto eTwinning\" width=\"500\" height=\"281\" src=\"https:\/\/www.youtube.com\/embed\/DCAQ6JQPwkU?feature=oembed&#038;wmode=opaque\" frameborder=\"0\" allow=\"accelerometer; autoplay; clipboard-write; encrypted-media; gyroscope; picture-in-picture; web-share\" referrerpolicy=\"strict-origin-when-cross-origin\" allowfullscreen><\/iframe><\/p>\n<h3>Im\u00e1genes Relacionadas:<\/h3>","protected":false},"excerpt":{"rendered":"<p>El CEIP Nelson Mandela de La Carlota ha culminado su proyecto eTwinning del pasado curso con la instalaci\u00f3n de placas informativas en distintas calles del municipio. Esta iniciativa, desarrollada junto a otros centros europeos, ha permitido al alumnado investigar y difundir la historia y el origen&#46;&#46;&#46;<\/p>\n","protected":false},"author":7731,"featured_media":0,"parent":5333,"menu_order":0,"comment_status":"closed","ping_status":"closed","template":"","meta":{"ngg_post_thumbnail":0,"footnotes":"","_mc_calendar":[]},"aioseo_notices":[],"_links":{"self":[{"href":"https:\/\/blogsaverroes.juntadeandalucia.es\/ceipnelsonmandela\/wp-json\/wp\/v2\/pages\/6996"}],"collection":[{"href":"https:\/\/blogsaverroes.juntadeandalucia.es\/ceipnelsonmandela\/wp-json\/wp\/v2\/pages"}],"about":[{"href":"https:\/\/blogsaverroes.juntadeandalucia.es\/ceipnelsonmandela\/wp-json\/wp\/v2\/types\/page"}],"author":[{"embeddable":true,"href":"https:\/\/blogsaverroes.juntadeandalucia.es\/ceipnelsonmandela\/wp-json\/wp\/v2\/users\/7731"}],"replies":[{"embeddable":true,"href":"https:\/\/blogsaverroes.juntadeandalucia.es\/ceipnelsonmandela\/wp-json\/wp\/v2\/comments?post=6996"}],"version-history":[{"count":3,"href":"https:\/\/blogsaverroes.juntadeandalucia.es\/ceipnelsonmandela\/wp-json\/wp\/v2\/pages\/6996\/revisions"}],"predecessor-version":[{"id":8160,"href":"https:\/\/blogsaverroes.juntadeandalucia.es\/ceipnelsonmandela\/wp-json\/wp\/v2\/pages\/6996\/revisions\/8160"}],"up":[{"embeddable":true,"href":"https:\/\/blogsaverroes.juntadeandalucia.es\/ceipnelsonmandela\/wp-json\/wp\/v2\/pages\/5333"}],"wp:attachment":[{"href":"https:\/\/blogsaverroes.juntadeandalucia.es\/ceipnelsonmandela\/wp-json\/wp\/v2\/media?parent=6996"}],"curies":[{"name":"wp","href":"https:\/\/api.w.org\/{rel}","templated":true}]}}