{"id":869,"date":"2022-09-10T19:11:52","date_gmt":"2022-09-10T19:11:52","guid":{"rendered":"http:\/\/blogsaverroes.juntadeandalucia.es\/pre\/ceip\/?page_id=84"},"modified":"2025-10-18T16:40:30","modified_gmt":"2025-10-18T16:40:30","slug":"calendario-escolar","status":"publish","type":"page","link":"https:\/\/blogsaverroes.juntadeandalucia.es\/ceipnelsonmandela\/calendario-escolar\/","title":{"rendered":"Calendario escolar"},"content":{"rendered":"<p><img loading=\"lazy\" decoding=\"async\" class=\"aligncenter size-full wp-image-8176\" src=\"https:\/\/blogsaverroes.juntadeandalucia.es\/ceipnelsonmandela\/files\/2025\/10\/CALENDARIO.jpg\" alt=\"\" width=\"2242\" height=\"3214\" srcset=\"https:\/\/blogsaverroes.juntadeandalucia.es\/ceipnelsonmandela\/files\/2025\/10\/CALENDARIO.jpg 1116w, https:\/\/blogsaverroes.juntadeandalucia.es\/ceipnelsonmandela\/files\/2025\/10\/CALENDARIO-209x300.jpg 209w, https:\/\/blogsaverroes.juntadeandalucia.es\/ceipnelsonmandela\/files\/2025\/10\/CALENDARIO-714x1024.jpg 714w, https:\/\/blogsaverroes.juntadeandalucia.es\/ceipnelsonmandela\/files\/2025\/10\/CALENDARIO-768x1101.jpg 768w, https:\/\/blogsaverroes.juntadeandalucia.es\/ceipnelsonmandela\/files\/2025\/10\/CALENDARIO-1071x1536.jpg 1071w, https:\/\/blogsaverroes.juntadeandalucia.es\/ceipnelsonmandela\/files\/2025\/10\/CALENDARIO-1429x2048.jpg 1429w\" sizes=\"(max-width: 2242px) 100vw, 2242px\" \/><\/p>\n<p>Festivos locales:<\/p>\n<ul>\n<li>12 de septiembre: Feria de La Carlota.<\/li>\n<li>15 de mayo: Romer\u00eda.<\/li>\n<li>29 de mayo: Feria de C\u00f3rdoba.<\/li>\n<\/ul>\n<h3>Im\u00e1genes Relacionadas:<\/h3>","protected":false},"excerpt":{"rendered":"<p>Festivos locales: 12 de septiembre: Feria de La Carlota. 15 de mayo: Romer\u00eda. 29 de mayo: Feria de C\u00f3rdoba. Im\u00e1genes Relacionadas:<\/p>\n","protected":false},"author":1,"featured_media":0,"parent":0,"menu_order":0,"comment_status":"open","ping_status":"open","template":"page-templates\/child-menu.php","meta":{"ngg_post_thumbnail":0,"footnotes":"","_mc_calendar":[]},"aioseo_notices":[],"_links":{"self":[{"href":"https:\/\/blogsaverroes.juntadeandalucia.es\/ceipnelsonmandela\/wp-json\/wp\/v2\/pages\/869"}],"collection":[{"href":"https:\/\/blogsaverroes.juntadeandalucia.es\/ceipnelsonmandela\/wp-json\/wp\/v2\/pages"}],"about":[{"href":"https:\/\/blogsaverroes.juntadeandalucia.es\/ceipnelsonmandela\/wp-json\/wp\/v2\/types\/page"}],"author":[{"embeddable":true,"href":"https:\/\/blogsaverroes.juntadeandalucia.es\/ceipnelsonmandela\/wp-json\/wp\/v2\/users\/1"}],"replies":[{"embeddable":true,"href":"https:\/\/blogsaverroes.juntadeandalucia.es\/ceipnelsonmandela\/wp-json\/wp\/v2\/comments?post=869"}],"version-history":[{"count":12,"href":"https:\/\/blogsaverroes.juntadeandalucia.es\/ceipnelsonmandela\/wp-json\/wp\/v2\/pages\/869\/revisions"}],"predecessor-version":[{"id":8177,"href":"https:\/\/blogsaverroes.juntadeandalucia.es\/ceipnelsonmandela\/wp-json\/wp\/v2\/pages\/869\/revisions\/8177"}],"wp:attachment":[{"href":"https:\/\/blogsaverroes.juntadeandalucia.es\/ceipnelsonmandela\/wp-json\/wp\/v2\/media?parent=869"}],"curies":[{"name":"wp","href":"https:\/\/api.w.org\/{rel}","templated":true}]}}