{"id":200,"date":"2015-03-17T10:04:24","date_gmt":"2015-03-17T10:04:24","guid":{"rendered":"http:\/\/blogsaverroes.juntadeandalucia.es\/pre\/ceip\/?page_id=200"},"modified":"2020-02-17T14:23:51","modified_gmt":"2020-02-17T12:23:51","slug":"quienes-formamos-el-ampa","status":"publish","type":"page","link":"https:\/\/blogsaverroes.juntadeandalucia.es\/ceipnorena\/quienes-formamos-el-ampa\/","title":{"rendered":"\u00bfQuienes formamos el AMPA?"},"content":{"rendered":"<p>La Asociaci\u00f3n de Madres y Padres de nuestro CEIP Nore\u00f1a&nbsp;est\u00e1 constituida por ___________familias, y gestionada por una &nbsp;<strong>Junta Directiva<\/strong>.<\/p>\n<p>Puedes ponerte en contacto con nosotros\/as en el email:&nbsp;________________________<\/p>\n<p>Relaci\u00f3n de las personas que forman parte de la Junta Directiva 2016\/17:<\/p>\n<p><span style=\"font-family: arial, sans-serif\">PRESIDENTA:&nbsp;<br \/>\nVICEPRESIDENTA:&nbsp;<br \/>\nTESORERA:&nbsp;<\/span><\/p>\n<div><span style=\"font-family: arial, sans-serif\">VICETESORERA:&nbsp;<br \/>\nSECRETARIA: &nbsp;<\/span><\/p>\n<div><span style=\"font-family: arial, sans-serif\">VICESECRETARIA:&nbsp;<br \/>\nVOCAL: &nbsp;<br \/>\nVOCAL:&nbsp;<br \/>\nVOCAL:&nbsp;<\/span><\/div>\n<\/div>\n<div><span style=\"font-family: arial, sans-serif\">VOCAL:&nbsp;<\/span><\/div>\n<div><span style=\"font-family: arial, sans-serif\">VOCAL:&nbsp;<\/span><\/div>\n<div><span style=\"font-family: arial, sans-serif\">VOCAL:&nbsp;<\/span><\/div>\n<div><span style=\"font-family: arial, sans-serif\">VOCAL:&nbsp;<\/span><\/div>\n<div><span style=\"font-family: arial, sans-serif\">VOCAL:&nbsp;<\/span><\/div>\n<p>&nbsp;<\/p>\n","protected":false},"excerpt":{"rendered":"<p>La Asociaci\u00f3n de Madres y Padres de nuestro CEIP Nore\u00f1a&nbsp;est\u00e1 constituida por ___________familias, y gestionada por una &nbsp;Junta Directiva. Puedes ponerte en contacto con nosotros\/as en el email:&nbsp;________________________ Relaci\u00f3n de las personas que forman&#46;&#46;&#46;<\/p>\n","protected":false},"author":1,"featured_media":0,"parent":0,"menu_order":0,"comment_status":"open","ping_status":"open","template":"page-templates\/child-menu.php","meta":{"ngg_post_thumbnail":0,"footnotes":"","_mc_calendar":[]},"aioseo_notices":[],"_links":{"self":[{"href":"https:\/\/blogsaverroes.juntadeandalucia.es\/ceipnorena\/wp-json\/wp\/v2\/pages\/200"}],"collection":[{"href":"https:\/\/blogsaverroes.juntadeandalucia.es\/ceipnorena\/wp-json\/wp\/v2\/pages"}],"about":[{"href":"https:\/\/blogsaverroes.juntadeandalucia.es\/ceipnorena\/wp-json\/wp\/v2\/types\/page"}],"author":[{"embeddable":true,"href":"https:\/\/blogsaverroes.juntadeandalucia.es\/ceipnorena\/wp-json\/wp\/v2\/users\/1"}],"replies":[{"embeddable":true,"href":"https:\/\/blogsaverroes.juntadeandalucia.es\/ceipnorena\/wp-json\/wp\/v2\/comments?post=200"}],"version-history":[{"count":5,"href":"https:\/\/blogsaverroes.juntadeandalucia.es\/ceipnorena\/wp-json\/wp\/v2\/pages\/200\/revisions"}],"predecessor-version":[{"id":2899,"href":"https:\/\/blogsaverroes.juntadeandalucia.es\/ceipnorena\/wp-json\/wp\/v2\/pages\/200\/revisions\/2899"}],"wp:attachment":[{"href":"https:\/\/blogsaverroes.juntadeandalucia.es\/ceipnorena\/wp-json\/wp\/v2\/media?parent=200"}],"curies":[{"name":"wp","href":"https:\/\/api.w.org\/{rel}","templated":true}]}}