{"id":2248,"date":"2017-05-17T19:23:18","date_gmt":"2017-05-17T17:23:18","guid":{"rendered":"http:\/\/blogsaverroes.juntadeandalucia.es\/ceipnorena\/?page_id=2248"},"modified":"2022-02-09T14:20:28","modified_gmt":"2022-02-09T12:20:28","slug":"programaciones","status":"publish","type":"page","link":"https:\/\/blogsaverroes.juntadeandalucia.es\/ceipnorena\/programaciones\/","title":{"rendered":"Programaciones"},"content":{"rendered":"<h4 style=\"text-align: left\"><span style=\"color: #008000\">EDUCACI\u00d3N INFANTIL<br \/>\n<a href=\"https:\/\/blogsaverroes.juntadeandalucia.es\/ceipnorena\/files\/2017\/05\/INFANCIA.jpg\"><img decoding=\"async\" class=\"wp-image-2259 alignleft\" src=\"https:\/\/blogsaverroes.juntadeandalucia.es\/ceipnorena\/files\/2017\/05\/INFANCIA.jpg\" alt=\"\" width=\"177\" height=\"177\" srcset=\"https:\/\/blogsaverroes.juntadeandalucia.es\/ceipnorena\/files\/2017\/05\/INFANCIA.jpg 224w, https:\/\/blogsaverroes.juntadeandalucia.es\/ceipnorena\/files\/2017\/05\/INFANCIA-150x150.jpg 150w, https:\/\/blogsaverroes.juntadeandalucia.es\/ceipnorena\/files\/2017\/05\/INFANCIA-100x100.jpg 100w, https:\/\/blogsaverroes.juntadeandalucia.es\/ceipnorena\/files\/2017\/05\/INFANCIA-160x160.jpg 160w, https:\/\/blogsaverroes.juntadeandalucia.es\/ceipnorena\/files\/2017\/05\/INFANCIA-24x24.jpg 24w, https:\/\/blogsaverroes.juntadeandalucia.es\/ceipnorena\/files\/2017\/05\/INFANCIA-36x36.jpg 36w, https:\/\/blogsaverroes.juntadeandalucia.es\/ceipnorena\/files\/2017\/05\/INFANCIA-48x48.jpg 48w\" sizes=\"(max-width: 177px) 100vw, 177px\" \/><\/a><\/span><\/h4>\n<p>&nbsp;<\/p>\n<table style=\"width: 584px\">\n<tbody>\n<tr>\n<td style=\"width: 232px\">\n<h4><a href=\"https:\/\/issuu.com\/ceipnorena\/docs\/p.anual\" target=\"_blank\" rel=\"noopener noreferrer\"><span style=\"color: #008000\">E.I. 3 A\u00d1OS<\/span><\/a><\/h4>\n<\/td>\n<td style=\"width: 255px\">\n<h4><a href=\"https:\/\/issuu.com\/ceipnorena\/docs\/4_a__os\" target=\"_blank\" rel=\"noopener noreferrer\"><span style=\"color: #008000\">E.I. 4 A\u00d1OS<\/span><\/a><\/h4>\n<\/td>\n<td style=\"width: 263px\">\n<h4>&nbsp;<a href=\"https:\/\/blogsaverroes.juntadeandalucia.es\/ceipnorena\/files\/2022\/02\/program-infantil-5A.pdf\"><span style=\"color: #008000\">E.I. 5 A\u00d1OS<\/span><\/a><\/h4>\n<\/td>\n<\/tr>\n<\/tbody>\n<\/table>\n<h4 style=\"text-align: left\"><span style=\"color: #008000\">&nbsp;<\/span><\/h4>\n<h4>&nbsp;<\/h4>\n<h4><span style=\"color: #008000\">EDUCACI\u00d3N PRIMARIA<\/span><\/h4>\n<p><a href=\"https:\/\/blogsaverroes.juntadeandalucia.es\/ceipnorena\/files\/2017\/05\/primaria.png\"><img decoding=\"async\" class=\" wp-image-2274 alignleft\" src=\"https:\/\/blogsaverroes.juntadeandalucia.es\/ceipnorena\/files\/2017\/05\/primaria.png\" alt=\"\" width=\"177\" height=\"133\" srcset=\"https:\/\/blogsaverroes.juntadeandalucia.es\/ceipnorena\/files\/2017\/05\/primaria.png 259w, https:\/\/blogsaverroes.juntadeandalucia.es\/ceipnorena\/files\/2017\/05\/primaria-24x18.png 24w, https:\/\/blogsaverroes.juntadeandalucia.es\/ceipnorena\/files\/2017\/05\/primaria-36x27.png 36w, https:\/\/blogsaverroes.juntadeandalucia.es\/ceipnorena\/files\/2017\/05\/primaria-48x36.png 48w\" sizes=\"(max-width: 177px) 100vw, 177px\" \/><\/a><\/p>\n<p>&nbsp;<\/p>\n<p>&nbsp;<\/p>\n<h4>&nbsp;<\/h4>\n<table style=\"border-collapse: collapse;width: 100%\">\n<tbody>\n<tr>\n<td style=\"width: 25%;text-align: center\"><strong><span style=\"color: #ff0000\">PROGRAMACIONES<\/span><\/strong><\/td>\n<td style=\"width: 25%;text-align: center\"><a href=\"https:\/\/blogsaverroes.juntadeandalucia.es\/ceipnorena\/files\/2022\/02\/PROGRAM-MATEM.pdf\">MATEM\u00c1TICAS<\/a><\/td>\n<td style=\"width: 25%;text-align: center\"><a href=\"https:\/\/blogsaverroes.juntadeandalucia.es\/ceipnorena\/files\/2022\/02\/program-lengua.pdf\">LENGUA Y LITERATURA<\/a><\/td>\n<\/tr>\n<tr>\n<td style=\"width: 25%;text-align: center\"><a href=\"https:\/\/blogsaverroes.juntadeandalucia.es\/ceipnorena\/files\/2022\/02\/Program-Valores-sociales.pdf\">VALORES SOCIALES Y C\u00cdVICOS<\/a><\/td>\n<td style=\"width: 25%;text-align: center\"><a href=\"https:\/\/blogsaverroes.juntadeandalucia.es\/ceipnorena\/files\/2022\/02\/prograM-frances.pdf\">FRANC\u00c9S<\/a><\/td>\n<td style=\"width: 25%;text-align: center\"><a href=\"https:\/\/blogsaverroes.juntadeandalucia.es\/ceipnorena\/files\/2022\/02\/PROG-ED-CIUDAD-4\u00ba.pdf\">ED. CIUDADAN\u00cdA Y DERECHOS HUM<\/a><\/td>\n<\/tr>\n<tr>\n<td style=\"width: 25%;text-align: center\"><a href=\"https:\/\/blogsaverroes.juntadeandalucia.es\/ceipnorena\/files\/2022\/02\/program-artistica.pdf\">ED. ART\u00cdSTICA<\/a><\/td>\n<td style=\"width: 25%;text-align: center\">&nbsp;<\/td>\n<td style=\"width: 25%;text-align: center\"><a href=\"https:\/\/blogsaverroes.juntadeandalucia.es\/ceipnorena\/files\/2022\/02\/program-csociales.pdf\">CIENCIAS SOCIALES<\/a><\/td>\n<\/tr>\n<tr>\n<td style=\"width: 25%;text-align: center\"><a href=\"https:\/\/blogsaverroes.juntadeandalucia.es\/ceipnorena\/files\/2022\/02\/program-ingl\u00e9s.pdf\">INGL\u00c9S<\/a><\/td>\n<td style=\"width: 25%;text-align: center\"><a href=\"https:\/\/blogsaverroes.juntadeandalucia.es\/ceipnorena\/files\/2022\/02\/Programa-ed-fisica.pdf\">ED. F\u00cdSICA<\/a><\/td>\n<td style=\"width: 25%;text-align: center\"><a href=\"https:\/\/blogsaverroes.juntadeandalucia.es\/ceipnorena\/files\/2022\/02\/program-cnaturales.pdf\">CIENCIAS NATURALES<\/a><\/td>\n<\/tr>\n<\/tbody>\n<\/table>\n<h4>&nbsp;<\/h4>\n<h4><span style=\"color: #008000\">NECESIDADES ESPEC\u00cdFICAS DE APOYO EDUCATIVO<\/span><\/h4>\n<p><a href=\"https:\/\/blogsaverroes.juntadeandalucia.es\/ceipnorena\/files\/2017\/05\/nee1-769387.jpg\"><img decoding=\"async\" class=\" wp-image-2228 alignleft\" src=\"https:\/\/blogsaverroes.juntadeandalucia.es\/ceipnorena\/files\/2017\/05\/nee1-769387-300x209.jpg\" alt=\"\" width=\"185\" height=\"129\"><\/a><\/p>\n<p>&nbsp;<\/p>\n<table style=\"width: 71.60851041640743%;height: 88px\">\n<tbody>\n<tr style=\"height: 88px\">\n<td style=\"width: 3.056524521601183%;text-align: center;height: 88px\">\n<h4><a href=\"https:\/\/blogsaverroes.juntadeandalucia.es\/ceipnorena\/files\/2020\/11\/Programacion-Aula-TEA-20-21-1-2-2.pdf\"><span style=\"color: #008000\">AULA ESPEC\u00cdFICA<\/span><\/a><\/h4>\n<\/td>\n<td style=\"width: 1.7636684303350965%;text-align: center;height: 88px\">\n<h4><span style=\"color: #008000\"><a href=\"https:\/\/blogsaverroes.juntadeandalucia.es\/ceipnorena\/files\/2020\/11\/PROGRAMACI\u00d3N-GENERAL-AL-20_21-2.pdf\">AUDICI\u00d3N Y LENGUAJE<\/a><\/span><\/h4>\n<\/td>\n<\/tr>\n<tr>\n<td style=\"width: 4.82019295193628%;text-align: center\" colspan=\"2\">\n<h4><a href=\"https:\/\/blogsaverroes.juntadeandalucia.es\/ceipnorena\/files\/2020\/11\/PLAN-DE-APOYO-AAI-2020_21-PARA-WEB-2.pdf\"><span style=\"color: #008000\">PED. TERAP\u00c9UTICA <\/span><\/a><\/h4>\n<\/td>\n<\/tr>\n<\/tbody>\n<\/table>\n","protected":false},"excerpt":{"rendered":"<p>EDUCACI\u00d3N INFANTIL &nbsp; E.I. 3 A\u00d1OS E.I. 4 A\u00d1OS &nbsp;E.I. 5 A\u00d1OS &nbsp; &nbsp; EDUCACI\u00d3N PRIMARIA &nbsp; &nbsp; &nbsp; PROGRAMACIONES MATEM\u00c1TICAS LENGUA Y LITERATURA VALORES SOCIALES Y C\u00cdVICOS FRANC\u00c9S ED. CIUDADAN\u00cdA Y DERECHOS HUM&#46;&#46;&#46;<\/p>\n","protected":false},"author":3565,"featured_media":0,"parent":0,"menu_order":0,"comment_status":"closed","ping_status":"closed","template":"","meta":{"ngg_post_thumbnail":0,"footnotes":"","_mc_calendar":[]},"aioseo_notices":[],"_links":{"self":[{"href":"https:\/\/blogsaverroes.juntadeandalucia.es\/ceipnorena\/wp-json\/wp\/v2\/pages\/2248"}],"collection":[{"href":"https:\/\/blogsaverroes.juntadeandalucia.es\/ceipnorena\/wp-json\/wp\/v2\/pages"}],"about":[{"href":"https:\/\/blogsaverroes.juntadeandalucia.es\/ceipnorena\/wp-json\/wp\/v2\/types\/page"}],"author":[{"embeddable":true,"href":"https:\/\/blogsaverroes.juntadeandalucia.es\/ceipnorena\/wp-json\/wp\/v2\/users\/3565"}],"replies":[{"embeddable":true,"href":"https:\/\/blogsaverroes.juntadeandalucia.es\/ceipnorena\/wp-json\/wp\/v2\/comments?post=2248"}],"version-history":[{"count":35,"href":"https:\/\/blogsaverroes.juntadeandalucia.es\/ceipnorena\/wp-json\/wp\/v2\/pages\/2248\/revisions"}],"predecessor-version":[{"id":5122,"href":"https:\/\/blogsaverroes.juntadeandalucia.es\/ceipnorena\/wp-json\/wp\/v2\/pages\/2248\/revisions\/5122"}],"wp:attachment":[{"href":"https:\/\/blogsaverroes.juntadeandalucia.es\/ceipnorena\/wp-json\/wp\/v2\/media?parent=2248"}],"curies":[{"name":"wp","href":"https:\/\/api.w.org\/{rel}","templated":true}]}}