{"id":2299,"date":"2017-05-18T08:22:52","date_gmt":"2017-05-18T06:22:52","guid":{"rendered":"http:\/\/blogsaverroes.juntadeandalucia.es\/ceipnorena\/?page_id=2299"},"modified":"2017-10-24T15:46:41","modified_gmt":"2017-10-24T13:46:41","slug":"proyecto-aprende-a-sonreir","status":"publish","type":"page","link":"https:\/\/blogsaverroes.juntadeandalucia.es\/ceipnorena\/planes-y-proyectos\/proyecto-aprende-a-sonreir\/","title":{"rendered":"Proyecto \u00abAprende a sonreir\u00bb"},"content":{"rendered":"<h4>Programa Educativo de Salud Bucodental para Educaci\u00f3n Infantil y Primaria<\/h4>\n<p><a href=\"https:\/\/blogsaverroes.juntadeandalucia.es\/ceipnorena\/files\/2017\/05\/aprende-a-sonreir.png\"><img fetchpriority=\"high\" decoding=\"async\" class=\" wp-image-2300 alignleft\" src=\"https:\/\/blogsaverroes.juntadeandalucia.es\/ceipnorena\/files\/2017\/05\/aprende-a-sonreir.png\" alt=\"\" width=\"238\" height=\"238\" srcset=\"https:\/\/blogsaverroes.juntadeandalucia.es\/ceipnorena\/files\/2017\/05\/aprende-a-sonreir.png 280w, https:\/\/blogsaverroes.juntadeandalucia.es\/ceipnorena\/files\/2017\/05\/aprende-a-sonreir-150x150.png 150w, https:\/\/blogsaverroes.juntadeandalucia.es\/ceipnorena\/files\/2017\/05\/aprende-a-sonreir-100x100.png 100w, https:\/\/blogsaverroes.juntadeandalucia.es\/ceipnorena\/files\/2017\/05\/aprende-a-sonreir-160x160.png 160w, https:\/\/blogsaverroes.juntadeandalucia.es\/ceipnorena\/files\/2017\/05\/aprende-a-sonreir-24x24.png 24w, https:\/\/blogsaverroes.juntadeandalucia.es\/ceipnorena\/files\/2017\/05\/aprende-a-sonreir-36x36.png 36w, https:\/\/blogsaverroes.juntadeandalucia.es\/ceipnorena\/files\/2017\/05\/aprende-a-sonreir-48x48.png 48w\" sizes=\"(max-width: 238px) 100vw, 238px\" \/><\/a><\/p>\n<p style=\"text-align: justify\">El Programa de Promoci\u00f3n de la Salud Bucodental en el \u00c1mbito Escolar, \u201cAprende a sonre\u00edr\u201d, realizado por la Consejer\u00eda de Educaci\u00f3n, Cultura y Deporte y la Consejer\u00eda de Igualdad, Salud y Pol\u00edticas Sociales, supone incorporar elementos dinamizadores en la vida de nuestro centro y recursos humanos y materiales motivadores en el aula. Se centra en objetivos y actividades de Educaci\u00f3n para la Salud que, junto con otras actuaciones inciden en la mejora de la salud bucodental de la poblaci\u00f3n.<\/p>\n<p style=\"text-align: justify\">Mediante la promoci\u00f3n de h\u00e1bitos higi\u00e9nicos y diet\u00e9ticos adecuados en ni\u00f1os y ni\u00f1as podemos prevenir y disminuir las caries y las enfermedades de las enc\u00edas que son las enfermedades bucodentales m\u00e1s comunes que afectan a nuestros escolares.<\/p>\n<p style=\"text-align: justify\">Puedes encontrar m\u00e1s informaci\u00f3n en las p\u00e1ginas de&#8230;<\/p>\n<p style=\"text-align: justify;padding-left: 180px\"><a href=\"http:\/\/www.juntadeandalucia.es\/educacion\/webportal\/web\/vida-saludable\/programas\/aprende-a-sonreir\" target=\"_blank\"><span style=\"color: #800000\">H\u00e1bitos de vida saludables<\/span><\/a><\/p>\n<p style=\"text-align: justify;padding-left: 180px\"><a href=\"http:\/\/www.juntadeandalucia.es\/salud\/sites\/csalud\/contenidos\/Informacion_General\/c_3_c_1_vida_sana\/salud_bucodental\/Materiales\" target=\"_blank\"><span style=\"color: #800000\">Portal de la Consejer\u00eda de Salud<\/span><\/a><\/p>\n","protected":false},"excerpt":{"rendered":"<p>Programa Educativo de Salud Bucodental para Educaci\u00f3n Infantil y Primaria El Programa de Promoci\u00f3n de la Salud Bucodental en el \u00c1mbito Escolar, \u201cAprende a sonre\u00edr\u201d, realizado por la Consejer\u00eda de Educaci\u00f3n, Cultura y Deporte&#46;&#46;&#46;<\/p>\n","protected":false},"author":3565,"featured_media":0,"parent":44,"menu_order":0,"comment_status":"closed","ping_status":"closed","template":"page-templates\/child-menu.php","meta":{"ngg_post_thumbnail":0,"footnotes":"","_mc_calendar":[]},"aioseo_notices":[],"_links":{"self":[{"href":"https:\/\/blogsaverroes.juntadeandalucia.es\/ceipnorena\/wp-json\/wp\/v2\/pages\/2299"}],"collection":[{"href":"https:\/\/blogsaverroes.juntadeandalucia.es\/ceipnorena\/wp-json\/wp\/v2\/pages"}],"about":[{"href":"https:\/\/blogsaverroes.juntadeandalucia.es\/ceipnorena\/wp-json\/wp\/v2\/types\/page"}],"author":[{"embeddable":true,"href":"https:\/\/blogsaverroes.juntadeandalucia.es\/ceipnorena\/wp-json\/wp\/v2\/users\/3565"}],"replies":[{"embeddable":true,"href":"https:\/\/blogsaverroes.juntadeandalucia.es\/ceipnorena\/wp-json\/wp\/v2\/comments?post=2299"}],"version-history":[{"count":2,"href":"https:\/\/blogsaverroes.juntadeandalucia.es\/ceipnorena\/wp-json\/wp\/v2\/pages\/2299\/revisions"}],"predecessor-version":[{"id":2302,"href":"https:\/\/blogsaverroes.juntadeandalucia.es\/ceipnorena\/wp-json\/wp\/v2\/pages\/2299\/revisions\/2302"}],"up":[{"embeddable":true,"href":"https:\/\/blogsaverroes.juntadeandalucia.es\/ceipnorena\/wp-json\/wp\/v2\/pages\/44"}],"wp:attachment":[{"href":"https:\/\/blogsaverroes.juntadeandalucia.es\/ceipnorena\/wp-json\/wp\/v2\/media?parent=2299"}],"curies":[{"name":"wp","href":"https:\/\/api.w.org\/{rel}","templated":true}]}}