{"id":2802,"date":"2019-06-02T11:28:02","date_gmt":"2019-06-02T09:28:02","guid":{"rendered":"https:\/\/blogsaverroes.juntadeandalucia.es\/ceipnorena\/?page_id=2802"},"modified":"2024-05-30T09:34:15","modified_gmt":"2024-05-30T07:34:15","slug":"formularios","status":"publish","type":"page","link":"https:\/\/blogsaverroes.juntadeandalucia.es\/ceipnorena\/secretaria\/formularios\/","title":{"rendered":"Formularios"},"content":{"rendered":"<p>Aqu\u00ed podr\u00e1 encontrar, cumplimentar e imprimir diversa documentaci\u00f3n de Educaci\u00f3n de la Junta de Andaluc\u00eda y de nuestro colegio.<\/p>\n<h2 style=\"text-align: center\"><span style=\"color: #ff6600\">DOCUMENTOS MATRICULACI\u00d3N 24\/25<\/span><\/h2>\n<table style=\"width: 100%;border-collapse: collapse;border-color: #40c21f;height: 310px\" border=\"2\">\n<tbody>\n<tr style=\"height: 24px\">\n<td style=\"width: 100%;border-color: #000000;height: 24px\"><a href=\"https:\/\/www.juntadeandalucia.es\/educacion\/portals\/delegate\/content\/d26442b2-4b4a-433a-9c1e-e1790a29f781\/ANEXO%20IV\">ANEXO IV Matr\u00edcula en segundo ciclo de Educaci\u00f3n Infantil<\/a><\/td>\n<\/tr>\n<tr>\n<td style=\"width: 100%;border-color: #000000\"><a title=\"Pulse para visualizar el documento:&nbsp;ANEXO V\" href=\"https:\/\/www.juntadeandalucia.es\/educacion\/portals\/delegate\/content\/55fad88e-7bb3-40e3-bbe4-198107487345\/ANEXO%20V\" target=\"_blank\" rel=\"noopener noreferrer\">ANEXO V Matr\u00edcula en Educaci\u00f3n Primaria<\/a><\/td>\n<\/tr>\n<tr>\n<td style=\"width: 100%;border-color: #000000\"><a title=\"Pulse para visualizar el documento:&nbsp;ANEXO VI\" href=\"https:\/\/www.juntadeandalucia.es\/educacion\/portals\/delegate\/content\/84909c76-f6af-4eaa-8a6a-7345b62b1645\/ANEXO%20VI\" target=\"_blank\" rel=\"noopener noreferrer\">ANEXO VI Matr\u00edcula en Educaci\u00f3n Especial: Aula espec\u00edfica o Centro Espec\u00edfico<\/a><\/td>\n<\/tr>\n<tr>\n<td style=\"width: 100%;border-color: #000000\"><a href=\"https:\/\/blogsaverroes.juntadeandalucia.es\/ceipnorena\/files\/2024\/05\/SOLICITUD-AULA-MATINAL-COMEDOR.pdf\">Solicitud de Aula Matinal, Comedor, Activ. Extraescolares<\/a><\/td>\n<\/tr>\n<tr style=\"height: 54px\">\n<td style=\"width: 100%;border-color: #000000;height: 54px\"><a href=\"https:\/\/blogsaverroes.juntadeandalucia.es\/ceipnorena\/files\/2024\/05\/act.extr_.24-25.pdf\">Consulta de Actividades Extraescolares Curso 24\/25 (Complementaria al ANEXO II)<\/a><\/td>\n<\/tr>\n<tr style=\"height: 48px\">\n<td style=\"width: 100%;border-color: #000000;height: 48px\"><a href=\"https:\/\/blogsaverroes.juntadeandalucia.es\/ceipnorena\/files\/2022\/05\/SOLICITUD-RELIGI\u00d3N-22_23.pdf\">ANEXO IV Solicitud para cursar la ense\u00f1anza de religi\u00f3n en Infantil, Primaria, ESO o Bachillerato<\/a><\/td>\n<\/tr>\n<tr style=\"height: 24px\">\n<td style=\"width: 100%;border-color: #000000;height: 24px\"><a href=\"https:\/\/blogsaverroes.juntadeandalucia.es\/ceipnorena\/files\/2024\/05\/ANEXO_ProteccionDatos.pdf\">CONSENTIMIENTO PARA EL TRATAMIENTO DE DATOS E IM\u00c1GENES ALUMNADO<\/a><\/td>\n<\/tr>\n<tr style=\"height: 24px\">\n<td style=\"width: 100%;border-color: #000000;height: 24px\"><a href=\"https:\/\/blogsaverroes.juntadeandalucia.es\/ceipnorena\/files\/2021\/05\/IMPRESO-DE-DATOS-DEL-ALUMNO-PARA-LA-MATR\u00cdCULA-CONSEJER\u00cdA-DE-EDUCACI\u00d3N.pdf\">IMPRESO DE DATOS DEL ALUMNO PARA LA MATR\u00cdCULA<\/a><\/td>\n<\/tr>\n<tr style=\"height: 24px\">\n<td style=\"width: 100%;border-color: #000000;height: 24px\"><a href=\"https:\/\/blogsaverroes.juntadeandalucia.es\/ceipnorena\/files\/2024\/05\/INSCRIPCION-AMPA-24-25-1.pdf\">INSCRIPCI\u00d3N AMPA 2024\/25<\/a><\/td>\n<\/tr>\n<\/tbody>\n<\/table>\n<h4 style=\"text-align: center\">OTROS DOCUMENTOS NO NECESARIOS PARA MATR\u00cdCULA<\/h4>\n<table style=\"width: 100%;border-collapse: collapse;border-color: #14ad09;border-style: solid;height: 120px\">\n<tbody>\n<tr style=\"height: 24px\">\n<td style=\"width: 100%;height: 24px\"><a href=\"https:\/\/blogsaverroes.juntadeandalucia.es\/ceipnorena\/files\/2020\/11\/Autorizaci\u00f3n-entrada-salida-del-centro-soloNORE\u00d1A.pdf\">Autorizaci\u00f3n para la salida del alumnado solo del centro<\/a><\/td>\n<\/tr>\n<tr style=\"height: 24px\">\n<td style=\"width: 100%;height: 24px\"><a title=\"Solicitud de gratuidad\/bonificaci\u00f3n del precio p\u00fablico por los servicios complementarios de aula matinal, comedor escolar y por el servicio de residencia escolar\" href=\"https:\/\/blogsaverroes.juntadeandalucia.es\/ceipnorena\/files\/2024\/05\/BECA-AULA-MATINAL-COMEDOR.pdf\" target=\"_self\" rel=\"noopener noreferrer\">ANEXO V Solicitud de gratuidad\/bonificaci\u00f3n del precio p\u00fablico por los servicios complementarios de aula matinal, comedor escolar&nbsp;<\/a><\/td>\n<\/tr>\n<tr style=\"height: 24px\">\n<td style=\"width: 100%;height: 24px\"><a href=\"https:\/\/blogsaverroes.juntadeandalucia.es\/ceipnorena\/files\/2021\/09\/BAJA_SERVICIOS_COMPLEMENTARIOS_SOLICITUD.pdf\">Solicitud de BAJA de los servicios complementarios<\/a><\/td>\n<\/tr>\n<tr style=\"height: 24px\">\n<td style=\"width: 100%;height: 24px\"><a href=\"https:\/\/blogsaverroes.juntadeandalucia.es\/ceipnorena\/files\/2021\/09\/BAJA_CAMBIO-ACTIVIDAD-EXTRAESCOLAR.pdf\">Solicitud de CAMBIO de actividad extraescolar<\/a><\/td>\n<\/tr>\n<tr style=\"height: 24px\">\n<td style=\"width: 100%;height: 24px\"><a href=\"https:\/\/blogsaverroes.juntadeandalucia.es\/ceipnorena\/files\/2024\/05\/INFORMACION-FAMILIAS-AULA-DE-MEDIODIA-NORENA-2024-2025.pdf\">INFORMACI\u00d3N DEL AULA DE MEDIOD\u00cdA<\/a><\/td>\n<\/tr>\n<\/tbody>\n<\/table>\n<p>&nbsp;<\/p>\n<p>&nbsp;<\/p>\n<p>&nbsp;<\/p>\n<p><span style=\"color: #ff00ff\">&nbsp; &nbsp; &nbsp; &nbsp; &nbsp;<\/span>Recomendamos entregar los documentos, una vez cumplimentados, por correo electr\u00f3nico en la direcci\u00f3n &nbsp; &nbsp; <a href=\"mailto:administracion@ceipnorena.org\"><span style=\"color: #ff6600\">administracion@ceipnorena.org<\/span><\/a><\/p>\n<h3>&nbsp;<\/h3>\n<h3>Enlace al<a href=\"https:\/\/www.juntadeandalucia.es\/educacion\/portals\/web\/escolarizacion\/infantil-a-bachillerato\"> PORTAL DE ESCOLARIZACI\u00d3N Y MATR\u00cdCULA<\/a><\/h3>\n<p>&nbsp;<\/p>\n<p>&nbsp;<\/p>\n<p>&nbsp;<\/p>\n","protected":false},"excerpt":{"rendered":"<p>Aqu\u00ed podr\u00e1 encontrar, cumplimentar e imprimir diversa documentaci\u00f3n de Educaci\u00f3n de la Junta de Andaluc\u00eda y de nuestro colegio. DOCUMENTOS MATRICULACI\u00d3N 24\/25 ANEXO IV Matr\u00edcula en segundo ciclo de Educaci\u00f3n Infantil ANEXO V Matr\u00edcula&#46;&#46;&#46;<\/p>\n","protected":false},"author":3565,"featured_media":0,"parent":77,"menu_order":0,"comment_status":"closed","ping_status":"closed","template":"page-templates\/child-menu.php","meta":{"ngg_post_thumbnail":0,"footnotes":"","_mc_calendar":[]},"aioseo_notices":[],"_links":{"self":[{"href":"https:\/\/blogsaverroes.juntadeandalucia.es\/ceipnorena\/wp-json\/wp\/v2\/pages\/2802"}],"collection":[{"href":"https:\/\/blogsaverroes.juntadeandalucia.es\/ceipnorena\/wp-json\/wp\/v2\/pages"}],"about":[{"href":"https:\/\/blogsaverroes.juntadeandalucia.es\/ceipnorena\/wp-json\/wp\/v2\/types\/page"}],"author":[{"embeddable":true,"href":"https:\/\/blogsaverroes.juntadeandalucia.es\/ceipnorena\/wp-json\/wp\/v2\/users\/3565"}],"replies":[{"embeddable":true,"href":"https:\/\/blogsaverroes.juntadeandalucia.es\/ceipnorena\/wp-json\/wp\/v2\/comments?post=2802"}],"version-history":[{"count":65,"href":"https:\/\/blogsaverroes.juntadeandalucia.es\/ceipnorena\/wp-json\/wp\/v2\/pages\/2802\/revisions"}],"predecessor-version":[{"id":5600,"href":"https:\/\/blogsaverroes.juntadeandalucia.es\/ceipnorena\/wp-json\/wp\/v2\/pages\/2802\/revisions\/5600"}],"up":[{"embeddable":true,"href":"https:\/\/blogsaverroes.juntadeandalucia.es\/ceipnorena\/wp-json\/wp\/v2\/pages\/77"}],"wp:attachment":[{"href":"https:\/\/blogsaverroes.juntadeandalucia.es\/ceipnorena\/wp-json\/wp\/v2\/media?parent=2802"}],"curies":[{"name":"wp","href":"https:\/\/api.w.org\/{rel}","templated":true}]}}