{"id":330,"date":"2015-03-18T07:11:43","date_gmt":"2015-03-18T07:11:43","guid":{"rendered":"http:\/\/blogsaverroes.juntadeandalucia.es\/pre\/ceip\/?page_id=330"},"modified":"2020-01-22T00:36:52","modified_gmt":"2020-01-21T22:36:52","slug":"bibliop","status":"publish","type":"page","link":"https:\/\/blogsaverroes.juntadeandalucia.es\/ceipnorena\/bibliop\/","title":{"rendered":"Cat\u00e1logo"},"content":{"rendered":"<p><img fetchpriority=\"high\" decoding=\"async\" class=\"size-medium wp-image-551 alignleft\" src=\"http:\/\/blogsaverroes.juntadeandalucia.es\/ceipnorena\/files\/2014\/12\/libros1-300x246.png\" alt=\"libros1\" width=\"300\" height=\"246\" srcset=\"https:\/\/blogsaverroes.juntadeandalucia.es\/ceipnorena\/files\/2014\/12\/libros1-300x246.png 300w, https:\/\/blogsaverroes.juntadeandalucia.es\/ceipnorena\/files\/2014\/12\/libros1.png 640w\" sizes=\"(max-width: 300px) 100vw, 300px\" \/><\/p>\n<p>&nbsp;<\/p>\n<p>Esta subsecci\u00f3n de la Biblioteca podr\u00eda presentar informaci\u00f3n m\u00e1s detallada sobre los recursos &nbsp;que contiene.&nbsp;<\/p>\n<p>Por lo pronto, accedemos al cat\u00e1logo a trav\u00e9s del <a href=\"http:\/\/www.juntadeandalucia.es\/averroes\/centros-tic\/14004129a\/biblioweb2\/14004129a\/inicio\"><span style=\"color: #ff6600\">enlace&nbsp;<\/span><\/a><\/p>\n<p>&nbsp;<\/p>\n<p>&nbsp;<\/p>\n<p>&nbsp;<\/p>\n","protected":false},"excerpt":{"rendered":"<p>&nbsp; Esta subsecci\u00f3n de la Biblioteca podr\u00eda presentar informaci\u00f3n m\u00e1s detallada sobre los recursos &nbsp;que contiene.&nbsp; Por lo pronto, accedemos al cat\u00e1logo a trav\u00e9s del enlace&nbsp; &nbsp; &nbsp; &nbsp;<\/p>\n","protected":false},"author":1,"featured_media":0,"parent":0,"menu_order":0,"comment_status":"open","ping_status":"open","template":"page-templates\/child-menu.php","meta":{"ngg_post_thumbnail":0,"footnotes":"","_mc_calendar":[]},"aioseo_notices":[],"_links":{"self":[{"href":"https:\/\/blogsaverroes.juntadeandalucia.es\/ceipnorena\/wp-json\/wp\/v2\/pages\/330"}],"collection":[{"href":"https:\/\/blogsaverroes.juntadeandalucia.es\/ceipnorena\/wp-json\/wp\/v2\/pages"}],"about":[{"href":"https:\/\/blogsaverroes.juntadeandalucia.es\/ceipnorena\/wp-json\/wp\/v2\/types\/page"}],"author":[{"embeddable":true,"href":"https:\/\/blogsaverroes.juntadeandalucia.es\/ceipnorena\/wp-json\/wp\/v2\/users\/1"}],"replies":[{"embeddable":true,"href":"https:\/\/blogsaverroes.juntadeandalucia.es\/ceipnorena\/wp-json\/wp\/v2\/comments?post=330"}],"version-history":[{"count":9,"href":"https:\/\/blogsaverroes.juntadeandalucia.es\/ceipnorena\/wp-json\/wp\/v2\/pages\/330\/revisions"}],"predecessor-version":[{"id":2910,"href":"https:\/\/blogsaverroes.juntadeandalucia.es\/ceipnorena\/wp-json\/wp\/v2\/pages\/330\/revisions\/2910"}],"wp:attachment":[{"href":"https:\/\/blogsaverroes.juntadeandalucia.es\/ceipnorena\/wp-json\/wp\/v2\/media?parent=330"}],"curies":[{"name":"wp","href":"https:\/\/api.w.org\/{rel}","templated":true}]}}