{"id":4012,"date":"2021-02-14T11:45:02","date_gmt":"2021-02-14T09:45:02","guid":{"rendered":"https:\/\/blogsaverroes.juntadeandalucia.es\/ceipnorena\/?page_id=4012"},"modified":"2021-02-17T00:32:06","modified_gmt":"2021-02-16T22:32:06","slug":"saludo-del-director","status":"publish","type":"page","link":"https:\/\/blogsaverroes.juntadeandalucia.es\/ceipnorena\/saludo-del-director\/","title":{"rendered":"Saludo del Director"},"content":{"rendered":"<div class=\"page\" title=\"Page 1\">\n<div class=\"layoutArea\">\n<div class=\"column\">\n<p><img decoding=\"async\" class=\"wp-image-4026 alignleft\" src=\"https:\/\/blogsaverroes.juntadeandalucia.es\/ceipnorena\/files\/2021\/02\/teacher.png\" alt=\"\" width=\"173\" height=\"211\" srcset=\"https:\/\/blogsaverroes.juntadeandalucia.es\/ceipnorena\/files\/2021\/02\/teacher.png 1314w, https:\/\/blogsaverroes.juntadeandalucia.es\/ceipnorena\/files\/2021\/02\/teacher-164x200.png 164w, https:\/\/blogsaverroes.juntadeandalucia.es\/ceipnorena\/files\/2021\/02\/teacher-768x935.png 768w, https:\/\/blogsaverroes.juntadeandalucia.es\/ceipnorena\/files\/2021\/02\/teacher-1261x1536.png 1261w\" sizes=\"(max-width: 173px) 100vw, 173px\" \/><\/p>\n<\/div>\n<\/div>\n<div class=\"layoutArea\">\n<div class=\"column\">\n<p>&nbsp;<\/p>\n<p style=\"text-align: justify\">Estimadas familias, me gustar\u00eda daros la bienvenida a la p\u00e1gina web del colegio.<\/p>\n<p style=\"text-align: justify\">La sociedad est\u00e1 viviendo unos profundos cambios, un desarrollo tecnol\u00f3gico y unas nuevas formas de relacionarse que, en muchos casos han venido para quedarse. Nuestro colegio est\u00e1 afrontado estos cambios con entusiasmo, impulsando el uso de las nuevas tecnolog\u00edas y apostando por un \u201csalto digital\u201d que es imparable.<\/p>\n<p style=\"text-align: justify\">Esta p\u00e1gina web pretende ser una ventana de informaci\u00f3n hacia toda la comunidad educativa, mostrando nuestra manera de trabajar, las actividades m\u00e1s relevantes que se desarrollen y ofreciendo datos de nuestro centro y ayuda en los principales tr\u00e1mites, que pretendemos se puedan realizar digitalmente en su mayor\u00eda.<\/p>\n<p style=\"text-align: justify\">A su vez, tambi\u00e9n queremos que sea una oportunidad para que la comunidad educativa de nuestro centro pueda interactuar y ofrecer canales de comunicaci\u00f3n entre sus miembros.<\/p>\n<p style=\"text-align: justify\">Adem\u00e1s de la web, el centro ha implementado tambi\u00e9n su presencia en las redes sociales (Instagram y Facebook), as\u00ed como el uso generalizado de la plataforma Pasen para la comunicaci\u00f3n e interacci\u00f3n con las familias. Para el alumnado se ha unificado el uso de la plataforma GSUITE de GOOGLE (Classroom), aplic\u00e1ndolo en su trabajo diario y preparando cualquier situaci\u00f3n de teledocencia.<\/p>\n<p style=\"text-align: justify\">Desde la direcci\u00f3n del centro estamos abiertos a cualquier sugerencia que nos pueda ayudar a mejorar y nos ponemos a vuestra disposici\u00f3n para ayudar en todo lo que podamos. Una comunidad educativa fuerte, \u201cremando\u201d en la misma direcci\u00f3n y trabajando unid@s, solo puede redundar en beneficio de l@s que m\u00e1s nos interesan, nuestros ni\u00f1os y ni\u00f1as, que son por y para los que trabajamos desde nuestra vocaci\u00f3n.<\/p>\n<\/div>\n<\/div>\n<div class=\"layoutArea\">\n<div class=\"column\">\n<p>&nbsp;<\/p>\n<p>Un cordial saludo<\/p>\n<\/div>\n<\/div>\n<div class=\"layoutArea\">\n<div class=\"column\">\n<p style=\"text-align: center\">I\u00f1aki Blanco Cano<br \/>\nDirector del CEIP Nore\u00f1a (C\u00f3rdoba)<\/p>\n<\/div>\n<\/div>\n<\/div>\n","protected":false},"excerpt":{"rendered":"<p>&nbsp; Estimadas familias, me gustar\u00eda daros la bienvenida a la p\u00e1gina web del colegio. La sociedad est\u00e1 viviendo unos profundos cambios, un desarrollo tecnol\u00f3gico y unas nuevas formas de relacionarse que, en muchos casos&#46;&#46;&#46;<\/p>\n","protected":false},"author":3565,"featured_media":0,"parent":0,"menu_order":0,"comment_status":"closed","ping_status":"closed","template":"","meta":{"ngg_post_thumbnail":0,"footnotes":"","_mc_calendar":[]},"aioseo_notices":[],"_links":{"self":[{"href":"https:\/\/blogsaverroes.juntadeandalucia.es\/ceipnorena\/wp-json\/wp\/v2\/pages\/4012"}],"collection":[{"href":"https:\/\/blogsaverroes.juntadeandalucia.es\/ceipnorena\/wp-json\/wp\/v2\/pages"}],"about":[{"href":"https:\/\/blogsaverroes.juntadeandalucia.es\/ceipnorena\/wp-json\/wp\/v2\/types\/page"}],"author":[{"embeddable":true,"href":"https:\/\/blogsaverroes.juntadeandalucia.es\/ceipnorena\/wp-json\/wp\/v2\/users\/3565"}],"replies":[{"embeddable":true,"href":"https:\/\/blogsaverroes.juntadeandalucia.es\/ceipnorena\/wp-json\/wp\/v2\/comments?post=4012"}],"version-history":[{"count":4,"href":"https:\/\/blogsaverroes.juntadeandalucia.es\/ceipnorena\/wp-json\/wp\/v2\/pages\/4012\/revisions"}],"predecessor-version":[{"id":4028,"href":"https:\/\/blogsaverroes.juntadeandalucia.es\/ceipnorena\/wp-json\/wp\/v2\/pages\/4012\/revisions\/4028"}],"wp:attachment":[{"href":"https:\/\/blogsaverroes.juntadeandalucia.es\/ceipnorena\/wp-json\/wp\/v2\/media?parent=4012"}],"curies":[{"name":"wp","href":"https:\/\/api.w.org\/{rel}","templated":true}]}}