{"id":49,"date":"2015-03-13T08:47:05","date_gmt":"2015-03-13T08:47:05","guid":{"rendered":"http:\/\/blogsaverroes.juntadeandalucia.es\/pre\/ceip\/?page_id=49"},"modified":"2024-11-08T10:57:40","modified_gmt":"2024-11-08T08:57:40","slug":"proyecto-educativo","status":"publish","type":"page","link":"https:\/\/blogsaverroes.juntadeandalucia.es\/ceipnorena\/proyecto-educativo\/","title":{"rendered":"Proyecto Educativo"},"content":{"rendered":"<p><img fetchpriority=\"high\" decoding=\"async\" class=\" wp-image-1662 alignleft\" src=\"http:\/\/blogsaverroes.juntadeandalucia.es\/ceipnorena\/files\/2015\/03\/proyecto-300x266.png\" alt=\"proyecto\" width=\"240\" height=\"213\" srcset=\"https:\/\/blogsaverroes.juntadeandalucia.es\/ceipnorena\/files\/2015\/03\/proyecto-300x266.png 300w, https:\/\/blogsaverroes.juntadeandalucia.es\/ceipnorena\/files\/2015\/03\/proyecto.png 640w\" sizes=\"(max-width: 240px) 100vw, 240px\" \/><\/p>\n<p>Nuestro centro se define en gran medida por su <strong>Proyecto Educativo<\/strong>. En \u00e9l se plasma el modelo educativo y la concreci\u00f3n de la normativa que en el CEIP Nore\u00f1a\u00a0realizamos respecto a las ense\u00f1anzas que impartimos. En \u00e9l tratamos de recoger aspectos tales como las finales educativas, objetivos, atenci\u00f3n a la diversidad, el Plan de Acci\u00f3n Tutorial&#8230;.<\/p>\n<p>Informamos de nuestro\u00a0Proyecto Educativo en b\u00fasqueda de una apuesta clara por la <strong>transparencia<\/strong>.<\/p>\n<p>Desde aqu\u00ed trataremos de mostrar tanto los aspectos esenciales del Proyecto como enlazar a otros documentos o secciones con informaci\u00f3n m\u00e1s detallada que terminen de concretar la vida de nuestro cole.<\/p>\n<table class=\" aligncenter\" style=\"width: 99.3159092790838%;height: 143px\">\n<tbody>\n<tr style=\"height: 143px\">\n<td style=\"width: 20.61030582773234%;height: 143px\"><a href=\"https:\/\/blogsaverroes.juntadeandalucia.es\/ceipnorena\/files\/2024\/11\/PEC-24_25-1.pdf\"><img decoding=\"async\" class=\"wp-image-2139 aligncenter\" src=\"https:\/\/blogsaverroes.juntadeandalucia.es\/ceipnorena\/files\/2015\/03\/PEC.jpg\" alt=\"\" width=\"108\" height=\"112\" srcset=\"https:\/\/blogsaverroes.juntadeandalucia.es\/ceipnorena\/files\/2015\/03\/PEC.jpg 220w, https:\/\/blogsaverroes.juntadeandalucia.es\/ceipnorena\/files\/2015\/03\/PEC-24x24.jpg 24w, https:\/\/blogsaverroes.juntadeandalucia.es\/ceipnorena\/files\/2015\/03\/PEC-36x36.jpg 36w, https:\/\/blogsaverroes.juntadeandalucia.es\/ceipnorena\/files\/2015\/03\/PEC-46x48.jpg 46w\" sizes=\"(max-width: 108px) 100vw, 108px\" \/><\/a><\/td>\n<td style=\"width: 22.88376926606743%;height: 143px\"><a href=\"https:\/\/blogsaverroes.juntadeandalucia.es\/ceipnorena\/files\/2024\/11\/PROYECTO-DE-GESTION-24_25.pdf\"><img decoding=\"async\" class=\"alignnone wp-image-2147 aligncenter\" src=\"https:\/\/blogsaverroes.juntadeandalucia.es\/ceipnorena\/files\/2015\/03\/PROY-GESTION.png\" alt=\"\" width=\"109\" height=\"101\" srcset=\"https:\/\/blogsaverroes.juntadeandalucia.es\/ceipnorena\/files\/2015\/03\/PROY-GESTION.png 233w, https:\/\/blogsaverroes.juntadeandalucia.es\/ceipnorena\/files\/2015\/03\/PROY-GESTION-24x22.png 24w, https:\/\/blogsaverroes.juntadeandalucia.es\/ceipnorena\/files\/2015\/03\/PROY-GESTION-36x34.png 36w, https:\/\/blogsaverroes.juntadeandalucia.es\/ceipnorena\/files\/2015\/03\/PROY-GESTION-48x45.png 48w\" sizes=\"(max-width: 109px) 100vw, 109px\" \/><\/a><\/td>\n<td style=\"width: 17.80609765972953%;height: 143px\"><a href=\"https:\/\/blogsaverroes.juntadeandalucia.es\/ceipnorena\/files\/2024\/11\/ROF-2024_25.pdf\"><img loading=\"lazy\" decoding=\"async\" class=\"aligncenter wp-image-2157\" src=\"https:\/\/blogsaverroes.juntadeandalucia.es\/ceipnorena\/files\/2015\/03\/ROF-300x144.png\" alt=\"\" width=\"98\" height=\"47\" srcset=\"https:\/\/blogsaverroes.juntadeandalucia.es\/ceipnorena\/files\/2015\/03\/ROF-300x144.png 300w, https:\/\/blogsaverroes.juntadeandalucia.es\/ceipnorena\/files\/2015\/03\/ROF-768x368.png 768w, https:\/\/blogsaverroes.juntadeandalucia.es\/ceipnorena\/files\/2015\/03\/ROF-520x245.png 520w, https:\/\/blogsaverroes.juntadeandalucia.es\/ceipnorena\/files\/2015\/03\/ROF-720x340.png 720w, https:\/\/blogsaverroes.juntadeandalucia.es\/ceipnorena\/files\/2015\/03\/ROF-24x11.png 24w, https:\/\/blogsaverroes.juntadeandalucia.es\/ceipnorena\/files\/2015\/03\/ROF-36x17.png 36w, https:\/\/blogsaverroes.juntadeandalucia.es\/ceipnorena\/files\/2015\/03\/ROF-48x23.png 48w, https:\/\/blogsaverroes.juntadeandalucia.es\/ceipnorena\/files\/2015\/03\/ROF.png 815w\" sizes=\"(max-width: 98px) 100vw, 98px\" \/><\/a><\/td>\n<td style=\"width: 12.676290301123283%\">\n<h6><a href=\"https:\/\/blogsaverroes.juntadeandalucia.es\/ceipnorena\/files\/2020\/09\/PAD-PORTADA.png\"><br \/>\n<\/a><a href=\"https:\/\/blogsaverroes.juntadeandalucia.es\/ceipnorena\/files\/2024\/11\/PLAN-DE-ACTUALLIZACION-DIGITAL.pdf\"><img loading=\"lazy\" decoding=\"async\" class=\"wp-image-3455 aligncenter\" src=\"https:\/\/blogsaverroes.juntadeandalucia.es\/ceipnorena\/files\/2020\/09\/PAD-PORTADA-300x169.png\" alt=\"\" width=\"85\" height=\"48\" srcset=\"https:\/\/blogsaverroes.juntadeandalucia.es\/ceipnorena\/files\/2020\/09\/PAD-PORTADA-300x169.png 300w, https:\/\/blogsaverroes.juntadeandalucia.es\/ceipnorena\/files\/2020\/09\/PAD-PORTADA-1024x578.png 1024w, https:\/\/blogsaverroes.juntadeandalucia.es\/ceipnorena\/files\/2020\/09\/PAD-PORTADA-768x434.png 768w, https:\/\/blogsaverroes.juntadeandalucia.es\/ceipnorena\/files\/2020\/09\/PAD-PORTADA-24x14.png 24w, https:\/\/blogsaverroes.juntadeandalucia.es\/ceipnorena\/files\/2020\/09\/PAD-PORTADA-36x20.png 36w, https:\/\/blogsaverroes.juntadeandalucia.es\/ceipnorena\/files\/2020\/09\/PAD-PORTADA-48x27.png 48w, https:\/\/blogsaverroes.juntadeandalucia.es\/ceipnorena\/files\/2020\/09\/PAD-PORTADA.png 1434w\" sizes=\"(max-width: 85px) 100vw, 85px\" \/><br \/>\n<\/a><\/h6>\n<\/td>\n<td style=\"width: 12.676290301123283%\">\n<h6><a href=\"https:\/\/blogsaverroes.juntadeandalucia.es\/ceipnorena\/files\/2022\/03\/PROTOCOLO-COVID-19-CEIP-NORE\u00d1A-DEF-NORMATIVA.pdf\"><img loading=\"lazy\" decoding=\"async\" class=\"aligncenter size-thumbnail wp-image-3723\" src=\"https:\/\/blogsaverroes.juntadeandalucia.es\/ceipnorena\/files\/2020\/12\/PROT-COVID-IMAGEN-1-150x150.png\" alt=\"\" width=\"150\" height=\"150\" srcset=\"https:\/\/blogsaverroes.juntadeandalucia.es\/ceipnorena\/files\/2020\/12\/PROT-COVID-IMAGEN-1-150x150.png 150w, https:\/\/blogsaverroes.juntadeandalucia.es\/ceipnorena\/files\/2020\/12\/PROT-COVID-IMAGEN-1-100x100.png 100w, https:\/\/blogsaverroes.juntadeandalucia.es\/ceipnorena\/files\/2020\/12\/PROT-COVID-IMAGEN-1-80x80.png 80w, https:\/\/blogsaverroes.juntadeandalucia.es\/ceipnorena\/files\/2020\/12\/PROT-COVID-IMAGEN-1-320x320.png 320w\" sizes=\"(max-width: 150px) 100vw, 150px\" \/><\/a><\/h6>\n<\/td>\n<\/tr>\n<\/tbody>\n<\/table>\n","protected":false},"excerpt":{"rendered":"<p>Nuestro centro se define en gran medida por su Proyecto Educativo. En \u00e9l se plasma el modelo educativo y la concreci\u00f3n de la normativa que en el CEIP Nore\u00f1a\u00a0realizamos respecto a las ense\u00f1anzas que&#46;&#46;&#46;<\/p>\n","protected":false},"author":1,"featured_media":0,"parent":0,"menu_order":0,"comment_status":"open","ping_status":"open","template":"","meta":{"ngg_post_thumbnail":0,"footnotes":"","_mc_calendar":[]},"aioseo_notices":[],"_links":{"self":[{"href":"https:\/\/blogsaverroes.juntadeandalucia.es\/ceipnorena\/wp-json\/wp\/v2\/pages\/49"}],"collection":[{"href":"https:\/\/blogsaverroes.juntadeandalucia.es\/ceipnorena\/wp-json\/wp\/v2\/pages"}],"about":[{"href":"https:\/\/blogsaverroes.juntadeandalucia.es\/ceipnorena\/wp-json\/wp\/v2\/types\/page"}],"author":[{"embeddable":true,"href":"https:\/\/blogsaverroes.juntadeandalucia.es\/ceipnorena\/wp-json\/wp\/v2\/users\/1"}],"replies":[{"embeddable":true,"href":"https:\/\/blogsaverroes.juntadeandalucia.es\/ceipnorena\/wp-json\/wp\/v2\/comments?post=49"}],"version-history":[{"count":34,"href":"https:\/\/blogsaverroes.juntadeandalucia.es\/ceipnorena\/wp-json\/wp\/v2\/pages\/49\/revisions"}],"predecessor-version":[{"id":5629,"href":"https:\/\/blogsaverroes.juntadeandalucia.es\/ceipnorena\/wp-json\/wp\/v2\/pages\/49\/revisions\/5629"}],"wp:attachment":[{"href":"https:\/\/blogsaverroes.juntadeandalucia.es\/ceipnorena\/wp-json\/wp\/v2\/media?parent=49"}],"curies":[{"name":"wp","href":"https:\/\/api.w.org\/{rel}","templated":true}]}}