{"id":870,"date":"2015-03-16T07:24:27","date_gmt":"2015-03-16T07:24:27","guid":{"rendered":"http:\/\/blogsaverroes.juntadeandalucia.es\/pre\/ceip\/?page_id=103"},"modified":"2020-02-16T21:47:09","modified_gmt":"2020-02-16T19:47:09","slug":"aula-matinal","status":"publish","type":"page","link":"https:\/\/blogsaverroes.juntadeandalucia.es\/ceipnorena\/aula-matinal\/","title":{"rendered":"Aula Matinal"},"content":{"rendered":"<p style=\"text-align: justify\">El <strong>Aula Matinal<\/strong>&nbsp;del CEIP NORE\u00d1A es una actividad promovida por la Junta de Andaluc\u00eda para dar respuesta a la creciente demanda originada por las exigencias laborales de los padres y madres andaluzas, quienes se ven en la necesidad de delegar el cuidado de sus h<a href=\"https:\/\/blogsaverroes.juntadeandalucia.es\/ceipnorena\/files\/2020\/02\/Captura-de-pantalla-2020-02-16-a-las-20.40.44.png\"><img fetchpriority=\"high\" decoding=\"async\" class=\"alignleft wp-image-3042\" src=\"https:\/\/blogsaverroes.juntadeandalucia.es\/ceipnorena\/files\/2020\/02\/Captura-de-pantalla-2020-02-16-a-las-20.40.44-1024x449.png\" alt=\"\" width=\"437\" height=\"191\" srcset=\"https:\/\/blogsaverroes.juntadeandalucia.es\/ceipnorena\/files\/2020\/02\/Captura-de-pantalla-2020-02-16-a-las-20.40.44-1024x449.png 1024w, https:\/\/blogsaverroes.juntadeandalucia.es\/ceipnorena\/files\/2020\/02\/Captura-de-pantalla-2020-02-16-a-las-20.40.44-300x132.png 300w, https:\/\/blogsaverroes.juntadeandalucia.es\/ceipnorena\/files\/2020\/02\/Captura-de-pantalla-2020-02-16-a-las-20.40.44-768x337.png 768w, https:\/\/blogsaverroes.juntadeandalucia.es\/ceipnorena\/files\/2020\/02\/Captura-de-pantalla-2020-02-16-a-las-20.40.44-24x11.png 24w, https:\/\/blogsaverroes.juntadeandalucia.es\/ceipnorena\/files\/2020\/02\/Captura-de-pantalla-2020-02-16-a-las-20.40.44-36x16.png 36w, https:\/\/blogsaverroes.juntadeandalucia.es\/ceipnorena\/files\/2020\/02\/Captura-de-pantalla-2020-02-16-a-las-20.40.44-48x21.png 48w, https:\/\/blogsaverroes.juntadeandalucia.es\/ceipnorena\/files\/2020\/02\/Captura-de-pantalla-2020-02-16-a-las-20.40.44.png 1272w\" sizes=\"(max-width: 437px) 100vw, 437px\" \/><\/a>ijos e hijas durante el horario de 7:30 a 9:00 h., momento en el que da comienzo la actividad escolar. Durante este per\u00edodo de tiempo, los ni\u00f1os y ni\u00f1as realizan diversas actividades de car\u00e1cter l\u00fadico y educativo adecuadas a su edad y desarrollo madurativo. Entre otras muchas, se realizan actividades pl\u00e1sticas, dibujo, lectura, psicomotricidad, juegos populares, etc.<\/p>\n<p style=\"text-align: justify\">La atenci\u00f3n al alumnado de aula matinal se realiza por personal cualificado, entre cuyas funciones est\u00e1n las medidas de vigilancia y atenci\u00f3n educativa que precisen los menores en funci\u00f3n de su edad y necesidades.<\/p>\n<p>Puede&nbsp;utilizarse&nbsp;cualquier d\u00eda previa inscripci\u00f3n y domiciliaci\u00f3n bancaria.<\/p>\n<p>Desc\u00e1rgate aqu\u00ed el formulario, rell\u00e9nalo y&nbsp;entr\u00e9galo en la secretar\u00eda del Colegio.<\/p>\n<p><a href=\"https:\/\/blogsaverroes.juntadeandalucia.es\/ceipnorena\/files\/2020\/02\/ANEXO-II.pdf\">SOLICITUD AULA MATINAL, COMEDOR, ACTIVIDADES EXTRAESCOLARES. ANEXO II<\/a><\/p>\n<p><a href=\"https:\/\/blogsaverroes.juntadeandalucia.es\/ceipnorena\/files\/2020\/02\/ANEXO-V-SOLICITUD-GRATUIDAD.pdf\">SOLICITUD GRATUIDAD. ANEXO V<\/a><\/p>\n<p>&nbsp;<\/p>\n","protected":false},"excerpt":{"rendered":"<p>El Aula Matinal&nbsp;del CEIP NORE\u00d1A es una actividad promovida por la Junta de Andaluc\u00eda para dar respuesta a la creciente demanda originada por las exigencias laborales de los padres y madres andaluzas, quienes se&#46;&#46;&#46;<\/p>\n","protected":false},"author":1,"featured_media":0,"parent":0,"menu_order":0,"comment_status":"open","ping_status":"open","template":"page-templates\/child-menu.php","meta":{"ngg_post_thumbnail":0,"footnotes":"","_mc_calendar":[]},"aioseo_notices":[],"_links":{"self":[{"href":"https:\/\/blogsaverroes.juntadeandalucia.es\/ceipnorena\/wp-json\/wp\/v2\/pages\/870"}],"collection":[{"href":"https:\/\/blogsaverroes.juntadeandalucia.es\/ceipnorena\/wp-json\/wp\/v2\/pages"}],"about":[{"href":"https:\/\/blogsaverroes.juntadeandalucia.es\/ceipnorena\/wp-json\/wp\/v2\/types\/page"}],"author":[{"embeddable":true,"href":"https:\/\/blogsaverroes.juntadeandalucia.es\/ceipnorena\/wp-json\/wp\/v2\/users\/1"}],"replies":[{"embeddable":true,"href":"https:\/\/blogsaverroes.juntadeandalucia.es\/ceipnorena\/wp-json\/wp\/v2\/comments?post=870"}],"version-history":[{"count":6,"href":"https:\/\/blogsaverroes.juntadeandalucia.es\/ceipnorena\/wp-json\/wp\/v2\/pages\/870\/revisions"}],"predecessor-version":[{"id":3046,"href":"https:\/\/blogsaverroes.juntadeandalucia.es\/ceipnorena\/wp-json\/wp\/v2\/pages\/870\/revisions\/3046"}],"wp:attachment":[{"href":"https:\/\/blogsaverroes.juntadeandalucia.es\/ceipnorena\/wp-json\/wp\/v2\/media?parent=870"}],"curies":[{"name":"wp","href":"https:\/\/api.w.org\/{rel}","templated":true}]}}