{"id":871,"date":"2015-03-16T07:25:46","date_gmt":"2015-03-16T07:25:46","guid":{"rendered":"http:\/\/blogsaverroes.juntadeandalucia.es\/pre\/ceip\/?page_id=106"},"modified":"2020-02-11T00:19:04","modified_gmt":"2020-02-10T22:19:04","slug":"actividades-extraescolares","status":"publish","type":"page","link":"https:\/\/blogsaverroes.juntadeandalucia.es\/ceipnorena\/actividades-extraescolares\/","title":{"rendered":"Actividades Complementarias y Extraescolares"},"content":{"rendered":"<p><a href=\"https:\/\/blogsaverroes.juntadeandalucia.es\/ceipnorena\/files\/2020\/02\/Captura-de-pantalla-2020-02-10-a-las-23.05.45.png\"><img fetchpriority=\"high\" decoding=\"async\" class=\"size-large wp-image-2995 aligncenter\" src=\"https:\/\/blogsaverroes.juntadeandalucia.es\/ceipnorena\/files\/2020\/02\/Captura-de-pantalla-2020-02-10-a-las-23.05.45-1024x201.png\" alt=\"\" width=\"1024\" height=\"201\" srcset=\"https:\/\/blogsaverroes.juntadeandalucia.es\/ceipnorena\/files\/2020\/02\/Captura-de-pantalla-2020-02-10-a-las-23.05.45-1024x201.png 1024w, https:\/\/blogsaverroes.juntadeandalucia.es\/ceipnorena\/files\/2020\/02\/Captura-de-pantalla-2020-02-10-a-las-23.05.45-300x59.png 300w, https:\/\/blogsaverroes.juntadeandalucia.es\/ceipnorena\/files\/2020\/02\/Captura-de-pantalla-2020-02-10-a-las-23.05.45-768x151.png 768w, https:\/\/blogsaverroes.juntadeandalucia.es\/ceipnorena\/files\/2020\/02\/Captura-de-pantalla-2020-02-10-a-las-23.05.45-24x5.png 24w, https:\/\/blogsaverroes.juntadeandalucia.es\/ceipnorena\/files\/2020\/02\/Captura-de-pantalla-2020-02-10-a-las-23.05.45-36x7.png 36w, https:\/\/blogsaverroes.juntadeandalucia.es\/ceipnorena\/files\/2020\/02\/Captura-de-pantalla-2020-02-10-a-las-23.05.45-48x9.png 48w, https:\/\/blogsaverroes.juntadeandalucia.es\/ceipnorena\/files\/2020\/02\/Captura-de-pantalla-2020-02-10-a-las-23.05.45.png 1108w\" sizes=\"(max-width: 1024px) 100vw, 1024px\" \/><\/a><\/p>\n<table style=\"height: 83px\" width=\"661\">\n<tbody>\n<tr>\n<td style=\"width: 213px;text-align: center\" colspan=\"3\">ACTIVIDADES EXTRAESCOLARES Y COMPLEMENTARIAS A NIVEL DE CENTRO<\/p>\n<p align=\"center\">CURSO 2019\/2020-CEIP NORE\u00d1A<\/p>\n<\/td>\n<\/tr>\n<tr>\n<td style=\"width: 213px;text-align: center\">1<sup>er&nbsp;<\/sup>TRIMESTRE<\/td>\n<td style=\"width: 213px;text-align: center\">2\u00ba TRIMESTRE<\/td>\n<td style=\"width: 213px;text-align: center\">3<sup>er<\/sup> TRIMESTRE<\/td>\n<\/tr>\n<tr>\n<td style=\"width: 213px\"><b><u>D\u00eda de la Infancia<\/u><\/b>: actividades a nivel de tutor\u00eda<\/p>\n<p><b><u>D\u00eda de la no violencia de g\u00e9nero<\/u><\/b><b>:<\/b>actividades a nivel de tutor\u00eda.<\/p>\n<p><b><u>D\u00eda de la Constituci\u00f3n<\/u><\/b>: actividades a nivel de tutor\u00eda y de centro.<\/p>\n<p><b><u>Fiesta de Navidad<\/u><\/b>:&nbsp;<\/td>\n<td style=\"width: 213px\"><b><u>D\u00eda de la Paz<\/u><\/b>: actividades a nivel de tutor\u00eda, decoraci\u00f3n de pasillos.<\/p>\n<p><b><u>D\u00eda de la mujer trabajadora<\/u><\/b><b>: <\/b>actividades a nivel de tutor\u00eda<\/p>\n<p><b><u>D\u00eda de Andaluc\u00eda<\/u><\/b>: actividades a nivel de tutor\u00eda. Actividad de Ciclo: desayuno molinero.<\/td>\n<td style=\"width: 213px\"><b><u>Semana Cultural:<\/u><\/b><\/p>\n<p><b><u>D\u00eda del Libro<\/u><\/b>: actividades a nivel de tutor\u00eda.<\/p>\n<p><b><u>D\u00eda del Medio ambiente<\/u><\/b>: actividades a nivel de tutor\u00eda.<\/p>\n<p><span style=\"text-decoration: underline\"><strong>Fiesta Fin de curso<\/strong><\/span>: actividades a nivel de tutor\u00eda y de Ciclo.<\/p>\n<p>&nbsp;<\/td>\n<\/tr>\n<tr>\n<td style=\"width: 213px\" colspan=\"3\">SALIDAS<\/td>\n<\/tr>\n<tr>\n<td style=\"width: 213px;text-align: center\">1<sup>er&nbsp;<\/sup>TRIMESTRE<\/td>\n<td style=\"width: 213px;text-align: center\">2\u00ba TRIMESTRE<\/td>\n<td style=\"width: 213px;text-align: center\">3<sup>er<\/sup> TRIMESTRE<\/td>\n<\/tr>\n<tr>\n<td style=\"width: 213px\">Cine en Navidad<\/td>\n<td style=\"width: 213px\">&nbsp;<\/td>\n<td style=\"width: 213px\">&nbsp;<\/td>\n<\/tr>\n<\/tbody>\n<\/table>\n<p>&nbsp;<\/p>\n<p>&nbsp;<\/p>\n<p>&nbsp;<\/p>\n","protected":false},"excerpt":{"rendered":"<p>ACTIVIDADES EXTRAESCOLARES Y COMPLEMENTARIAS A NIVEL DE CENTRO CURSO 2019\/2020-CEIP NORE\u00d1A 1er&nbsp;TRIMESTRE 2\u00ba TRIMESTRE 3er TRIMESTRE D\u00eda de la Infancia: actividades a nivel de tutor\u00eda D\u00eda de la no violencia de g\u00e9nero:actividades a nivel&#46;&#46;&#46;<\/p>\n","protected":false},"author":1,"featured_media":0,"parent":0,"menu_order":0,"comment_status":"open","ping_status":"open","template":"page-templates\/child-menu.php","meta":{"ngg_post_thumbnail":0,"footnotes":"","_mc_calendar":[]},"aioseo_notices":[],"_links":{"self":[{"href":"https:\/\/blogsaverroes.juntadeandalucia.es\/ceipnorena\/wp-json\/wp\/v2\/pages\/871"}],"collection":[{"href":"https:\/\/blogsaverroes.juntadeandalucia.es\/ceipnorena\/wp-json\/wp\/v2\/pages"}],"about":[{"href":"https:\/\/blogsaverroes.juntadeandalucia.es\/ceipnorena\/wp-json\/wp\/v2\/types\/page"}],"author":[{"embeddable":true,"href":"https:\/\/blogsaverroes.juntadeandalucia.es\/ceipnorena\/wp-json\/wp\/v2\/users\/1"}],"replies":[{"embeddable":true,"href":"https:\/\/blogsaverroes.juntadeandalucia.es\/ceipnorena\/wp-json\/wp\/v2\/comments?post=871"}],"version-history":[{"count":9,"href":"https:\/\/blogsaverroes.juntadeandalucia.es\/ceipnorena\/wp-json\/wp\/v2\/pages\/871\/revisions"}],"predecessor-version":[{"id":2993,"href":"https:\/\/blogsaverroes.juntadeandalucia.es\/ceipnorena\/wp-json\/wp\/v2\/pages\/871\/revisions\/2993"}],"wp:attachment":[{"href":"https:\/\/blogsaverroes.juntadeandalucia.es\/ceipnorena\/wp-json\/wp\/v2\/media?parent=871"}],"curies":[{"name":"wp","href":"https:\/\/api.w.org\/{rel}","templated":true}]}}