{"id":1129,"date":"2022-11-02T01:31:34","date_gmt":"2022-11-02T00:31:34","guid":{"rendered":"https:\/\/blogsaverroes.juntadeandalucia.es\/ceipnsangustias\/?page_id=1129"},"modified":"2025-01-31T20:59:28","modified_gmt":"2025-01-31T19:59:28","slug":"igualdad-coeducacion-educacion-emocional-y-en-valores","status":"publish","type":"page","link":"https:\/\/blogsaverroes.juntadeandalucia.es\/ceipnsangustias\/igualdad-coeducacion-educacion-emocional-y-en-valores\/","title":{"rendered":"Igualdad, coeducaci\u00f3n, educaci\u00f3n emocional y en valores"},"content":{"rendered":"<p>[et_pb_section fb_built=&#8221;1&#8243; admin_label=&#8221;Hero Section&#8221; _builder_version=&#8221;4.16&#8243; use_background_color_gradient=&#8221;on&#8221; background_color_gradient_direction=&#8221;72deg&#8221; background_color_gradient_stops=&#8221;#8618db 0%|#570b7c 100%&#8221; background_color_gradient_start=&#8221;#8618db&#8221; background_color_gradient_end=&#8221;#570b7c&#8221; background_image=&#8221;https:\/\/blogsaverroes.juntadeandalucia.es\/ceipnsangustias\/files\/2022\/12\/coeducacion-para-coeducar.png&#8221; min_height=&#8221;624px&#8221; custom_margin=&#8221;||-1px|||&#8221; custom_padding=&#8221;110px|0px|24px|0px||&#8221; global_colors_info=&#8221;{}&#8221;][et_pb_row _builder_version=&#8221;4.16&#8243; background_size=&#8221;initial&#8221; background_position=&#8221;top_left&#8221; background_repeat=&#8221;repeat&#8221; custom_padding=&#8221;||117px|||&#8221; global_colors_info=&#8221;{}&#8221;][et_pb_column type=&#8221;4_4&#8243; _builder_version=&#8221;4.16&#8243; custom_padding=&#8221;60px|||&#8221; global_colors_info=&#8221;{}&#8221; custom_padding__hover=&#8221;|||&#8221;][et_pb_text _builder_version=&#8221;4.16&#8243; text_font=&#8221;Advent Pro||||||||&#8221; text_text_color=&#8221;#000000&#8243; header_font=&#8221;Poppins||||||||&#8221; header_text_color=&#8221;#ffffff&#8221; header_font_size=&#8221;56px&#8221; header_line_height=&#8221;1.3em&#8221; width=&#8221;100%&#8221; max_width=&#8221;100%&#8221; animation_style=&#8221;fade&#8221; global_colors_info=&#8221;{}&#8221;]<\/p>\n<h2 style=\"text-align: center\"><span style=\"color: #c600e5;font-size: xx-large\">Igualdad, <\/span><\/h2>\n<h2 style=\"text-align: center\"><span style=\"font-size: xx-large\"><span style=\"color: #c600e5\">coeducaci\u00f3n <\/span><span style=\"color: #c600e5\">y <\/span><\/span><\/h2>\n<h2 style=\"text-align: center\"><span style=\"color: #c600e5;font-size: xx-large\">educaci\u00f3n en valores<\/span><\/h2>\n<p>[\/et_pb_text][et_pb_text _builder_version=&#8221;4.16&#8243; text_font=&#8221;Poppins||||||||&#8221; text_text_color=&#8221;#FFFFFF&#8221; text_font_size=&#8221;18px&#8221; text_line_height=&#8221;1.8em&#8221; animation_style=&#8221;fade&#8221; animation_delay=&#8221;100ms&#8221; global_colors_info=&#8221;{}&#8221;]<\/p>\n<h5 style=\"text-align: center\"><span style=\"color: #e200cc\">\u201cLa\u00a0<b>igualdad<\/b>\u00a0es una <\/span><\/h5>\n<h5 style=\"text-align: center\"><span style=\"color: #e200cc\">necesidad vital del alma humana&#8221;.<\/span><\/h5>\n<p>[\/et_pb_text][\/et_pb_column][\/et_pb_row][\/et_pb_section][et_pb_section fb_built=&#8221;1&#8243; admin_label=&#8221;About Us Section&#8221; _builder_version=&#8221;4.16&#8243; custom_padding=&#8221;110px|0px|110px|0px&#8221; global_colors_info=&#8221;{}&#8221;][et_pb_row admin_label=&#8221;Row&#8221; _builder_version=&#8221;4.16&#8243; custom_padding=&#8221;|||&#8221; global_colors_info=&#8221;{}&#8221;][et_pb_column type=&#8221;4_4&#8243; _builder_version=&#8221;4.16&#8243; custom_padding=&#8221;|||&#8221; global_colors_info=&#8221;{}&#8221; custom_padding__hover=&#8221;|||&#8221;][et_pb_text _builder_version=&#8221;4.16&#8243; text_font=&#8221;||||||||&#8221; header_font=&#8221;||||||||&#8221; header_2_font=&#8221;Poppins|500||on|||||&#8221; header_2_text_color=&#8221;rgba(0,0,0,0.2)&#8221; header_2_font_size=&#8221;16px&#8221; header_2_letter_spacing=&#8221;1px&#8221; header_2_line_height=&#8221;1.3em&#8221; custom_margin=&#8221;||20px|&#8221; saved_tabs=&#8221;all&#8221; locked=&#8221;off&#8221; global_colors_info=&#8221;{}&#8221;]<\/p>\n<h2 style=\"text-align: center\"><strong>\u201cAll\u00ed donde alguien lucha por su dignidad, por la igualdad, por ser libre\u2026 m\u00edrale a los ojos\u201d<\/strong><\/h2>\n<h2 style=\"text-align: center\"><strong>(<span>Bruce Springsteen)\u00a0<\/span><\/strong><\/h2>\n<p>[\/et_pb_text][et_pb_text _builder_version=&#8221;4.16&#8243; text_font=&#8221;||||||||&#8221; text_text_color=&#8221;#E02B20&#8243; header_font=&#8221;||||||||&#8221; header_3_font=&#8221;Poppins|600|||||||&#8221; header_3_text_color=&#8221;#44d89e&#8221; header_3_font_size=&#8221;36px&#8221; header_3_line_height=&#8221;1.4em&#8221; global_colors_info=&#8221;{}&#8221;]<\/p>\n<h3 style=\"text-align: center\">Plan de Igualdad y Coeducaci\u00f3n. Educaci\u00f3n en valores<\/h3>\n<p>[\/et_pb_text][et_pb_text _builder_version=&#8221;4.16&#8243; _module_preset=&#8221;default&#8221; global_colors_info=&#8221;{}&#8221;]<\/p>\n<p>\u00a0La coeducaci\u00f3n <span>supone ofrecer un conjunto de estrategias y proponer alternativas para construir relaciones equitativas, libres de discriminaci\u00f3n por g\u00e9nero. As\u00ed mismo, desde nuestro Plan de Igualdad potenciamos y fomentamos de manera transversal, relaciones equitativas entre ni\u00f1os y ni\u00f1as donde predomine la afectividad y el trato respetuoso, se facilite la expresi\u00f3n de sentimientos y emociones y se desarrollen toda una serie de valores que nos permitan convivir en una sociedad m\u00e1s justa e igualitaria.\u00a0<\/span><\/p>\n<p><span><\/span><\/p>\n<p>[\/et_pb_text][et_pb_testimonial author=&#8221;Coordinadora del Plan de Igualdad y Coeducaci\u00f3n: Arancha Alonso.&#8221; portrait_url=&#8221;https:\/\/blogsaverroes.juntadeandalucia.es\/ceipnsangustias\/files\/2024\/10\/the-joy-of-life-douglas-girard.jpg&#8221; quote_icon=&#8221;off&#8221; portrait_width=&#8221;50px&#8221; portrait_height=&#8221;50px&#8221; _builder_version=&#8221;4.24.2&#8243; body_font=&#8221;Open Sans||||||||&#8221; body_text_color=&#8221;#486066&#8243; body_font_size=&#8221;15px&#8221; body_line_height=&#8221;1.8em&#8221; use_background_color=&#8221;off&#8221; text_orientation=&#8221;center&#8221; global_colors_info=&#8221;{}&#8221;]<\/p>\n<p><b>Contribuir a la erradicaci\u00f3n de la violencia de g\u00e9nero, la prevenci\u00f3n de la misma y el desarrollo de la igualdad a trav\u00e9s de la coeducaci\u00f3n<\/b><span>. Fomentar la educaci\u00f3n en valores y la igualdad de derechos de hombres y mujeres. Corregir estereotipos sexistas y conductas discriminatorias en el \u00e1mbito escolar&#8230;<\/span><\/p>\n<p>Todos ellos son objetivos de nuestro Plan de Igualdad y Coeducaci\u00f3n.<span><\/span><\/p>\n<p>[\/et_pb_testimonial][\/et_pb_column][\/et_pb_row][et_pb_row _builder_version=&#8221;4.16&#8243; global_colors_info=&#8221;{}&#8221;][et_pb_column type=&#8221;4_4&#8243; _builder_version=&#8221;4.16&#8243; custom_padding=&#8221;|||&#8221; global_colors_info=&#8221;{}&#8221; custom_padding__hover=&#8221;|||&#8221;][et_pb_text _builder_version=&#8221;4.16&#8243; text_font=&#8221;||||||||&#8221; header_font=&#8221;||||||||&#8221; header_2_font=&#8221;Poppins|500||on|||||&#8221; header_2_text_color=&#8221;rgba(0,0,0,0.2)&#8221; header_2_font_size=&#8221;16px&#8221; header_2_letter_spacing=&#8221;1px&#8221; header_2_line_height=&#8221;1.3em&#8221; text_orientation=&#8221;center&#8221; custom_margin=&#8221;||20px|&#8221; saved_tabs=&#8221;all&#8221; locked=&#8221;off&#8221; global_colors_info=&#8221;{}&#8221;]<\/p>\n<h2 style=\"text-align: center\"><span>\u00abNo hay barrera, cerradura ni cerrojo que puedas imponer a la libertad de mi mente\u00bb<\/span><\/h2>\n<blockquote class=\"wp-block-quote\"><p><cite>Virginia Woolf, escritora brit\u00e1nica.<\/cite><\/p><\/blockquote>\n<p>[\/et_pb_text][\/et_pb_column][\/et_pb_row][et_pb_row _builder_version=&#8221;4.16&#8243; _module_preset=&#8221;default&#8221; min_height=&#8221;123px&#8221; global_colors_info=&#8221;{}&#8221;][et_pb_column type=&#8221;4_4&#8243; _builder_version=&#8221;4.16&#8243; _module_preset=&#8221;default&#8221; global_colors_info=&#8221;{}&#8221;][et_pb_button button_text=&#8221;Consulta nuestro Plan de trabajo en Igualdad y Coeducaci\u00f3n&#8221; button_alignment=&#8221;center&#8221; _builder_version=&#8221;4.16&#8243; _module_preset=&#8221;default&#8221; custom_button=&#8221;on&#8221; button_bg_image=&#8221;https:\/\/blogsaverroes.juntadeandalucia.es\/ceipnsangustias\/files\/2022\/11\/fondo-rosa-vintage.jpg&#8221; button_font=&#8221;Actor||||||||&#8221; button_icon=&#8221;&#x6c;||divi||400&#8243; animation_style=&#8221;roll&#8221; global_colors_info=&#8221;{}&#8221;][\/et_pb_button][\/et_pb_column][\/et_pb_row][et_pb_row _builder_version=&#8221;4.16&#8243; locked=&#8221;off&#8221; global_colors_info=&#8221;{}&#8221;][et_pb_column type=&#8221;4_4&#8243; _builder_version=&#8221;4.16&#8243; custom_padding=&#8221;|||&#8221; global_colors_info=&#8221;{}&#8221; custom_padding__hover=&#8221;|||&#8221;][et_pb_divider _builder_version=&#8221;4.16&#8243; _module_preset=&#8221;default&#8221; global_colors_info=&#8221;{}&#8221;][\/et_pb_divider][et_pb_text _builder_version=&#8221;4.24.2&#8243; text_font=&#8221;||||||||&#8221; text_text_color=&#8221;#380ef2&#8243; header_font=&#8221;||||||||&#8221; header_text_align=&#8221;center&#8221; header_3_font=&#8221;Poppins|600|||||||&#8221; header_3_text_color=&#8221;#44d89e&#8221; header_3_font_size=&#8221;36px&#8221; header_3_line_height=&#8221;1.4em&#8221; text_orientation=&#8221;center&#8221; link_option_url=&#8221;https:\/\/sites.google.com\/view\/plan-de-igualdad-angustias\/inicio&#8221; link_option_url_new_window=&#8221;on&#8221; global_colors_info=&#8221;{}&#8221;]<\/p>\n<h3 style=\"text-align: center\"><span style=\"font-family: 'comic sans ms', sans-serif\">Actividades de Igualdad, Coeducaci\u00f3n y Educaci\u00f3n en Valores<\/span><\/h3>\n<p>[\/et_pb_text][et_pb_blurb image=&#8221;https:\/\/blogsaverroes.juntadeandalucia.es\/ceipnsangustias\/files\/2024\/10\/unnamed.jpg&#8221; _builder_version=&#8221;4.24.2&#8243; _module_preset=&#8221;default&#8221; global_colors_info=&#8221;{}&#8221;][\/et_pb_blurb][et_pb_blurb url=&#8221;https:\/\/sites.google.com\/view\/plan-de-igualdad-angustias\/inicio&#8221; url_new_window=&#8221;on&#8221; use_icon=&#8221;on&#8221; font_icon=&#8221;&#xf24e;||fa||900&#8243; _builder_version=&#8221;4.24.2&#8243; _module_preset=&#8221;default&#8221; global_colors_info=&#8221;{}&#8221;]<\/p>\n<p>Consulta aqu\u00ed nuestras actividades sobre Igualdad y Coeducaci\u00f3n<\/p>\n<p>[\/et_pb_blurb][et_pb_button button_url=&#8221;https:\/\/sites.google.com\/view\/plan-de-igualdad-angustias\/inicio&#8221; url_new_window=&#8221;on&#8221; button_text=&#8221;Actividades de Coeducaci\u00f3n e Igualdad&#8221; button_alignment=&#8221;center&#8221; _builder_version=&#8221;4.24.2&#8243; _module_preset=&#8221;default&#8221; animation_style=&#8221;bounce&#8221; global_colors_info=&#8221;{}&#8221;][\/et_pb_button][et_pb_divider _builder_version=&#8221;4.16&#8243; _module_preset=&#8221;default&#8221; global_colors_info=&#8221;{}&#8221;][\/et_pb_divider][et_pb_text _builder_version=&#8221;4.16&#8243; text_font=&#8221;||||||||&#8221; header_font=&#8221;||||||||&#8221; header_text_align=&#8221;center&#8221; header_3_font=&#8221;Poppins|600|||||||&#8221; header_3_text_color=&#8221;#44d89e&#8221; header_3_font_size=&#8221;36px&#8221; header_3_line_height=&#8221;1.4em&#8221; text_orientation=&#8221;center&#8221; global_colors_info=&#8221;{}&#8221;]<\/p>\n<h3>Nuestros objetivos<\/h3>\n<p>[\/et_pb_text][\/et_pb_column][\/et_pb_row][et_pb_row column_structure=&#8221;1_2,1_2&#8243; _builder_version=&#8221;4.16&#8243; global_colors_info=&#8221;{}&#8221;][et_pb_column type=&#8221;1_2&#8243; _builder_version=&#8221;4.16&#8243; custom_padding=&#8221;|||&#8221; global_colors_info=&#8221;{}&#8221; custom_padding__hover=&#8221;|||&#8221;][et_pb_blurb title=&#8221;Fomentar actitudes integradoras de cooperaci\u00f3n y respeto entre ni\u00f1as y ni\u00f1os.&#8221; image=&#8221;https:\/\/blogsaverroes.juntadeandalucia.es\/ceipnsangustias\/files\/2022\/10\/yoga-09.png&#8221; image_icon_width=&#8221;80px&#8221; admin_label=&#8221;Feature&#8221; _builder_version=&#8221;4.16&#8243; header_font=&#8221;Poppins|600|||||||&#8221; header_text_align=&#8221;center&#8221; header_text_color=&#8221;#486066&#8243; header_font_size=&#8221;18px&#8221; header_line_height=&#8221;1.3em&#8221; body_font=&#8221;Open Sans||||||||&#8221; body_text_align=&#8221;center&#8221; body_text_color=&#8221;#486066&#8243; body_line_height=&#8221;1.8em&#8221; custom_margin=&#8221;|||&#8221; custom_padding=&#8221;|||&#8221; animation_style=&#8221;fade&#8221; animation=&#8221;off&#8221; border_radii=&#8221;on|6px|6px|6px|6px&#8221; image_max_width=&#8221;80px&#8221; global_colors_info=&#8221;{}&#8221;][\/et_pb_blurb][et_pb_blurb title=&#8221;Hacer visible al alumnado la desigualdad actual de hombres y mujeres en nuestra sociedad tanto en roles y actividades asignadas por raz\u00f3n de sexo como en actitudes, valores, etc. &#8221; image=&#8221;https:\/\/blogsaverroes.juntadeandalucia.es\/ceipnsangustias\/files\/2022\/10\/yoga-12.png&#8221; image_icon_width=&#8221;80px&#8221; admin_label=&#8221;Feature&#8221; _builder_version=&#8221;4.16&#8243; header_font=&#8221;Poppins|600|||||||&#8221; header_text_align=&#8221;center&#8221; header_text_color=&#8221;#486066&#8243; header_font_size=&#8221;18px&#8221; header_line_height=&#8221;1.3em&#8221; body_font=&#8221;Open Sans||||||||&#8221; body_text_align=&#8221;center&#8221; body_text_color=&#8221;#486066&#8243; body_line_height=&#8221;1.8em&#8221; custom_margin=&#8221;|||&#8221; custom_padding=&#8221;|||&#8221; animation_style=&#8221;fade&#8221; animation=&#8221;off&#8221; border_radii=&#8221;on|6px|6px|6px|6px&#8221; image_max_width=&#8221;80px&#8221; global_colors_info=&#8221;{}&#8221;][\/et_pb_blurb][et_pb_blurb title=&#8221;Facilitarles la toma de conciencia de la injusticia que estas desigualdades suponen para fomentar un juicio cr\u00edtico que les permita cuestionarlas. &#8221; image=&#8221;https:\/\/blogsaverroes.juntadeandalucia.es\/ceipnsangustias\/files\/2022\/10\/yoga-13.png&#8221; image_icon_width=&#8221;80px&#8221; admin_label=&#8221;Feature&#8221; _builder_version=&#8221;4.16&#8243; header_font=&#8221;Poppins|600|||||||&#8221; header_text_align=&#8221;center&#8221; header_text_color=&#8221;#486066&#8243; header_font_size=&#8221;18px&#8221; header_line_height=&#8221;1.3em&#8221; body_font=&#8221;Open Sans||||||||&#8221; body_text_align=&#8221;center&#8221; body_text_color=&#8221;#486066&#8243; body_line_height=&#8221;1.8em&#8221; custom_margin=&#8221;|||&#8221; custom_padding=&#8221;|||&#8221; animation_style=&#8221;fade&#8221; animation=&#8221;off&#8221; border_radii=&#8221;on|6px|6px|6px|6px&#8221; image_max_width=&#8221;80px&#8221; global_colors_info=&#8221;{}&#8221;][\/et_pb_blurb][et_pb_blurb title=&#8221;Potenciar unas relaciones equitativas entre ni\u00f1os y ni\u00f1as donde predomine la afectividad y el trato respetuoso y se facilite la expresi\u00f3n de sentimientos y emociones. &#8221; image=&#8221;https:\/\/blogsaverroes.juntadeandalucia.es\/ceipnsangustias\/files\/2022\/10\/yoga-13.png&#8221; image_icon_width=&#8221;80px&#8221; admin_label=&#8221;Feature&#8221; _builder_version=&#8221;4.16&#8243; header_font=&#8221;Poppins|600|||||||&#8221; header_text_align=&#8221;center&#8221; header_text_color=&#8221;#486066&#8243; header_font_size=&#8221;18px&#8221; header_line_height=&#8221;1.3em&#8221; body_font=&#8221;Open Sans||||||||&#8221; body_text_align=&#8221;center&#8221; body_text_color=&#8221;#486066&#8243; body_line_height=&#8221;1.8em&#8221; custom_margin=&#8221;|||&#8221; custom_padding=&#8221;|||&#8221; animation_style=&#8221;fade&#8221; animation=&#8221;off&#8221; border_radii=&#8221;on|6px|6px|6px|6px&#8221; image_max_width=&#8221;80px&#8221; global_colors_info=&#8221;{}&#8221;][\/et_pb_blurb][\/et_pb_column][et_pb_column type=&#8221;1_2&#8243; _builder_version=&#8221;4.16&#8243; custom_padding=&#8221;|||&#8221; global_colors_info=&#8221;{}&#8221; custom_padding__hover=&#8221;|||&#8221;][et_pb_blurb title=&#8221;Ser capaces de resolver conflictos con el di\u00e1logo, criticando siempre la violencia. &#8221; image=&#8221;https:\/\/blogsaverroes.juntadeandalucia.es\/ceipnsangustias\/files\/2022\/10\/yoga-11.png&#8221; image_icon_width=&#8221;80px&#8221; admin_label=&#8221;Feature&#8221; _builder_version=&#8221;4.16&#8243; header_font=&#8221;Poppins|600|||||||&#8221; header_text_align=&#8221;center&#8221; header_text_color=&#8221;#486066&#8243; header_font_size=&#8221;18px&#8221; header_line_height=&#8221;1.3em&#8221; body_font=&#8221;Open Sans||||||||&#8221; body_text_align=&#8221;center&#8221; body_text_color=&#8221;#486066&#8243; body_line_height=&#8221;1.8em&#8221; custom_margin=&#8221;|||&#8221; custom_padding=&#8221;|||&#8221; animation_style=&#8221;fade&#8221; animation=&#8221;off&#8221; border_radii=&#8221;on|6px|6px|6px|6px&#8221; image_max_width=&#8221;80px&#8221; global_colors_info=&#8221;{}&#8221;][\/et_pb_blurb][et_pb_blurb title=&#8221;Favorecer que se sensibilicen con estas desigualdades para que sean capaces de detectarlas en sus vidas cotidianas. &#8221; image=&#8221;https:\/\/blogsaverroes.juntadeandalucia.es\/ceipnsangustias\/files\/2022\/10\/yoga-08.png&#8221; image_icon_width=&#8221;80px&#8221; admin_label=&#8221;Feature&#8221; _builder_version=&#8221;4.16&#8243; header_font=&#8221;Poppins|600|||||||&#8221; header_text_align=&#8221;center&#8221; header_text_color=&#8221;#486066&#8243; header_font_size=&#8221;18px&#8221; header_line_height=&#8221;1.3em&#8221; body_font=&#8221;Open Sans||||||||&#8221; body_text_align=&#8221;center&#8221; body_text_color=&#8221;#486066&#8243; body_line_height=&#8221;1.8em&#8221; custom_margin=&#8221;|||&#8221; custom_padding=&#8221;|||&#8221; animation_style=&#8221;fade&#8221; animation=&#8221;off&#8221; border_radii=&#8221;on|6px|6px|6px|6px&#8221; image_max_width=&#8221;80px&#8221; global_colors_info=&#8221;{}&#8221;][\/et_pb_blurb][et_pb_blurb title=&#8221;Facilitarles la toma de conciencia de c\u00f3mo estas diferencias afectan tambi\u00e9n a ni\u00f1os y ni\u00f1as, tanto en el trato que reciben por parte de las personas adultas como en los juegos y juguetes que les proporcionan. &#8221; image=&#8221;https:\/\/blogsaverroes.juntadeandalucia.es\/ceipnsangustias\/files\/2022\/10\/yoga-10.png&#8221; image_icon_width=&#8221;80px&#8221; admin_label=&#8221;Feature&#8221; _builder_version=&#8221;4.16&#8243; header_font=&#8221;Poppins|600|||||||&#8221; header_text_align=&#8221;center&#8221; header_text_color=&#8221;#486066&#8243; header_font_size=&#8221;18px&#8221; header_line_height=&#8221;1.3em&#8221; body_font=&#8221;Open Sans||||||||&#8221; body_text_align=&#8221;center&#8221; body_text_color=&#8221;#486066&#8243; body_line_height=&#8221;1.8em&#8221; custom_margin=&#8221;|||&#8221; custom_padding=&#8221;|||&#8221; animation_style=&#8221;fade&#8221; animation=&#8221;off&#8221; border_radii=&#8221;on|6px|6px|6px|6px&#8221; image_max_width=&#8221;80px&#8221; global_colors_info=&#8221;{}&#8221;][\/et_pb_blurb][et_pb_blurb title=&#8221;Aceptar y naturalizar los distintos modelos de familia que se dan en la actualidad.&#8221; image=&#8221;https:\/\/blogsaverroes.juntadeandalucia.es\/ceipnsangustias\/files\/2022\/10\/yoga-10.png&#8221; image_icon_width=&#8221;80px&#8221; admin_label=&#8221;Feature&#8221; _builder_version=&#8221;4.16&#8243; header_font=&#8221;Poppins|600|||||||&#8221; header_text_align=&#8221;center&#8221; header_text_color=&#8221;#486066&#8243; header_font_size=&#8221;18px&#8221; header_line_height=&#8221;1.3em&#8221; body_font=&#8221;Open Sans||||||||&#8221; body_text_align=&#8221;center&#8221; body_text_color=&#8221;#486066&#8243; body_line_height=&#8221;1.8em&#8221; custom_margin=&#8221;|||&#8221; custom_padding=&#8221;|||&#8221; animation_style=&#8221;fade&#8221; animation=&#8221;off&#8221; border_radii=&#8221;on|6px|6px|6px|6px&#8221; image_max_width=&#8221;80px&#8221; global_colors_info=&#8221;{}&#8221;][\/et_pb_blurb][\/et_pb_column][\/et_pb_row][\/et_pb_section]<\/p>\n","protected":false},"excerpt":{"rendered":"<p>Igualdad, coeducaci\u00f3n y educaci\u00f3n en valores\u201cLa\u00a0igualdad\u00a0es una necesidad vital del alma humana&#8221;.\u201cAll\u00ed donde alguien lucha por su dignidad, por la igualdad, por ser libre\u2026 m\u00edrale a los ojos\u201d (Bruce Springsteen)\u00a0Plan de Igualdad y Coeducaci\u00f3n. Educaci\u00f3n en valores\u00a0La coeducaci\u00f3n supone ofrecer un conjunto de estrategias y proponer alternativas para construir relaciones equitativas, libres de discriminaci\u00f3n por [&hellip;]<\/p>\n","protected":false},"author":15846,"featured_media":0,"parent":0,"menu_order":0,"comment_status":"closed","ping_status":"closed","template":"","meta":{"_et_pb_use_builder":"on","_et_pb_old_content":"","_et_gb_content_width":"","ngg_post_thumbnail":0,"footnotes":"","_mc_calendar":[]},"aioseo_notices":[],"_links":{"self":[{"href":"https:\/\/blogsaverroes.juntadeandalucia.es\/ceipnsangustias\/wp-json\/wp\/v2\/pages\/1129"}],"collection":[{"href":"https:\/\/blogsaverroes.juntadeandalucia.es\/ceipnsangustias\/wp-json\/wp\/v2\/pages"}],"about":[{"href":"https:\/\/blogsaverroes.juntadeandalucia.es\/ceipnsangustias\/wp-json\/wp\/v2\/types\/page"}],"author":[{"embeddable":true,"href":"https:\/\/blogsaverroes.juntadeandalucia.es\/ceipnsangustias\/wp-json\/wp\/v2\/users\/15846"}],"replies":[{"embeddable":true,"href":"https:\/\/blogsaverroes.juntadeandalucia.es\/ceipnsangustias\/wp-json\/wp\/v2\/comments?post=1129"}],"version-history":[{"count":14,"href":"https:\/\/blogsaverroes.juntadeandalucia.es\/ceipnsangustias\/wp-json\/wp\/v2\/pages\/1129\/revisions"}],"predecessor-version":[{"id":5204,"href":"https:\/\/blogsaverroes.juntadeandalucia.es\/ceipnsangustias\/wp-json\/wp\/v2\/pages\/1129\/revisions\/5204"}],"wp:attachment":[{"href":"https:\/\/blogsaverroes.juntadeandalucia.es\/ceipnsangustias\/wp-json\/wp\/v2\/media?parent=1129"}],"curies":[{"name":"wp","href":"https:\/\/api.w.org\/{rel}","templated":true}]}}