{"id":3478,"date":"2023-06-15T20:43:36","date_gmt":"2023-06-15T19:43:36","guid":{"rendered":"https:\/\/blogsaverroes.juntadeandalucia.es\/ceipnsangustias\/?page_id=3478"},"modified":"2024-09-17T13:35:26","modified_gmt":"2024-09-17T12:35:26","slug":"formacioneinformacion","status":"publish","type":"page","link":"https:\/\/blogsaverroes.juntadeandalucia.es\/ceipnsangustias\/formacioneinformacion\/","title":{"rendered":"Formaci\u00f3n-informaci\u00f3n-manuales-consejos"},"content":{"rendered":"<p>[et_pb_section fb_built=&#8221;1&#8243; _builder_version=&#8221;4.16&#8243; custom_padding=&#8221;0px||0px|&#8221; z_index_tablet=&#8221;500&#8243; box_shadow_horizontal_tablet=&#8221;0px&#8221; box_shadow_vertical_tablet=&#8221;0px&#8221; box_shadow_blur_tablet=&#8221;40px&#8221; box_shadow_spread_tablet=&#8221;0px&#8221; global_colors_info=&#8221;{}&#8221;][et_pb_row _builder_version=&#8221;4.16&#8243; background_size=&#8221;initial&#8221; background_position=&#8221;top_left&#8221; background_repeat=&#8221;repeat&#8221; global_colors_info=&#8221;{}&#8221;][et_pb_column type=&#8221;4_4&#8243; _builder_version=&#8221;4.16&#8243; custom_padding=&#8221;|||&#8221; global_colors_info=&#8221;{}&#8221; custom_padding__hover=&#8221;|||&#8221;][et_pb_image src=&#8221;https:\/\/blogsaverroes.juntadeandalucia.es\/ceipnsangustias\/files\/2023\/06\/tipos-de-familias-diversidad-familiar.jpg&#8221; title_text=&#8221;tipos-de-familias-diversidad-familiar&#8221; admin_label=&#8221;Imagen de la portada&#8221; _builder_version=&#8221;4.16&#8243; z_index_tablet=&#8221;500&#8243; box_shadow_horizontal_tablet=&#8221;0px&#8221; box_shadow_vertical_tablet=&#8221;0px&#8221; box_shadow_blur_tablet=&#8221;40px&#8221; box_shadow_spread_tablet=&#8221;0px&#8221; global_colors_info=&#8221;{}&#8221;][\/et_pb_image][et_pb_text admin_label=&#8221;Texto descriptivo&#8221; _builder_version=&#8221;4.16&#8243; z_index_tablet=&#8221;500&#8243; text_text_shadow_horizontal_length_tablet=&#8221;0px&#8221; text_text_shadow_vertical_length_tablet=&#8221;0px&#8221; text_text_shadow_blur_strength_tablet=&#8221;1px&#8221; link_text_shadow_horizontal_length_tablet=&#8221;0px&#8221; link_text_shadow_vertical_length_tablet=&#8221;0px&#8221; link_text_shadow_blur_strength_tablet=&#8221;1px&#8221; ul_text_shadow_horizontal_length_tablet=&#8221;0px&#8221; ul_text_shadow_vertical_length_tablet=&#8221;0px&#8221; ul_text_shadow_blur_strength_tablet=&#8221;1px&#8221; ol_text_shadow_horizontal_length_tablet=&#8221;0px&#8221; ol_text_shadow_vertical_length_tablet=&#8221;0px&#8221; ol_text_shadow_blur_strength_tablet=&#8221;1px&#8221; quote_text_shadow_horizontal_length_tablet=&#8221;0px&#8221; quote_text_shadow_vertical_length_tablet=&#8221;0px&#8221; quote_text_shadow_blur_strength_tablet=&#8221;1px&#8221; header_text_shadow_horizontal_length_tablet=&#8221;0px&#8221; header_text_shadow_vertical_length_tablet=&#8221;0px&#8221; header_text_shadow_blur_strength_tablet=&#8221;1px&#8221; header_2_text_shadow_horizontal_length_tablet=&#8221;0px&#8221; header_2_text_shadow_vertical_length_tablet=&#8221;0px&#8221; header_2_text_shadow_blur_strength_tablet=&#8221;1px&#8221; header_3_text_shadow_horizontal_length_tablet=&#8221;0px&#8221; header_3_text_shadow_vertical_length_tablet=&#8221;0px&#8221; header_3_text_shadow_blur_strength_tablet=&#8221;1px&#8221; header_4_text_shadow_horizontal_length_tablet=&#8221;0px&#8221; header_4_text_shadow_vertical_length_tablet=&#8221;0px&#8221; header_4_text_shadow_blur_strength_tablet=&#8221;1px&#8221; header_5_text_shadow_horizontal_length_tablet=&#8221;0px&#8221; header_5_text_shadow_vertical_length_tablet=&#8221;0px&#8221; header_5_text_shadow_blur_strength_tablet=&#8221;1px&#8221; header_6_text_shadow_horizontal_length_tablet=&#8221;0px&#8221; header_6_text_shadow_vertical_length_tablet=&#8221;0px&#8221; header_6_text_shadow_blur_strength_tablet=&#8221;1px&#8221; box_shadow_horizontal_tablet=&#8221;0px&#8221; box_shadow_vertical_tablet=&#8221;0px&#8221; box_shadow_blur_tablet=&#8221;40px&#8221; box_shadow_spread_tablet=&#8221;0px&#8221; global_colors_info=&#8221;{}&#8221;]<\/p>\n<h1 style=\"text-align: center\">Familias<\/h1>\n<p style=\"text-align: center\">Informaci\u00f3n, consejos, formaciones para las familias del cole (y las que no son del cole&#8230;)<\/p>\n<p>&nbsp;<\/p>\n<p>[\/et_pb_text][\/et_pb_column][\/et_pb_row][\/et_pb_section][et_pb_section fb_built=&#8221;1&#8243; fullwidth=&#8221;on&#8221; _builder_version=&#8221;4.24.2&#8243; _module_preset=&#8221;default&#8221; global_colors_info=&#8221;{}&#8221;][\/et_pb_section][et_pb_section fb_built=&#8221;1&#8243; fullwidth=&#8221;on&#8221; _builder_version=&#8221;4.16&#8243; _module_preset=&#8221;default&#8221; global_colors_info=&#8221;{}&#8221;][et_pb_fullwidth_header title=&#8221;Cultura del pensamiento: materiales&#8221; text_orientation=&#8221;center&#8221; _builder_version=&#8221;4.16&#8243; _module_preset=&#8221;default&#8221; background_color=&#8221;#0C71C3&#8243; custom_padding=&#8221;0px||0px|||&#8221; global_colors_info=&#8221;{}&#8221;][\/et_pb_fullwidth_header][\/et_pb_section][et_pb_section fb_built=&#8221;1&#8243; fullwidth=&#8221;on&#8221; _builder_version=&#8221;4.24.2&#8243; _module_preset=&#8221;default&#8221; background_color=&#8221;#FFFFFF&#8221; global_colors_info=&#8221;{}&#8221;][et_pb_fullwidth_header _builder_version=&#8221;4.24.2&#8243; _module_preset=&#8221;default&#8221; background_color=&#8221;rgba(184,249,244,0.48)&#8221; background_layout=&#8221;light&#8221; animation_style=&#8221;roll&#8221; global_colors_info=&#8221;{}&#8221;]<\/p>\n<h1 style=\"text-align: center\"><\/h1>\n<ul>\n<li>\n<h2><a href=\"https:\/\/blogsaverroes.juntadeandalucia.es\/ceipnsangustias\/files\/2024\/09\/02-RUTINAS-Y-DESTREZAS-DE-PENSAMIENTO.pdf\">Rutinas y destrezas de pensamiento.<\/a><\/h2>\n<\/li>\n<li>\n<h2><a href=\"https:\/\/blogsaverroes.juntadeandalucia.es\/ceipnsangustias\/files\/2024\/09\/Guia-didactica-Rutinas-de-Pensamiento-Salesianos-Santander.pdf\">Gu\u00eda did\u00e1ctica Salesianos sobre rutinas y destrezas de pensamiento.<\/a><\/h2>\n<\/li>\n<li>\n<h2><a href=\"https:\/\/blogsaverroes.juntadeandalucia.es\/ceipnsangustias\/files\/2024\/09\/Promover_el_pensamiento_en_el_aula.pdf\">Promover el pensamiento en el aula.<\/a><\/h2>\n<\/li>\n<\/ul>\n<p>[\/et_pb_fullwidth_header][et_pb_fullwidth_header title=&#8221;Autocontrol, relajaci\u00f3n y atenci\u00f3n plena: materiales.&#8221; text_orientation=&#8221;center&#8221; _builder_version=&#8221;4.16&#8243; _module_preset=&#8221;default&#8221; background_color=&#8221;#0C71C3&#8243; custom_padding=&#8221;0px||0px|||&#8221; global_colors_info=&#8221;{}&#8221;][\/et_pb_fullwidth_header][\/et_pb_section][et_pb_section fb_built=&#8221;1&#8243; fullwidth=&#8221;on&#8221; theme_builder_area=&#8221;post_content&#8221; _builder_version=&#8221;4.24.2&#8243; _module_preset=&#8221;default&#8221;][et_pb_fullwidth_header _builder_version=&#8221;4.24.2&#8243; _module_preset=&#8221;default&#8221; theme_builder_area=&#8221;post_content&#8221; hover_enabled=&#8221;0&#8243; sticky_enabled=&#8221;0&#8243; background_layout=&#8221;light&#8221; background_color=&#8221;#ddfdff&#8221;]<\/p>\n<ul>\n<li>\n<h2><a href=\"https:\/\/blogsaverroes.juntadeandalucia.es\/ceipnsangustias\/files\/2024\/09\/la_tecnica_de_la_tortuga-COMO-EMPLEARLA.pdf\">T\u00e9cnica de la tortuga<\/a><\/h2>\n<\/li>\n<\/ul>\n<p>[\/et_pb_fullwidth_header][\/et_pb_section][et_pb_section fb_built=&#8221;1&#8243; fullwidth=&#8221;on&#8221; _builder_version=&#8221;4.16&#8243; _module_preset=&#8221;default&#8221; global_colors_info=&#8221;{}&#8221;][et_pb_fullwidth_header title=&#8221;Manuales&#8221; text_orientation=&#8221;center&#8221; _builder_version=&#8221;4.16&#8243; _module_preset=&#8221;default&#8221; background_color=&#8221;#0C71C3&#8243; custom_padding=&#8221;0px||0px|||&#8221; global_colors_info=&#8221;{}&#8221;][\/et_pb_fullwidth_header][et_pb_fullwidth_code _builder_version=&#8221;4.16&#8243; _module_preset=&#8221;default&#8221; min_height=&#8221;475px&#8221; custom_padding=&#8221;59px|||||&#8221; global_colors_info=&#8221;{}&#8221;]<\/p>\n<div style=\"text-align:center\">\n<div style=\"margin:8px 0px 4px\"><a href=\"https:\/\/www.calameo.com\/books\/007392525768620f2b28b\" target=\"_blank\" rel=\"noopener noreferrer\">PROMOCI\u00d3N DE LA PARENTALIDAD  POSITIVA, EL BIENESTAR EMOCIONAL,  LA DETECCI\u00d3N PRECOZ DE SALUD  MENTAL Y LA PREVENCI\u00d3N DE LA  NEGLIGENCIA Y LOS ABUSOS<\/a><\/div>\n<p><iframe loading=\"lazy\" src=\"\/\/v.calameo.com\/?bkcode=007392525768620f2b28b&amp;mode=mini&amp;clickto=view&amp;clicktarget=_self\" width=\"960\" height=\"680\" frameborder=\"0\" scrolling=\"no\"><\/iframe><\/p>\n<div style=\"margin:4px 0px 8px\"><a href=\"http:\/\/www.calameo.com\/\" target=\"_blank\" rel=\"noopener noreferrer\">[\/et_pb_fullwidth_code][\/et_pb_section]<\/p>\n","protected":false},"excerpt":{"rendered":"<p>Familias Informaci\u00f3n, consejos, formaciones para las familias del cole (y las que no son del cole&#8230;) &nbsp; Rutinas y destrezas de pensamiento. Gu\u00eda did\u00e1ctica Salesianos sobre rutinas y destrezas de pensamiento. Promover el pensamiento en el aula. T\u00e9cnica de la tortuga<\/p>\n","protected":false},"author":15846,"featured_media":0,"parent":0,"menu_order":0,"comment_status":"closed","ping_status":"closed","template":"","meta":{"_et_pb_use_builder":"on","_et_pb_old_content":"","_et_gb_content_width":"","ngg_post_thumbnail":0,"footnotes":"","_mc_calendar":[]},"aioseo_notices":[],"_links":{"self":[{"href":"https:\/\/blogsaverroes.juntadeandalucia.es\/ceipnsangustias\/wp-json\/wp\/v2\/pages\/3478"}],"collection":[{"href":"https:\/\/blogsaverroes.juntadeandalucia.es\/ceipnsangustias\/wp-json\/wp\/v2\/pages"}],"about":[{"href":"https:\/\/blogsaverroes.juntadeandalucia.es\/ceipnsangustias\/wp-json\/wp\/v2\/types\/page"}],"author":[{"embeddable":true,"href":"https:\/\/blogsaverroes.juntadeandalucia.es\/ceipnsangustias\/wp-json\/wp\/v2\/users\/15846"}],"replies":[{"embeddable":true,"href":"https:\/\/blogsaverroes.juntadeandalucia.es\/ceipnsangustias\/wp-json\/wp\/v2\/comments?post=3478"}],"version-history":[{"count":8,"href":"https:\/\/blogsaverroes.juntadeandalucia.es\/ceipnsangustias\/wp-json\/wp\/v2\/pages\/3478\/revisions"}],"predecessor-version":[{"id":4127,"href":"https:\/\/blogsaverroes.juntadeandalucia.es\/ceipnsangustias\/wp-json\/wp\/v2\/pages\/3478\/revisions\/4127"}],"wp:attachment":[{"href":"https:\/\/blogsaverroes.juntadeandalucia.es\/ceipnsangustias\/wp-json\/wp\/v2\/media?parent=3478"}],"curies":[{"name":"wp","href":"https:\/\/api.w.org\/{rel}","templated":true}]}}