{"id":4760,"date":"2024-12-12T11:50:01","date_gmt":"2024-12-12T10:50:01","guid":{"rendered":"https:\/\/blogsaverroes.juntadeandalucia.es\/ceipnsangustias\/?page_id=4760"},"modified":"2024-12-12T12:27:58","modified_gmt":"2024-12-12T11:27:58","slug":"ropa-perdida","status":"publish","type":"page","link":"https:\/\/blogsaverroes.juntadeandalucia.es\/ceipnsangustias\/familias\/ropa-perdida\/","title":{"rendered":"Ropa perdida"},"content":{"rendered":"<p>Os dejamos el cat\u00e1logo de ropa perdida a la que le encantar\u00eda que regresar a su casa&#8230;&nbsp;<\/p>\n<p>La prendas se encuentran en el rellano de la entrada al edificio de infantil, primer ciclo de primaria y del aula espec\u00edfica.<\/p>\n<p><iframe loading=\"lazy\" src=\"https:\/\/docs.google.com\/presentation\/d\/e\/2PACX-1vRgo22zThwzlW4ZWSDkDLWFtSQBp0O0mttaKejtof2G-C3dQRRWrDTv0uwXQR555yNzmmXEtj_RBk2N\/embed?start=false&amp;loop=false&amp;delayms=3000\" width=\"960\" height=\"569\" frameborder=\"0\"><\/iframe>&nbsp;<\/p>\n<p>Este cat\u00e1logo ha sido elaborado por&nbsp; Ana Segura, Astrid Fuentes, Julia Moldes, Hadia Azam, Leia Molina y \u00c1ngela Cort\u00e9s, alumnas de 5\u00ba, bajo la batuta del profe Alberto.<\/p>\n","protected":false},"excerpt":{"rendered":"<p>Os dejamos el cat\u00e1logo de ropa perdida a la que le encantar\u00eda que regresar a su casa&#8230;&nbsp; La prendas se encuentran en el rellano de la entrada al edificio de infantil, primer ciclo de primaria y del aula espec\u00edfica. &nbsp; Este cat\u00e1logo ha sido elaborado por&nbsp; Ana Segura, Astrid Fuentes, Julia Moldes, Hadia Azam, Leia [&hellip;]<\/p>\n","protected":false},"author":15846,"featured_media":4758,"parent":24,"menu_order":3,"comment_status":"closed","ping_status":"closed","template":"","meta":{"_et_pb_use_builder":"","_et_pb_old_content":"","_et_gb_content_width":"","ngg_post_thumbnail":0,"footnotes":"","_mc_calendar":[]},"aioseo_notices":[],"_links":{"self":[{"href":"https:\/\/blogsaverroes.juntadeandalucia.es\/ceipnsangustias\/wp-json\/wp\/v2\/pages\/4760"}],"collection":[{"href":"https:\/\/blogsaverroes.juntadeandalucia.es\/ceipnsangustias\/wp-json\/wp\/v2\/pages"}],"about":[{"href":"https:\/\/blogsaverroes.juntadeandalucia.es\/ceipnsangustias\/wp-json\/wp\/v2\/types\/page"}],"author":[{"embeddable":true,"href":"https:\/\/blogsaverroes.juntadeandalucia.es\/ceipnsangustias\/wp-json\/wp\/v2\/users\/15846"}],"replies":[{"embeddable":true,"href":"https:\/\/blogsaverroes.juntadeandalucia.es\/ceipnsangustias\/wp-json\/wp\/v2\/comments?post=4760"}],"version-history":[{"count":3,"href":"https:\/\/blogsaverroes.juntadeandalucia.es\/ceipnsangustias\/wp-json\/wp\/v2\/pages\/4760\/revisions"}],"predecessor-version":[{"id":4767,"href":"https:\/\/blogsaverroes.juntadeandalucia.es\/ceipnsangustias\/wp-json\/wp\/v2\/pages\/4760\/revisions\/4767"}],"up":[{"embeddable":true,"href":"https:\/\/blogsaverroes.juntadeandalucia.es\/ceipnsangustias\/wp-json\/wp\/v2\/pages\/24"}],"wp:featuredmedia":[{"embeddable":true,"href":"https:\/\/blogsaverroes.juntadeandalucia.es\/ceipnsangustias\/wp-json\/wp\/v2\/media\/4758"}],"wp:attachment":[{"href":"https:\/\/blogsaverroes.juntadeandalucia.es\/ceipnsangustias\/wp-json\/wp\/v2\/media?parent=4760"}],"curies":[{"name":"wp","href":"https:\/\/api.w.org\/{rel}","templated":true}]}}