{"id":6387,"date":"2025-09-13T20:34:27","date_gmt":"2025-09-13T19:34:27","guid":{"rendered":"https:\/\/blogsaverroes.juntadeandalucia.es\/ceipnsangustias\/?page_id=6387"},"modified":"2025-09-17T04:18:11","modified_gmt":"2025-09-17T03:18:11","slug":"el-centro-2","status":"publish","type":"page","link":"https:\/\/blogsaverroes.juntadeandalucia.es\/ceipnsangustias\/el-centro-2\/","title":{"rendered":"El Centro"},"content":{"rendered":"<p>[et_pb_section fb_built=&#8221;1&#8243; fullwidth=&#8221;on&#8221; _builder_version=&#8221;4.24.2&#8243; _module_preset=&#8221;default&#8221; global_colors_info=&#8221;{}&#8221;][et_pb_fullwidth_header title=&#8221;QUI\u00c9NES SOMOS&#8221; text_orientation=&#8221;center&#8221; _builder_version=&#8221;4.24.2&#8243; _module_preset=&#8221;default&#8221; title_text_align=&#8221;center&#8221; title_font_size=&#8221;34px&#8221; content_font_size=&#8221;21px&#8221; background_color=&#8221;RGBA(255,255,255,0)&#8221; background_layout=&#8221;light&#8221; custom_margin=&#8221;||-17px|||&#8221; custom_padding=&#8221;0px||0px|||&#8221; global_colors_info=&#8221;{}&#8221;][\/et_pb_fullwidth_header][\/et_pb_section][et_pb_section fb_built=&#8221;1&#8243; admin_label=&#8221;Programs&#8221; _builder_version=&#8221;4.25.1&#8243; _module_preset=&#8221;ed4b42cd-3b8a-4821-a1d2-e1b2418b0577&#8243; custom_padding=&#8221;0px||2px|||&#8221; collapsed=&#8221;on&#8221;][et_pb_row column_structure=&#8221;1_3,1_3,1_3&#8243; _builder_version=&#8221;4.24.2&#8243; _module_preset=&#8221;default&#8221; global_colors_info=&#8221;{}&#8221;][et_pb_column type=&#8221;1_3&#8243; _builder_version=&#8221;4.25.1&#8243; _module_preset=&#8221;default&#8221; global_colors_info=&#8221;{}&#8221;][et_pb_image src=&#8221;https:\/\/blogsaverroes.juntadeandalucia.es\/ceipnsangustias\/files\/2025\/09\/Post-de-Facebook-Minimalista-con-Frase-Inspiradora-Simple-Beige.png&#8221; title_text=&#8221;Post de Facebook Minimalista con Frase Inspiradora Simple Beige&#8221; url=&#8221;https:\/\/blogsaverroes.juntadeandalucia.es\/ceipnsangustias\/el-centro\/&#8221; url_new_window=&#8221;on&#8221; _builder_version=&#8221;4.24.2&#8243; _module_preset=&#8221;6ca48a7f-dd5e-43a4-bfb2-9a227fa0d7ce&#8221; custom_margin=&#8221;||||false|false&#8221; custom_padding=&#8221;44px|9px||||&#8221; global_colors_info=&#8221;{}&#8221;][\/et_pb_image][et_pb_text _builder_version=&#8221;4.24.2&#8243; _module_preset=&#8221;f145cdd5-ca67-4591-8424-8620ace26c5d&#8221; width=&#8221;88.4%&#8221; custom_margin=&#8221;|5px|10px||false|false&#8221; custom_padding=&#8221;|5px||5px||true&#8221; link_option_url=&#8221;https:\/\/blogsaverroes.juntadeandalucia.es\/ceipnsangustias\/el-centro\/&#8221; link_option_url_new_window=&#8221;on&#8221; global_colors_info=&#8221;{}&#8221;]<\/p>\n<p style=\"text-align: center\">Aqu\u00ed podr\u00e1s saber c\u00f3mo es nuestro colegio: alumnado, espacios, nuestro entorno&#8230;<\/p>\n<p>[\/et_pb_text][et_pb_button button_url=&#8221;https:\/\/blogsaverroes.juntadeandalucia.es\/ceipnsangustias\/el-centro\/&#8221; url_new_window=&#8221;on&#8221; button_text=&#8221;Pincha aqu\u00ed para + informaci\u00f3n&#8221; button_alignment=&#8221;center&#8221; _builder_version=&#8221;4.24.2&#8243; _module_preset=&#8221;90e99c5f-915a-4be6-99ad-bf0bae0b4ae8&#8243; custom_margin=&#8221;|0px||||&#8221; custom_padding=&#8221;|40px||||&#8221; global_colors_info=&#8221;{}&#8221;][\/et_pb_button][\/et_pb_column][et_pb_column type=&#8221;1_3&#8243; _builder_version=&#8221;4.25.1&#8243; _module_preset=&#8221;default&#8221; global_colors_info=&#8221;{}&#8221;][et_pb_image src=&#8221;https:\/\/blogsaverroes.juntadeandalucia.es\/ceipnsangustias\/files\/2025\/09\/Post-de-Facebook-Minimalista-con-Frase-Inspiradora-Simple-Beige-1.png&#8221; title_text=&#8221;Post de Facebook Minimalista con Frase Inspiradora Simple Beige (1)&#8221; url=&#8221;https:\/\/blogsaverroes.juntadeandalucia.es\/ceipnsangustias\/nuestro-equipo\/&#8221; url_new_window=&#8221;on&#8221; _builder_version=&#8221;4.24.2&#8243; _module_preset=&#8221;6ca48a7f-dd5e-43a4-bfb2-9a227fa0d7ce&#8221; custom_margin=&#8221;||||false|false&#8221; custom_padding=&#8221;42px|0px|0px|5px||&#8221; global_colors_info=&#8221;{}&#8221;][\/et_pb_image][et_pb_text _builder_version=&#8221;4.24.2&#8243; _module_preset=&#8221;f145cdd5-ca67-4591-8424-8620ace26c5d&#8221; width=&#8221;90.4%&#8221; custom_margin=&#8221;|23px|10px||false|false&#8221; custom_padding=&#8221;|15px||||&#8221; link_option_url=&#8221;https:\/\/blogsaverroes.juntadeandalucia.es\/ceipnsangustias\/nuestro-equipo\/&#8221; link_option_url_new_window=&#8221;on&#8221; global_colors_info=&#8221;{}&#8221;]<\/p>\n<p style=\"text-align: center\">Descubre a nuestro equipo: claustro (tutor\u00edas y especialdiades) y personal no docente.<\/p>\n<p>[\/et_pb_text][et_pb_button button_url=&#8221;https:\/\/blogsaverroes.juntadeandalucia.es\/ceipnsangustias\/nuestro-equipo\/&#8221; url_new_window=&#8221;on&#8221; button_text=&#8221;Pincha aqu\u00ed para + informaci\u00f3n&#8221; button_alignment=&#8221;center&#8221; _builder_version=&#8221;4.24.2&#8243; _module_preset=&#8221;90e99c5f-915a-4be6-99ad-bf0bae0b4ae8&#8243; custom_margin=&#8221;|28px||||&#8221; custom_padding=&#8221;|26px||||&#8221; global_colors_info=&#8221;{}&#8221;][\/et_pb_button][\/et_pb_column][et_pb_column type=&#8221;1_3&#8243; _builder_version=&#8221;4.24.2&#8243; _module_preset=&#8221;default&#8221; custom_padding=&#8221;21px|21px|21px|21px|false|false&#8221; global_colors_info=&#8221;{}&#8221;][et_pb_image src=&#8221;https:\/\/blogsaverroes.juntadeandalucia.es\/ceipnsangustias\/files\/2025\/09\/Post-de-Facebook-Minimalista-con-Frase-Inspiradora-Simple-Beige-2.png&#8221; title_text=&#8221;Post de Facebook Minimalista con Frase Inspiradora Simple Beige (2)&#8221; url=&#8221;https:\/\/blogsaverroes.juntadeandalucia.es\/ceipnsangustias\/consejo-escolar\/&#8221; _builder_version=&#8221;4.24.2&#8243; _module_preset=&#8221;6ca48a7f-dd5e-43a4-bfb2-9a227fa0d7ce&#8221; custom_margin=&#8221;||||false|false&#8221; custom_padding=&#8221;22px|0px|33px|||&#8221; global_colors_info=&#8221;{}&#8221;][\/et_pb_image][et_pb_text _builder_version=&#8221;4.24.2&#8243; _module_preset=&#8221;f145cdd5-ca67-4591-8424-8620ace26c5d&#8221; custom_margin=&#8221;|0px|10px||false|false&#8221; custom_padding=&#8221;|0px||||&#8221; link_option_url=&#8221;https:\/\/blogsaverroes.juntadeandalucia.es\/ceipnsangustias\/consejo-escolar\/&#8221; link_option_url_new_window=&#8221;on&#8221; global_colors_info=&#8221;{}&#8221;]<\/p>\n<p style=\"text-align: center\">Conoce la composici\u00f3n del Consejo Escolar y quienes forman sus diferentes comisiones.<\/p>\n<p>[\/et_pb_text][et_pb_button button_url=&#8221;https:\/\/blogsaverroes.juntadeandalucia.es\/ceipnsangustias\/consejo-escolar\/&#8221; url_new_window=&#8221;on&#8221; button_text=&#8221;Pincha aqu\u00ed para + informaci\u00f3n&#8221; button_alignment=&#8221;center&#8221; _builder_version=&#8221;4.24.2&#8243; _module_preset=&#8221;90e99c5f-915a-4be6-99ad-bf0bae0b4ae8&#8243; custom_margin=&#8221;|2px||||&#8221; custom_padding=&#8221;|0px||||&#8221; global_colors_info=&#8221;{}&#8221;][\/et_pb_button][\/et_pb_column][\/et_pb_row][et_pb_row column_structure=&#8221;1_3,1_3,1_3&#8243; _builder_version=&#8221;4.24.2&#8243; _module_preset=&#8221;default&#8221; global_colors_info=&#8221;{}&#8221;][et_pb_column type=&#8221;1_3&#8243; _builder_version=&#8221;4.24.2&#8243; _module_preset=&#8221;default&#8221; custom_padding=&#8221;21px|21px|21px|21px|false|false&#8221; global_colors_info=&#8221;{}&#8221;][et_pb_image src=&#8221;https:\/\/blogsaverroes.juntadeandalucia.es\/ceipnsangustias\/files\/2025\/09\/Post-de-Facebook-Minimalista-con-Frase-Inspiradora-Simple-Beige-3.png&#8221; title_text=&#8221;Post de Facebook Minimalista con Frase Inspiradora Simple Beige (3)&#8221; url=&#8221;https:\/\/blogsaverroes.juntadeandalucia.es\/ceipnsangustias\/consejo-escolar\/&#8221; url_new_window=&#8221;on&#8221; _builder_version=&#8221;4.24.2&#8243; _module_preset=&#8221;6ca48a7f-dd5e-43a4-bfb2-9a227fa0d7ce&#8221; custom_margin=&#8221;||||false|false&#8221; custom_padding=&#8221;|1px||||&#8221; global_colors_info=&#8221;{}&#8221;][\/et_pb_image][et_pb_text _builder_version=&#8221;4.24.2&#8243; _module_preset=&#8221;f145cdd5-ca67-4591-8424-8620ace26c5d&#8221; custom_margin=&#8221;|-1px|10px||false|false&#8221; custom_padding=&#8221;|14px||||&#8221; link_option_url=&#8221;https:\/\/blogsaverroes.juntadeandalucia.es\/ceipnsangustias\/consejo-escolar\/&#8221; global_colors_info=&#8221;{}&#8221;]<\/p>\n<p style=\"text-align: center\">Direcci\u00f3n, Jefatura de Estudios y Secretar\u00eda, con sus funciones y los planes y programas que coordinan.<\/p>\n<p>[\/et_pb_text][et_pb_button button_url=&#8221;https:\/\/blogsaverroes.juntadeandalucia.es\/ceipnsangustias\/consejo-escolar\/&#8221; url_new_window=&#8221;on&#8221; button_text=&#8221;Pincha aqu\u00ed para + informaci\u00f3n&#8221; button_alignment=&#8221;center&#8221; _builder_version=&#8221;4.24.2&#8243; _module_preset=&#8221;90e99c5f-915a-4be6-99ad-bf0bae0b4ae8&#8243; custom_margin=&#8221;|1px||||&#8221; custom_padding=&#8221;|40px||||&#8221; global_colors_info=&#8221;{}&#8221;][\/et_pb_button][\/et_pb_column][et_pb_column type=&#8221;1_3&#8243; _builder_version=&#8221;4.24.2&#8243; _module_preset=&#8221;default&#8221; custom_padding=&#8221;21px|21px|21px|21px|false|false&#8221; global_colors_info=&#8221;{}&#8221;][et_pb_image src=&#8221;https:\/\/blogsaverroes.juntadeandalucia.es\/ceipnsangustias\/files\/2025\/09\/Post-de-Facebook-Minimalista-con-Frase-Inspiradora-Simple-Beige-4.png&#8221; title_text=&#8221;Post de Facebook Minimalista con Frase Inspiradora Simple Beige (4)&#8221; url=&#8221;https:\/\/blogsaverroes.juntadeandalucia.es\/ceipnsangustias\/ampa-sierra-nevada\/&#8221; url_new_window=&#8221;on&#8221; _builder_version=&#8221;4.24.2&#8243; _module_preset=&#8221;6ca48a7f-dd5e-43a4-bfb2-9a227fa0d7ce&#8221; custom_margin=&#8221;||||false|false&#8221; custom_padding=&#8221;|2px||||&#8221; global_colors_info=&#8221;{}&#8221;][\/et_pb_image][et_pb_text _builder_version=&#8221;4.24.2&#8243; _module_preset=&#8221;f145cdd5-ca67-4591-8424-8620ace26c5d&#8221; width=&#8221;91.7%&#8221; custom_margin=&#8221;|0px|10px||false|false&#8221; custom_padding=&#8221;|0px||||&#8221; link_option_url=&#8221;https:\/\/blogsaverroes.juntadeandalucia.es\/ceipnsangustias\/ampa-sierra-nevada\/&#8221; link_option_url_new_window=&#8221;on&#8221; global_colors_info=&#8221;{}&#8221;]<\/p>\n<p style=\"text-align: center\">Espacio destinado a nuestro AMPA &#8220;Sierra Nevada&#8221;, con informaci\u00f3n y todas las actividades que realizan.<\/p>\n<p>[\/et_pb_text][et_pb_button button_url=&#8221;https:\/\/blogsaverroes.juntadeandalucia.es\/ceipnsangustias\/ampa-sierra-nevada\/&#8221; url_new_window=&#8221;on&#8221; button_text=&#8221;Pincha aqu\u00ed para + informaci\u00f3n&#8221; button_alignment=&#8221;center&#8221; _builder_version=&#8221;4.24.2&#8243; _module_preset=&#8221;90e99c5f-915a-4be6-99ad-bf0bae0b4ae8&#8243; custom_margin=&#8221;|0px||||&#8221; custom_padding=&#8221;|40px||||&#8221; global_colors_info=&#8221;{}&#8221;][\/et_pb_button][\/et_pb_column][et_pb_column type=&#8221;1_3&#8243; _builder_version=&#8221;4.24.2&#8243; _module_preset=&#8221;default&#8221; custom_padding=&#8221;21px|21px|21px|21px|false|false&#8221; global_colors_info=&#8221;{}&#8221;][et_pb_image src=&#8221;https:\/\/blogsaverroes.juntadeandalucia.es\/ceipnsangustias\/files\/2025\/09\/Post-de-Facebook-Minimalista-con-Frase-Inspiradora-Simple-Beige-5.png&#8221; title_text=&#8221;Post de Facebook Minimalista con Frase Inspiradora Simple Beige (5)&#8221; url=&#8221;https:\/\/blogsaverroes.juntadeandalucia.es\/ceipnsangustias\/contactar-con-el-centro\/&#8221; url_new_window=&#8221;on&#8221; _builder_version=&#8221;4.24.2&#8243; _module_preset=&#8221;6ca48a7f-dd5e-43a4-bfb2-9a227fa0d7ce&#8221; custom_margin=&#8221;||||false|false&#8221; custom_padding=&#8221;|0px||||&#8221; global_colors_info=&#8221;{}&#8221;][\/et_pb_image][et_pb_text _builder_version=&#8221;4.24.2&#8243; _module_preset=&#8221;f145cdd5-ca67-4591-8424-8620ace26c5d&#8221; custom_margin=&#8221;|-1px|10px||false|false&#8221; custom_padding=&#8221;|3px||||&#8221; link_option_url=&#8221;https:\/\/blogsaverroes.juntadeandalucia.es\/ceipnsangustias\/contactar-con-el-centro\/&#8221; link_option_url_new_window=&#8221;on&#8221; hover_enabled=&#8221;0&#8243; global_colors_info=&#8221;{}&#8221; sticky_enabled=&#8221;0&#8243;]<\/p>\n<p style=\"text-align: center\">Principales canales de comunicaci\u00f3n con el centro: tel\u00e9fonos, whatsapp, correo y\u00a0 redes sociales. Contacta y con\u00f3cenos.<\/p>\n<p>[\/et_pb_text][et_pb_button button_url=&#8221;https:\/\/blogsaverroes.juntadeandalucia.es\/ceipnsangustias\/contactar-con-el-centro\/&#8221; button_text=&#8221;Pincha aqu\u00ed para + informaci\u00f3n&#8221; button_alignment=&#8221;center&#8221; _builder_version=&#8221;4.24.2&#8243; _module_preset=&#8221;90e99c5f-915a-4be6-99ad-bf0bae0b4ae8&#8243; custom_margin=&#8221;|-3px||||&#8221; custom_padding=&#8221;|40px||||&#8221; global_colors_info=&#8221;{}&#8221;][\/et_pb_button][\/et_pb_column][\/et_pb_row][\/et_pb_section]<\/p>\n","protected":false},"excerpt":{"rendered":"<p>Aqu\u00ed podr\u00e1s saber c\u00f3mo es nuestro colegio: alumnado, espacios, nuestro entorno&#8230;Descubre a nuestro equipo: claustro (tutor\u00edas y especialdiades) y personal no docente.Conoce la composici\u00f3n del Consejo Escolar y quienes forman sus diferentes comisiones.Direcci\u00f3n, Jefatura de Estudios y Secretar\u00eda, con sus funciones y los planes y programas que coordinan.Espacio destinado a nuestro AMPA &#8220;Sierra Nevada&#8221;, con [&hellip;]<\/p>\n","protected":false},"author":15846,"featured_media":0,"parent":0,"menu_order":0,"comment_status":"closed","ping_status":"closed","template":"","meta":{"_et_pb_use_builder":"on","_et_pb_old_content":"","_et_gb_content_width":"","ngg_post_thumbnail":0,"footnotes":"","_mc_calendar":[]},"aioseo_notices":[],"_links":{"self":[{"href":"https:\/\/blogsaverroes.juntadeandalucia.es\/ceipnsangustias\/wp-json\/wp\/v2\/pages\/6387"}],"collection":[{"href":"https:\/\/blogsaverroes.juntadeandalucia.es\/ceipnsangustias\/wp-json\/wp\/v2\/pages"}],"about":[{"href":"https:\/\/blogsaverroes.juntadeandalucia.es\/ceipnsangustias\/wp-json\/wp\/v2\/types\/page"}],"author":[{"embeddable":true,"href":"https:\/\/blogsaverroes.juntadeandalucia.es\/ceipnsangustias\/wp-json\/wp\/v2\/users\/15846"}],"replies":[{"embeddable":true,"href":"https:\/\/blogsaverroes.juntadeandalucia.es\/ceipnsangustias\/wp-json\/wp\/v2\/comments?post=6387"}],"version-history":[{"count":35,"href":"https:\/\/blogsaverroes.juntadeandalucia.es\/ceipnsangustias\/wp-json\/wp\/v2\/pages\/6387\/revisions"}],"predecessor-version":[{"id":6507,"href":"https:\/\/blogsaverroes.juntadeandalucia.es\/ceipnsangustias\/wp-json\/wp\/v2\/pages\/6387\/revisions\/6507"}],"wp:attachment":[{"href":"https:\/\/blogsaverroes.juntadeandalucia.es\/ceipnsangustias\/wp-json\/wp\/v2\/media?parent=6387"}],"curies":[{"name":"wp","href":"https:\/\/api.w.org\/{rel}","templated":true}]}}