{"id":2233,"date":"2015-09-17T10:34:49","date_gmt":"2015-09-17T10:34:49","guid":{"rendered":"http:\/\/blogsaverroes.juntadeandalucia.es\/ceipnscarmen\/?page_id=2233"},"modified":"2025-10-09T10:30:08","modified_gmt":"2025-10-09T10:30:08","slug":"maestrs","status":"publish","type":"page","link":"https:\/\/blogsaverroes.juntadeandalucia.es\/ceipnscarmen\/maestrs\/","title":{"rendered":"Maestr@s"},"content":{"rendered":"<p>TEA &#8211; Roc\u00edo Parra Codina<\/p>\n<p>Infantil 3 a\u00f1os -Fabiola L\u00f3pez Murillo<\/p>\n<p>Infantil 4 a\u00f1os &#8211; Alicia Del Moral Lirio<\/p>\n<p>Infantil 5 a\u00f1os &#8211; Silvia Martos Fern\u00e1ndez<\/p>\n<p>Primero &#8211; M\u00aa Luz Martos Reche<\/p>\n<p>Segundo A &#8211; Mercedes Ortega Molina<\/p>\n<p>Segundo B &#8211; Alfi Grancha Ortiz<\/p>\n<p>Tercero A &#8211; Yolanda Pianelo Melench\u00f3n<\/p>\n<p>Tercero B &#8211; Nuria Gim\u00e9nez Mart\u00ednez<\/p>\n<p>Cuarto A &#8211; Juan \u00c1ngel Garc\u00eda Garc\u00eda<\/p>\n<p>Cuarto B &#8211; Jose Javier Le\u00f3n Cuartero<\/p>\n<p>Quinto &#8211; Nacho Comino Merino<\/p>\n<p>Sexto A &#8211; Jose Fernando Peralta Valverde<\/p>\n<p>Sexto B &#8211; Celia Mart\u00edn Castillo<\/p>\n<p>Apoyo &#8211; M\u00aa Carmen Parra Navarro y Celia Mart\u00edn Castillo<\/p>\n<p>Ingl\u00e9s &#8211; Cristina Regadera Ortega, Alfi Grancha Ortiz<\/p>\n<p>M\u00fasica &#8211; Yolanda Pianelo Melench\u00f3n<\/p>\n<p>Educaci\u00f3n F\u00edsica -Juan Carlos P\u00e9rez Caro, Jose Javier Le\u00f3n Cuartero, Nacho Comino Merino y Jose Fernando Peralta valverde.<\/p>\n<p>Religi\u00f3n &#8211; M\u00aa Teresa Mart\u00ednez Collado Y Cristina Paniagua Flujas<\/p>\n<p>Pedagog\u00eda terap\u00e9utica &#8211; Eugenia Estrella Adarve<\/p>\n<p>Audici\u00f3n y lenguaje &#8211; Tamara Cayuela Villegas y Marina Montalb\u00e1n Larrea<\/p>\n<p>Franc\u00e9s &#8211; M\u00aa del Mar Garc\u00eda Garc\u00eda<\/p>\n<p>ATAL &#8211; M\u00aa de la Paz Haro Caparr\u00f3s<\/p>\n<p>PROA + TRANSF\u00d3RMATE &#8211;&nbsp; Cristina S\u00e1nchez March\u00e1n<\/p>\n<p>Orientador ZTS &#8211; Jose Manuel Consuegra Beltr\u00e1n<\/p>\n<p>Maestro ZTS &#8211; Jes\u00fas Corrales Mart\u00ednez<\/p>\n","protected":false},"excerpt":{"rendered":"<p>TEA &#8211; Roc\u00edo Parra Codina Infantil 3 a\u00f1os -Fabiola L\u00f3pez Murillo Infantil 4 a\u00f1os &#8211; Alicia Del Moral Lirio Infantil 5 a\u00f1os &#8211; Silvia Martos&hellip;<\/p>\n","protected":false},"author":1907,"featured_media":0,"parent":0,"menu_order":0,"comment_status":"open","ping_status":"open","template":"","meta":{"ngg_post_thumbnail":0,"footnotes":"","_mc_calendar":[]},"aioseo_notices":[],"_links":{"self":[{"href":"https:\/\/blogsaverroes.juntadeandalucia.es\/ceipnscarmen\/wp-json\/wp\/v2\/pages\/2233"}],"collection":[{"href":"https:\/\/blogsaverroes.juntadeandalucia.es\/ceipnscarmen\/wp-json\/wp\/v2\/pages"}],"about":[{"href":"https:\/\/blogsaverroes.juntadeandalucia.es\/ceipnscarmen\/wp-json\/wp\/v2\/types\/page"}],"author":[{"embeddable":true,"href":"https:\/\/blogsaverroes.juntadeandalucia.es\/ceipnscarmen\/wp-json\/wp\/v2\/users\/1907"}],"replies":[{"embeddable":true,"href":"https:\/\/blogsaverroes.juntadeandalucia.es\/ceipnscarmen\/wp-json\/wp\/v2\/comments?post=2233"}],"version-history":[{"count":12,"href":"https:\/\/blogsaverroes.juntadeandalucia.es\/ceipnscarmen\/wp-json\/wp\/v2\/pages\/2233\/revisions"}],"predecessor-version":[{"id":6832,"href":"https:\/\/blogsaverroes.juntadeandalucia.es\/ceipnscarmen\/wp-json\/wp\/v2\/pages\/2233\/revisions\/6832"}],"wp:attachment":[{"href":"https:\/\/blogsaverroes.juntadeandalucia.es\/ceipnscarmen\/wp-json\/wp\/v2\/media?parent=2233"}],"curies":[{"name":"wp","href":"https:\/\/api.w.org\/{rel}","templated":true}]}}