{"id":4014,"date":"2023-01-20T08:56:30","date_gmt":"2023-01-20T08:56:30","guid":{"rendered":"http:\/\/blogsaverroes.juntadeandalucia.es\/ceipnscarmen\/?page_id=4014"},"modified":"2023-01-20T08:57:10","modified_gmt":"2023-01-20T08:57:10","slug":"taller-emociones","status":"publish","type":"page","link":"https:\/\/blogsaverroes.juntadeandalucia.es\/ceipnscarmen\/taller-emociones\/","title":{"rendered":"Taller emociones"},"content":{"rendered":"<p>Bonito y&nbsp; entra\u00f1able taller de emociones.&nbsp; Nuestra&nbsp; compa\u00f1era&nbsp; Sonia&nbsp; nos&nbsp; ha&nbsp; vuelto&nbsp; a aportar&nbsp; mucho&nbsp; un&nbsp; curso&nbsp; m\u00e1s&nbsp; con&nbsp; sus&nbsp; motivantes&nbsp; talleres&nbsp; en&nbsp; los&nbsp; que&nbsp; trabaja&nbsp; las&nbsp; emociones.&nbsp; Nuestro alumnado disfrut\u00f3 mucho y pudo sacar emociones que normalmente no consiguen exteriorizar.<\/p>\n<p>Este taller ha sido subvencionado con fondos sociales europeos dentro del programa PROA+ TRANSF\u00d3RMATE.<\/p>\n<p>&nbsp;<\/p>\n<p>&nbsp;<\/p>\n<p><a href=\"https:\/\/blogsaverroes.juntadeandalucia.es\/ceipnscarmen\/files\/2023\/01\/Logo-PROA.jpg\"><img loading=\"lazy\" decoding=\"async\" class=\"alignnone size-medium wp-image-4035\" src=\"https:\/\/blogsaverroes.juntadeandalucia.es\/ceipnscarmen\/files\/2023\/01\/Logo-PROA-300x150.jpg\" alt=\"\" width=\"300\" height=\"150\" srcset=\"https:\/\/blogsaverroes.juntadeandalucia.es\/ceipnscarmen\/files\/2023\/01\/Logo-PROA-300x150.jpg 300w, https:\/\/blogsaverroes.juntadeandalucia.es\/ceipnscarmen\/files\/2023\/01\/Logo-PROA-768x384.jpg 768w, https:\/\/blogsaverroes.juntadeandalucia.es\/ceipnscarmen\/files\/2023\/01\/Logo-PROA.jpg 800w\" sizes=\"(max-width: 300px) 100vw, 300px\" \/><\/a><\/p>\n<p>&nbsp;<\/p>\n<p><a href=\"https:\/\/blogsaverroes.juntadeandalucia.es\/ceipnscarmen\/files\/2023\/01\/WhatsApp-Image-2023-01-20-at-09.38.12.jpeg\"><br \/>\n<img loading=\"lazy\" decoding=\"async\" class=\"alignnone size-medium wp-image-4020\" src=\"https:\/\/blogsaverroes.juntadeandalucia.es\/ceipnscarmen\/files\/2023\/01\/WhatsApp-Image-2023-01-20-at-09.38.12-225x300.jpeg\" alt=\"\" width=\"225\" height=\"300\" srcset=\"https:\/\/blogsaverroes.juntadeandalucia.es\/ceipnscarmen\/files\/2023\/01\/WhatsApp-Image-2023-01-20-at-09.38.12-225x300.jpeg 225w, https:\/\/blogsaverroes.juntadeandalucia.es\/ceipnscarmen\/files\/2023\/01\/WhatsApp-Image-2023-01-20-at-09.38.12.jpeg 768w\" sizes=\"(max-width: 225px) 100vw, 225px\" \/><\/a> <a href=\"https:\/\/blogsaverroes.juntadeandalucia.es\/ceipnscarmen\/files\/2023\/01\/WhatsApp-Image-2023-01-20-at-09.38.13-1.jpeg\"><img loading=\"lazy\" decoding=\"async\" class=\"alignnone size-medium wp-image-4021\" src=\"https:\/\/blogsaverroes.juntadeandalucia.es\/ceipnscarmen\/files\/2023\/01\/WhatsApp-Image-2023-01-20-at-09.38.13-1-300x169.jpeg\" alt=\"\" width=\"300\" height=\"169\" srcset=\"https:\/\/blogsaverroes.juntadeandalucia.es\/ceipnscarmen\/files\/2023\/01\/WhatsApp-Image-2023-01-20-at-09.38.13-1-300x169.jpeg 300w, https:\/\/blogsaverroes.juntadeandalucia.es\/ceipnscarmen\/files\/2023\/01\/WhatsApp-Image-2023-01-20-at-09.38.13-1-1024x576.jpeg 1024w, https:\/\/blogsaverroes.juntadeandalucia.es\/ceipnscarmen\/files\/2023\/01\/WhatsApp-Image-2023-01-20-at-09.38.13-1-768x432.jpeg 768w, https:\/\/blogsaverroes.juntadeandalucia.es\/ceipnscarmen\/files\/2023\/01\/WhatsApp-Image-2023-01-20-at-09.38.13-1-1536x864.jpeg 1536w, https:\/\/blogsaverroes.juntadeandalucia.es\/ceipnscarmen\/files\/2023\/01\/WhatsApp-Image-2023-01-20-at-09.38.13-1-1200x675.jpeg 1200w, https:\/\/blogsaverroes.juntadeandalucia.es\/ceipnscarmen\/files\/2023\/01\/WhatsApp-Image-2023-01-20-at-09.38.13-1.jpeg 1600w\" sizes=\"(max-width: 300px) 100vw, 300px\" \/><\/a> <a href=\"https:\/\/blogsaverroes.juntadeandalucia.es\/ceipnscarmen\/files\/2023\/01\/WhatsApp-Image-2023-01-20-at-09.38.13-2.jpeg\"><img loading=\"lazy\" decoding=\"async\" class=\"alignnone size-medium wp-image-4022\" src=\"https:\/\/blogsaverroes.juntadeandalucia.es\/ceipnscarmen\/files\/2023\/01\/WhatsApp-Image-2023-01-20-at-09.38.13-2-300x169.jpeg\" alt=\"\" width=\"300\" height=\"169\" srcset=\"https:\/\/blogsaverroes.juntadeandalucia.es\/ceipnscarmen\/files\/2023\/01\/WhatsApp-Image-2023-01-20-at-09.38.13-2-300x169.jpeg 300w, https:\/\/blogsaverroes.juntadeandalucia.es\/ceipnscarmen\/files\/2023\/01\/WhatsApp-Image-2023-01-20-at-09.38.13-2-1024x576.jpeg 1024w, https:\/\/blogsaverroes.juntadeandalucia.es\/ceipnscarmen\/files\/2023\/01\/WhatsApp-Image-2023-01-20-at-09.38.13-2-768x432.jpeg 768w, https:\/\/blogsaverroes.juntadeandalucia.es\/ceipnscarmen\/files\/2023\/01\/WhatsApp-Image-2023-01-20-at-09.38.13-2-1536x864.jpeg 1536w, https:\/\/blogsaverroes.juntadeandalucia.es\/ceipnscarmen\/files\/2023\/01\/WhatsApp-Image-2023-01-20-at-09.38.13-2-1200x675.jpeg 1200w, https:\/\/blogsaverroes.juntadeandalucia.es\/ceipnscarmen\/files\/2023\/01\/WhatsApp-Image-2023-01-20-at-09.38.13-2.jpeg 1600w\" sizes=\"(max-width: 300px) 100vw, 300px\" \/><\/a> <a href=\"https:\/\/blogsaverroes.juntadeandalucia.es\/ceipnscarmen\/files\/2023\/01\/WhatsApp-Image-2023-01-20-at-09.38.13-3.jpeg\"><img loading=\"lazy\" decoding=\"async\" class=\"alignnone size-medium wp-image-4023\" src=\"https:\/\/blogsaverroes.juntadeandalucia.es\/ceipnscarmen\/files\/2023\/01\/WhatsApp-Image-2023-01-20-at-09.38.13-3-300x169.jpeg\" alt=\"\" width=\"300\" height=\"169\" srcset=\"https:\/\/blogsaverroes.juntadeandalucia.es\/ceipnscarmen\/files\/2023\/01\/WhatsApp-Image-2023-01-20-at-09.38.13-3-300x169.jpeg 300w, https:\/\/blogsaverroes.juntadeandalucia.es\/ceipnscarmen\/files\/2023\/01\/WhatsApp-Image-2023-01-20-at-09.38.13-3-1024x576.jpeg 1024w, https:\/\/blogsaverroes.juntadeandalucia.es\/ceipnscarmen\/files\/2023\/01\/WhatsApp-Image-2023-01-20-at-09.38.13-3-768x432.jpeg 768w, https:\/\/blogsaverroes.juntadeandalucia.es\/ceipnscarmen\/files\/2023\/01\/WhatsApp-Image-2023-01-20-at-09.38.13-3-1536x864.jpeg 1536w, https:\/\/blogsaverroes.juntadeandalucia.es\/ceipnscarmen\/files\/2023\/01\/WhatsApp-Image-2023-01-20-at-09.38.13-3-1200x675.jpeg 1200w, https:\/\/blogsaverroes.juntadeandalucia.es\/ceipnscarmen\/files\/2023\/01\/WhatsApp-Image-2023-01-20-at-09.38.13-3.jpeg 1600w\" sizes=\"(max-width: 300px) 100vw, 300px\" \/><\/a> <a href=\"https:\/\/blogsaverroes.juntadeandalucia.es\/ceipnscarmen\/files\/2023\/01\/WhatsApp-Image-2023-01-20-at-09.38.13.jpeg\"><img loading=\"lazy\" decoding=\"async\" class=\"alignnone size-medium wp-image-4024\" src=\"https:\/\/blogsaverroes.juntadeandalucia.es\/ceipnscarmen\/files\/2023\/01\/WhatsApp-Image-2023-01-20-at-09.38.13-300x229.jpeg\" alt=\"\" width=\"300\" height=\"229\" srcset=\"https:\/\/blogsaverroes.juntadeandalucia.es\/ceipnscarmen\/files\/2023\/01\/WhatsApp-Image-2023-01-20-at-09.38.13-300x229.jpeg 300w, https:\/\/blogsaverroes.juntadeandalucia.es\/ceipnscarmen\/files\/2023\/01\/WhatsApp-Image-2023-01-20-at-09.38.13-1024x781.jpeg 1024w, https:\/\/blogsaverroes.juntadeandalucia.es\/ceipnscarmen\/files\/2023\/01\/WhatsApp-Image-2023-01-20-at-09.38.13-768x586.jpeg 768w, https:\/\/blogsaverroes.juntadeandalucia.es\/ceipnscarmen\/files\/2023\/01\/WhatsApp-Image-2023-01-20-at-09.38.13-1536x1171.jpeg 1536w, https:\/\/blogsaverroes.juntadeandalucia.es\/ceipnscarmen\/files\/2023\/01\/WhatsApp-Image-2023-01-20-at-09.38.13-1200x915.jpeg 1200w, https:\/\/blogsaverroes.juntadeandalucia.es\/ceipnscarmen\/files\/2023\/01\/WhatsApp-Image-2023-01-20-at-09.38.13.jpeg 1600w\" sizes=\"(max-width: 300px) 100vw, 300px\" \/><\/a> <a href=\"https:\/\/blogsaverroes.juntadeandalucia.es\/ceipnscarmen\/files\/2023\/01\/WhatsApp-Image-2023-01-20-at-09.38.14.jpeg\"><img loading=\"lazy\" decoding=\"async\" class=\"alignnone size-medium wp-image-4025\" src=\"https:\/\/blogsaverroes.juntadeandalucia.es\/ceipnscarmen\/files\/2023\/01\/WhatsApp-Image-2023-01-20-at-09.38.14-169x300.jpeg\" alt=\"\" width=\"169\" height=\"300\" srcset=\"https:\/\/blogsaverroes.juntadeandalucia.es\/ceipnscarmen\/files\/2023\/01\/WhatsApp-Image-2023-01-20-at-09.38.14-169x300.jpeg 169w, https:\/\/blogsaverroes.juntadeandalucia.es\/ceipnscarmen\/files\/2023\/01\/WhatsApp-Image-2023-01-20-at-09.38.14-576x1024.jpeg 576w, https:\/\/blogsaverroes.juntadeandalucia.es\/ceipnscarmen\/files\/2023\/01\/WhatsApp-Image-2023-01-20-at-09.38.14-768x1365.jpeg 768w, https:\/\/blogsaverroes.juntadeandalucia.es\/ceipnscarmen\/files\/2023\/01\/WhatsApp-Image-2023-01-20-at-09.38.14-864x1536.jpeg 864w, https:\/\/blogsaverroes.juntadeandalucia.es\/ceipnscarmen\/files\/2023\/01\/WhatsApp-Image-2023-01-20-at-09.38.14.jpeg 900w\" sizes=\"(max-width: 169px) 100vw, 169px\" \/><\/a> <a href=\"https:\/\/blogsaverroes.juntadeandalucia.es\/ceipnscarmen\/files\/2023\/01\/WhatsApp-Image-2023-01-20-at-09.38.08-1.jpeg\"><img loading=\"lazy\" decoding=\"async\" class=\"alignnone size-medium wp-image-4026\" src=\"https:\/\/blogsaverroes.juntadeandalucia.es\/ceipnscarmen\/files\/2023\/01\/WhatsApp-Image-2023-01-20-at-09.38.08-1-300x225.jpeg\" alt=\"\" width=\"300\" height=\"225\" srcset=\"https:\/\/blogsaverroes.juntadeandalucia.es\/ceipnscarmen\/files\/2023\/01\/WhatsApp-Image-2023-01-20-at-09.38.08-1-300x225.jpeg 300w, https:\/\/blogsaverroes.juntadeandalucia.es\/ceipnscarmen\/files\/2023\/01\/WhatsApp-Image-2023-01-20-at-09.38.08-1-768x576.jpeg 768w, https:\/\/blogsaverroes.juntadeandalucia.es\/ceipnscarmen\/files\/2023\/01\/WhatsApp-Image-2023-01-20-at-09.38.08-1.jpeg 1024w\" sizes=\"(max-width: 300px) 100vw, 300px\" \/><\/a> <a href=\"https:\/\/blogsaverroes.juntadeandalucia.es\/ceipnscarmen\/files\/2023\/01\/WhatsApp-Image-2023-01-20-at-09.38.08-2.jpeg\"><img loading=\"lazy\" decoding=\"async\" class=\"alignnone size-medium wp-image-4027\" src=\"https:\/\/blogsaverroes.juntadeandalucia.es\/ceipnscarmen\/files\/2023\/01\/WhatsApp-Image-2023-01-20-at-09.38.08-2-300x225.jpeg\" alt=\"\" width=\"300\" height=\"225\" srcset=\"https:\/\/blogsaverroes.juntadeandalucia.es\/ceipnscarmen\/files\/2023\/01\/WhatsApp-Image-2023-01-20-at-09.38.08-2-300x225.jpeg 300w, https:\/\/blogsaverroes.juntadeandalucia.es\/ceipnscarmen\/files\/2023\/01\/WhatsApp-Image-2023-01-20-at-09.38.08-2-768x576.jpeg 768w, https:\/\/blogsaverroes.juntadeandalucia.es\/ceipnscarmen\/files\/2023\/01\/WhatsApp-Image-2023-01-20-at-09.38.08-2.jpeg 1024w\" sizes=\"(max-width: 300px) 100vw, 300px\" \/><\/a> <a href=\"https:\/\/blogsaverroes.juntadeandalucia.es\/ceipnscarmen\/files\/2023\/01\/WhatsApp-Image-2023-01-20-at-09.38.08.jpeg\"><img loading=\"lazy\" decoding=\"async\" class=\"alignnone size-medium wp-image-4028\" src=\"https:\/\/blogsaverroes.juntadeandalucia.es\/ceipnscarmen\/files\/2023\/01\/WhatsApp-Image-2023-01-20-at-09.38.08-300x225.jpeg\" alt=\"\" width=\"300\" height=\"225\" srcset=\"https:\/\/blogsaverroes.juntadeandalucia.es\/ceipnscarmen\/files\/2023\/01\/WhatsApp-Image-2023-01-20-at-09.38.08-300x225.jpeg 300w, https:\/\/blogsaverroes.juntadeandalucia.es\/ceipnscarmen\/files\/2023\/01\/WhatsApp-Image-2023-01-20-at-09.38.08-768x576.jpeg 768w, https:\/\/blogsaverroes.juntadeandalucia.es\/ceipnscarmen\/files\/2023\/01\/WhatsApp-Image-2023-01-20-at-09.38.08.jpeg 1024w\" sizes=\"(max-width: 300px) 100vw, 300px\" \/><\/a> <a href=\"https:\/\/blogsaverroes.juntadeandalucia.es\/ceipnscarmen\/files\/2023\/01\/WhatsApp-Image-2023-01-20-at-09.38.09-1.jpeg\"><img loading=\"lazy\" decoding=\"async\" class=\"alignnone size-medium wp-image-4029\" src=\"https:\/\/blogsaverroes.juntadeandalucia.es\/ceipnscarmen\/files\/2023\/01\/WhatsApp-Image-2023-01-20-at-09.38.09-1-300x225.jpeg\" alt=\"\" width=\"300\" height=\"225\" srcset=\"https:\/\/blogsaverroes.juntadeandalucia.es\/ceipnscarmen\/files\/2023\/01\/WhatsApp-Image-2023-01-20-at-09.38.09-1-300x225.jpeg 300w, https:\/\/blogsaverroes.juntadeandalucia.es\/ceipnscarmen\/files\/2023\/01\/WhatsApp-Image-2023-01-20-at-09.38.09-1-768x576.jpeg 768w, https:\/\/blogsaverroes.juntadeandalucia.es\/ceipnscarmen\/files\/2023\/01\/WhatsApp-Image-2023-01-20-at-09.38.09-1.jpeg 1024w\" sizes=\"(max-width: 300px) 100vw, 300px\" \/><\/a><a href=\"https:\/\/blogsaverroes.juntadeandalucia.es\/ceipnscarmen\/files\/2023\/01\/WhatsApp-Image-2023-01-20-at-09.38.09.jpeg\"><img loading=\"lazy\" decoding=\"async\" class=\"alignnone size-medium wp-image-4031\" src=\"https:\/\/blogsaverroes.juntadeandalucia.es\/ceipnscarmen\/files\/2023\/01\/WhatsApp-Image-2023-01-20-at-09.38.09-300x225.jpeg\" alt=\"\" width=\"300\" height=\"225\" srcset=\"https:\/\/blogsaverroes.juntadeandalucia.es\/ceipnscarmen\/files\/2023\/01\/WhatsApp-Image-2023-01-20-at-09.38.09-300x225.jpeg 300w, https:\/\/blogsaverroes.juntadeandalucia.es\/ceipnscarmen\/files\/2023\/01\/WhatsApp-Image-2023-01-20-at-09.38.09-768x576.jpeg 768w, https:\/\/blogsaverroes.juntadeandalucia.es\/ceipnscarmen\/files\/2023\/01\/WhatsApp-Image-2023-01-20-at-09.38.09.jpeg 1024w\" sizes=\"(max-width: 300px) 100vw, 300px\" \/><\/a><a href=\"https:\/\/blogsaverroes.juntadeandalucia.es\/ceipnscarmen\/files\/2023\/01\/WhatsApp-Image-2023-01-20-at-09.38.10-2.jpeg\"><img loading=\"lazy\" decoding=\"async\" class=\"alignnone size-medium wp-image-4033\" src=\"https:\/\/blogsaverroes.juntadeandalucia.es\/ceipnscarmen\/files\/2023\/01\/WhatsApp-Image-2023-01-20-at-09.38.10-2-225x300.jpeg\" alt=\"\" width=\"225\" height=\"300\" srcset=\"https:\/\/blogsaverroes.juntadeandalucia.es\/ceipnscarmen\/files\/2023\/01\/WhatsApp-Image-2023-01-20-at-09.38.10-2-225x300.jpeg 225w, https:\/\/blogsaverroes.juntadeandalucia.es\/ceipnscarmen\/files\/2023\/01\/WhatsApp-Image-2023-01-20-at-09.38.10-2.jpeg 768w\" sizes=\"(max-width: 225px) 100vw, 225px\" \/><\/a>taller<\/p>\n","protected":false},"excerpt":{"rendered":"<p>Bonito y&nbsp; entra\u00f1able taller de emociones.&nbsp; Nuestra&nbsp; compa\u00f1era&nbsp; Sonia&nbsp; nos&nbsp; ha&nbsp; vuelto&nbsp; a aportar&nbsp; mucho&nbsp; un&nbsp; curso&nbsp; m\u00e1s&nbsp; con&nbsp; sus&nbsp; motivantes&nbsp; talleres&nbsp; en&nbsp; los&nbsp; que&nbsp;&hellip;<\/p>\n","protected":false},"author":1907,"featured_media":0,"parent":0,"menu_order":0,"comment_status":"closed","ping_status":"closed","template":"","meta":{"ngg_post_thumbnail":0,"footnotes":"","_mc_calendar":[]},"aioseo_notices":[],"_links":{"self":[{"href":"https:\/\/blogsaverroes.juntadeandalucia.es\/ceipnscarmen\/wp-json\/wp\/v2\/pages\/4014"}],"collection":[{"href":"https:\/\/blogsaverroes.juntadeandalucia.es\/ceipnscarmen\/wp-json\/wp\/v2\/pages"}],"about":[{"href":"https:\/\/blogsaverroes.juntadeandalucia.es\/ceipnscarmen\/wp-json\/wp\/v2\/types\/page"}],"author":[{"embeddable":true,"href":"https:\/\/blogsaverroes.juntadeandalucia.es\/ceipnscarmen\/wp-json\/wp\/v2\/users\/1907"}],"replies":[{"embeddable":true,"href":"https:\/\/blogsaverroes.juntadeandalucia.es\/ceipnscarmen\/wp-json\/wp\/v2\/comments?post=4014"}],"version-history":[{"count":2,"href":"https:\/\/blogsaverroes.juntadeandalucia.es\/ceipnscarmen\/wp-json\/wp\/v2\/pages\/4014\/revisions"}],"predecessor-version":[{"id":4038,"href":"https:\/\/blogsaverroes.juntadeandalucia.es\/ceipnscarmen\/wp-json\/wp\/v2\/pages\/4014\/revisions\/4038"}],"wp:attachment":[{"href":"https:\/\/blogsaverroes.juntadeandalucia.es\/ceipnscarmen\/wp-json\/wp\/v2\/media?parent=4014"}],"curies":[{"name":"wp","href":"https:\/\/api.w.org\/{rel}","templated":true}]}}