{"id":4040,"date":"2023-01-23T11:35:11","date_gmt":"2023-01-23T11:35:11","guid":{"rendered":"http:\/\/blogsaverroes.juntadeandalucia.es\/ceipnscarmen\/?page_id=4040"},"modified":"2023-01-23T11:35:11","modified_gmt":"2023-01-23T11:35:11","slug":"dibujos-patios","status":"publish","type":"page","link":"https:\/\/blogsaverroes.juntadeandalucia.es\/ceipnscarmen\/dibujos-patios\/","title":{"rendered":"Dibujos patios"},"content":{"rendered":"<p>Queridas familias,<br \/>\nAs\u00ed de chulo ha quedado nuestro patio con los dibujos que hemos hecho utilizando los fondos sociales europeos del programa PROA+ TRANSF\u00d3RMATE.<br \/>\nA partir de ahora, nuestros ni\u00f1os y ni\u00f1as van a poder disfrutar todav\u00eda m\u00e1s de los recreos.<br \/>\nSeguimos haciendo de nuestro cole un lugar cada vez m\u00e1s acogedor y agradable a la vez que damos a nuestro alumnado de nuevos recursos.<\/p>\n<p><a href=\"https:\/\/blogsaverroes.juntadeandalucia.es\/ceipnscarmen\/files\/2023\/01\/WhatsApp-Image-2023-01-23-at-12.17.45.jpeg\"><img loading=\"lazy\" decoding=\"async\" class=\"alignnone size-medium wp-image-4041\" src=\"https:\/\/blogsaverroes.juntadeandalucia.es\/ceipnscarmen\/files\/2023\/01\/WhatsApp-Image-2023-01-23-at-12.17.45-224x300.jpeg\" alt=\"\" width=\"224\" height=\"300\" srcset=\"https:\/\/blogsaverroes.juntadeandalucia.es\/ceipnscarmen\/files\/2023\/01\/WhatsApp-Image-2023-01-23-at-12.17.45-224x300.jpeg 224w, https:\/\/blogsaverroes.juntadeandalucia.es\/ceipnscarmen\/files\/2023\/01\/WhatsApp-Image-2023-01-23-at-12.17.45-765x1024.jpeg 765w, https:\/\/blogsaverroes.juntadeandalucia.es\/ceipnscarmen\/files\/2023\/01\/WhatsApp-Image-2023-01-23-at-12.17.45-768x1027.jpeg 768w, https:\/\/blogsaverroes.juntadeandalucia.es\/ceipnscarmen\/files\/2023\/01\/WhatsApp-Image-2023-01-23-at-12.17.45-1148x1536.jpeg 1148w, https:\/\/blogsaverroes.juntadeandalucia.es\/ceipnscarmen\/files\/2023\/01\/WhatsApp-Image-2023-01-23-at-12.17.45.jpeg 1196w\" sizes=\"(max-width: 224px) 100vw, 224px\" \/><\/a> <a href=\"https:\/\/blogsaverroes.juntadeandalucia.es\/ceipnscarmen\/files\/2023\/01\/WhatsApp-Image-2023-01-23-at-12.17.46.jpeg\"><img loading=\"lazy\" decoding=\"async\" class=\"alignnone size-medium wp-image-4042\" src=\"https:\/\/blogsaverroes.juntadeandalucia.es\/ceipnscarmen\/files\/2023\/01\/WhatsApp-Image-2023-01-23-at-12.17.46-300x224.jpeg\" alt=\"\" width=\"300\" height=\"224\" srcset=\"https:\/\/blogsaverroes.juntadeandalucia.es\/ceipnscarmen\/files\/2023\/01\/WhatsApp-Image-2023-01-23-at-12.17.46-300x224.jpeg 300w, https:\/\/blogsaverroes.juntadeandalucia.es\/ceipnscarmen\/files\/2023\/01\/WhatsApp-Image-2023-01-23-at-12.17.46-1024x765.jpeg 1024w, https:\/\/blogsaverroes.juntadeandalucia.es\/ceipnscarmen\/files\/2023\/01\/WhatsApp-Image-2023-01-23-at-12.17.46-768x574.jpeg 768w, https:\/\/blogsaverroes.juntadeandalucia.es\/ceipnscarmen\/files\/2023\/01\/WhatsApp-Image-2023-01-23-at-12.17.46-1536x1148.jpeg 1536w, https:\/\/blogsaverroes.juntadeandalucia.es\/ceipnscarmen\/files\/2023\/01\/WhatsApp-Image-2023-01-23-at-12.17.46-1200x897.jpeg 1200w, https:\/\/blogsaverroes.juntadeandalucia.es\/ceipnscarmen\/files\/2023\/01\/WhatsApp-Image-2023-01-23-at-12.17.46.jpeg 1600w\" sizes=\"(max-width: 300px) 100vw, 300px\" \/><\/a> <a href=\"https:\/\/blogsaverroes.juntadeandalucia.es\/ceipnscarmen\/files\/2023\/01\/WhatsApp-Image-2023-01-23-at-12.17.48-1.jpeg\"><img loading=\"lazy\" decoding=\"async\" class=\"alignnone size-medium wp-image-4043\" src=\"https:\/\/blogsaverroes.juntadeandalucia.es\/ceipnscarmen\/files\/2023\/01\/WhatsApp-Image-2023-01-23-at-12.17.48-1-300x224.jpeg\" alt=\"\" width=\"300\" height=\"224\" srcset=\"https:\/\/blogsaverroes.juntadeandalucia.es\/ceipnscarmen\/files\/2023\/01\/WhatsApp-Image-2023-01-23-at-12.17.48-1-300x224.jpeg 300w, https:\/\/blogsaverroes.juntadeandalucia.es\/ceipnscarmen\/files\/2023\/01\/WhatsApp-Image-2023-01-23-at-12.17.48-1-1024x765.jpeg 1024w, https:\/\/blogsaverroes.juntadeandalucia.es\/ceipnscarmen\/files\/2023\/01\/WhatsApp-Image-2023-01-23-at-12.17.48-1-768x574.jpeg 768w, https:\/\/blogsaverroes.juntadeandalucia.es\/ceipnscarmen\/files\/2023\/01\/WhatsApp-Image-2023-01-23-at-12.17.48-1-1536x1148.jpeg 1536w, https:\/\/blogsaverroes.juntadeandalucia.es\/ceipnscarmen\/files\/2023\/01\/WhatsApp-Image-2023-01-23-at-12.17.48-1-1200x897.jpeg 1200w, https:\/\/blogsaverroes.juntadeandalucia.es\/ceipnscarmen\/files\/2023\/01\/WhatsApp-Image-2023-01-23-at-12.17.48-1.jpeg 1600w\" sizes=\"(max-width: 300px) 100vw, 300px\" \/><\/a> <a href=\"https:\/\/blogsaverroes.juntadeandalucia.es\/ceipnscarmen\/files\/2023\/01\/WhatsApp-Image-2023-01-23-at-12.17.48-2.jpeg\"><img loading=\"lazy\" decoding=\"async\" class=\"alignnone size-medium wp-image-4044\" src=\"https:\/\/blogsaverroes.juntadeandalucia.es\/ceipnscarmen\/files\/2023\/01\/WhatsApp-Image-2023-01-23-at-12.17.48-2-224x300.jpeg\" alt=\"\" width=\"224\" height=\"300\" srcset=\"https:\/\/blogsaverroes.juntadeandalucia.es\/ceipnscarmen\/files\/2023\/01\/WhatsApp-Image-2023-01-23-at-12.17.48-2-224x300.jpeg 224w, https:\/\/blogsaverroes.juntadeandalucia.es\/ceipnscarmen\/files\/2023\/01\/WhatsApp-Image-2023-01-23-at-12.17.48-2-765x1024.jpeg 765w, https:\/\/blogsaverroes.juntadeandalucia.es\/ceipnscarmen\/files\/2023\/01\/WhatsApp-Image-2023-01-23-at-12.17.48-2-768x1027.jpeg 768w, https:\/\/blogsaverroes.juntadeandalucia.es\/ceipnscarmen\/files\/2023\/01\/WhatsApp-Image-2023-01-23-at-12.17.48-2-1148x1536.jpeg 1148w, https:\/\/blogsaverroes.juntadeandalucia.es\/ceipnscarmen\/files\/2023\/01\/WhatsApp-Image-2023-01-23-at-12.17.48-2.jpeg 1196w\" sizes=\"(max-width: 224px) 100vw, 224px\" \/><\/a> <a href=\"https:\/\/blogsaverroes.juntadeandalucia.es\/ceipnscarmen\/files\/2023\/01\/WhatsApp-Image-2023-01-23-at-12.17.48-3.jpeg\"><img loading=\"lazy\" decoding=\"async\" class=\"alignnone size-medium wp-image-4045\" src=\"https:\/\/blogsaverroes.juntadeandalucia.es\/ceipnscarmen\/files\/2023\/01\/WhatsApp-Image-2023-01-23-at-12.17.48-3-224x300.jpeg\" alt=\"\" width=\"224\" height=\"300\" srcset=\"https:\/\/blogsaverroes.juntadeandalucia.es\/ceipnscarmen\/files\/2023\/01\/WhatsApp-Image-2023-01-23-at-12.17.48-3-224x300.jpeg 224w, https:\/\/blogsaverroes.juntadeandalucia.es\/ceipnscarmen\/files\/2023\/01\/WhatsApp-Image-2023-01-23-at-12.17.48-3-765x1024.jpeg 765w, https:\/\/blogsaverroes.juntadeandalucia.es\/ceipnscarmen\/files\/2023\/01\/WhatsApp-Image-2023-01-23-at-12.17.48-3-768x1027.jpeg 768w, https:\/\/blogsaverroes.juntadeandalucia.es\/ceipnscarmen\/files\/2023\/01\/WhatsApp-Image-2023-01-23-at-12.17.48-3-1148x1536.jpeg 1148w, https:\/\/blogsaverroes.juntadeandalucia.es\/ceipnscarmen\/files\/2023\/01\/WhatsApp-Image-2023-01-23-at-12.17.48-3.jpeg 1196w\" sizes=\"(max-width: 224px) 100vw, 224px\" \/><\/a> <a href=\"https:\/\/blogsaverroes.juntadeandalucia.es\/ceipnscarmen\/files\/2023\/01\/WhatsApp-Image-2023-01-23-at-12.17.48-4.jpeg\"><img loading=\"lazy\" decoding=\"async\" class=\"alignnone size-medium wp-image-4046\" src=\"https:\/\/blogsaverroes.juntadeandalucia.es\/ceipnscarmen\/files\/2023\/01\/WhatsApp-Image-2023-01-23-at-12.17.48-4-224x300.jpeg\" alt=\"\" width=\"224\" height=\"300\" srcset=\"https:\/\/blogsaverroes.juntadeandalucia.es\/ceipnscarmen\/files\/2023\/01\/WhatsApp-Image-2023-01-23-at-12.17.48-4-224x300.jpeg 224w, https:\/\/blogsaverroes.juntadeandalucia.es\/ceipnscarmen\/files\/2023\/01\/WhatsApp-Image-2023-01-23-at-12.17.48-4-765x1024.jpeg 765w, https:\/\/blogsaverroes.juntadeandalucia.es\/ceipnscarmen\/files\/2023\/01\/WhatsApp-Image-2023-01-23-at-12.17.48-4-768x1027.jpeg 768w, https:\/\/blogsaverroes.juntadeandalucia.es\/ceipnscarmen\/files\/2023\/01\/WhatsApp-Image-2023-01-23-at-12.17.48-4-1148x1536.jpeg 1148w, https:\/\/blogsaverroes.juntadeandalucia.es\/ceipnscarmen\/files\/2023\/01\/WhatsApp-Image-2023-01-23-at-12.17.48-4.jpeg 1196w\" sizes=\"(max-width: 224px) 100vw, 224px\" \/><\/a> <a href=\"https:\/\/blogsaverroes.juntadeandalucia.es\/ceipnscarmen\/files\/2023\/01\/WhatsApp-Image-2023-01-23-at-12.17.48.jpeg\"><img loading=\"lazy\" decoding=\"async\" class=\"alignnone size-medium wp-image-4047\" src=\"https:\/\/blogsaverroes.juntadeandalucia.es\/ceipnscarmen\/files\/2023\/01\/WhatsApp-Image-2023-01-23-at-12.17.48-224x300.jpeg\" alt=\"\" width=\"224\" height=\"300\" srcset=\"https:\/\/blogsaverroes.juntadeandalucia.es\/ceipnscarmen\/files\/2023\/01\/WhatsApp-Image-2023-01-23-at-12.17.48-224x300.jpeg 224w, https:\/\/blogsaverroes.juntadeandalucia.es\/ceipnscarmen\/files\/2023\/01\/WhatsApp-Image-2023-01-23-at-12.17.48-765x1024.jpeg 765w, https:\/\/blogsaverroes.juntadeandalucia.es\/ceipnscarmen\/files\/2023\/01\/WhatsApp-Image-2023-01-23-at-12.17.48-768x1027.jpeg 768w, https:\/\/blogsaverroes.juntadeandalucia.es\/ceipnscarmen\/files\/2023\/01\/WhatsApp-Image-2023-01-23-at-12.17.48-1148x1536.jpeg 1148w, https:\/\/blogsaverroes.juntadeandalucia.es\/ceipnscarmen\/files\/2023\/01\/WhatsApp-Image-2023-01-23-at-12.17.48.jpeg 1196w\" sizes=\"(max-width: 224px) 100vw, 224px\" \/><\/a> <a href=\"https:\/\/blogsaverroes.juntadeandalucia.es\/ceipnscarmen\/files\/2023\/01\/WhatsApp-Image-2023-01-23-at-12.17.49-1.jpeg\"><img loading=\"lazy\" decoding=\"async\" class=\"alignnone size-medium wp-image-4048\" src=\"https:\/\/blogsaverroes.juntadeandalucia.es\/ceipnscarmen\/files\/2023\/01\/WhatsApp-Image-2023-01-23-at-12.17.49-1-224x300.jpeg\" alt=\"\" width=\"224\" height=\"300\" srcset=\"https:\/\/blogsaverroes.juntadeandalucia.es\/ceipnscarmen\/files\/2023\/01\/WhatsApp-Image-2023-01-23-at-12.17.49-1-224x300.jpeg 224w, https:\/\/blogsaverroes.juntadeandalucia.es\/ceipnscarmen\/files\/2023\/01\/WhatsApp-Image-2023-01-23-at-12.17.49-1-765x1024.jpeg 765w, https:\/\/blogsaverroes.juntadeandalucia.es\/ceipnscarmen\/files\/2023\/01\/WhatsApp-Image-2023-01-23-at-12.17.49-1-768x1027.jpeg 768w, https:\/\/blogsaverroes.juntadeandalucia.es\/ceipnscarmen\/files\/2023\/01\/WhatsApp-Image-2023-01-23-at-12.17.49-1-1148x1536.jpeg 1148w, https:\/\/blogsaverroes.juntadeandalucia.es\/ceipnscarmen\/files\/2023\/01\/WhatsApp-Image-2023-01-23-at-12.17.49-1.jpeg 1196w\" sizes=\"(max-width: 224px) 100vw, 224px\" \/><\/a> <a href=\"https:\/\/blogsaverroes.juntadeandalucia.es\/ceipnscarmen\/files\/2023\/01\/WhatsApp-Image-2023-01-23-at-12.17.49-2.jpeg\"><img loading=\"lazy\" decoding=\"async\" class=\"alignnone size-medium wp-image-4049\" src=\"https:\/\/blogsaverroes.juntadeandalucia.es\/ceipnscarmen\/files\/2023\/01\/WhatsApp-Image-2023-01-23-at-12.17.49-2-224x300.jpeg\" alt=\"\" width=\"224\" height=\"300\" srcset=\"https:\/\/blogsaverroes.juntadeandalucia.es\/ceipnscarmen\/files\/2023\/01\/WhatsApp-Image-2023-01-23-at-12.17.49-2-224x300.jpeg 224w, https:\/\/blogsaverroes.juntadeandalucia.es\/ceipnscarmen\/files\/2023\/01\/WhatsApp-Image-2023-01-23-at-12.17.49-2-765x1024.jpeg 765w, https:\/\/blogsaverroes.juntadeandalucia.es\/ceipnscarmen\/files\/2023\/01\/WhatsApp-Image-2023-01-23-at-12.17.49-2-768x1027.jpeg 768w, https:\/\/blogsaverroes.juntadeandalucia.es\/ceipnscarmen\/files\/2023\/01\/WhatsApp-Image-2023-01-23-at-12.17.49-2-1148x1536.jpeg 1148w, https:\/\/blogsaverroes.juntadeandalucia.es\/ceipnscarmen\/files\/2023\/01\/WhatsApp-Image-2023-01-23-at-12.17.49-2.jpeg 1196w\" sizes=\"(max-width: 224px) 100vw, 224px\" \/><\/a> <a href=\"https:\/\/blogsaverroes.juntadeandalucia.es\/ceipnscarmen\/files\/2023\/01\/WhatsApp-Image-2023-01-23-at-12.17.49.jpeg\"><img loading=\"lazy\" decoding=\"async\" class=\"alignnone size-medium wp-image-4050\" src=\"https:\/\/blogsaverroes.juntadeandalucia.es\/ceipnscarmen\/files\/2023\/01\/WhatsApp-Image-2023-01-23-at-12.17.49-224x300.jpeg\" alt=\"\" width=\"224\" height=\"300\" srcset=\"https:\/\/blogsaverroes.juntadeandalucia.es\/ceipnscarmen\/files\/2023\/01\/WhatsApp-Image-2023-01-23-at-12.17.49-224x300.jpeg 224w, https:\/\/blogsaverroes.juntadeandalucia.es\/ceipnscarmen\/files\/2023\/01\/WhatsApp-Image-2023-01-23-at-12.17.49-765x1024.jpeg 765w, https:\/\/blogsaverroes.juntadeandalucia.es\/ceipnscarmen\/files\/2023\/01\/WhatsApp-Image-2023-01-23-at-12.17.49-768x1027.jpeg 768w, https:\/\/blogsaverroes.juntadeandalucia.es\/ceipnscarmen\/files\/2023\/01\/WhatsApp-Image-2023-01-23-at-12.17.49-1148x1536.jpeg 1148w, https:\/\/blogsaverroes.juntadeandalucia.es\/ceipnscarmen\/files\/2023\/01\/WhatsApp-Image-2023-01-23-at-12.17.49.jpeg 1196w\" sizes=\"(max-width: 224px) 100vw, 224px\" \/><\/a> <a href=\"https:\/\/blogsaverroes.juntadeandalucia.es\/ceipnscarmen\/files\/2023\/01\/WhatsApp-Image-2023-01-23-at-12.17.44.jpeg\"><img loading=\"lazy\" decoding=\"async\" class=\"alignnone size-medium wp-image-4051\" src=\"https:\/\/blogsaverroes.juntadeandalucia.es\/ceipnscarmen\/files\/2023\/01\/WhatsApp-Image-2023-01-23-at-12.17.44-224x300.jpeg\" alt=\"\" width=\"224\" height=\"300\" srcset=\"https:\/\/blogsaverroes.juntadeandalucia.es\/ceipnscarmen\/files\/2023\/01\/WhatsApp-Image-2023-01-23-at-12.17.44-224x300.jpeg 224w, https:\/\/blogsaverroes.juntadeandalucia.es\/ceipnscarmen\/files\/2023\/01\/WhatsApp-Image-2023-01-23-at-12.17.44-765x1024.jpeg 765w, https:\/\/blogsaverroes.juntadeandalucia.es\/ceipnscarmen\/files\/2023\/01\/WhatsApp-Image-2023-01-23-at-12.17.44-768x1027.jpeg 768w, https:\/\/blogsaverroes.juntadeandalucia.es\/ceipnscarmen\/files\/2023\/01\/WhatsApp-Image-2023-01-23-at-12.17.44-1148x1536.jpeg 1148w, https:\/\/blogsaverroes.juntadeandalucia.es\/ceipnscarmen\/files\/2023\/01\/WhatsApp-Image-2023-01-23-at-12.17.44.jpeg 1196w\" sizes=\"(max-width: 224px) 100vw, 224px\" \/><\/a><\/p>\n","protected":false},"excerpt":{"rendered":"<p>Queridas familias, As\u00ed de chulo ha quedado nuestro patio con los dibujos que hemos hecho utilizando los fondos sociales europeos del programa PROA+ TRANSF\u00d3RMATE. A&hellip;<\/p>\n","protected":false},"author":1907,"featured_media":0,"parent":0,"menu_order":0,"comment_status":"closed","ping_status":"closed","template":"","meta":{"ngg_post_thumbnail":0,"footnotes":"","_mc_calendar":[]},"aioseo_notices":[],"_links":{"self":[{"href":"https:\/\/blogsaverroes.juntadeandalucia.es\/ceipnscarmen\/wp-json\/wp\/v2\/pages\/4040"}],"collection":[{"href":"https:\/\/blogsaverroes.juntadeandalucia.es\/ceipnscarmen\/wp-json\/wp\/v2\/pages"}],"about":[{"href":"https:\/\/blogsaverroes.juntadeandalucia.es\/ceipnscarmen\/wp-json\/wp\/v2\/types\/page"}],"author":[{"embeddable":true,"href":"https:\/\/blogsaverroes.juntadeandalucia.es\/ceipnscarmen\/wp-json\/wp\/v2\/users\/1907"}],"replies":[{"embeddable":true,"href":"https:\/\/blogsaverroes.juntadeandalucia.es\/ceipnscarmen\/wp-json\/wp\/v2\/comments?post=4040"}],"version-history":[{"count":1,"href":"https:\/\/blogsaverroes.juntadeandalucia.es\/ceipnscarmen\/wp-json\/wp\/v2\/pages\/4040\/revisions"}],"predecessor-version":[{"id":4053,"href":"https:\/\/blogsaverroes.juntadeandalucia.es\/ceipnscarmen\/wp-json\/wp\/v2\/pages\/4040\/revisions\/4053"}],"wp:attachment":[{"href":"https:\/\/blogsaverroes.juntadeandalucia.es\/ceipnscarmen\/wp-json\/wp\/v2\/media?parent=4040"}],"curies":[{"name":"wp","href":"https:\/\/api.w.org\/{rel}","templated":true}]}}