{"id":4803,"date":"2023-11-23T10:56:01","date_gmt":"2023-11-23T10:56:01","guid":{"rendered":"http:\/\/blogsaverroes.juntadeandalucia.es\/ceipnscarmen\/?page_id=4803"},"modified":"2023-11-30T12:48:01","modified_gmt":"2023-11-30T12:48:01","slug":"equipo-directivo-3","status":"publish","type":"page","link":"https:\/\/blogsaverroes.juntadeandalucia.es\/ceipnscarmen\/equipo-directivo-3\/","title":{"rendered":"Equipo directivo"},"content":{"rendered":"<p>Jefa de estudios &#8211; Mar\u00eda del Mar Garc\u00eda Garc\u00eda<\/p>\n<p>Secretaria &#8211; Mari Carmen Parra Navarro<\/p>\n<p>Director &#8211; Juan Carlos P\u00e9rez Caro<\/p>\n","protected":false},"excerpt":{"rendered":"<p>Jefa de estudios &#8211; Mar\u00eda del Mar Garc\u00eda Garc\u00eda Secretaria &#8211; Mari Carmen Parra Navarro Director &#8211; Juan Carlos P\u00e9rez Caro<\/p>\n","protected":false},"author":1907,"featured_media":0,"parent":0,"menu_order":0,"comment_status":"closed","ping_status":"closed","template":"","meta":{"ngg_post_thumbnail":0,"footnotes":"","_mc_calendar":[]},"aioseo_notices":[],"_links":{"self":[{"href":"https:\/\/blogsaverroes.juntadeandalucia.es\/ceipnscarmen\/wp-json\/wp\/v2\/pages\/4803"}],"collection":[{"href":"https:\/\/blogsaverroes.juntadeandalucia.es\/ceipnscarmen\/wp-json\/wp\/v2\/pages"}],"about":[{"href":"https:\/\/blogsaverroes.juntadeandalucia.es\/ceipnscarmen\/wp-json\/wp\/v2\/types\/page"}],"author":[{"embeddable":true,"href":"https:\/\/blogsaverroes.juntadeandalucia.es\/ceipnscarmen\/wp-json\/wp\/v2\/users\/1907"}],"replies":[{"embeddable":true,"href":"https:\/\/blogsaverroes.juntadeandalucia.es\/ceipnscarmen\/wp-json\/wp\/v2\/comments?post=4803"}],"version-history":[{"count":3,"href":"https:\/\/blogsaverroes.juntadeandalucia.es\/ceipnscarmen\/wp-json\/wp\/v2\/pages\/4803\/revisions"}],"predecessor-version":[{"id":4917,"href":"https:\/\/blogsaverroes.juntadeandalucia.es\/ceipnscarmen\/wp-json\/wp\/v2\/pages\/4803\/revisions\/4917"}],"wp:attachment":[{"href":"https:\/\/blogsaverroes.juntadeandalucia.es\/ceipnscarmen\/wp-json\/wp\/v2\/media?parent=4803"}],"curies":[{"name":"wp","href":"https:\/\/api.w.org\/{rel}","templated":true}]}}