{"id":5383,"date":"2024-04-24T11:26:52","date_gmt":"2024-04-24T11:26:52","guid":{"rendered":"https:\/\/blogsaverroes.juntadeandalucia.es\/ceipnscarmen\/?page_id=5383"},"modified":"2024-04-24T11:26:52","modified_gmt":"2024-04-24T11:26:52","slug":"comida-intercultura","status":"publish","type":"page","link":"https:\/\/blogsaverroes.juntadeandalucia.es\/ceipnscarmen\/comida-intercultura\/","title":{"rendered":"Comida intercultura."},"content":{"rendered":"<p>&nbsp;<\/p>\n<p>Simplemente impresionante nuestra comida cultural. Otra vez nos hab\u00e9is dejado con la boca abierta con vuestra participaci\u00f3n. Pasamos un rato genial degustando comidas t\u00edpicas de los pa\u00edses de nuestro alumnado. Todo riqu\u00edsimo!!!!<\/p>\n<p>Solo os podemos decir una cosa: \u00a1GRACIAS!<\/p>\n<p>&nbsp;<\/p>\n<p>&nbsp;<\/p>\n<p>&nbsp;<\/p>\n<p><a href=\"https:\/\/blogsaverroes.juntadeandalucia.es\/ceipnscarmen\/files\/2024\/04\/logo-proa.jpg\"><img loading=\"lazy\" decoding=\"async\" class=\"alignnone size-medium wp-image-5407\" src=\"https:\/\/blogsaverroes.juntadeandalucia.es\/ceipnscarmen\/files\/2024\/04\/logo-proa-300x150.jpg\" alt=\"\" width=\"300\" height=\"150\" srcset=\"https:\/\/blogsaverroes.juntadeandalucia.es\/ceipnscarmen\/files\/2024\/04\/logo-proa-300x150.jpg 300w, https:\/\/blogsaverroes.juntadeandalucia.es\/ceipnscarmen\/files\/2024\/04\/logo-proa.jpg 600w\" sizes=\"(max-width: 300px) 100vw, 300px\" \/><\/a><a href=\"https:\/\/blogsaverroes.juntadeandalucia.es\/ceipnscarmen\/files\/2024\/04\/Imagen-de-WhatsApp-2024-04-24-a-las-13.16.49_0020c61c.jpg\"><img loading=\"lazy\" decoding=\"async\" class=\"alignnone size-medium wp-image-5384\" src=\"https:\/\/blogsaverroes.juntadeandalucia.es\/ceipnscarmen\/files\/2024\/04\/Imagen-de-WhatsApp-2024-04-24-a-las-13.16.49_0020c61c-226x300.jpg\" alt=\"\" width=\"226\" height=\"300\" srcset=\"https:\/\/blogsaverroes.juntadeandalucia.es\/ceipnscarmen\/files\/2024\/04\/Imagen-de-WhatsApp-2024-04-24-a-las-13.16.49_0020c61c-226x300.jpg 226w, https:\/\/blogsaverroes.juntadeandalucia.es\/ceipnscarmen\/files\/2024\/04\/Imagen-de-WhatsApp-2024-04-24-a-las-13.16.49_0020c61c-771x1024.jpg 771w, https:\/\/blogsaverroes.juntadeandalucia.es\/ceipnscarmen\/files\/2024\/04\/Imagen-de-WhatsApp-2024-04-24-a-las-13.16.49_0020c61c-768x1021.jpg 768w, https:\/\/blogsaverroes.juntadeandalucia.es\/ceipnscarmen\/files\/2024\/04\/Imagen-de-WhatsApp-2024-04-24-a-las-13.16.49_0020c61c-1156x1536.jpg 1156w, https:\/\/blogsaverroes.juntadeandalucia.es\/ceipnscarmen\/files\/2024\/04\/Imagen-de-WhatsApp-2024-04-24-a-las-13.16.49_0020c61c.jpg 1204w\" sizes=\"(max-width: 226px) 100vw, 226px\" \/><\/a> <a href=\"https:\/\/blogsaverroes.juntadeandalucia.es\/ceipnscarmen\/files\/2024\/04\/IMG-20240423-WA0002.jpg\"><img loading=\"lazy\" decoding=\"async\" class=\"alignnone size-medium wp-image-5385\" src=\"https:\/\/blogsaverroes.juntadeandalucia.es\/ceipnscarmen\/files\/2024\/04\/IMG-20240423-WA0002-300x225.jpg\" alt=\"\" width=\"300\" height=\"225\" srcset=\"https:\/\/blogsaverroes.juntadeandalucia.es\/ceipnscarmen\/files\/2024\/04\/IMG-20240423-WA0002-300x225.jpg 300w, https:\/\/blogsaverroes.juntadeandalucia.es\/ceipnscarmen\/files\/2024\/04\/IMG-20240423-WA0002-1024x768.jpg 1024w, https:\/\/blogsaverroes.juntadeandalucia.es\/ceipnscarmen\/files\/2024\/04\/IMG-20240423-WA0002-768x576.jpg 768w, https:\/\/blogsaverroes.juntadeandalucia.es\/ceipnscarmen\/files\/2024\/04\/IMG-20240423-WA0002-1536x1152.jpg 1536w, https:\/\/blogsaverroes.juntadeandalucia.es\/ceipnscarmen\/files\/2024\/04\/IMG-20240423-WA0002.jpg 1600w\" sizes=\"(max-width: 300px) 100vw, 300px\" \/><\/a> <a href=\"https:\/\/blogsaverroes.juntadeandalucia.es\/ceipnscarmen\/files\/2024\/04\/IMG-20240423-WA0003.jpg\"><img loading=\"lazy\" decoding=\"async\" class=\"alignnone size-medium wp-image-5386\" src=\"https:\/\/blogsaverroes.juntadeandalucia.es\/ceipnscarmen\/files\/2024\/04\/IMG-20240423-WA0003-300x225.jpg\" alt=\"\" width=\"300\" height=\"225\" srcset=\"https:\/\/blogsaverroes.juntadeandalucia.es\/ceipnscarmen\/files\/2024\/04\/IMG-20240423-WA0003-300x225.jpg 300w, https:\/\/blogsaverroes.juntadeandalucia.es\/ceipnscarmen\/files\/2024\/04\/IMG-20240423-WA0003-1024x768.jpg 1024w, https:\/\/blogsaverroes.juntadeandalucia.es\/ceipnscarmen\/files\/2024\/04\/IMG-20240423-WA0003-768x576.jpg 768w, https:\/\/blogsaverroes.juntadeandalucia.es\/ceipnscarmen\/files\/2024\/04\/IMG-20240423-WA0003-1536x1152.jpg 1536w, https:\/\/blogsaverroes.juntadeandalucia.es\/ceipnscarmen\/files\/2024\/04\/IMG-20240423-WA0003.jpg 1600w\" sizes=\"(max-width: 300px) 100vw, 300px\" \/><\/a> <a href=\"https:\/\/blogsaverroes.juntadeandalucia.es\/ceipnscarmen\/files\/2024\/04\/IMG-20240424-WA0019.jpg\"><img loading=\"lazy\" decoding=\"async\" class=\"alignnone size-medium wp-image-5387\" src=\"https:\/\/blogsaverroes.juntadeandalucia.es\/ceipnscarmen\/files\/2024\/04\/IMG-20240424-WA0019-300x225.jpg\" alt=\"\" width=\"300\" height=\"225\" srcset=\"https:\/\/blogsaverroes.juntadeandalucia.es\/ceipnscarmen\/files\/2024\/04\/IMG-20240424-WA0019-300x225.jpg 300w, https:\/\/blogsaverroes.juntadeandalucia.es\/ceipnscarmen\/files\/2024\/04\/IMG-20240424-WA0019-1024x768.jpg 1024w, https:\/\/blogsaverroes.juntadeandalucia.es\/ceipnscarmen\/files\/2024\/04\/IMG-20240424-WA0019-768x576.jpg 768w, https:\/\/blogsaverroes.juntadeandalucia.es\/ceipnscarmen\/files\/2024\/04\/IMG-20240424-WA0019-1536x1152.jpg 1536w, https:\/\/blogsaverroes.juntadeandalucia.es\/ceipnscarmen\/files\/2024\/04\/IMG-20240424-WA0019.jpg 1600w\" sizes=\"(max-width: 300px) 100vw, 300px\" \/><\/a> <a href=\"https:\/\/blogsaverroes.juntadeandalucia.es\/ceipnscarmen\/files\/2024\/04\/IMG-20240424-WA0020.jpg\"><img loading=\"lazy\" decoding=\"async\" class=\"alignnone size-medium wp-image-5388\" src=\"https:\/\/blogsaverroes.juntadeandalucia.es\/ceipnscarmen\/files\/2024\/04\/IMG-20240424-WA0020-300x225.jpg\" alt=\"\" width=\"300\" height=\"225\" srcset=\"https:\/\/blogsaverroes.juntadeandalucia.es\/ceipnscarmen\/files\/2024\/04\/IMG-20240424-WA0020-300x225.jpg 300w, https:\/\/blogsaverroes.juntadeandalucia.es\/ceipnscarmen\/files\/2024\/04\/IMG-20240424-WA0020-1024x768.jpg 1024w, https:\/\/blogsaverroes.juntadeandalucia.es\/ceipnscarmen\/files\/2024\/04\/IMG-20240424-WA0020-768x576.jpg 768w, https:\/\/blogsaverroes.juntadeandalucia.es\/ceipnscarmen\/files\/2024\/04\/IMG-20240424-WA0020-1536x1152.jpg 1536w, https:\/\/blogsaverroes.juntadeandalucia.es\/ceipnscarmen\/files\/2024\/04\/IMG-20240424-WA0020.jpg 1600w\" sizes=\"(max-width: 300px) 100vw, 300px\" \/><\/a> <a href=\"https:\/\/blogsaverroes.juntadeandalucia.es\/ceipnscarmen\/files\/2024\/04\/IMG-20240424-WA0021.jpg\"><img loading=\"lazy\" decoding=\"async\" class=\"alignnone size-medium wp-image-5389\" src=\"https:\/\/blogsaverroes.juntadeandalucia.es\/ceipnscarmen\/files\/2024\/04\/IMG-20240424-WA0021-300x225.jpg\" alt=\"\" width=\"300\" height=\"225\" srcset=\"https:\/\/blogsaverroes.juntadeandalucia.es\/ceipnscarmen\/files\/2024\/04\/IMG-20240424-WA0021-300x225.jpg 300w, https:\/\/blogsaverroes.juntadeandalucia.es\/ceipnscarmen\/files\/2024\/04\/IMG-20240424-WA0021-1024x768.jpg 1024w, https:\/\/blogsaverroes.juntadeandalucia.es\/ceipnscarmen\/files\/2024\/04\/IMG-20240424-WA0021-768x576.jpg 768w, https:\/\/blogsaverroes.juntadeandalucia.es\/ceipnscarmen\/files\/2024\/04\/IMG-20240424-WA0021-1536x1152.jpg 1536w, https:\/\/blogsaverroes.juntadeandalucia.es\/ceipnscarmen\/files\/2024\/04\/IMG-20240424-WA0021.jpg 1600w\" sizes=\"(max-width: 300px) 100vw, 300px\" \/><\/a> <a href=\"https:\/\/blogsaverroes.juntadeandalucia.es\/ceipnscarmen\/files\/2024\/04\/IMG-20240424-WA0023.jpg\"><img loading=\"lazy\" decoding=\"async\" class=\"alignnone size-medium wp-image-5390\" src=\"https:\/\/blogsaverroes.juntadeandalucia.es\/ceipnscarmen\/files\/2024\/04\/IMG-20240424-WA0023-300x225.jpg\" alt=\"\" width=\"300\" height=\"225\" srcset=\"https:\/\/blogsaverroes.juntadeandalucia.es\/ceipnscarmen\/files\/2024\/04\/IMG-20240424-WA0023-300x225.jpg 300w, https:\/\/blogsaverroes.juntadeandalucia.es\/ceipnscarmen\/files\/2024\/04\/IMG-20240424-WA0023-1024x768.jpg 1024w, https:\/\/blogsaverroes.juntadeandalucia.es\/ceipnscarmen\/files\/2024\/04\/IMG-20240424-WA0023-768x576.jpg 768w, https:\/\/blogsaverroes.juntadeandalucia.es\/ceipnscarmen\/files\/2024\/04\/IMG-20240424-WA0023-1536x1152.jpg 1536w, https:\/\/blogsaverroes.juntadeandalucia.es\/ceipnscarmen\/files\/2024\/04\/IMG-20240424-WA0023.jpg 1600w\" sizes=\"(max-width: 300px) 100vw, 300px\" \/><\/a> <a href=\"https:\/\/blogsaverroes.juntadeandalucia.es\/ceipnscarmen\/files\/2024\/04\/IMG-20240424-WA0025.jpg\"><img loading=\"lazy\" decoding=\"async\" class=\"alignnone size-medium wp-image-5391\" src=\"https:\/\/blogsaverroes.juntadeandalucia.es\/ceipnscarmen\/files\/2024\/04\/IMG-20240424-WA0025-300x225.jpg\" alt=\"\" width=\"300\" height=\"225\" srcset=\"https:\/\/blogsaverroes.juntadeandalucia.es\/ceipnscarmen\/files\/2024\/04\/IMG-20240424-WA0025-300x225.jpg 300w, https:\/\/blogsaverroes.juntadeandalucia.es\/ceipnscarmen\/files\/2024\/04\/IMG-20240424-WA0025-1024x768.jpg 1024w, https:\/\/blogsaverroes.juntadeandalucia.es\/ceipnscarmen\/files\/2024\/04\/IMG-20240424-WA0025-768x576.jpg 768w, https:\/\/blogsaverroes.juntadeandalucia.es\/ceipnscarmen\/files\/2024\/04\/IMG-20240424-WA0025-1536x1152.jpg 1536w, https:\/\/blogsaverroes.juntadeandalucia.es\/ceipnscarmen\/files\/2024\/04\/IMG-20240424-WA0025.jpg 1600w\" sizes=\"(max-width: 300px) 100vw, 300px\" \/><\/a> <a href=\"https:\/\/blogsaverroes.juntadeandalucia.es\/ceipnscarmen\/files\/2024\/04\/IMG-20240424-WA0027.jpg\"><img loading=\"lazy\" decoding=\"async\" class=\"alignnone size-medium wp-image-5392\" src=\"https:\/\/blogsaverroes.juntadeandalucia.es\/ceipnscarmen\/files\/2024\/04\/IMG-20240424-WA0027-300x225.jpg\" alt=\"\" width=\"300\" height=\"225\" srcset=\"https:\/\/blogsaverroes.juntadeandalucia.es\/ceipnscarmen\/files\/2024\/04\/IMG-20240424-WA0027-300x225.jpg 300w, https:\/\/blogsaverroes.juntadeandalucia.es\/ceipnscarmen\/files\/2024\/04\/IMG-20240424-WA0027-1024x768.jpg 1024w, https:\/\/blogsaverroes.juntadeandalucia.es\/ceipnscarmen\/files\/2024\/04\/IMG-20240424-WA0027-768x576.jpg 768w, https:\/\/blogsaverroes.juntadeandalucia.es\/ceipnscarmen\/files\/2024\/04\/IMG-20240424-WA0027-1536x1152.jpg 1536w, https:\/\/blogsaverroes.juntadeandalucia.es\/ceipnscarmen\/files\/2024\/04\/IMG-20240424-WA0027.jpg 1600w\" sizes=\"(max-width: 300px) 100vw, 300px\" \/><\/a> <a href=\"https:\/\/blogsaverroes.juntadeandalucia.es\/ceipnscarmen\/files\/2024\/04\/IMG-20240424-WA0028.jpg\"><img loading=\"lazy\" decoding=\"async\" class=\"alignnone size-medium wp-image-5393\" src=\"https:\/\/blogsaverroes.juntadeandalucia.es\/ceipnscarmen\/files\/2024\/04\/IMG-20240424-WA0028-300x225.jpg\" alt=\"\" width=\"300\" height=\"225\" srcset=\"https:\/\/blogsaverroes.juntadeandalucia.es\/ceipnscarmen\/files\/2024\/04\/IMG-20240424-WA0028-300x225.jpg 300w, https:\/\/blogsaverroes.juntadeandalucia.es\/ceipnscarmen\/files\/2024\/04\/IMG-20240424-WA0028-1024x768.jpg 1024w, https:\/\/blogsaverroes.juntadeandalucia.es\/ceipnscarmen\/files\/2024\/04\/IMG-20240424-WA0028-768x576.jpg 768w, https:\/\/blogsaverroes.juntadeandalucia.es\/ceipnscarmen\/files\/2024\/04\/IMG-20240424-WA0028-1536x1152.jpg 1536w, https:\/\/blogsaverroes.juntadeandalucia.es\/ceipnscarmen\/files\/2024\/04\/IMG-20240424-WA0028.jpg 1600w\" sizes=\"(max-width: 300px) 100vw, 300px\" \/><\/a> <a href=\"https:\/\/blogsaverroes.juntadeandalucia.es\/ceipnscarmen\/files\/2024\/04\/IMG-20240424-WA0029.jpg\"><img loading=\"lazy\" decoding=\"async\" class=\"alignnone size-medium wp-image-5394\" src=\"https:\/\/blogsaverroes.juntadeandalucia.es\/ceipnscarmen\/files\/2024\/04\/IMG-20240424-WA0029-300x225.jpg\" alt=\"\" width=\"300\" height=\"225\" srcset=\"https:\/\/blogsaverroes.juntadeandalucia.es\/ceipnscarmen\/files\/2024\/04\/IMG-20240424-WA0029-300x225.jpg 300w, https:\/\/blogsaverroes.juntadeandalucia.es\/ceipnscarmen\/files\/2024\/04\/IMG-20240424-WA0029-1024x768.jpg 1024w, https:\/\/blogsaverroes.juntadeandalucia.es\/ceipnscarmen\/files\/2024\/04\/IMG-20240424-WA0029-768x576.jpg 768w, https:\/\/blogsaverroes.juntadeandalucia.es\/ceipnscarmen\/files\/2024\/04\/IMG-20240424-WA0029-1536x1152.jpg 1536w, https:\/\/blogsaverroes.juntadeandalucia.es\/ceipnscarmen\/files\/2024\/04\/IMG-20240424-WA0029.jpg 1600w\" sizes=\"(max-width: 300px) 100vw, 300px\" \/><\/a> <a href=\"https:\/\/blogsaverroes.juntadeandalucia.es\/ceipnscarmen\/files\/2024\/04\/IMG-20240424-WA0031.jpg\"><img loading=\"lazy\" decoding=\"async\" class=\"alignnone size-medium wp-image-5395\" src=\"https:\/\/blogsaverroes.juntadeandalucia.es\/ceipnscarmen\/files\/2024\/04\/IMG-20240424-WA0031-300x225.jpg\" alt=\"\" width=\"300\" height=\"225\" srcset=\"https:\/\/blogsaverroes.juntadeandalucia.es\/ceipnscarmen\/files\/2024\/04\/IMG-20240424-WA0031-300x225.jpg 300w, https:\/\/blogsaverroes.juntadeandalucia.es\/ceipnscarmen\/files\/2024\/04\/IMG-20240424-WA0031-1024x768.jpg 1024w, https:\/\/blogsaverroes.juntadeandalucia.es\/ceipnscarmen\/files\/2024\/04\/IMG-20240424-WA0031-768x576.jpg 768w, https:\/\/blogsaverroes.juntadeandalucia.es\/ceipnscarmen\/files\/2024\/04\/IMG-20240424-WA0031-1536x1152.jpg 1536w, https:\/\/blogsaverroes.juntadeandalucia.es\/ceipnscarmen\/files\/2024\/04\/IMG-20240424-WA0031.jpg 1600w\" sizes=\"(max-width: 300px) 100vw, 300px\" \/><\/a> <a href=\"https:\/\/blogsaverroes.juntadeandalucia.es\/ceipnscarmen\/files\/2024\/04\/IMG-20240424-WA0032.jpg\"><img loading=\"lazy\" decoding=\"async\" class=\"alignnone size-medium wp-image-5396\" src=\"https:\/\/blogsaverroes.juntadeandalucia.es\/ceipnscarmen\/files\/2024\/04\/IMG-20240424-WA0032-300x225.jpg\" alt=\"\" width=\"300\" height=\"225\" srcset=\"https:\/\/blogsaverroes.juntadeandalucia.es\/ceipnscarmen\/files\/2024\/04\/IMG-20240424-WA0032-300x225.jpg 300w, https:\/\/blogsaverroes.juntadeandalucia.es\/ceipnscarmen\/files\/2024\/04\/IMG-20240424-WA0032-1024x768.jpg 1024w, https:\/\/blogsaverroes.juntadeandalucia.es\/ceipnscarmen\/files\/2024\/04\/IMG-20240424-WA0032-768x576.jpg 768w, https:\/\/blogsaverroes.juntadeandalucia.es\/ceipnscarmen\/files\/2024\/04\/IMG-20240424-WA0032-1536x1152.jpg 1536w, https:\/\/blogsaverroes.juntadeandalucia.es\/ceipnscarmen\/files\/2024\/04\/IMG-20240424-WA0032.jpg 1600w\" sizes=\"(max-width: 300px) 100vw, 300px\" \/><\/a> <a href=\"https:\/\/blogsaverroes.juntadeandalucia.es\/ceipnscarmen\/files\/2024\/04\/IMG-20240424-WA0035.jpg\"><img loading=\"lazy\" decoding=\"async\" class=\"alignnone size-medium wp-image-5397\" src=\"https:\/\/blogsaverroes.juntadeandalucia.es\/ceipnscarmen\/files\/2024\/04\/IMG-20240424-WA0035-300x225.jpg\" alt=\"\" width=\"300\" height=\"225\" srcset=\"https:\/\/blogsaverroes.juntadeandalucia.es\/ceipnscarmen\/files\/2024\/04\/IMG-20240424-WA0035-300x225.jpg 300w, https:\/\/blogsaverroes.juntadeandalucia.es\/ceipnscarmen\/files\/2024\/04\/IMG-20240424-WA0035-1024x768.jpg 1024w, https:\/\/blogsaverroes.juntadeandalucia.es\/ceipnscarmen\/files\/2024\/04\/IMG-20240424-WA0035-768x576.jpg 768w, https:\/\/blogsaverroes.juntadeandalucia.es\/ceipnscarmen\/files\/2024\/04\/IMG-20240424-WA0035-1536x1152.jpg 1536w, https:\/\/blogsaverroes.juntadeandalucia.es\/ceipnscarmen\/files\/2024\/04\/IMG-20240424-WA0035.jpg 1600w\" sizes=\"(max-width: 300px) 100vw, 300px\" \/><\/a> <a href=\"https:\/\/blogsaverroes.juntadeandalucia.es\/ceipnscarmen\/files\/2024\/04\/IMG-20240424-WA0036.jpg\"><img loading=\"lazy\" decoding=\"async\" class=\"alignnone size-medium wp-image-5398\" src=\"https:\/\/blogsaverroes.juntadeandalucia.es\/ceipnscarmen\/files\/2024\/04\/IMG-20240424-WA0036-300x225.jpg\" alt=\"\" width=\"300\" height=\"225\" srcset=\"https:\/\/blogsaverroes.juntadeandalucia.es\/ceipnscarmen\/files\/2024\/04\/IMG-20240424-WA0036-300x225.jpg 300w, https:\/\/blogsaverroes.juntadeandalucia.es\/ceipnscarmen\/files\/2024\/04\/IMG-20240424-WA0036-1024x768.jpg 1024w, https:\/\/blogsaverroes.juntadeandalucia.es\/ceipnscarmen\/files\/2024\/04\/IMG-20240424-WA0036-768x576.jpg 768w, https:\/\/blogsaverroes.juntadeandalucia.es\/ceipnscarmen\/files\/2024\/04\/IMG-20240424-WA0036-1536x1152.jpg 1536w, https:\/\/blogsaverroes.juntadeandalucia.es\/ceipnscarmen\/files\/2024\/04\/IMG-20240424-WA0036.jpg 1600w\" sizes=\"(max-width: 300px) 100vw, 300px\" \/><\/a> <a href=\"https:\/\/blogsaverroes.juntadeandalucia.es\/ceipnscarmen\/files\/2024\/04\/IMG-20240424-WA0037.jpg\"><img loading=\"lazy\" decoding=\"async\" class=\"alignnone size-medium wp-image-5399\" src=\"https:\/\/blogsaverroes.juntadeandalucia.es\/ceipnscarmen\/files\/2024\/04\/IMG-20240424-WA0037-300x225.jpg\" alt=\"\" width=\"300\" height=\"225\" srcset=\"https:\/\/blogsaverroes.juntadeandalucia.es\/ceipnscarmen\/files\/2024\/04\/IMG-20240424-WA0037-300x225.jpg 300w, https:\/\/blogsaverroes.juntadeandalucia.es\/ceipnscarmen\/files\/2024\/04\/IMG-20240424-WA0037-1024x768.jpg 1024w, https:\/\/blogsaverroes.juntadeandalucia.es\/ceipnscarmen\/files\/2024\/04\/IMG-20240424-WA0037-768x576.jpg 768w, https:\/\/blogsaverroes.juntadeandalucia.es\/ceipnscarmen\/files\/2024\/04\/IMG-20240424-WA0037-1536x1152.jpg 1536w, https:\/\/blogsaverroes.juntadeandalucia.es\/ceipnscarmen\/files\/2024\/04\/IMG-20240424-WA0037.jpg 1600w\" sizes=\"(max-width: 300px) 100vw, 300px\" \/><\/a> <a href=\"https:\/\/blogsaverroes.juntadeandalucia.es\/ceipnscarmen\/files\/2024\/04\/IMG-20240424-WA0038.jpg\"><img loading=\"lazy\" decoding=\"async\" class=\"alignnone size-medium wp-image-5400\" src=\"https:\/\/blogsaverroes.juntadeandalucia.es\/ceipnscarmen\/files\/2024\/04\/IMG-20240424-WA0038-300x225.jpg\" alt=\"\" width=\"300\" height=\"225\" srcset=\"https:\/\/blogsaverroes.juntadeandalucia.es\/ceipnscarmen\/files\/2024\/04\/IMG-20240424-WA0038-300x225.jpg 300w, https:\/\/blogsaverroes.juntadeandalucia.es\/ceipnscarmen\/files\/2024\/04\/IMG-20240424-WA0038-1024x768.jpg 1024w, https:\/\/blogsaverroes.juntadeandalucia.es\/ceipnscarmen\/files\/2024\/04\/IMG-20240424-WA0038-768x576.jpg 768w, https:\/\/blogsaverroes.juntadeandalucia.es\/ceipnscarmen\/files\/2024\/04\/IMG-20240424-WA0038-1536x1152.jpg 1536w, https:\/\/blogsaverroes.juntadeandalucia.es\/ceipnscarmen\/files\/2024\/04\/IMG-20240424-WA0038.jpg 1600w\" sizes=\"(max-width: 300px) 100vw, 300px\" \/><\/a> <a href=\"https:\/\/blogsaverroes.juntadeandalucia.es\/ceipnscarmen\/files\/2024\/04\/Imagen-de-WhatsApp-2024-04-23-a-las-13.16.03_204cd1a1.jpg\"><img loading=\"lazy\" decoding=\"async\" class=\"alignnone size-medium wp-image-5401\" src=\"https:\/\/blogsaverroes.juntadeandalucia.es\/ceipnscarmen\/files\/2024\/04\/Imagen-de-WhatsApp-2024-04-23-a-las-13.16.03_204cd1a1-300x226.jpg\" alt=\"\" width=\"300\" height=\"226\" srcset=\"https:\/\/blogsaverroes.juntadeandalucia.es\/ceipnscarmen\/files\/2024\/04\/Imagen-de-WhatsApp-2024-04-23-a-las-13.16.03_204cd1a1-300x226.jpg 300w, https:\/\/blogsaverroes.juntadeandalucia.es\/ceipnscarmen\/files\/2024\/04\/Imagen-de-WhatsApp-2024-04-23-a-las-13.16.03_204cd1a1-1024x771.jpg 1024w, https:\/\/blogsaverroes.juntadeandalucia.es\/ceipnscarmen\/files\/2024\/04\/Imagen-de-WhatsApp-2024-04-23-a-las-13.16.03_204cd1a1-768x578.jpg 768w, https:\/\/blogsaverroes.juntadeandalucia.es\/ceipnscarmen\/files\/2024\/04\/Imagen-de-WhatsApp-2024-04-23-a-las-13.16.03_204cd1a1-1536x1157.jpg 1536w, https:\/\/blogsaverroes.juntadeandalucia.es\/ceipnscarmen\/files\/2024\/04\/Imagen-de-WhatsApp-2024-04-23-a-las-13.16.03_204cd1a1.jpg 1600w\" sizes=\"(max-width: 300px) 100vw, 300px\" \/><\/a> <a href=\"https:\/\/blogsaverroes.juntadeandalucia.es\/ceipnscarmen\/files\/2024\/04\/Imagen-de-WhatsApp-2024-04-23-a-las-13.18.44_a4579574.jpg\"><img loading=\"lazy\" decoding=\"async\" class=\"alignnone size-medium wp-image-5402\" src=\"https:\/\/blogsaverroes.juntadeandalucia.es\/ceipnscarmen\/files\/2024\/04\/Imagen-de-WhatsApp-2024-04-23-a-las-13.18.44_a4579574-226x300.jpg\" alt=\"\" width=\"226\" height=\"300\" srcset=\"https:\/\/blogsaverroes.juntadeandalucia.es\/ceipnscarmen\/files\/2024\/04\/Imagen-de-WhatsApp-2024-04-23-a-las-13.18.44_a4579574-226x300.jpg 226w, https:\/\/blogsaverroes.juntadeandalucia.es\/ceipnscarmen\/files\/2024\/04\/Imagen-de-WhatsApp-2024-04-23-a-las-13.18.44_a4579574-770x1024.jpg 770w, https:\/\/blogsaverroes.juntadeandalucia.es\/ceipnscarmen\/files\/2024\/04\/Imagen-de-WhatsApp-2024-04-23-a-las-13.18.44_a4579574-768x1021.jpg 768w, https:\/\/blogsaverroes.juntadeandalucia.es\/ceipnscarmen\/files\/2024\/04\/Imagen-de-WhatsApp-2024-04-23-a-las-13.18.44_a4579574.jpg 963w\" sizes=\"(max-width: 226px) 100vw, 226px\" \/><\/a> <a href=\"https:\/\/blogsaverroes.juntadeandalucia.es\/ceipnscarmen\/files\/2024\/04\/Imagen-de-WhatsApp-2024-04-23-a-las-13.19.02_fdd35d39.jpg\"><img loading=\"lazy\" decoding=\"async\" class=\"alignnone size-medium wp-image-5403\" src=\"https:\/\/blogsaverroes.juntadeandalucia.es\/ceipnscarmen\/files\/2024\/04\/Imagen-de-WhatsApp-2024-04-23-a-las-13.19.02_fdd35d39-300x165.jpg\" alt=\"\" width=\"300\" height=\"165\" srcset=\"https:\/\/blogsaverroes.juntadeandalucia.es\/ceipnscarmen\/files\/2024\/04\/Imagen-de-WhatsApp-2024-04-23-a-las-13.19.02_fdd35d39-300x165.jpg 300w, https:\/\/blogsaverroes.juntadeandalucia.es\/ceipnscarmen\/files\/2024\/04\/Imagen-de-WhatsApp-2024-04-23-a-las-13.19.02_fdd35d39-1024x562.jpg 1024w, https:\/\/blogsaverroes.juntadeandalucia.es\/ceipnscarmen\/files\/2024\/04\/Imagen-de-WhatsApp-2024-04-23-a-las-13.19.02_fdd35d39-768x422.jpg 768w, https:\/\/blogsaverroes.juntadeandalucia.es\/ceipnscarmen\/files\/2024\/04\/Imagen-de-WhatsApp-2024-04-23-a-las-13.19.02_fdd35d39-1536x843.jpg 1536w, https:\/\/blogsaverroes.juntadeandalucia.es\/ceipnscarmen\/files\/2024\/04\/Imagen-de-WhatsApp-2024-04-23-a-las-13.19.02_fdd35d39.jpg 1600w\" sizes=\"(max-width: 300px) 100vw, 300px\" \/><\/a> <a href=\"https:\/\/blogsaverroes.juntadeandalucia.es\/ceipnscarmen\/files\/2024\/04\/Imagen-de-WhatsApp-2024-04-23-a-las-13.23.00_acadc5a8.jpg\"><img loading=\"lazy\" decoding=\"async\" class=\"alignnone size-medium wp-image-5404\" src=\"https:\/\/blogsaverroes.juntadeandalucia.es\/ceipnscarmen\/files\/2024\/04\/Imagen-de-WhatsApp-2024-04-23-a-las-13.23.00_acadc5a8-226x300.jpg\" alt=\"\" width=\"226\" height=\"300\" srcset=\"https:\/\/blogsaverroes.juntadeandalucia.es\/ceipnscarmen\/files\/2024\/04\/Imagen-de-WhatsApp-2024-04-23-a-las-13.23.00_acadc5a8-226x300.jpg 226w, https:\/\/blogsaverroes.juntadeandalucia.es\/ceipnscarmen\/files\/2024\/04\/Imagen-de-WhatsApp-2024-04-23-a-las-13.23.00_acadc5a8-770x1024.jpg 770w, https:\/\/blogsaverroes.juntadeandalucia.es\/ceipnscarmen\/files\/2024\/04\/Imagen-de-WhatsApp-2024-04-23-a-las-13.23.00_acadc5a8-768x1021.jpg 768w, https:\/\/blogsaverroes.juntadeandalucia.es\/ceipnscarmen\/files\/2024\/04\/Imagen-de-WhatsApp-2024-04-23-a-las-13.23.00_acadc5a8.jpg 963w\" sizes=\"(max-width: 226px) 100vw, 226px\" \/><\/a> <a href=\"https:\/\/blogsaverroes.juntadeandalucia.es\/ceipnscarmen\/files\/2024\/04\/Imagen-de-WhatsApp-2024-04-23-a-las-13.23.00_bfc75d76.jpg\"><img loading=\"lazy\" decoding=\"async\" class=\"alignnone size-medium wp-image-5405\" src=\"https:\/\/blogsaverroes.juntadeandalucia.es\/ceipnscarmen\/files\/2024\/04\/Imagen-de-WhatsApp-2024-04-23-a-las-13.23.00_bfc75d76-226x300.jpg\" alt=\"\" width=\"226\" height=\"300\" srcset=\"https:\/\/blogsaverroes.juntadeandalucia.es\/ceipnscarmen\/files\/2024\/04\/Imagen-de-WhatsApp-2024-04-23-a-las-13.23.00_bfc75d76-226x300.jpg 226w, https:\/\/blogsaverroes.juntadeandalucia.es\/ceipnscarmen\/files\/2024\/04\/Imagen-de-WhatsApp-2024-04-23-a-las-13.23.00_bfc75d76-770x1024.jpg 770w, https:\/\/blogsaverroes.juntadeandalucia.es\/ceipnscarmen\/files\/2024\/04\/Imagen-de-WhatsApp-2024-04-23-a-las-13.23.00_bfc75d76-768x1021.jpg 768w, https:\/\/blogsaverroes.juntadeandalucia.es\/ceipnscarmen\/files\/2024\/04\/Imagen-de-WhatsApp-2024-04-23-a-las-13.23.00_bfc75d76.jpg 963w\" sizes=\"(max-width: 226px) 100vw, 226px\" \/><\/a> <a href=\"https:\/\/blogsaverroes.juntadeandalucia.es\/ceipnscarmen\/files\/2024\/04\/Imagen-de-WhatsApp-2024-04-23-a-las-13.23.01_bf8b3299.jpg\"><img loading=\"lazy\" decoding=\"async\" class=\"alignnone size-medium wp-image-5406\" src=\"https:\/\/blogsaverroes.juntadeandalucia.es\/ceipnscarmen\/files\/2024\/04\/Imagen-de-WhatsApp-2024-04-23-a-las-13.23.01_bf8b3299-226x300.jpg\" alt=\"\" width=\"226\" height=\"300\" srcset=\"https:\/\/blogsaverroes.juntadeandalucia.es\/ceipnscarmen\/files\/2024\/04\/Imagen-de-WhatsApp-2024-04-23-a-las-13.23.01_bf8b3299-226x300.jpg 226w, https:\/\/blogsaverroes.juntadeandalucia.es\/ceipnscarmen\/files\/2024\/04\/Imagen-de-WhatsApp-2024-04-23-a-las-13.23.01_bf8b3299-771x1024.jpg 771w, https:\/\/blogsaverroes.juntadeandalucia.es\/ceipnscarmen\/files\/2024\/04\/Imagen-de-WhatsApp-2024-04-23-a-las-13.23.01_bf8b3299-768x1020.jpg 768w, https:\/\/blogsaverroes.juntadeandalucia.es\/ceipnscarmen\/files\/2024\/04\/Imagen-de-WhatsApp-2024-04-23-a-las-13.23.01_bf8b3299-1157x1536.jpg 1157w, https:\/\/blogsaverroes.juntadeandalucia.es\/ceipnscarmen\/files\/2024\/04\/Imagen-de-WhatsApp-2024-04-23-a-las-13.23.01_bf8b3299.jpg 1205w\" sizes=\"(max-width: 226px) 100vw, 226px\" \/><\/a>al<\/p>\n","protected":false},"excerpt":{"rendered":"<p>&nbsp; Simplemente impresionante nuestra comida cultural. Otra vez nos hab\u00e9is dejado con la boca abierta con vuestra participaci\u00f3n. Pasamos un rato genial degustando comidas t\u00edpicas&hellip;<\/p>\n","protected":false},"author":1907,"featured_media":0,"parent":0,"menu_order":0,"comment_status":"closed","ping_status":"closed","template":"","meta":{"ngg_post_thumbnail":0,"footnotes":"","_mc_calendar":[]},"aioseo_notices":[],"_links":{"self":[{"href":"https:\/\/blogsaverroes.juntadeandalucia.es\/ceipnscarmen\/wp-json\/wp\/v2\/pages\/5383"}],"collection":[{"href":"https:\/\/blogsaverroes.juntadeandalucia.es\/ceipnscarmen\/wp-json\/wp\/v2\/pages"}],"about":[{"href":"https:\/\/blogsaverroes.juntadeandalucia.es\/ceipnscarmen\/wp-json\/wp\/v2\/types\/page"}],"author":[{"embeddable":true,"href":"https:\/\/blogsaverroes.juntadeandalucia.es\/ceipnscarmen\/wp-json\/wp\/v2\/users\/1907"}],"replies":[{"embeddable":true,"href":"https:\/\/blogsaverroes.juntadeandalucia.es\/ceipnscarmen\/wp-json\/wp\/v2\/comments?post=5383"}],"version-history":[{"count":1,"href":"https:\/\/blogsaverroes.juntadeandalucia.es\/ceipnscarmen\/wp-json\/wp\/v2\/pages\/5383\/revisions"}],"predecessor-version":[{"id":5409,"href":"https:\/\/blogsaverroes.juntadeandalucia.es\/ceipnscarmen\/wp-json\/wp\/v2\/pages\/5383\/revisions\/5409"}],"wp:attachment":[{"href":"https:\/\/blogsaverroes.juntadeandalucia.es\/ceipnscarmen\/wp-json\/wp\/v2\/media?parent=5383"}],"curies":[{"name":"wp","href":"https:\/\/api.w.org\/{rel}","templated":true}]}}