{"id":5753,"date":"2024-11-18T09:09:31","date_gmt":"2024-11-18T09:09:31","guid":{"rendered":"https:\/\/blogsaverroes.juntadeandalucia.es\/ceipnscarmen\/?page_id=5753"},"modified":"2024-11-18T09:12:50","modified_gmt":"2024-11-18T09:12:50","slug":"audiocuento-reciclaje","status":"publish","type":"page","link":"https:\/\/blogsaverroes.juntadeandalucia.es\/ceipnscarmen\/audiocuento-reciclaje\/","title":{"rendered":"Audiocuento reciclaje"},"content":{"rendered":"<p>Nuestr@s alumn@s de 4\u00ba est\u00e1n trabajando la lectura con una tem\u00e1tica tan importante como es el reciclaje. Es importante que adquieran h\u00e1bitos de lectura y con actividades motivantes es mucho m\u00e1s f\u00e1cil.<br \/>\nEn el enlace pod\u00e9is ver el trabajo que han realizado. Enhorabuena!!!<\/p>\n<p><a class=\"x1fey0fg xmper1u x1edh9d7\" href=\"https:\/\/youtu.be\/8Jt2TDSD5Pk?feature=shared\">https:\/\/youtu.be\/8Jt2TDSD5Pk?feature=shared<\/a><\/p>\n<p>https:\/\/www.facebook.com\/CEIPNuestraSradelCarmenrealengo\/posts\/pfbid0UAbkY27B6mKBVfbCgQdiMb2Nna2v3gJH21EdoaJgF7EESTgcZthavSJdzgp2aiY6l<\/p>\n<p>&nbsp;<\/p>\n","protected":false},"excerpt":{"rendered":"<p>Nuestr@s alumn@s de 4\u00ba est\u00e1n trabajando la lectura con una tem\u00e1tica tan importante como es el reciclaje. Es importante que adquieran h\u00e1bitos de lectura y&hellip;<\/p>\n","protected":false},"author":1907,"featured_media":0,"parent":0,"menu_order":0,"comment_status":"closed","ping_status":"closed","template":"","meta":{"ngg_post_thumbnail":0,"footnotes":"","_mc_calendar":[]},"aioseo_notices":[],"_links":{"self":[{"href":"https:\/\/blogsaverroes.juntadeandalucia.es\/ceipnscarmen\/wp-json\/wp\/v2\/pages\/5753"}],"collection":[{"href":"https:\/\/blogsaverroes.juntadeandalucia.es\/ceipnscarmen\/wp-json\/wp\/v2\/pages"}],"about":[{"href":"https:\/\/blogsaverroes.juntadeandalucia.es\/ceipnscarmen\/wp-json\/wp\/v2\/types\/page"}],"author":[{"embeddable":true,"href":"https:\/\/blogsaverroes.juntadeandalucia.es\/ceipnscarmen\/wp-json\/wp\/v2\/users\/1907"}],"replies":[{"embeddable":true,"href":"https:\/\/blogsaverroes.juntadeandalucia.es\/ceipnscarmen\/wp-json\/wp\/v2\/comments?post=5753"}],"version-history":[{"count":2,"href":"https:\/\/blogsaverroes.juntadeandalucia.es\/ceipnscarmen\/wp-json\/wp\/v2\/pages\/5753\/revisions"}],"predecessor-version":[{"id":5756,"href":"https:\/\/blogsaverroes.juntadeandalucia.es\/ceipnscarmen\/wp-json\/wp\/v2\/pages\/5753\/revisions\/5756"}],"wp:attachment":[{"href":"https:\/\/blogsaverroes.juntadeandalucia.es\/ceipnscarmen\/wp-json\/wp\/v2\/media?parent=5753"}],"curies":[{"name":"wp","href":"https:\/\/api.w.org\/{rel}","templated":true}]}}